{"id":7270,"date":"2025-01-08T10:13:03","date_gmt":"2025-01-08T09:13:03","guid":{"rendered":"https:\/\/www.citykamp.com\/?page_id=7270"},"modified":"2025-10-21T10:21:15","modified_gmt":"2025-10-21T08:21:15","slug":"aix-en-provence","status":"publish","type":"page","link":"https:\/\/www.citykamp.com\/nl\/aix-en-provence\/","title":{"rendered":"Aix-en-Provence"},"content":{"rendered":"<div class=\"wpb-content-wrapper\"><p>[vc_row][vc_column]<div class=\"imgheader\" style=\"background-image: url(https:\/\/www.citykamp.com\/uploads\/2025\/09\/header-1900x700.jpg)\"><div class=\"wrapcontentraw\"><div class=\"incta\">\n                                    <div>\n                                        <a href=\"https:\/\/www.camping-aix-en-provence.com\/nl\/\"><span class=\"cta1\">Bestemming<\/span>\n                                        <span class=\"cta2\">AIX-EN-PROVENCE<span class=\"ctk-arrow\"><\/span><\/span><\/a>\n                                    <\/div>\n                                  <\/div><\/div><\/div>[\/vc_column][\/vc_row][vc_row css=&#8221;.vc_custom_1732875337336{margin-left: -0.5px !important;}&#8221;][vc_column]<div class=\"wrappedcontent\">[vc_column_text css=&#8221;&#8221;]<\/p>\n<h2>In het hart van de Provence, op een steenworp afstand van het stadscentrum<\/h2>\n<p>[\/vc_column_text][vc_empty_space][vc_row_inner gap=&#8221;30&#8243; css=&#8221;.vc_custom_1732875862105{margin-left: -0.5px !important;}&#8221;][vc_column_inner width=&#8221;1\/4&#8243;][vc_masonry_media_grid element_width=&#8221;12&#8243; gap=&#8221;0&#8243; css=&#8221;&#8221; grid_id=&#8221;vc_gid:1757318431008-a678ec92-87e0-2&#8243; include=&#8221;7164&#8243;][vc_empty_space height=&#8221;16px&#8221;][vc_column_text css=&#8221;&#8221;]<\/p>\n<h5>Ontdek de hoofdstad van de Provence!<\/h5>\n<p>In het hart van de Provence ligt het onweerstaanbaar charmante Aix-en-Provence dat al generaties lang bezoekers trekt. De zonovergoten straatjes, de statige monumenten en de internationaal beroemde musea maken van een bezoek aan deze stad altijd een gedenkwaardige ervaring.[\/vc_column_text][\/vc_column_inner][vc_column_inner width=&#8221;1\/4&#8243;][vc_masonry_media_grid element_width=&#8221;12&#8243; gap=&#8221;0&#8243; css=&#8221;&#8221; grid_id=&#8221;vc_gid:1757318431014-3b8396ef-e337-0&#8243; include=&#8221;7170&#8243;][vc_empty_space height=&#8221;16px&#8221;][vc_column_text css=&#8221;&#8221;]<\/p>\n<h5>Boek een verblijf met uitzicht op het massief Sainte-Victoire<\/h5>\n<p>Op de Camping d\u2019Aix-en-Provence kunt u in een van onze comfortabele accommodaties verblijven die geschikt zijn voor maximaal zes personen, of op een van onze ruime, volledig uitgeruste staanplaatsen voor tenten, caravans en campers. Ontdek een 10 hectare groot Proven\u00e7aals park dat een perfect authentieke en vredige achtergrond vormt om volop van de natuur en de rustige omgeving te genieten.[\/vc_column_text][\/vc_column_inner][vc_column_inner width=&#8221;1\/4&#8243;][vc_masonry_media_grid element_width=&#8221;12&#8243; gap=&#8221;0&#8243; css=&#8221;&#8221; grid_id=&#8221;vc_gid:1757318431017-1cc6cbf7-0f99-3&#8243; include=&#8221;7561&#8243;][vc_empty_space height=&#8221;16px&#8221;][vc_column_text css=&#8221;&#8221;]<\/p>\n<h5>Tijd met uw gezin om weer helemaal bij te komen<\/h5>\n<p>Geniet van een verwarmd zwembad, partijtjes jeu-de-boules, een speeltuin voor de kinderen en levendige concerten. U kunt het oude stadscentrum van Aix-en-Provence gaan verkennen dat vanaf de camping in minder dan 10 minuten met de fiets te bereiken is. Wij bieden u talrijke activiteiten waarbij u zich samen met uw gezin kunt ontspannen en vermaken.[\/vc_column_text][\/vc_column_inner][vc_column_inner width=&#8221;1\/4&#8243;][vc_masonry_media_grid element_width=&#8221;12&#8243; gap=&#8221;0&#8243; css=&#8221;&#8221; grid_id=&#8221;vc_gid:1757318431019-aad865e0-ade6-0&#8243; include=&#8221;7568&#8243;][vc_empty_space height=&#8221;16px&#8221;][vc_column_text css=&#8221;&#8221;]<\/p>\n<h5>Op uw comfort afgestemde voorzieningen<\/h5>\n<p>Dankzij onze cateringservice kunt u ter plaatse lekker met het hele gezin gaan eten, in onze kruidenierswinkel met lokale producten kunt u op het laatste moment nog wat inkopen doen en als u lakens en handdoeken huurt, kunt u lekker licht reizen. We hebben er alles aan gedaan om uw verblijf zo eenvoudig mogelijk te maken![\/vc_column_text][\/vc_column_inner][\/vc_row_inner][vc_empty_space]<div class=\"text-center btnwrap\"><a class=\"btn btn-huttopia-cta\" href=\"https:\/\/www.camping-aix-en-provence.com\/nl\/\" role=\"button\" target=\"\" onclick=\"dataLayer.push({'event':'clickCity', 'clickText':'Deze bestemming ontdekken'})\">Deze bestemming ontdekken<\/a><\/div><\/div>[\/vc_column][\/vc_row][vc_row css=&#8221;.vc_custom_1732875331184{margin-left: -0.5px !important;background-color: #E84E1B !important;}&#8221;][vc_column]<div class=\"wrappedcontent\">[vc_column_text css=&#8221;&#8221;]<\/p>\n<h2><span style=\"color: #ffffff;\">Wij maken uw verblijf bij ons zo gemakkelijk en eenvoudig mogelijk!<\/span><\/h2>\n<p>[\/vc_column_text][vc_empty_space][vc_masonry_media_grid gap=&#8221;25&#8243; css=&#8221;&#8221; grid_id=&#8221;vc_gid:1757318431022-b49c951c-c22e-0&#8243; include=&#8221;7574,7580,7586&#8243;][vc_empty_space height=&#8221;50px&#8221;][vc_row_inner][vc_column_inner width=&#8221;1\/6&#8243;][vc_icon type=&#8221;material&#8221; icon_material=&#8221;vc-material vc-material-local_parking&#8221; color=&#8221;white&#8221; align=&#8221;center&#8221; css=&#8221;&#8221;][vc_column_text css=&#8221;&#8221;]<\/p>\n<p style=\"text-align: center;\"><strong><span style=\"color: #ffffff;\">Gratis parkeren<\/span><\/strong><\/p>\n<p>[\/vc_column_text][\/vc_column_inner][vc_column_inner width=&#8221;1\/6&#8243;][vc_icon icon_fontawesome=&#8221;fas fa-bed&#8221; color=&#8221;white&#8221; align=&#8221;center&#8221; css=&#8221;&#8221;][vc_column_text css=&#8221;&#8221;]<\/p>\n<p style=\"text-align: center;\"><strong><span style=\"color: #ffffff;\">Verhuur van lakens en handdoeken<\/span><\/strong><\/p>\n<p>[\/vc_column_text][\/vc_column_inner][vc_column_inner width=&#8221;1\/6&#8243;][vc_icon icon_fontawesome=&#8221;fas fa-utensils&#8221; color=&#8221;white&#8221; align=&#8221;center&#8221; css=&#8221;&#8221;][vc_column_text css=&#8221;&#8221;]<\/p>\n<p style=\"text-align: center;\"><strong><span style=\"color: #ffffff;\">Eetgelegenheid<\/span><\/strong><\/p>\n<p>[\/vc_column_text][\/vc_column_inner][vc_column_inner width=&#8221;1\/6&#8243;][vc_icon icon_fontawesome=&#8221;fas fa-swimming-pool&#8221; color=&#8221;white&#8221; align=&#8221;center&#8221; css=&#8221;&#8221;][vc_column_text css=&#8221;&#8221;]<\/p>\n<p style=\"text-align: center;\"><strong><span style=\"color: #ffffff;\">Verwarmd zwembad<br \/>\n<\/span><\/strong><span style=\"color: #ffffff;\">Afhankelijk van de periode<\/span><\/p>\n<p>[\/vc_column_text][\/vc_column_inner][vc_column_inner width=&#8221;1\/6&#8243;][vc_icon icon_fontawesome=&#8221;fas fa-wifi&#8221; color=&#8221;white&#8221; align=&#8221;center&#8221; css=&#8221;&#8221;][vc_column_text css=&#8221;&#8221;]<\/p>\n<p style=\"text-align: center;\"><strong><span style=\"color: #ffffff;\">Gratis Wi-Fi<\/span><\/strong><\/p>\n<p>[\/vc_column_text][\/vc_column_inner][vc_column_inner width=&#8221;1\/6&#8243;][vc_icon type=&#8221;entypo&#8221; icon_entypo=&#8221;entypo-icon entypo-icon-plus-circled&#8221; color=&#8221;white&#8221; align=&#8221;center&#8221; css=&#8221;&#8221; link=&#8221;url:https%3A%2F%2Fwww.camping-aix-en-provence.com%2Fnl%2Factiviteiten-prestaties%2F|target:_blank&#8221;][vc_column_text css=&#8221;&#8221;]<\/p>\n<p style=\"text-align: center;\"><strong><span style=\"color: #ffffff;\">LEES VERDER<\/span><\/strong><\/p>\n<p>[\/vc_column_text][\/vc_column_inner][\/vc_row_inner]<\/div>[\/vc_column][\/vc_row][vc_row css=&#8221;.vc_custom_1732875325792{margin-left: -0.5px !important;}&#8221;][vc_column]<div class=\"wrapcontentraw\">\n                <h2 class=\"hmargin\">In de buurt van de camping:<\/h2>\n                <div class=\"allsites\">\n                    <div class=\"col-md-6 swrap\">\n                <div>\n                    <div class=\"simg\">\n                        <div class=\"stitle\">Oude stadscentrum<\/div>\n                        <img decoding=\"async\" src=\"https:\/\/www.citykamp.com\/uploads\/2024\/11\/centre-ville-aix-region-500x350.jpg\" alt=\"Vielle ville Aix-en-Provence\"\/>\n                    <\/div>\n                    <div class=\"ibcontent ibflex\">\n                        <div class=\"ibin1\">Maak een wandeling door schilderachtige straatjes, langs oude huizen met gekleurde gevels en geniet van het betoverende en authentieke Proven\u00e7aalse sfeertje.<\/div>\n                        <div class=\"ibin2\">\n                            <a>\n                                <div class=\"iblink isaltbgcolor\"><span class=\"sdist\"><span class=\"ctk-man\"><\/span><span class=\"thdist\">3 km<\/span><\/span><\/div>\n                            <\/a>\n                        <\/div>\n                        <div class=\"clear\"><\/div>\n                    <\/div>\n                <\/div>\n             <\/div><div class=\"col-md-6 swrap\">\n                <div>\n                    <div class=\"simg\">\n                        <div class=\"stitle\">Granet museum<\/div>\n                        <img decoding=\"async\" src=\"https:\/\/www.citykamp.com\/uploads\/2024\/11\/musee-granet-500x350.jpg\" alt=\"Mus\u00e9e Granet\"\/>\n                    <\/div>\n                    <div class=\"ibcontent ibflex\">\n                        <div class=\"ibin1\">Van onschatbare waarde voor wie van kunst en geschiedenis houdt. Op \u00e9\u00e9n en dezelfde plek kunt u de artistieke ontwikkeling van Europa verkennen en kunstwerken bewonderen van grote meesters.<\/div>\n                        <div class=\"ibin2\">\n                            <a>\n                                <div class=\"iblink isaltbgcolor\"><span class=\"sdist\"><span class=\"ctk-man\"><\/span><span class=\"thdist\">3 km<\/span><\/span><\/div>\n                            <\/a>\n                        <\/div>\n                        <div class=\"clear\"><\/div>\n                    <\/div>\n                <\/div>\n             <\/div><div class=\"col-md-6 swrap\">\n                <div>\n                    <div class=\"simg\">\n                        <div class=\"stitle\">Bastide du Jas de Bouffan<\/div>\n                        <img decoding=\"async\" src=\"https:\/\/www.citykamp.com\/uploads\/2024\/11\/chateau-de-la-bastide-jas-bouffan-500x350.jpg\" alt=\"Ch\u00e2teau de la Bastide \u00e0 Jas de Bouffan\"\/>\n                    <\/div>\n                    <div class=\"ibcontent ibflex\">\n                        <div class=\"ibin1\">Hier heeft C\u00e9zanne meerdere van zijn werken gerealiseerd en u heeft er een adembenemend uitzicht op de bergen.<\/div>\n                        <div class=\"ibin2\">\n                            <a>\n                                <div class=\"iblink isaltbgcolor\"><span class=\"sdist\"><span class=\"ctk-man\"><\/span><span class=\"thdist\">5 km<\/span><\/span><\/div>\n                            <\/a>\n                        <\/div>\n                        <div class=\"clear\"><\/div>\n                    <\/div>\n                <\/div>\n             <\/div><div class=\"col-md-6 swrap\">\n                <div>\n                    <div class=\"simg\">\n                        <div class=\"stitle\">Het meer van Bimont<\/div>\n                        <img decoding=\"async\" src=\"https:\/\/www.citykamp.com\/uploads\/2024\/11\/lac-de-bimont-500x350.jpg\" alt=\"le Lac de Bimont\"\/>\n                    <\/div>\n                    <div class=\"ibcontent ibflex\">\n                        <div class=\"ibin1\">Dit kunstmatige meer aan de voet van de Sainte-Victoire is tot stand gekomen bij de bouw van de stuwdam van Bimont. Het vormt een schitterend landschap met een zeer afwisselende flora en fauna.<\/div>\n                        <div class=\"ibin2\">\n                            <a>\n                                <div class=\"iblink isaltbgcolor\"><span class=\"sdist\"><span class=\"ctk-man\"><\/span><span class=\"thdist\">11 km<\/span><\/span><\/div>\n                            <\/a>\n                        <\/div>\n                        <div class=\"clear\"><\/div>\n                    <\/div>\n                <\/div>\n             <\/div>\n                    <div class=\"clear\"><\/div>\n                <\/div>\n            <\/div><div class=\"text-center btnwrap\"><a class=\"btn btn-huttopia-cta\" href=\"https:\/\/www.camping-aix-en-provence.com\/nl\/regio\/\" role=\"button\" target=\"\" onclick=\"dataLayer.push({'event':'clickCity', 'clickText':'Ontdek andere activiteiten'})\">Ontdek andere activiteiten<\/a><\/div>[\/vc_column][\/vc_row][vc_row][vc_column]<div class=\"mflex imgmp\">\n                <div class=\"col-md-6 accordeonimg\" style=\"background-image: url(https:\/\/www.citykamp.com\/uploads\/2025\/09\/ville.jpg)\">\n                    <img decoding=\"async\" src=\"https:\/\/www.citykamp.com\/uploads\/2025\/09\/ville.jpg\" style=\"visibility: hidden;\" \/>\n                <\/div>\n                <div class=\"col-md-6 altbg gmcontent\">\n                    <div>\n                    <h2 class=\"istitlecolor gmtitle\">Genieten van de natuur op een steenworp afstand van de stad.<\/h2>\n                    <div class=\"gmwrap\"><div class=\"col-sm-4 bwrap\">\n                    <span class=\"istitlecolor gmpicto ctk-train\"><\/span>\n                    <span class=\"gmlabel\">op 3 km \u2013 8 minuten met de auto<\/span>\n                  <\/div><div class=\"col-sm-4 bwrap\">\n                    <span class=\"istitlecolor gmpicto ctk-car\"><\/span>\n                    <span class=\"gmlabel\">Het stadscentrum vanaf de camping is 3 km - 9 minuten met de auto<\/span>\n                  <\/div><div class=\"col-sm-4 bwrap\">\n                    <span class=\"istitlecolor gmpicto ctk-bus\"><\/span>\n                    <span class=\"gmlabel\">Op 5 minuten lopen van de camping brengen de bussen n\u00b03 en n\u00b04 je rechtstreeks naar Aix-en-Provence in 25 minuten - 3 km<\/span>\n                  <\/div><\/div>\n            <\/div>\n        <\/div>\n    <\/div>\n    <script>\n        let iconType = L.icon({\n            iconUrl: baseDirectory + '\/img\/pin.png',\n            iconSize: [22, 48],\n            iconAnchor: [11, 46],\n            popupAnchor: [0, -46]\n        });\n        let map = L.map('map', {\n            center: L.latLng(, ),\n            zoom: 10.8,\n            layers: [L.tileLayer('https:\/\/cartodb-basemaps-b.global.ssl.fastly.net\/light_all\/{z}\/{x}\/{y}.png', {\n                attribution: '&copy; <a href=\"https:\/\/www.openstreetmap.org\/copyright\">OpenStreetMap<\/a>'\n            })],\n            zoomSnap: 0.2\n        });\n        setTimeout(map.invalidateSize.bind(map), 100);\n        let contentString = '<div id=\"content\">' +\n            '<div id=\"siteNotice\">' +\n            '<\/div>' +\n            '<h4 id=\"firstHeading\" class=\"firstHeading\">Genieten van de natuur op een steenworp afstand van de stad.<\/h4>' +\n            '<div id=\"bodyContent\">' +\n            '<p><\/p>' +\n            '<p><\/p>' +\n            '<\/div>' +\n            '<\/div>';\n        let marker = L.marker([, ], {icon: iconType}).addTo(map);\n        marker.bindPopup(contentString).openPopup();\n        let iwOuter = document.querySelector('.leaflet-popup-content-wrapper');\n        let iwArrow = document.querySelector('.leaflet-popup-tip');\n        iwOuter.style.backgroundColor = '';\n        iwArrow.style.backgroundColor = '';\n    <\/script>\n    [\/vc_column][\/vc_row][vc_row css=&#8221;.vc_custom_1732875249357{background-color: #B5B5B5 !important;}&#8221;][vc_column]<div class=\"wrappedcontent\">[vc_row_inner][vc_column_inner width=&#8221;1\/4&#8243;][vc_icon type=&#8221;material&#8221; icon_material=&#8221;vc-material vc-material-payment&#8221; color=&#8221;white&#8221; align=&#8221;center&#8221; css=&#8221;&#8221;][vc_column_text css=&#8221;&#8221;]<\/p>\n<p style=\"text-align: center;\"><span style=\"color: #ffffff;\">Veilig betalen<\/span><\/p>\n<p>[\/vc_column_text][\/vc_column_inner][vc_column_inner width=&#8221;1\/4&#8243;][vc_icon type=&#8221;material&#8221; icon_material=&#8221;vc-material vc-material-local_parking&#8221; color=&#8221;white&#8221; align=&#8221;center&#8221; css=&#8221;&#8221;][vc_column_text css=&#8221;&#8221;]<\/p>\n<p style=\"text-align: center;\"><span style=\"color: #ffffff;\">Gratis parkeren<\/span><\/p>\n<p>[\/vc_column_text][\/vc_column_inner][vc_column_inner width=&#8221;1\/4&#8243;][vc_icon type=&#8221;material&#8221; icon_material=&#8221;vc-material vc-material-av_timer&#8221; color=&#8221;white&#8221; align=&#8221;center&#8221; css=&#8221;&#8221;][vc_column_text css=&#8221;&#8221;]<\/p>\n<p style=\"text-align: center;\"><span style=\"color: #ffffff;\">Receptie 7 dagen per week geopend<\/span><\/p>\n<p>[\/vc_column_text][\/vc_column_inner][vc_column_inner width=&#8221;1\/4&#8243;][vc_icon type=&#8221;material&#8221; icon_material=&#8221;vc-material vc-material-language&#8221; color=&#8221;white&#8221; align=&#8221;center&#8221; css=&#8221;&#8221;][vc_column_text css=&#8221;&#8221;]<\/p>\n<p style=\"text-align: center;\"><span style=\"color: #ffffff;\">Meertalig<\/span><\/p>\n<p>[\/vc_column_text][\/vc_column_inner][\/vc_row_inner]<\/div>[\/vc_column][\/vc_row]<\/p>\n<\/div>","protected":false},"excerpt":{"rendered":"<p>[vc_row][vc_column][\/vc_column][\/vc_row][vc_row css=&#8221;.vc_custom_1732875337336{margin-left: -0.5px !important;}&#8221;][vc_column][\/vc_column][\/vc_row][vc_row css=&#8221;.vc_custom_1732875331184{margin-left: -0.5px !important;background-color: #E84E1B !important;}&#8221;][vc_column][\/vc_column][\/vc_row][vc_row css=&#8221;.vc_custom_1732875325792{margin-left: -0.5px !important;}&#8221;][vc_column][\/vc_column][\/vc_row][vc_row][vc_column][\/vc_column][\/vc_row][vc_row css=&#8221;.vc_custom_1732875249357{background-color: #B5B5B5 !important;}&#8221;][vc_column][\/vc_column][\/vc_row]<\/p>\n","protected":false},"author":48,"featured_media":7599,"parent":0,"menu_order":0,"comment_status":"closed","ping_status":"closed","template":"","meta":{"footnotes":""},"class_list":["post-7270","page","type-page","status-publish","has-post-thumbnail","hentry"],"yoast_head":"<!-- This site is optimized with the Yoast SEO plugin v25.6 - https:\/\/yoast.com\/wordpress\/plugins\/seo\/ -->\n<title>Aix-en-Provence, s\u00e9jour Proven\u00e7al au camping - Citykamp<\/title>\n<meta name=\"description\" content=\"Passez des vacances inoubliables en camping \u00e0 Aix-en-Provence, dans un cadre idyllique. Confort, services de qualit\u00e9 et d\u00e9couvertes de la Provence vous attendent pour une escapade parfaite.\" \/>\n<meta name=\"robots\" content=\"index, follow, max-snippet:-1, max-image-preview:large, max-video-preview:-1\" \/>\n<link rel=\"canonical\" href=\"https:\/\/www.citykamp.com\/nl\/aix-en-provence\/\" \/>\n<meta property=\"og:locale\" content=\"nl_NL\" \/>\n<meta property=\"og:type\" content=\"article\" \/>\n<meta property=\"og:title\" content=\"Aix-en-Provence, s\u00e9jour Proven\u00e7al au camping - Citykamp\" \/>\n<meta property=\"og:description\" content=\"Passez des vacances inoubliables en camping \u00e0 Aix-en-Provence, dans un cadre idyllique. Confort, services de qualit\u00e9 et d\u00e9couvertes de la Provence vous attendent pour une escapade parfaite.\" \/>\n<meta property=\"og:url\" content=\"https:\/\/www.citykamp.com\/nl\/aix-en-provence\/\" \/>\n<meta property=\"og:site_name\" content=\"Citykamp\" \/>\n<meta property=\"article:modified_time\" content=\"2025-10-21T08:21:15+00:00\" \/>\n<meta property=\"og:image\" content=\"https:\/\/www.citykamp.com\/uploads\/2025\/09\/header.jpg\" \/>\n\t<meta property=\"og:image:width\" content=\"1920\" \/>\n\t<meta property=\"og:image:height\" content=\"900\" \/>\n\t<meta property=\"og:image:type\" content=\"image\/jpeg\" \/>\n<meta name=\"twitter:card\" content=\"summary_large_image\" \/>\n<meta name=\"twitter:label1\" content=\"Est. reading time\" \/>\n\t<meta name=\"twitter:data1\" content=\"4 minuten\" \/>\n<script type=\"application\/ld+json\" class=\"yoast-schema-graph\">{\"@context\":\"https:\/\/schema.org\",\"@graph\":[{\"@type\":\"WebPage\",\"@id\":\"https:\/\/www.citykamp.com\/nl\/aix-en-provence\/\",\"url\":\"https:\/\/www.citykamp.com\/nl\/aix-en-provence\/\",\"name\":\"Aix-en-Provence, s\u00e9jour Proven\u00e7al au camping - Citykamp\",\"isPartOf\":{\"@id\":\"https:\/\/www.citykamp.com\/nl\/#website\"},\"primaryImageOfPage\":{\"@id\":\"https:\/\/www.citykamp.com\/nl\/aix-en-provence\/#primaryimage\"},\"image\":{\"@id\":\"https:\/\/www.citykamp.com\/nl\/aix-en-provence\/#primaryimage\"},\"thumbnailUrl\":\"https:\/\/www.citykamp.com\/uploads\/2025\/09\/header.jpg\",\"datePublished\":\"2025-01-08T09:13:03+00:00\",\"dateModified\":\"2025-10-21T08:21:15+00:00\",\"description\":\"Passez des vacances inoubliables en camping \u00e0 Aix-en-Provence, dans un cadre idyllique. Confort, services de qualit\u00e9 et d\u00e9couvertes de la Provence vous attendent pour une escapade parfaite.\",\"breadcrumb\":{\"@id\":\"https:\/\/www.citykamp.com\/nl\/aix-en-provence\/#breadcrumb\"},\"inLanguage\":\"nl\",\"potentialAction\":[{\"@type\":\"ReadAction\",\"target\":[\"https:\/\/www.citykamp.com\/nl\/aix-en-provence\/\"]}]},{\"@type\":\"ImageObject\",\"inLanguage\":\"nl\",\"@id\":\"https:\/\/www.citykamp.com\/nl\/aix-en-provence\/#primaryimage\",\"url\":\"https:\/\/www.citykamp.com\/uploads\/2025\/09\/header.jpg\",\"contentUrl\":\"https:\/\/www.citykamp.com\/uploads\/2025\/09\/header.jpg\",\"width\":1920,\"height\":900},{\"@type\":\"BreadcrumbList\",\"@id\":\"https:\/\/www.citykamp.com\/nl\/aix-en-provence\/#breadcrumb\",\"itemListElement\":[{\"@type\":\"ListItem\",\"position\":1,\"name\":\"Accueil\",\"item\":\"https:\/\/www.citykamp.com\/nl\/\"},{\"@type\":\"ListItem\",\"position\":2,\"name\":\"Aix-en-Provence\"}]},{\"@type\":\"WebSite\",\"@id\":\"https:\/\/www.citykamp.com\/nl\/#website\",\"url\":\"https:\/\/www.citykamp.com\/nl\/\",\"name\":\"Citykamp\",\"description\":\"Un site utilisant WordPress\",\"potentialAction\":[{\"@type\":\"SearchAction\",\"target\":{\"@type\":\"EntryPoint\",\"urlTemplate\":\"https:\/\/www.citykamp.com\/nl\/?s={search_term_string}\"},\"query-input\":{\"@type\":\"PropertyValueSpecification\",\"valueRequired\":true,\"valueName\":\"search_term_string\"}}],\"inLanguage\":\"nl\"}]}<\/script>\n<!-- \/ Yoast SEO plugin. -->","yoast_head_json":{"title":"Aix-en-Provence, s\u00e9jour Proven\u00e7al au camping - Citykamp","description":"Passez des vacances inoubliables en camping \u00e0 Aix-en-Provence, dans un cadre idyllique. Confort, services de qualit\u00e9 et d\u00e9couvertes de la Provence vous attendent pour une escapade parfaite.","robots":{"index":"index","follow":"follow","max-snippet":"max-snippet:-1","max-image-preview":"max-image-preview:large","max-video-preview":"max-video-preview:-1"},"canonical":"https:\/\/www.citykamp.com\/nl\/aix-en-provence\/","og_locale":"nl_NL","og_type":"article","og_title":"Aix-en-Provence, s\u00e9jour Proven\u00e7al au camping - Citykamp","og_description":"Passez des vacances inoubliables en camping \u00e0 Aix-en-Provence, dans un cadre idyllique. Confort, services de qualit\u00e9 et d\u00e9couvertes de la Provence vous attendent pour une escapade parfaite.","og_url":"https:\/\/www.citykamp.com\/nl\/aix-en-provence\/","og_site_name":"Citykamp","article_modified_time":"2025-10-21T08:21:15+00:00","og_image":[{"width":1920,"height":900,"url":"https:\/\/www.citykamp.com\/uploads\/2025\/09\/header.jpg","type":"image\/jpeg"}],"twitter_card":"summary_large_image","twitter_misc":{"Est. reading time":"4 minuten"},"schema":{"@context":"https:\/\/schema.org","@graph":[{"@type":"WebPage","@id":"https:\/\/www.citykamp.com\/nl\/aix-en-provence\/","url":"https:\/\/www.citykamp.com\/nl\/aix-en-provence\/","name":"Aix-en-Provence, s\u00e9jour Proven\u00e7al au camping - Citykamp","isPartOf":{"@id":"https:\/\/www.citykamp.com\/nl\/#website"},"primaryImageOfPage":{"@id":"https:\/\/www.citykamp.com\/nl\/aix-en-provence\/#primaryimage"},"image":{"@id":"https:\/\/www.citykamp.com\/nl\/aix-en-provence\/#primaryimage"},"thumbnailUrl":"https:\/\/www.citykamp.com\/uploads\/2025\/09\/header.jpg","datePublished":"2025-01-08T09:13:03+00:00","dateModified":"2025-10-21T08:21:15+00:00","description":"Passez des vacances inoubliables en camping \u00e0 Aix-en-Provence, dans un cadre idyllique. Confort, services de qualit\u00e9 et d\u00e9couvertes de la Provence vous attendent pour une escapade parfaite.","breadcrumb":{"@id":"https:\/\/www.citykamp.com\/nl\/aix-en-provence\/#breadcrumb"},"inLanguage":"nl","potentialAction":[{"@type":"ReadAction","target":["https:\/\/www.citykamp.com\/nl\/aix-en-provence\/"]}]},{"@type":"ImageObject","inLanguage":"nl","@id":"https:\/\/www.citykamp.com\/nl\/aix-en-provence\/#primaryimage","url":"https:\/\/www.citykamp.com\/uploads\/2025\/09\/header.jpg","contentUrl":"https:\/\/www.citykamp.com\/uploads\/2025\/09\/header.jpg","width":1920,"height":900},{"@type":"BreadcrumbList","@id":"https:\/\/www.citykamp.com\/nl\/aix-en-provence\/#breadcrumb","itemListElement":[{"@type":"ListItem","position":1,"name":"Accueil","item":"https:\/\/www.citykamp.com\/nl\/"},{"@type":"ListItem","position":2,"name":"Aix-en-Provence"}]},{"@type":"WebSite","@id":"https:\/\/www.citykamp.com\/nl\/#website","url":"https:\/\/www.citykamp.com\/nl\/","name":"Citykamp","description":"Un site utilisant WordPress","potentialAction":[{"@type":"SearchAction","target":{"@type":"EntryPoint","urlTemplate":"https:\/\/www.citykamp.com\/nl\/?s={search_term_string}"},"query-input":{"@type":"PropertyValueSpecification","valueRequired":true,"valueName":"search_term_string"}}],"inLanguage":"nl"}]}},"_links":{"self":[{"href":"https:\/\/www.citykamp.com\/nl\/wp-json\/wp\/v2\/pages\/7270","targetHints":{"allow":["GET"]}}],"collection":[{"href":"https:\/\/www.citykamp.com\/nl\/wp-json\/wp\/v2\/pages"}],"about":[{"href":"https:\/\/www.citykamp.com\/nl\/wp-json\/wp\/v2\/types\/page"}],"author":[{"embeddable":true,"href":"https:\/\/www.citykamp.com\/nl\/wp-json\/wp\/v2\/users\/48"}],"replies":[{"embeddable":true,"href":"https:\/\/www.citykamp.com\/nl\/wp-json\/wp\/v2\/comments?post=7270"}],"version-history":[{"count":2,"href":"https:\/\/www.citykamp.com\/nl\/wp-json\/wp\/v2\/pages\/7270\/revisions"}],"predecessor-version":[{"id":7613,"href":"https:\/\/www.citykamp.com\/nl\/wp-json\/wp\/v2\/pages\/7270\/revisions\/7613"}],"wp:featuredmedia":[{"embeddable":true,"href":"https:\/\/www.citykamp.com\/nl\/wp-json\/wp\/v2\/media\/7599"}],"wp:attachment":[{"href":"https:\/\/www.citykamp.com\/nl\/wp-json\/wp\/v2\/media?parent=7270"}],"curies":[{"name":"wp","href":"https:\/\/api.w.org\/{rel}","templated":true}]}}