{"id":1086,"date":"2018-02-12T11:33:27","date_gmt":"2018-02-12T10:33:27","guid":{"rendered":"http:\/\/www.citykamp.com\/nl\/colmar10\/"},"modified":"2024-10-31T08:52:59","modified_gmt":"2024-10-31T07:52:59","slug":"colmar10","status":"publish","type":"page","link":"https:\/\/www.citykamp.com\/nl\/colmar10\/","title":{"rendered":"Colmar"},"content":{"rendered":"<div class=\"wpb-content-wrapper\"><p>[vc_row][vc_column]<div class=\"imgheader\" style=\"background-image: url(https:\/\/www.citykamp.com\/uploads\/2023\/10\/citykamp-portail-colmar-header-1900x700.jpeg)\"><div class=\"wrapcontentraw\"><div class=\"incta\">\n                                    <div>\n                                        <a href=\"http:\/\/campingdelill.fr\/nl\/\"><span class=\"cta1\">Bestemming<\/span>\n                                        <span class=\"cta2\">COLMAR<span class=\"ctk-arrow\"><\/span><\/span><\/a>\n                                    <\/div>\n                                  <\/div><\/div><\/div>[\/vc_column][\/vc_row][vc_row][vc_column]<div class=\"wrappedcontent\">[vc_column_text]<\/p>\n<h2>Op 2 km van het stadscentrum van Colmar, in Horbourg Wihr!<\/h2>\n<p>[\/vc_column_text][vc_empty_space][vc_row_inner gap=&#8221;30&#8243;][vc_column_inner width=&#8221;1\/4&#8243;][vc_masonry_media_grid element_width=&#8221;12&#8243; gap=&#8221;0&#8243; item=&#8221;164&#8243; grid_id=&#8221;vc_gid:1730361243058-d3b6b626-1e6b-5&#8243; include=&#8221;6075&#8243;][vc_empty_space height=&#8221;16px&#8221;][vc_column_text]<\/p>\n<h5 style=\"text-align: left\">Een uniek kader aan de oevers van de rivier de Ill<\/h5>\n<p style=\"text-align: left\">Kamperen in de natuur aan de rand van de rivier de Ill. Verblijf met uw caravan, tent of camper op prachtige locaties dicht bij de stad en geniet van de rust in een groene omgeving.<\/p>\n<p>[\/vc_column_text][\/vc_column_inner][vc_column_inner width=&#8221;1\/4&#8243;][vc_masonry_media_grid element_width=&#8221;12&#8243; gap=&#8221;0&#8243; item=&#8221;164&#8243; grid_id=&#8221;vc_gid:1730361243059-f4154e36-6ac9-2&#8243; include=&#8221;6081&#8243;][vc_empty_space height=&#8221;16px&#8221;][vc_column_text]<\/p>\n<h5 style=\"text-align: left\">De ideale ligging voor een bezoek aan Colmar<\/h5>\n<p>Huur een fiets ter plaatse en rij binnen enkele minuten naar het stadscentrum van Colmar, het fietspad grenst direct aan de camping.[\/vc_column_text][\/vc_column_inner][vc_column_inner width=&#8221;1\/4&#8243;][vc_masonry_media_grid element_width=&#8221;12&#8243; gap=&#8221;0&#8243; item=&#8221;164&#8243; grid_id=&#8221;vc_gid:1730361243061-5033409a-970a-1&#8243; include=&#8221;6087&#8243;][vc_empty_space height=&#8221;16px&#8221;][vc_column_text]<\/p>\n<h5 style=\"text-align: left\">Kwaliteitsservices voor een zorgeloos verblijf<\/h5>\n<p>Restaurant, Wi-Fi, wasruimte, verhuur van lakens en handdoeken \u2026 Op de Camping in Colmar profiteert u van vele <span style=\"color: #e84e1b\"><a style=\"color: #e84e1b\" href=\"http:\/\/www.citykamp.com\/nl\/services\/\" target=\"_blank\" rel=\"noopener noreferrer\">services<\/a><\/span>![\/vc_column_text][\/vc_column_inner][vc_column_inner width=&#8221;1\/4&#8243;][vc_masonry_media_grid element_width=&#8221;12&#8243; gap=&#8221;0&#8243; item=&#8221;164&#8243; grid_id=&#8221;vc_gid:1730361243062-03a87975-5e20-5&#8243; include=&#8221;6093&#8243;][vc_empty_space height=&#8221;16px&#8221;][vc_column_text]<\/p>\n<h5 style=\"text-align: left\">Comfortabele accommodaties<\/h5>\n<p>Mooie <a href=\"http:\/\/www.citykamp.com\/nl\/accommodaties\/\" target=\"_blank\" rel=\"noopener noreferrer\"><span style=\"color: #e84e1b\">houten chalets<\/span><\/a>, volledig uitgeruste stacaravans en huurtenten van Canvas &amp; Hout die mooi opgaan in de natuur. Voor ieder zijn eigen stijl![\/vc_column_text][\/vc_column_inner][\/vc_row_inner][vc_empty_space]<div class=\"text-center btnwrap\"><a class=\"btn btn-huttopia-cta\" href=\"https:\/\/www.campingdelill.fr\/nl\/\" role=\"button\" target=\"\" onclick=\"dataLayer.push({'event':'clickCity', 'clickText':'Ontdek deze bestemming'})\">Ontdek deze bestemming<\/a><\/div><\/div>[\/vc_column][\/vc_row][vc_row css=&#8221;.vc_custom_1519294602338{background-color: #e84e1b !important;}&#8221;][vc_column]<div class=\"wrappedcontent\">[vc_column_text]<\/p>\n<h2><span style=\"color: #ffffff\">Aan alles is gedacht om u een zorgeloze vakantie te bieden!<\/span><\/h2>\n<p>[\/vc_column_text][vc_empty_space][vc_masonry_media_grid gap=&#8221;25&#8243; item=&#8221;164&#8243; grid_id=&#8221;vc_gid:1730361243063-d36b4700-de9b-8&#8243; include=&#8221;6099,6105,6111&#8243;][vc_empty_space height=&#8221;50px&#8221;][vc_row_inner css=&#8221;.vc_custom_1519232584497{margin-top: -28px !important;margin-bottom: -28px !important;}&#8221;][vc_column_inner width=&#8221;1\/6&#8243;][vc_icon type=&#8221;typicons&#8221; icon_typicons=&#8221;typcn typcn-wi-fi&#8221; color=&#8221;white&#8221; align=&#8221;center&#8221; css=&#8221;.vc_custom_1519294644198{margin-top: -10px !important;margin-bottom: -10px !important;}&#8221;][vc_column_text]<\/p>\n<p style=\"text-align: center\"><strong><span style=\"color: #ffffff\">Gratis Wi-Fi<\/span><\/strong><\/p>\n<p>[\/vc_column_text][\/vc_column_inner][vc_column_inner width=&#8221;1\/6&#8243;][vc_icon type=&#8221;material&#8221; icon_material=&#8221;vc-material vc-material-local_parking&#8221; color=&#8221;white&#8221; align=&#8221;center&#8221; css=&#8221;.vc_custom_1519232596826{margin-top: -10px !important;margin-bottom: -10px !important;}&#8221;][vc_column_text]<\/p>\n<p style=\"text-align: center\"><strong><span style=\"color: #ffffff\">Gratis parkeren<\/span><\/strong><\/p>\n<p>[\/vc_column_text][\/vc_column_inner][vc_column_inner width=&#8221;1\/6&#8243;][vc_icon icon_fontawesome=&#8221;fa fa-bed&#8221; color=&#8221;white&#8221; align=&#8221;center&#8221; css=&#8221;.vc_custom_1519295029723{margin-top: -10px !important;margin-bottom: -10px !important;}&#8221;][vc_column_text css=&#8221;&#8221;]<\/p>\n<p style=\"text-align: center\"><strong><span style=\"color: #ffffff\">Inclusief lakens en handdoeken<\/span><\/strong><\/p>\n<p>[\/vc_column_text][\/vc_column_inner][vc_column_inner width=&#8221;1\/6&#8243;][vc_icon type=&#8221;material&#8221; icon_material=&#8221;vc-material vc-material-restaurant&#8221; color=&#8221;white&#8221; align=&#8221;center&#8221; css=&#8221;.vc_custom_1519294700406{margin-top: -10px !important;margin-bottom: -10px !important;}&#8221;][vc_column_text]<\/p>\n<p style=\"text-align: center\"><strong><span style=\"color: #ffffff\">Eetgelegenheid<\/span><\/strong><\/p>\n<p>[\/vc_column_text][\/vc_column_inner][vc_column_inner width=&#8221;1\/6&#8243;][vc_icon type=&#8221;material&#8221; icon_material=&#8221;vc-material vc-material-pool&#8221; color=&#8221;white&#8221; align=&#8221;center&#8221; css=&#8221;.vc_custom_1519294879774{margin-top: -10px !important;margin-bottom: -10px !important;}&#8221;][vc_column_text]<\/p>\n<p style=\"text-align: center\"><span style=\"color: #ffffff\"><strong>Verwarmd zwembad<\/strong><\/span><br \/>\n<span style=\"font-size: 10pt;color: #ffffff\"> Afhankelijk van de periode<\/span><\/p>\n<p>[\/vc_column_text][\/vc_column_inner][vc_column_inner width=&#8221;1\/6&#8243;][vc_icon type=&#8221;entypo&#8221; icon_entypo=&#8221;entypo-icon entypo-icon-plus-circled&#8221; color=&#8221;white&#8221; align=&#8221;center&#8221; css=&#8221;.vc_custom_1519295186786{margin-top: -10px !important;margin-bottom: -10px !important;}&#8221; link=&#8221;url:http%3A%2F%2Fwww.citykamp.com%2Fservices%2F||target:%20_blank|&#8221;][vc_column_text]<\/p>\n<p style=\"text-align: center\"><span style=\"color: #ffffff\"><strong>LEES VERDER<\/strong><\/span><\/p>\n<p>[\/vc_column_text][\/vc_column_inner][\/vc_row_inner]<\/div>[\/vc_column][\/vc_row][vc_row][vc_column]<div class=\"wrapcontentraw\">\n                <h2 class=\"hmargin\">In de omgeving van de camping<\/h2>\n                <div class=\"allsites\">\n                    <div class=\"col-md-6 swrap\">\n                <div>\n                    <div class=\"simg\">\n                        <div class=\"stitle\">Centre-ville<\/div>\n                        <img decoding=\"async\" src=\"https:\/\/www.citykamp.com\/uploads\/2023\/10\/citykamp-portail-colmar-petite-vennise-500x350.jpeg\" alt=\"citykamp-portail-colmar-petite-vennise\"\/>\n                    <\/div>\n                    <div class=\"ibcontent ibflex\">\n                        <div class=\"ibin1\">Wandel door de smalle straatjes van de wijk ``Klein Veneti\u00eb`` en sta versteld van de vakwerkhuizen...<\/div>\n                        <div class=\"ibin2\">\n                            <a>\n                                <div class=\"iblink isaltbgcolor\"><span class=\"sdist\"><span class=\"ctk-man\"><\/span><span class=\"thdist\">2,6 km<\/span><\/span><\/div>\n                            <\/a>\n                        <\/div>\n                        <div class=\"clear\"><\/div>\n                    <\/div>\n                <\/div>\n             <\/div><div class=\"col-md-6 swrap\">\n                <div>\n                    <div class=\"simg\">\n                        <div class=\"stitle\">March\u00e9 de No\u00ebl<\/div>\n                        <img decoding=\"async\" src=\"https:\/\/www.citykamp.com\/uploads\/2023\/10\/citykamp-portail-colmar-marche-de-noel-500x350.jpeg\" alt=\"citykamp-portail-colmar-marche-de-noel\"\/>\n                    <\/div>\n                    <div class=\"ibcontent ibflex\">\n                        <div class=\"ibin1\">Laat u charmeren door \u00e9\u00e9n van de mooiste Kerstmarkten ter wereld \u2026 Een sprookjesachtige beleving op<\/div>\n                        <div class=\"ibin2\">\n                            <a>\n                                <div class=\"iblink isaltbgcolor\"><span class=\"sdist\"><span class=\"ctk-man\"><\/span><span class=\"thdist\">2,3 km<\/span><\/span><\/div>\n                            <\/a>\n                        <\/div>\n                        <div class=\"clear\"><\/div>\n                    <\/div>\n                <\/div>\n             <\/div><div class=\"col-md-6 swrap\">\n                <div>\n                    <div class=\"simg\">\n                        <div class=\"stitle\">Route des vins alsaciens<\/div>\n                        <img decoding=\"async\" src=\"https:\/\/www.citykamp.com\/uploads\/2023\/10\/citykamp-portail-colmar-route-des-vins-500x350.jpeg\" alt=\"citykamp-portail-colmar-route-des-vins\"\/>\n                    <\/div>\n                    <div class=\"ibcontent ibflex\">\n                        <div class=\"ibin1\">Volg de wijnroute en proef de beroemde Elzasser wijnen: Riesling, Pinot gris, Gewurztraminer\u2026<\/div>\n                        <div class=\"ibin2\">\n                            <a>\n                                <div class=\"iblink isaltbgcolor\"><span class=\"sdist\"><span class=\"ctk-man\"><\/span><span class=\"thdist\">10 km<\/span><\/span><\/div>\n                            <\/a>\n                        <\/div>\n                        <div class=\"clear\"><\/div>\n                    <\/div>\n                <\/div>\n             <\/div><div class=\"col-md-6 swrap\">\n                <div>\n                    <div class=\"simg\">\n                        <div class=\"stitle\">Mus\u00e9e Unterlinden<\/div>\n                        <img decoding=\"async\" src=\"https:\/\/www.citykamp.com\/uploads\/2018\/02\/citykamp_destinations_colmar_musee_unterlinden-500x350.jpg\" alt=\"citykamp_destinations_colmar_musee_unterlinden\"\/>\n                    <\/div>\n                    <div class=\"ibcontent ibflex\">\n                        <div class=\"ibin1\">Breng een bezoek aan het Unterlinden-museum, \u00e9\u00e9n van de meest bezochte provinci\u00e4le kunstmusea<\/div>\n                        <div class=\"ibin2\">\n                            <a>\n                                <div class=\"iblink isaltbgcolor\"><span class=\"sdist\"><span class=\"ctk-man\"><\/span><span class=\"thdist\">2,8 km<\/span><\/span><\/div>\n                            <\/a>\n                        <\/div>\n                        <div class=\"clear\"><\/div>\n                    <\/div>\n                <\/div>\n             <\/div>\n                    <div class=\"clear\"><\/div>\n                <\/div>\n            <\/div><div class=\"text-center btnwrap\"><a class=\"btn btn-huttopia-cta\" href=\"https:\/\/www.campingdelill.fr\/nl\/regio\/\" role=\"button\" target=\"\" onclick=\"dataLayer.push({'event':'clickCity', 'clickText':'Ontdek andere activiteiten'})\">Ontdek andere activiteiten<\/a><\/div>[\/vc_column][\/vc_row][vc_row][vc_column]<div class=\"mflex imgmp\">\n                <div class=\"col-md-6 accordeonimg\" style=\"background-image: url(https:\/\/www.citykamp.com\/uploads\/2023\/10\/citykamp-portail-colmar-ville-transports.jpeg)\">\n                    <img decoding=\"async\" src=\"https:\/\/www.citykamp.com\/uploads\/2023\/10\/citykamp-portail-colmar-ville-transports.jpeg\" style=\"visibility: hidden;\" \/>\n                <\/div>\n                <div class=\"col-md-6 altbg gmcontent\">\n                    <div>\n                    <h2 class=\"istitlecolor gmtitle\">De Elzas ontvangt u met open armen<\/h2>\n                    <div class=\"gmwrap\"><div class=\"col-sm-4 bwrap\">\n                    <span class=\"istitlecolor gmpicto ctk-train\"><\/span>\n                    <span class=\"gmlabel\">Station op 10 min<\/span>\n                  <\/div><div class=\"col-sm-4 bwrap\">\n                    <span class=\"istitlecolor gmpicto ctk-car\"><\/span>\n                    <span class=\"gmlabel\">De A35 op 6 min<\/span>\n                  <\/div><div class=\"col-sm-4 bwrap\">\n                    <span class=\"istitlecolor gmpicto ctk-bus\"><\/span>\n                    <span class=\"gmlabel\">Fietspaden en openbaar vervoer<\/span>\n                  <\/div><\/div>\n            <\/div>\n        <\/div>\n    <\/div>\n    <script>\n        let iconType = L.icon({\n            iconUrl: baseDirectory + '\/img\/pin.png',\n            iconSize: [22, 48],\n            iconAnchor: [11, 46],\n            popupAnchor: [0, -46]\n        });\n        let map = L.map('map', {\n            center: L.latLng(48.0791101, 7.386474700000008),\n            zoom: 10.8,\n            layers: [L.tileLayer('https:\/\/cartodb-basemaps-b.global.ssl.fastly.net\/light_all\/{z}\/{x}\/{y}.png', {\n                attribution: '&copy; <a href=\"https:\/\/www.openstreetmap.org\/copyright\">OpenStreetMap<\/a>'\n            })],\n            zoomSnap: 0.2\n        });\n        setTimeout(map.invalidateSize.bind(map), 100);\n        let contentString = '<div id=\"content\">' +\n            '<div id=\"siteNotice\">' +\n            '<\/div>' +\n            '<h4 id=\"firstHeading\" class=\"firstHeading\">De Elzas ontvangt u met open armen<\/h4>' +\n            '<div id=\"bodyContent\">' +\n            '<p><\/p>' +\n            '<p><\/p>' +\n            '<\/div>' +\n            '<\/div>';\n        let marker = L.marker([48.0791101, 7.386474700000008], {icon: iconType}).addTo(map);\n        marker.bindPopup(contentString).openPopup();\n        let iwOuter = document.querySelector('.leaflet-popup-content-wrapper');\n        let iwArrow = document.querySelector('.leaflet-popup-tip');\n        iwOuter.style.backgroundColor = '';\n        iwArrow.style.backgroundColor = '';\n    <\/script>\n    [\/vc_column][\/vc_row][vc_row css=&#8221;.vc_custom_1519223873275{background-color: #b5b5b5 !important;}&#8221;][vc_column]<div class=\"wrappedcontent\">[vc_row_inner css=&#8221;.vc_custom_1519232584497{margin-top: -28px !important;margin-bottom: -28px !important;}&#8221;][vc_column_inner width=&#8221;1\/4&#8243;][vc_icon icon_fontawesome=&#8221;fa fa-lock&#8221; color=&#8221;white&#8221; align=&#8221;center&#8221; css=&#8221;.vc_custom_1519232590898{margin-top: -10px !important;margin-bottom: -10px !important;}&#8221;][vc_column_text]<\/p>\n<p style=\"text-align: center\"><span style=\"color: #ffffff\">Veilig betalen<\/span><\/p>\n<p>[\/vc_column_text][\/vc_column_inner][vc_column_inner width=&#8221;1\/4&#8243;][vc_icon type=&#8221;material&#8221; icon_material=&#8221;vc-material vc-material-local_parking&#8221; color=&#8221;white&#8221; align=&#8221;center&#8221; css=&#8221;.vc_custom_1519232596826{margin-top: -10px !important;margin-bottom: -10px !important;}&#8221;][vc_column_text]<\/p>\n<p style=\"text-align: center\"><span style=\"color: #ffffff\">Gratis parkeren<\/span><\/p>\n<p>[\/vc_column_text][\/vc_column_inner][vc_column_inner width=&#8221;1\/4&#8243;][vc_icon type=&#8221;entypo&#8221; icon_entypo=&#8221;entypo-icon entypo-icon-back-in-time&#8221; color=&#8221;white&#8221; align=&#8221;center&#8221; css=&#8221;.vc_custom_1519232602964{margin-top: -10px !important;margin-bottom: -10px !important;}&#8221;][vc_column_text]<\/p>\n<p style=\"text-align: center\"><span style=\"color: #ffffff\">Receptie 7 dagen per week geopend<\/span><\/p>\n<p>[\/vc_column_text][\/vc_column_inner][vc_column_inner width=&#8221;1\/4&#8243;][vc_icon icon_fontawesome=&#8221;fa fa-globe&#8221; color=&#8221;white&#8221; align=&#8221;center&#8221; css=&#8221;.vc_custom_1519232609125{margin-top: -10px !important;margin-bottom: -10px !important;}&#8221;][vc_column_text]<\/p>\n<p style=\"text-align: center\"><span style=\"color: #ffffff\">Meertalig<\/span><\/p>\n<p>[\/vc_column_text][\/vc_column_inner][\/vc_row_inner]<\/div>[\/vc_column][\/vc_row]<\/p>\n<\/div>","protected":false},"excerpt":{"rendered":"<p>[vc_row][vc_column][\/vc_column][\/vc_row][vc_row][vc_column][\/vc_column][\/vc_row][vc_row css=&#8221;.vc_custom_1519294602338{background-color: #e84e1b !important;}&#8221;][vc_column][\/vc_column][\/vc_row][vc_row][vc_column][\/vc_column][\/vc_row][vc_row][vc_column][\/vc_column][\/vc_row][vc_row css=&#8221;.vc_custom_1519223873275{background-color: #b5b5b5 !important;}&#8221;][vc_column][\/vc_column][\/vc_row]<\/p>\n","protected":false},"author":1,"featured_media":0,"parent":0,"menu_order":0,"comment_status":"closed","ping_status":"closed","template":"","meta":{"footnotes":""},"class_list":["post-1086","page","type-page","status-publish","hentry"],"yoast_head":"<!-- This site is optimized with the Yoast SEO plugin v25.6 - https:\/\/yoast.com\/wordpress\/plugins\/seo\/ -->\n<title>Colmar, bestemming camping in de Elzas nabij het stadscentrum - CityKamp<\/title>\n<meta name=\"description\" content=\"Blijf op de oevers van de rivier de Ill, in een unieke omgeving. Comfortabele accommodatie, kwaliteitsdiensten om uw verblijf te vereenvoudigen ... Ga naar de ontdekking van Colmar en geniet van een natuurvakantie vlakbij de stad.\" \/>\n<meta name=\"robots\" content=\"index, follow, max-snippet:-1, max-image-preview:large, max-video-preview:-1\" \/>\n<link rel=\"canonical\" href=\"https:\/\/www.citykamp.com\/nl\/colmar10\/\" \/>\n<meta property=\"og:locale\" content=\"nl_NL\" \/>\n<meta property=\"og:type\" content=\"article\" \/>\n<meta property=\"og:title\" content=\"Colmar, bestemming camping in de Elzas nabij het stadscentrum - CityKamp\" \/>\n<meta property=\"og:description\" content=\"Blijf op de oevers van de rivier de Ill, in een unieke omgeving. Comfortabele accommodatie, kwaliteitsdiensten om uw verblijf te vereenvoudigen ... Ga naar de ontdekking van Colmar en geniet van een natuurvakantie vlakbij de stad.\" \/>\n<meta property=\"og:url\" content=\"https:\/\/www.citykamp.com\/nl\/colmar10\/\" \/>\n<meta property=\"og:site_name\" content=\"Citykamp\" \/>\n<meta property=\"article:modified_time\" content=\"2024-10-31T07:52:59+00:00\" \/>\n<meta name=\"twitter:card\" content=\"summary_large_image\" \/>\n<meta name=\"twitter:label1\" content=\"Est. reading time\" \/>\n\t<meta name=\"twitter:data1\" content=\"6 minuten\" \/>\n<script type=\"application\/ld+json\" class=\"yoast-schema-graph\">{\"@context\":\"https:\/\/schema.org\",\"@graph\":[{\"@type\":\"WebPage\",\"@id\":\"https:\/\/www.citykamp.com\/nl\/colmar10\/\",\"url\":\"https:\/\/www.citykamp.com\/nl\/colmar10\/\",\"name\":\"Colmar, bestemming camping in de Elzas nabij het stadscentrum - CityKamp\",\"isPartOf\":{\"@id\":\"https:\/\/www.citykamp.com\/nl\/#website\"},\"datePublished\":\"2018-02-12T10:33:27+00:00\",\"dateModified\":\"2024-10-31T07:52:59+00:00\",\"description\":\"Blijf op de oevers van de rivier de Ill, in een unieke omgeving. Comfortabele accommodatie, kwaliteitsdiensten om uw verblijf te vereenvoudigen ... Ga naar de ontdekking van Colmar en geniet van een natuurvakantie vlakbij de stad.\",\"breadcrumb\":{\"@id\":\"https:\/\/www.citykamp.com\/nl\/colmar10\/#breadcrumb\"},\"inLanguage\":\"nl\",\"potentialAction\":[{\"@type\":\"ReadAction\",\"target\":[\"https:\/\/www.citykamp.com\/nl\/colmar10\/\"]}]},{\"@type\":\"BreadcrumbList\",\"@id\":\"https:\/\/www.citykamp.com\/nl\/colmar10\/#breadcrumb\",\"itemListElement\":[{\"@type\":\"ListItem\",\"position\":1,\"name\":\"Accueil\",\"item\":\"https:\/\/www.citykamp.com\/nl\/\"},{\"@type\":\"ListItem\",\"position\":2,\"name\":\"Colmar\"}]},{\"@type\":\"WebSite\",\"@id\":\"https:\/\/www.citykamp.com\/nl\/#website\",\"url\":\"https:\/\/www.citykamp.com\/nl\/\",\"name\":\"Citykamp\",\"description\":\"Un site utilisant WordPress\",\"potentialAction\":[{\"@type\":\"SearchAction\",\"target\":{\"@type\":\"EntryPoint\",\"urlTemplate\":\"https:\/\/www.citykamp.com\/nl\/?s={search_term_string}\"},\"query-input\":{\"@type\":\"PropertyValueSpecification\",\"valueRequired\":true,\"valueName\":\"search_term_string\"}}],\"inLanguage\":\"nl\"}]}<\/script>\n<!-- \/ Yoast SEO plugin. -->","yoast_head_json":{"title":"Colmar, bestemming camping in de Elzas nabij het stadscentrum - CityKamp","description":"Blijf op de oevers van de rivier de Ill, in een unieke omgeving. Comfortabele accommodatie, kwaliteitsdiensten om uw verblijf te vereenvoudigen ... Ga naar de ontdekking van Colmar en geniet van een natuurvakantie vlakbij de stad.","robots":{"index":"index","follow":"follow","max-snippet":"max-snippet:-1","max-image-preview":"max-image-preview:large","max-video-preview":"max-video-preview:-1"},"canonical":"https:\/\/www.citykamp.com\/nl\/colmar10\/","og_locale":"nl_NL","og_type":"article","og_title":"Colmar, bestemming camping in de Elzas nabij het stadscentrum - CityKamp","og_description":"Blijf op de oevers van de rivier de Ill, in een unieke omgeving. Comfortabele accommodatie, kwaliteitsdiensten om uw verblijf te vereenvoudigen ... Ga naar de ontdekking van Colmar en geniet van een natuurvakantie vlakbij de stad.","og_url":"https:\/\/www.citykamp.com\/nl\/colmar10\/","og_site_name":"Citykamp","article_modified_time":"2024-10-31T07:52:59+00:00","twitter_card":"summary_large_image","twitter_misc":{"Est. reading time":"6 minuten"},"schema":{"@context":"https:\/\/schema.org","@graph":[{"@type":"WebPage","@id":"https:\/\/www.citykamp.com\/nl\/colmar10\/","url":"https:\/\/www.citykamp.com\/nl\/colmar10\/","name":"Colmar, bestemming camping in de Elzas nabij het stadscentrum - CityKamp","isPartOf":{"@id":"https:\/\/www.citykamp.com\/nl\/#website"},"datePublished":"2018-02-12T10:33:27+00:00","dateModified":"2024-10-31T07:52:59+00:00","description":"Blijf op de oevers van de rivier de Ill, in een unieke omgeving. Comfortabele accommodatie, kwaliteitsdiensten om uw verblijf te vereenvoudigen ... Ga naar de ontdekking van Colmar en geniet van een natuurvakantie vlakbij de stad.","breadcrumb":{"@id":"https:\/\/www.citykamp.com\/nl\/colmar10\/#breadcrumb"},"inLanguage":"nl","potentialAction":[{"@type":"ReadAction","target":["https:\/\/www.citykamp.com\/nl\/colmar10\/"]}]},{"@type":"BreadcrumbList","@id":"https:\/\/www.citykamp.com\/nl\/colmar10\/#breadcrumb","itemListElement":[{"@type":"ListItem","position":1,"name":"Accueil","item":"https:\/\/www.citykamp.com\/nl\/"},{"@type":"ListItem","position":2,"name":"Colmar"}]},{"@type":"WebSite","@id":"https:\/\/www.citykamp.com\/nl\/#website","url":"https:\/\/www.citykamp.com\/nl\/","name":"Citykamp","description":"Un site utilisant WordPress","potentialAction":[{"@type":"SearchAction","target":{"@type":"EntryPoint","urlTemplate":"https:\/\/www.citykamp.com\/nl\/?s={search_term_string}"},"query-input":{"@type":"PropertyValueSpecification","valueRequired":true,"valueName":"search_term_string"}}],"inLanguage":"nl"}]}},"_links":{"self":[{"href":"https:\/\/www.citykamp.com\/nl\/wp-json\/wp\/v2\/pages\/1086","targetHints":{"allow":["GET"]}}],"collection":[{"href":"https:\/\/www.citykamp.com\/nl\/wp-json\/wp\/v2\/pages"}],"about":[{"href":"https:\/\/www.citykamp.com\/nl\/wp-json\/wp\/v2\/types\/page"}],"author":[{"embeddable":true,"href":"https:\/\/www.citykamp.com\/nl\/wp-json\/wp\/v2\/users\/1"}],"replies":[{"embeddable":true,"href":"https:\/\/www.citykamp.com\/nl\/wp-json\/wp\/v2\/comments?post=1086"}],"version-history":[{"count":4,"href":"https:\/\/www.citykamp.com\/nl\/wp-json\/wp\/v2\/pages\/1086\/revisions"}],"predecessor-version":[{"id":7113,"href":"https:\/\/www.citykamp.com\/nl\/wp-json\/wp\/v2\/pages\/1086\/revisions\/7113"}],"wp:attachment":[{"href":"https:\/\/www.citykamp.com\/nl\/wp-json\/wp\/v2\/media?parent=1086"}],"curies":[{"name":"wp","href":"https:\/\/api.w.org\/{rel}","templated":true}]}}