{"id":832,"date":"2018-03-01T16:14:35","date_gmt":"2018-03-01T15:14:35","guid":{"rendered":"http:\/\/www.citykamp.com\/it\/destinations\/"},"modified":"2025-01-08T12:09:35","modified_gmt":"2025-01-08T11:09:35","slug":"destinazioni","status":"publish","type":"page","link":"https:\/\/www.citykamp.com\/it\/destinazioni\/","title":{"rendered":"Destinazioni"},"content":{"rendered":"<div class=\"wpb-content-wrapper\"><p>[vc_row][vc_column]<div class=\"wrappedcontent\">[vc_empty_space height=&#8221;70px&#8221;][vc_column_text css=&#8221;&#8221;]<\/p>\n<h2>Campeggi nel cuore della citt\u00e0: scopri i nostri 7 CityKamps<\/h2>\n<p>[\/vc_column_text][vc_empty_space][vc_row_inner gap=&#8221;25&#8243;][vc_column_inner width=&#8221;1\/3&#8243;][vc_masonry_media_grid element_width=&#8221;12&#8243; gap=&#8221;0&#8243; item=&#8221;175&#8243; grid_id=&#8221;vc_gid:1736334666116-a962414b-8214-10&#8243; include=&#8221;5823&#8243;]<div class=\"text-center btnwrap\"><a class=\"btn btn-huttopia-cta\" href=\"http:\/\/www.citykamp.com\/it\/parigi\/\" role=\"button\" target=\"\" onclick=\"dataLayer.push({'event':'clickCity', 'clickText':'Scopri la destinazione'})\">Scopri la destinazione<\/a><\/div>[\/vc_column_inner][vc_column_inner width=&#8221;1\/3&#8243;][vc_masonry_media_grid element_width=&#8221;12&#8243; gap=&#8221;0&#8243; item=&#8221;175&#8243; grid_id=&#8221;vc_gid:1736334666118-50b29a9a-a090-4&#8243; include=&#8221;5830&#8243;]<div class=\"text-center btnwrap\"><a class=\"btn btn-huttopia-cta\" href=\"http:\/\/www.citykamp.com\/it\/lione\/\" role=\"button\" target=\"\" onclick=\"dataLayer.push({'event':'clickCity', 'clickText':'Scopri la destinazione'})\">Scopri la destinazione<\/a><\/div>[\/vc_column_inner][vc_column_inner width=&#8221;1\/3&#8243;][vc_masonry_media_grid element_width=&#8221;12&#8243; gap=&#8221;0&#8243; item=&#8221;175&#8243; grid_id=&#8221;vc_gid:1736334666118-4e347451-5372-2&#8243; include=&#8221;5836&#8243;]<div class=\"text-center btnwrap\"><a class=\"btn btn-huttopia-cta\" href=\"http:\/\/www.citykamp.com\/it\/strasburgo\/\" role=\"button\" target=\"\" onclick=\"dataLayer.push({'event':'clickCity', 'clickText':'Scopri la destinazione'})\">Scopri la destinazione<\/a><\/div>[\/vc_column_inner][\/vc_row_inner][vc_empty_space height=&#8221;25px&#8221;][vc_row_inner gap=&#8221;25&#8243;][vc_column_inner width=&#8221;1\/3&#8243;][vc_masonry_media_grid element_width=&#8221;12&#8243; gap=&#8221;0&#8243; item=&#8221;175&#8243; grid_id=&#8221;vc_gid:1736334666119-e4346254-8dfb-5&#8243; include=&#8221;5842&#8243;]<div class=\"text-center btnwrap\"><a class=\"btn btn-huttopia-cta\" href=\"http:\/\/www.citykamp.com\/it\/colmar10\/\" role=\"button\" target=\"\" onclick=\"dataLayer.push({'event':'clickCity', 'clickText':'Scopri la destinazione'})\">Scopri la destinazione<\/a><\/div>[\/vc_column_inner][vc_column_inner width=&#8221;1\/3&#8243;][vc_masonry_media_grid element_width=&#8221;12&#8243; gap=&#8221;0&#8243; item=&#8221;175&#8243; grid_id=&#8221;vc_gid:1736334666120-7b898c03-7ddc-7&#8243; include=&#8221;5848&#8243;]<div class=\"text-center btnwrap\"><a class=\"btn btn-huttopia-cta\" href=\"http:\/\/www.citykamp.com\/it\/angers\/\" role=\"button\" target=\"\" onclick=\"dataLayer.push({'event':'clickCity', 'clickText':'Scopri la destinazione'})\">Scopri la destinazione<\/a><\/div>[\/vc_column_inner][vc_column_inner width=&#8221;1\/3&#8243;][vc_masonry_media_grid element_width=&#8221;12&#8243; gap=&#8221;0&#8243; item=&#8221;175&#8243; css=&#8221;&#8221; grid_id=&#8221;vc_gid:1736334666121-42ce9419-2aaa-8&#8243; include=&#8221;7373&#8243;]<div class=\"text-center btnwrap\"><a class=\"btn btn-huttopia-cta\" href=\"https:\/\/www.citykamp.com\/it\/aix-en-provence\/\" role=\"button\" target=\"\" onclick=\"dataLayer.push({'event':'clickCity', 'clickText':'Scopri la destinazione'})\">Scopri la destinazione<\/a><\/div>[\/vc_column_inner][\/vc_row_inner][vc_row_inner gap=&#8221;25&#8243;][vc_column_inner width=&#8221;1\/3&#8243;][vc_masonry_media_grid element_width=&#8221;12&#8243; gap=&#8221;0&#8243; item=&#8221;175&#8243; grid_id=&#8221;vc_gid:1736334666121-c3287396-6509-9&#8243; include=&#8221;3820&#8243;]<div class=\"text-center btnwrap\"><a class=\"btn btn-huttopia-cta\" href=\"https:\/\/www.citykamp.com\/it\/valkenburg\/\" role=\"button\" target=\"\" onclick=\"dataLayer.push({'event':'clickCity', 'clickText':'Scopri la destinazione'})\">Scopri la destinazione<\/a><\/div>[\/vc_column_inner][vc_column_inner width=&#8221;1\/3&#8243;][\/vc_column_inner][vc_column_inner width=&#8221;1\/3&#8243;][\/vc_column_inner][\/vc_row_inner]<\/div>[\/vc_column][\/vc_row][vc_row css=&#8221;.vc_custom_1519299347022{background-color: #b5b5b5 !important;}&#8221;][vc_column]<div class=\"wrappedcontent\">[vc_row_inner css=&#8221;.vc_custom_1519299409709{margin-top: -28px !important;margin-bottom: -28px !important;}&#8221;][vc_column_inner width=&#8221;1\/4&#8243;][vc_icon icon_fontawesome=&#8221;fa fa-lock&#8221; color=&#8221;white&#8221; align=&#8221;center&#8221; css=&#8221;.vc_custom_1519299391926{margin-top: -10px !important;margin-bottom: -10px !important;}&#8221;][vc_column_text]<\/p>\n<p style=\"text-align: center;\"><span style=\"color: #ffffff;\">Pagamento sicuro<\/span><\/p>\n<p>[\/vc_column_text][\/vc_column_inner][vc_column_inner width=&#8221;1\/4&#8243;][vc_icon type=&#8221;material&#8221; icon_material=&#8221;vc-material vc-material-local_parking&#8221; color=&#8221;white&#8221; align=&#8221;center&#8221; css=&#8221;.vc_custom_1519731427704{margin-top: -10px !important;margin-bottom: -10px !important;}&#8221;][vc_column_text]<\/p>\n<p style=\"text-align: center;\"><span style=\"color: #ffffff;\">Parcheggio gratuito<\/span><\/p>\n<p>[\/vc_column_text][\/vc_column_inner][vc_column_inner width=&#8221;1\/4&#8243;][vc_icon type=&#8221;entypo&#8221; icon_entypo=&#8221;entypo-icon entypo-icon-back-in-time&#8221; color=&#8221;white&#8221; align=&#8221;center&#8221; css=&#8221;.vc_custom_1519731514358{margin-top: -10px !important;margin-bottom: -10px !important;}&#8221;][vc_column_text]<\/p>\n<p style=\"text-align: center;\"><span style=\"color: #ffffff;\">Reception 7j\/7<\/span><\/p>\n<p>[\/vc_column_text][\/vc_column_inner][vc_column_inner width=&#8221;1\/4&#8243;][vc_icon icon_fontawesome=&#8221;fa fa-globe&#8221; color=&#8221;white&#8221; align=&#8221;center&#8221; css=&#8221;.vc_custom_1519731533934{margin-top: -10px !important;margin-bottom: -10px !important;}&#8221;][vc_column_text]<\/p>\n<p style=\"text-align: center;\"><span style=\"color: #ffffff;\">Multilingue<\/span><\/p>\n<p>[\/vc_column_text][\/vc_column_inner][\/vc_row_inner]<\/div>[\/vc_column][\/vc_row]<\/p>\n<\/div>","protected":false},"excerpt":{"rendered":"<p>[vc_row][vc_column][\/vc_column][\/vc_row][vc_row css=&#8221;.vc_custom_1519299347022{background-color: #b5b5b5 !important;}&#8221;][vc_column][\/vc_column][\/vc_row]<\/p>\n","protected":false},"author":1,"featured_media":0,"parent":0,"menu_order":0,"comment_status":"closed","ping_status":"closed","template":"","meta":{"footnotes":""},"class_list":["post-832","page","type-page","status-publish","hentry"],"yoast_head":"<!-- This site is optimized with the Yoast SEO plugin v25.6 - https:\/\/yoast.com\/wordpress\/plugins\/seo\/ -->\n<title>Scopri le nostre destinazioni campeggio CityKamp - Nel cuore della citt\u00e0<\/title>\n<meta name=\"description\" content=\"Camp in campagna vicino alle citt\u00e0! Parigi, Lione, Strasburgo, Angers o Colmar, puoi scegliere, scoprire una delle citt\u00e0 pi\u00f9 belle della Francia.\" \/>\n<meta name=\"robots\" content=\"index, follow, max-snippet:-1, max-image-preview:large, max-video-preview:-1\" \/>\n<link rel=\"canonical\" href=\"https:\/\/www.citykamp.com\/it\/destinazioni\/\" \/>\n<meta property=\"og:locale\" content=\"it_IT\" \/>\n<meta property=\"og:type\" content=\"article\" \/>\n<meta property=\"og:title\" content=\"Scopri le nostre destinazioni campeggio CityKamp - Nel cuore della citt\u00e0\" \/>\n<meta property=\"og:description\" content=\"Camp in campagna vicino alle citt\u00e0! Parigi, Lione, Strasburgo, Angers o Colmar, puoi scegliere, scoprire una delle citt\u00e0 pi\u00f9 belle della Francia.\" \/>\n<meta property=\"og:url\" content=\"https:\/\/www.citykamp.com\/it\/destinazioni\/\" \/>\n<meta property=\"og:site_name\" content=\"Citykamp\" \/>\n<meta property=\"article:modified_time\" content=\"2025-01-08T11:09:35+00:00\" \/>\n<meta name=\"twitter:card\" content=\"summary_large_image\" \/>\n<meta name=\"twitter:label1\" content=\"Est. reading time\" \/>\n\t<meta name=\"twitter:data1\" content=\"3 minuti\" \/>\n<script type=\"application\/ld+json\" class=\"yoast-schema-graph\">{\"@context\":\"https:\/\/schema.org\",\"@graph\":[{\"@type\":\"WebPage\",\"@id\":\"https:\/\/www.citykamp.com\/it\/destinazioni\/\",\"url\":\"https:\/\/www.citykamp.com\/it\/destinazioni\/\",\"name\":\"Scopri le nostre destinazioni campeggio CityKamp - Nel cuore della citt\u00e0\",\"isPartOf\":{\"@id\":\"https:\/\/www.citykamp.com\/it\/#website\"},\"datePublished\":\"2018-03-01T15:14:35+00:00\",\"dateModified\":\"2025-01-08T11:09:35+00:00\",\"description\":\"Camp in campagna vicino alle citt\u00e0! Parigi, Lione, Strasburgo, Angers o Colmar, puoi scegliere, scoprire una delle citt\u00e0 pi\u00f9 belle della Francia.\",\"breadcrumb\":{\"@id\":\"https:\/\/www.citykamp.com\/it\/destinazioni\/#breadcrumb\"},\"inLanguage\":\"it-IT\",\"potentialAction\":[{\"@type\":\"ReadAction\",\"target\":[\"https:\/\/www.citykamp.com\/it\/destinazioni\/\"]}]},{\"@type\":\"BreadcrumbList\",\"@id\":\"https:\/\/www.citykamp.com\/it\/destinazioni\/#breadcrumb\",\"itemListElement\":[{\"@type\":\"ListItem\",\"position\":1,\"name\":\"Accueil\",\"item\":\"https:\/\/www.citykamp.com\/it\/\"},{\"@type\":\"ListItem\",\"position\":2,\"name\":\"Destinazioni\"}]},{\"@type\":\"WebSite\",\"@id\":\"https:\/\/www.citykamp.com\/it\/#website\",\"url\":\"https:\/\/www.citykamp.com\/it\/\",\"name\":\"Citykamp\",\"description\":\"Un site utilisant WordPress\",\"potentialAction\":[{\"@type\":\"SearchAction\",\"target\":{\"@type\":\"EntryPoint\",\"urlTemplate\":\"https:\/\/www.citykamp.com\/it\/?s={search_term_string}\"},\"query-input\":{\"@type\":\"PropertyValueSpecification\",\"valueRequired\":true,\"valueName\":\"search_term_string\"}}],\"inLanguage\":\"it-IT\"}]}<\/script>\n<!-- \/ Yoast SEO plugin. -->","yoast_head_json":{"title":"Scopri le nostre destinazioni campeggio CityKamp - Nel cuore della citt\u00e0","description":"Camp in campagna vicino alle citt\u00e0! Parigi, Lione, Strasburgo, Angers o Colmar, puoi scegliere, scoprire una delle citt\u00e0 pi\u00f9 belle della Francia.","robots":{"index":"index","follow":"follow","max-snippet":"max-snippet:-1","max-image-preview":"max-image-preview:large","max-video-preview":"max-video-preview:-1"},"canonical":"https:\/\/www.citykamp.com\/it\/destinazioni\/","og_locale":"it_IT","og_type":"article","og_title":"Scopri le nostre destinazioni campeggio CityKamp - Nel cuore della citt\u00e0","og_description":"Camp in campagna vicino alle citt\u00e0! Parigi, Lione, Strasburgo, Angers o Colmar, puoi scegliere, scoprire una delle citt\u00e0 pi\u00f9 belle della Francia.","og_url":"https:\/\/www.citykamp.com\/it\/destinazioni\/","og_site_name":"Citykamp","article_modified_time":"2025-01-08T11:09:35+00:00","twitter_card":"summary_large_image","twitter_misc":{"Est. reading time":"3 minuti"},"schema":{"@context":"https:\/\/schema.org","@graph":[{"@type":"WebPage","@id":"https:\/\/www.citykamp.com\/it\/destinazioni\/","url":"https:\/\/www.citykamp.com\/it\/destinazioni\/","name":"Scopri le nostre destinazioni campeggio CityKamp - Nel cuore della citt\u00e0","isPartOf":{"@id":"https:\/\/www.citykamp.com\/it\/#website"},"datePublished":"2018-03-01T15:14:35+00:00","dateModified":"2025-01-08T11:09:35+00:00","description":"Camp in campagna vicino alle citt\u00e0! Parigi, Lione, Strasburgo, Angers o Colmar, puoi scegliere, scoprire una delle citt\u00e0 pi\u00f9 belle della Francia.","breadcrumb":{"@id":"https:\/\/www.citykamp.com\/it\/destinazioni\/#breadcrumb"},"inLanguage":"it-IT","potentialAction":[{"@type":"ReadAction","target":["https:\/\/www.citykamp.com\/it\/destinazioni\/"]}]},{"@type":"BreadcrumbList","@id":"https:\/\/www.citykamp.com\/it\/destinazioni\/#breadcrumb","itemListElement":[{"@type":"ListItem","position":1,"name":"Accueil","item":"https:\/\/www.citykamp.com\/it\/"},{"@type":"ListItem","position":2,"name":"Destinazioni"}]},{"@type":"WebSite","@id":"https:\/\/www.citykamp.com\/it\/#website","url":"https:\/\/www.citykamp.com\/it\/","name":"Citykamp","description":"Un site utilisant WordPress","potentialAction":[{"@type":"SearchAction","target":{"@type":"EntryPoint","urlTemplate":"https:\/\/www.citykamp.com\/it\/?s={search_term_string}"},"query-input":{"@type":"PropertyValueSpecification","valueRequired":true,"valueName":"search_term_string"}}],"inLanguage":"it-IT"}]}},"_links":{"self":[{"href":"https:\/\/www.citykamp.com\/it\/wp-json\/wp\/v2\/pages\/832","targetHints":{"allow":["GET"]}}],"collection":[{"href":"https:\/\/www.citykamp.com\/it\/wp-json\/wp\/v2\/pages"}],"about":[{"href":"https:\/\/www.citykamp.com\/it\/wp-json\/wp\/v2\/types\/page"}],"author":[{"embeddable":true,"href":"https:\/\/www.citykamp.com\/it\/wp-json\/wp\/v2\/users\/1"}],"replies":[{"embeddable":true,"href":"https:\/\/www.citykamp.com\/it\/wp-json\/wp\/v2\/comments?post=832"}],"version-history":[{"count":6,"href":"https:\/\/www.citykamp.com\/it\/wp-json\/wp\/v2\/pages\/832\/revisions"}],"predecessor-version":[{"id":7391,"href":"https:\/\/www.citykamp.com\/it\/wp-json\/wp\/v2\/pages\/832\/revisions\/7391"}],"wp:attachment":[{"href":"https:\/\/www.citykamp.com\/it\/wp-json\/wp\/v2\/media?parent=832"}],"curies":[{"name":"wp","href":"https:\/\/api.w.org\/{rel}","templated":true}]}}