{"id":718,"date":"2018-02-12T11:29:55","date_gmt":"2018-02-12T10:29:55","guid":{"rendered":"http:\/\/www.citykamp.com\/it\/accueil\/"},"modified":"2025-02-03T08:50:48","modified_gmt":"2025-02-03T07:50:48","slug":"home","status":"publish","type":"page","link":"https:\/\/www.citykamp.com\/it\/","title":{"rendered":"Home"},"content":{"rendered":"<div class=\"wpb-content-wrapper\"><p>[vc_row css=&#8221;.vc_custom_1617360324164{background-color: #e8e8e8 !important;}&#8221;][vc_column]<div class=\"huttopia-carousel carousel slide carousel-fade\" id=\"carousel-huttopia\" data-ride=\"carousel\">\n        <ol class=\"carousel-indicators\"><li data-target=\"#carousel-huttopia\" data-slide-to=\"0\" class=\"active\"><\/li><li data-target=\"#carousel-huttopia\" data-slide-to=\"1\" class=\"\"><\/li><li data-target=\"#carousel-huttopia\" data-slide-to=\"2\" class=\"\"><\/li><li data-target=\"#carousel-huttopia\" data-slide-to=\"3\" class=\"\"><\/li><li data-target=\"#carousel-huttopia\" data-slide-to=\"4\" class=\"\"><\/li><\/ol>\n        <div class=\"carousel-inner\" role=\"listbox\"><div class=\"innerimg item active\"\n                         style=\"background-image: url(https:\/\/www.citykamp.com\/uploads\/2023\/10\/citykamp-portail-header-2-1900x600.jpeg)\"><div class=\"wrapcontentraw\"><\/div><\/div><div class=\"innerimg item\"\n                         style=\"background-image: url(https:\/\/www.citykamp.com\/uploads\/2023\/10\/citykamp-portail-header-1-1900x600.jpg)\"><div class=\"wrapcontentraw\"><\/div><\/div><div class=\"innerimg item\"\n                         style=\"background-image: url(https:\/\/www.citykamp.com\/uploads\/2023\/10\/citykamp-portail-header-3-1900x600.jpeg)\"><div class=\"wrapcontentraw\"><\/div><\/div><div class=\"innerimg item\"\n                         style=\"background-image: url(https:\/\/www.citykamp.com\/uploads\/2023\/10\/citykamp-portail-header-4-1900x600.jpeg)\"><div class=\"wrapcontentraw\"><\/div><\/div><div class=\"innerimg item\"\n                         style=\"background-image: url(https:\/\/www.citykamp.com\/uploads\/2023\/10\/citykamp-portail-header-5-1900x600.jpg)\"><div class=\"wrapcontentraw\"><\/div><\/div><\/div>\n    <\/div>[\/vc_column][\/vc_row][vc_row][vc_column]<div class=\"wrappedcontent\">[vc_column_text css=&#8221;&#8221;]<\/p>\n<h1 style=\"text-align: center;\"><strong><span style=\"font-size: 24pt;\">CityKamp, una rete di 7 camping in citt\u00e0,<br \/>\nin Francia e Paesi Bassi<\/span><\/strong><\/h1>\n<p style=\"text-align: center;\">Un citybreak con tutta la famiglia o in coppia? Vuoi fare una tappa cittadina sulla strada delle tue vacanze? Una parentesi naturale all&#8217;interno di un <a href=\"http:\/\/www.citykamp.com\/it\/affari\/\" target=\"_blank\" rel=\"noopener noreferrer\"><span style=\"color: #e84e1b;\">viaggio di lavoro<\/span><\/a>? Con tutta la famiglia, tra amici, tra colleghi, in coppia o da soli, soggiorna in citt\u00e0 in maniera originale &#8230; Uno scalo nella natura il pi\u00f9 vicino alle citt\u00e0 per 7 destinazioni: <span style=\"text-decoration: underline; color: #e84e1b;\"><a style=\"color: #e84e1b; text-decoration: underline;\" href=\"https:\/\/www.citykamp.com\/it\/parigi\/\">Parigi<\/a><\/span>, <a href=\"https:\/\/www.citykamp.com\/it\/lione\/\"><span style=\"text-decoration: underline; color: #e84e1b;\">Lione<\/span><\/a>, <span style=\"color: #e84e1b;\"><a style=\"color: #e84e1b;\" href=\"https:\/\/www.citykamp.com\/it\/strasburgo\/\"><span style=\"text-decoration: underline;\">Strasburgo<\/span><\/a><\/span>, <a href=\"https:\/\/www.citykamp.com\/it\/colmar10\/\"><span style=\"text-decoration: underline;\"><span style=\"color: #e84e1b; text-decoration: underline;\">Colmar<\/span><\/span><\/a>, <a href=\"https:\/\/www.citykamp.com\/it\/angers\/\"><span style=\"text-decoration: underline;\"><span style=\"color: #e84e1b; text-decoration: underline;\">Angers<\/span><\/span><\/a>, <span style=\"text-decoration: underline; color: #e84e1b;\"><span style=\"text-decoration: underline;\"><a style=\"color: #e84e1b; text-decoration: underline;\" href=\"https:\/\/www.camping-aix-en-provence.com\/it\/\" target=\"_blank\" rel=\"noopener\">Aix-en-Provence<\/a><\/span><\/span> e <a href=\"https:\/\/www.citykamp.com\/it\/valkenburg\/\"><span style=\"text-decoration: underline;\"><span style=\"color: #e84e1b; text-decoration: underline;\">Valkenburg<\/span><\/span><\/a>.<\/p>\n<p>[\/vc_column_text][vc_empty_space]<div class=\"discoverdestinations\" style=\"background-image: url()\">\n\t\t        <div class=\"wrapcontentraw\">\n                    <div class=\"ddpicto\">\n                        <img decoding=\"async\" src=\"https:\/\/www.citykamp.com\/uploads\/2025\/01\/citykamp-portail-plan-2025.png\">\n                    <\/div>\n                    <div class=\"ddcontent\">\n                        <div class=\"twoligntitle\"><span class=\"t1\">VAI IN EUROPA<\/span><span class=\"t2\">PER SCOPRIRE LE CITT\u00c0 PI\u00d9 BELLE<\/span><\/div>\n                        <div class=\"row\"><div class=\"destinationcard col-md-4\">\n                <a href=\"https:\/\/www.camping-lyon.com\/it\/\" target=\"_blank\"><div>Lione<\/div><\/a>\n            <\/div><div class=\"destinationcard col-md-4\">\n                <a href=\"https:\/\/www.campingparis.fr\/it\/\" target=\"_blank\"><div>Parigi<\/div><\/a>\n            <\/div><div class=\"destinationcard col-md-4\">\n                <a href=\"https:\/\/www.camping-strasbourg\/it\/\" target=\"_blank\"><div>Strasburgo<\/div><\/a>\n            <\/div><div class=\"destinationcard col-md-4\">\n                <a href=\"https:\/\/www.campingdelill.fr\/en\/\" target=\"_blank\"><div>Colmar<\/div><\/a>\n            <\/div><div class=\"destinationcard col-md-4\">\n                <a href=\"https:\/\/www.campingangers.com\/it\/\" target=\"_blank\"><div>Angers<\/div><\/a>\n            <\/div><div class=\"destinationcard col-md-4\">\n                <a href=\"https:\/\/www.camping-aix-en-provence.com\/it\/\" target=\"_blank\"><div>Aix-en-Provence<\/div><\/a>\n            <\/div><div class=\"destinationcard col-md-4\">\n                <a href=\"https:\/\/www.camping-valkenburg.com\/en\/\" target=\"_blank\"><div>Valkenburg<\/div><\/a>\n            <\/div><\/div>\n                    <\/div>\n                    <div class=\"clear\"><\/div>\n                <\/div>\n            <\/div><\/div>[\/vc_column][\/vc_row][vc_row css=&#8221;.vc_custom_1676987392544{background-color: rgba(233,78,27,0.2) !important;*background-color: rgb(233,78,27) !important;}&#8221;][vc_column]<div class=\"wrappedcontent\">[vc_empty_space][vc_row_inner css=&#8221;.vc_custom_1676987378845{margin-left: -0.5px !important;}&#8221;][vc_column_inner width=&#8221;1\/4&#8243;][vc_single_image image=&#8221;5510&#8243; img_size=&#8221;71*71&#8243; alignment=&#8221;center&#8221;][vc_empty_space][vc_column_text]<\/p>\n<p style=\"text-align: center;\"><strong>Accesso Wifi<\/strong><\/p>\n<p>[\/vc_column_text][\/vc_column_inner][vc_column_inner width=&#8221;1\/4&#8243;][vc_single_image image=&#8221;5516&#8243; img_size=&#8221;71*71&#8243; alignment=&#8221;center&#8221;][vc_empty_space][vc_column_text]<\/p>\n<p style=\"text-align: center;\"><strong>Parcheggio gratuito<\/strong><\/p>\n<p>[\/vc_column_text][\/vc_column_inner][vc_column_inner width=&#8221;1\/4&#8243;][vc_single_image image=&#8221;5522&#8243; img_size=&#8221;71*71&#8243; alignment=&#8221;center&#8221;][vc_empty_space][vc_column_text css=&#8221;&#8221;]<\/p>\n<p style=\"text-align: center;\"><span style=\"font-size: 12pt;\"><strong>Noleggio lenzuola Incluso<\/strong><\/span><\/p>\n<p>[\/vc_column_text][\/vc_column_inner][vc_column_inner width=&#8221;1\/4&#8243;][vc_single_image image=&#8221;5528&#8243; img_size=&#8221;71*71&#8243; alignment=&#8221;center&#8221;][vc_empty_space][vc_column_text]<\/p>\n<p style=\"text-align: center;\"><strong>Ristorazione<\/strong><\/p>\n<p>[\/vc_column_text][\/vc_column_inner][\/vc_row_inner][vc_row_inner][vc_column_inner][vc_empty_space]<div class=\"text-center btnwrap\"><a class=\"btn btn-huttopia-cta\" href=\"https:\/\/www.citykamp.com\/it\/destinazioni\/\" role=\"button\" target=\"\" onclick=\"dataLayer.push({'event':'clickCity', 'clickText':'Scopri le nostre destinazioni'})\">Scopri le nostre destinazioni<\/a><\/div>[\/vc_column_inner][\/vc_row_inner]<\/div>[\/vc_column][\/vc_row]<\/p>\n<\/div>","protected":false},"excerpt":{"rendered":"<p>[vc_row css=&#8221;.vc_custom_1617360324164{background-color: #e8e8e8 !important;}&#8221;][vc_column][\/vc_column][\/vc_row][vc_row][vc_column][\/vc_column][\/vc_row][vc_row css=&#8221;.vc_custom_1676987392544{background-color: rgba(233,78,27,0.2) !important;*background-color: rgb(233,78,27) !important;}&#8221;][vc_column][\/vc_column][\/vc_row]<\/p>\n","protected":false},"author":1,"featured_media":0,"parent":0,"menu_order":0,"comment_status":"closed","ping_status":"closed","template":"","meta":{"footnotes":""},"class_list":["post-718","page","type-page","status-publish","hentry"],"yoast_head":"<!-- This site is optimized with the Yoast SEO plugin v25.6 - https:\/\/yoast.com\/wordpress\/plugins\/seo\/ -->\n<title>CityKamp - La natura rimane nel cuore delle citt\u00e0<\/title>\n<meta name=\"description\" content=\"Parigi, Lione, Strasburgo, Colmar, Angers: scopri CityKamp ei suoi campeggi nel cuore della natura vicino alle citt\u00e0. Una parentesi naturale in un palcoscenico cittadino, una citt\u00e0 esotica: la migliore alternativa all&#039;industria alberghiera!\" \/>\n<meta name=\"robots\" content=\"index, follow, max-snippet:-1, max-image-preview:large, max-video-preview:-1\" \/>\n<link rel=\"canonical\" href=\"https:\/\/www.citykamp.com\/it\/\" \/>\n<meta property=\"og:locale\" content=\"it_IT\" \/>\n<meta property=\"og:type\" content=\"article\" \/>\n<meta property=\"og:title\" content=\"CityKamp - La natura rimane nel cuore delle citt\u00e0\" \/>\n<meta property=\"og:description\" content=\"Parigi, Lione, Strasburgo, Colmar, Angers: scopri CityKamp ei suoi campeggi nel cuore della natura vicino alle citt\u00e0. Una parentesi naturale in un palcoscenico cittadino, una citt\u00e0 esotica: la migliore alternativa all&#039;industria alberghiera!\" \/>\n<meta property=\"og:url\" content=\"https:\/\/www.citykamp.com\/it\/\" \/>\n<meta property=\"og:site_name\" content=\"Citykamp\" \/>\n<meta property=\"article:modified_time\" content=\"2025-02-03T07:50:48+00:00\" \/>\n<meta name=\"twitter:card\" content=\"summary_large_image\" \/>\n<meta name=\"twitter:label1\" content=\"Est. reading time\" \/>\n\t<meta name=\"twitter:data1\" content=\"1 minuto\" \/>\n<script type=\"application\/ld+json\" class=\"yoast-schema-graph\">{\"@context\":\"https:\/\/schema.org\",\"@graph\":[{\"@type\":\"WebPage\",\"@id\":\"https:\/\/www.citykamp.com\/it\/\",\"url\":\"https:\/\/www.citykamp.com\/it\/\",\"name\":\"CityKamp - La natura rimane nel cuore delle citt\u00e0\",\"isPartOf\":{\"@id\":\"https:\/\/www.citykamp.com\/it\/#website\"},\"datePublished\":\"2018-02-12T10:29:55+00:00\",\"dateModified\":\"2025-02-03T07:50:48+00:00\",\"description\":\"Parigi, Lione, Strasburgo, Colmar, Angers: scopri CityKamp ei suoi campeggi nel cuore della natura vicino alle citt\u00e0. Una parentesi naturale in un palcoscenico cittadino, una citt\u00e0 esotica: la migliore alternativa all'industria alberghiera!\",\"breadcrumb\":{\"@id\":\"https:\/\/www.citykamp.com\/it\/#breadcrumb\"},\"inLanguage\":\"it-IT\",\"potentialAction\":[{\"@type\":\"ReadAction\",\"target\":[\"https:\/\/www.citykamp.com\/it\/\"]}]},{\"@type\":\"BreadcrumbList\",\"@id\":\"https:\/\/www.citykamp.com\/it\/#breadcrumb\",\"itemListElement\":[{\"@type\":\"ListItem\",\"position\":1,\"name\":\"Accueil\",\"item\":\"https:\/\/www.citykamp.com\/it\/\"},{\"@type\":\"ListItem\",\"position\":2,\"name\":\"Home\"}]},{\"@type\":\"WebSite\",\"@id\":\"https:\/\/www.citykamp.com\/it\/#website\",\"url\":\"https:\/\/www.citykamp.com\/it\/\",\"name\":\"Citykamp\",\"description\":\"Un site utilisant WordPress\",\"potentialAction\":[{\"@type\":\"SearchAction\",\"target\":{\"@type\":\"EntryPoint\",\"urlTemplate\":\"https:\/\/www.citykamp.com\/it\/?s={search_term_string}\"},\"query-input\":{\"@type\":\"PropertyValueSpecification\",\"valueRequired\":true,\"valueName\":\"search_term_string\"}}],\"inLanguage\":\"it-IT\"}]}<\/script>\n<!-- \/ Yoast SEO plugin. -->","yoast_head_json":{"title":"CityKamp - La natura rimane nel cuore delle citt\u00e0","description":"Parigi, Lione, Strasburgo, Colmar, Angers: scopri CityKamp ei suoi campeggi nel cuore della natura vicino alle citt\u00e0. Una parentesi naturale in un palcoscenico cittadino, una citt\u00e0 esotica: la migliore alternativa all'industria alberghiera!","robots":{"index":"index","follow":"follow","max-snippet":"max-snippet:-1","max-image-preview":"max-image-preview:large","max-video-preview":"max-video-preview:-1"},"canonical":"https:\/\/www.citykamp.com\/it\/","og_locale":"it_IT","og_type":"article","og_title":"CityKamp - La natura rimane nel cuore delle citt\u00e0","og_description":"Parigi, Lione, Strasburgo, Colmar, Angers: scopri CityKamp ei suoi campeggi nel cuore della natura vicino alle citt\u00e0. Una parentesi naturale in un palcoscenico cittadino, una citt\u00e0 esotica: la migliore alternativa all'industria alberghiera!","og_url":"https:\/\/www.citykamp.com\/it\/","og_site_name":"Citykamp","article_modified_time":"2025-02-03T07:50:48+00:00","twitter_card":"summary_large_image","twitter_misc":{"Est. reading time":"1 minuto"},"schema":{"@context":"https:\/\/schema.org","@graph":[{"@type":"WebPage","@id":"https:\/\/www.citykamp.com\/it\/","url":"https:\/\/www.citykamp.com\/it\/","name":"CityKamp - La natura rimane nel cuore delle citt\u00e0","isPartOf":{"@id":"https:\/\/www.citykamp.com\/it\/#website"},"datePublished":"2018-02-12T10:29:55+00:00","dateModified":"2025-02-03T07:50:48+00:00","description":"Parigi, Lione, Strasburgo, Colmar, Angers: scopri CityKamp ei suoi campeggi nel cuore della natura vicino alle citt\u00e0. Una parentesi naturale in un palcoscenico cittadino, una citt\u00e0 esotica: la migliore alternativa all'industria alberghiera!","breadcrumb":{"@id":"https:\/\/www.citykamp.com\/it\/#breadcrumb"},"inLanguage":"it-IT","potentialAction":[{"@type":"ReadAction","target":["https:\/\/www.citykamp.com\/it\/"]}]},{"@type":"BreadcrumbList","@id":"https:\/\/www.citykamp.com\/it\/#breadcrumb","itemListElement":[{"@type":"ListItem","position":1,"name":"Accueil","item":"https:\/\/www.citykamp.com\/it\/"},{"@type":"ListItem","position":2,"name":"Home"}]},{"@type":"WebSite","@id":"https:\/\/www.citykamp.com\/it\/#website","url":"https:\/\/www.citykamp.com\/it\/","name":"Citykamp","description":"Un site utilisant WordPress","potentialAction":[{"@type":"SearchAction","target":{"@type":"EntryPoint","urlTemplate":"https:\/\/www.citykamp.com\/it\/?s={search_term_string}"},"query-input":{"@type":"PropertyValueSpecification","valueRequired":true,"valueName":"search_term_string"}}],"inLanguage":"it-IT"}]}},"_links":{"self":[{"href":"https:\/\/www.citykamp.com\/it\/wp-json\/wp\/v2\/pages\/718","targetHints":{"allow":["GET"]}}],"collection":[{"href":"https:\/\/www.citykamp.com\/it\/wp-json\/wp\/v2\/pages"}],"about":[{"href":"https:\/\/www.citykamp.com\/it\/wp-json\/wp\/v2\/types\/page"}],"author":[{"embeddable":true,"href":"https:\/\/www.citykamp.com\/it\/wp-json\/wp\/v2\/users\/1"}],"replies":[{"embeddable":true,"href":"https:\/\/www.citykamp.com\/it\/wp-json\/wp\/v2\/comments?post=718"}],"version-history":[{"count":8,"href":"https:\/\/www.citykamp.com\/it\/wp-json\/wp\/v2\/pages\/718\/revisions"}],"predecessor-version":[{"id":7434,"href":"https:\/\/www.citykamp.com\/it\/wp-json\/wp\/v2\/pages\/718\/revisions\/7434"}],"wp:attachment":[{"href":"https:\/\/www.citykamp.com\/it\/wp-json\/wp\/v2\/media?parent=718"}],"curies":[{"name":"wp","href":"https:\/\/api.w.org\/{rel}","templated":true}]}}