{"id":833,"date":"2018-03-01T16:14:35","date_gmt":"2018-03-01T15:14:35","guid":{"rendered":"http:\/\/www.citykamp.com\/es\/destinations\/"},"modified":"2025-01-08T12:09:53","modified_gmt":"2025-01-08T11:09:53","slug":"destinos","status":"publish","type":"page","link":"https:\/\/www.citykamp.com\/es\/destinos\/","title":{"rendered":"Destinos"},"content":{"rendered":"<div class=\"wpb-content-wrapper\"><p>[vc_row][vc_column]<div class=\"wrappedcontent\">[vc_empty_space height=\u00bb70px\u00bb][vc_column_text css=\u00bb\u00bb]<\/p>\n<h2>Destinos para acampar en el coraz\u00f3n de la ciudad: descubre nuestros 7 CityKamps<\/h2>\n<p>[\/vc_column_text][vc_empty_space][vc_row_inner gap=\u00bb25&#8243;][vc_column_inner width=\u00bb1\/3&#8243;][vc_masonry_media_grid element_width=\u00bb12&#8243; gap=\u00bb0&#8243; item=\u00bb175&#8243; grid_id=\u00bbvc_gid:1736334692142-50b62cd3-c9bf-9&#8243; include=\u00bb5855&#8243;]<div class=\"text-center btnwrap\"><a class=\"btn btn-huttopia-cta\" href=\"http:\/\/www.citykamp.com\/es\/paris\/\" role=\"button\" target=\"\" onclick=\"dataLayer.push({'event':'clickCity', 'clickText':'Descubre el destino'})\">Descubre el destino<\/a><\/div>[\/vc_column_inner][vc_column_inner width=\u00bb1\/3&#8243;][vc_masonry_media_grid element_width=\u00bb12&#8243; gap=\u00bb0&#8243; item=\u00bb175&#8243; grid_id=\u00bbvc_gid:1736334692143-182b02f9-92e8-1&#8243; include=\u00bb5862&#8243;]<div class=\"text-center btnwrap\"><a class=\"btn btn-huttopia-cta\" href=\"http:\/\/www.citykamp.com\/es\/lyon\/\" role=\"button\" target=\"\" onclick=\"dataLayer.push({'event':'clickCity', 'clickText':'Descubre el destino'})\">Descubre el destino<\/a><\/div>[\/vc_column_inner][vc_column_inner width=\u00bb1\/3&#8243;][vc_masonry_media_grid element_width=\u00bb12&#8243; gap=\u00bb0&#8243; item=\u00bb175&#8243; grid_id=\u00bbvc_gid:1736334692144-36e3c4f3-82c2-6&#8243; include=\u00bb5868&#8243;]<div class=\"text-center btnwrap\"><a class=\"btn btn-huttopia-cta\" href=\"http:\/\/www.citykamp.com\/es\/estrasburgo\/\" role=\"button\" target=\"\" onclick=\"dataLayer.push({'event':'clickCity', 'clickText':'Descubre el destino'})\">Descubre el destino<\/a><\/div>[\/vc_column_inner][\/vc_row_inner][vc_empty_space height=\u00bb25px\u00bb][vc_row_inner gap=\u00bb25&#8243;][vc_column_inner width=\u00bb1\/3&#8243;][vc_masonry_media_grid element_width=\u00bb12&#8243; gap=\u00bb0&#8243; item=\u00bb175&#8243; grid_id=\u00bbvc_gid:1736334692145-5f11f3a2-7e79-0&#8243; include=\u00bb5874&#8243;]<div class=\"text-center btnwrap\"><a class=\"btn btn-huttopia-cta\" href=\"http:\/\/www.citykamp.com\/es\/colmar10\/\" role=\"button\" target=\"\" onclick=\"dataLayer.push({'event':'clickCity', 'clickText':'Descubre el destino'})\">Descubre el destino<\/a><\/div>[\/vc_column_inner][vc_column_inner width=\u00bb1\/3&#8243;][vc_masonry_media_grid element_width=\u00bb12&#8243; gap=\u00bb0&#8243; item=\u00bb175&#8243; grid_id=\u00bbvc_gid:1736334692146-d462f130-d914-0&#8243; include=\u00bb5880&#8243;]<div class=\"text-center btnwrap\"><a class=\"btn btn-huttopia-cta\" href=\"http:\/\/www.citykamp.com\/es\/angers\/\" role=\"button\" target=\"\" onclick=\"dataLayer.push({'event':'clickCity', 'clickText':'Descubre el destino'})\">Descubre el destino<\/a><\/div>[\/vc_column_inner][vc_column_inner width=\u00bb1\/3&#8243;][vc_masonry_media_grid element_width=\u00bb12&#8243; gap=\u00bb0&#8243; item=\u00bb175&#8243; css=\u00bb\u00bb grid_id=\u00bbvc_gid:1736334692146-d94ebe3e-b245-7&#8243; include=\u00bb7374&#8243;]<div class=\"text-center btnwrap\"><a class=\"btn btn-huttopia-cta\" href=\"https:\/\/www.citykamp.com\/es\/aix-en-provence\/\" role=\"button\" target=\"\" onclick=\"dataLayer.push({'event':'clickCity', 'clickText':'Descubre el destino'})\">Descubre el destino<\/a><\/div>[\/vc_column_inner][\/vc_row_inner][vc_row_inner gap=\u00bb25&#8243;][vc_column_inner width=\u00bb1\/3&#8243;][vc_masonry_media_grid element_width=\u00bb12&#8243; gap=\u00bb0&#8243; item=\u00bb175&#8243; grid_id=\u00bbvc_gid:1736334692147-083189d1-a40b-2&#8243; include=\u00bb3821&#8243;]<div class=\"text-center btnwrap\"><a class=\"btn btn-huttopia-cta\" href=\"https:\/\/www.camping-valkenburg.com\/en\/\" role=\"button\" target=\"\" onclick=\"dataLayer.push({'event':'clickCity', 'clickText':'Descubre el destino'})\">Descubre el destino<\/a><\/div>[\/vc_column_inner][vc_column_inner width=\u00bb1\/3&#8243;][\/vc_column_inner][vc_column_inner width=\u00bb1\/3&#8243;][\/vc_column_inner][\/vc_row_inner]<\/div>[\/vc_column][\/vc_row][vc_row css=\u00bb.vc_custom_1519299347022{background-color: #b5b5b5 !important;}\u00bb][vc_column]<div class=\"wrappedcontent\">[vc_row_inner css=\u00bb.vc_custom_1519299409709{margin-top: -28px !important;margin-bottom: -28px !important;}\u00bb][vc_column_inner width=\u00bb1\/4&#8243;][vc_icon icon_fontawesome=\u00bbfa fa-lock\u00bb color=\u00bbwhite\u00bb align=\u00bbcenter\u00bb css=\u00bb.vc_custom_1519299391926{margin-top: -10px !important;margin-bottom: -10px !important;}\u00bb][vc_column_text]<\/p>\n<p style=\"text-align: center;\"><span style=\"color: #ffffff;\">Pago seguro<\/span><\/p>\n<p>[\/vc_column_text][\/vc_column_inner][vc_column_inner width=\u00bb1\/4&#8243;][vc_icon type=\u00bbmaterial\u00bb icon_material=\u00bbvc-material vc-material-local_parking\u00bb color=\u00bbwhite\u00bb align=\u00bbcenter\u00bb css=\u00bb.vc_custom_1519731427704{margin-top: -10px !important;margin-bottom: -10px !important;}\u00bb][vc_column_text]<\/p>\n<p style=\"text-align: center;\"><span style=\"color: #ffffff;\">Parking gratuito<\/span><\/p>\n<p>[\/vc_column_text][\/vc_column_inner][vc_column_inner width=\u00bb1\/4&#8243;][vc_icon type=\u00bbentypo\u00bb icon_entypo=\u00bbentypo-icon entypo-icon-back-in-time\u00bb color=\u00bbwhite\u00bb align=\u00bbcenter\u00bb css=\u00bb.vc_custom_1519731514358{margin-top: -10px !important;margin-bottom: -10px !important;}\u00bb][vc_column_text]<\/p>\n<p style=\"text-align: center;\"><span style=\"color: #ffffff;\">Recepci\u00f3n de lunes a domingo<\/span><\/p>\n<p>[\/vc_column_text][\/vc_column_inner][vc_column_inner width=\u00bb1\/4&#8243;][vc_icon icon_fontawesome=\u00bbfa fa-globe\u00bb color=\u00bbwhite\u00bb align=\u00bbcenter\u00bb css=\u00bb.vc_custom_1519731533934{margin-top: -10px !important;margin-bottom: -10px !important;}\u00bb][vc_column_text]<\/p>\n<p style=\"text-align: center;\"><span style=\"color: #ffffff;\">Multiling\u00fce<\/span><\/p>\n<p>[\/vc_column_text][\/vc_column_inner][\/vc_row_inner]<\/div>[\/vc_column][\/vc_row]<\/p>\n<\/div>","protected":false},"excerpt":{"rendered":"<p>[vc_row][vc_column][\/vc_column][\/vc_row][vc_row css=\u00bb.vc_custom_1519299347022{background-color: #b5b5b5 !important;}\u00bb][vc_column][\/vc_column][\/vc_row]<\/p>\n","protected":false},"author":1,"featured_media":0,"parent":0,"menu_order":0,"comment_status":"closed","ping_status":"closed","template":"","meta":{"footnotes":""},"class_list":["post-833","page","type-page","status-publish","hentry"],"yoast_head":"<!-- This site is optimized with the Yoast SEO plugin v25.6 - https:\/\/yoast.com\/wordpress\/plugins\/seo\/ -->\n<title>Descubra nuestros destinos CityKamp - En el coraz\u00f3n de la ciudad<\/title>\n<meta name=\"description\" content=\"\u00a1Campamento en el campo cerca de las ciudades! Par\u00eds, Lyon, Estrasburgo, Angers o Colmar, usted tiene la opci\u00f3n, descubra una de las ciudades m\u00e1s bellas de Francia.\" \/>\n<meta name=\"robots\" content=\"index, follow, max-snippet:-1, max-image-preview:large, max-video-preview:-1\" \/>\n<link rel=\"canonical\" href=\"https:\/\/www.citykamp.com\/es\/destinos\/\" \/>\n<meta property=\"og:locale\" content=\"es_ES\" \/>\n<meta property=\"og:type\" content=\"article\" \/>\n<meta property=\"og:title\" content=\"Descubra nuestros destinos CityKamp - En el coraz\u00f3n de la ciudad\" \/>\n<meta property=\"og:description\" content=\"\u00a1Campamento en el campo cerca de las ciudades! Par\u00eds, Lyon, Estrasburgo, Angers o Colmar, usted tiene la opci\u00f3n, descubra una de las ciudades m\u00e1s bellas de Francia.\" \/>\n<meta property=\"og:url\" content=\"https:\/\/www.citykamp.com\/es\/destinos\/\" \/>\n<meta property=\"og:site_name\" content=\"Citykamp\" \/>\n<meta property=\"article:modified_time\" content=\"2025-01-08T11:09:53+00:00\" \/>\n<meta name=\"twitter:card\" content=\"summary_large_image\" \/>\n<meta name=\"twitter:label1\" content=\"Est. reading time\" \/>\n\t<meta name=\"twitter:data1\" content=\"1 minuto\" \/>\n<script type=\"application\/ld+json\" class=\"yoast-schema-graph\">{\"@context\":\"https:\/\/schema.org\",\"@graph\":[{\"@type\":\"WebPage\",\"@id\":\"https:\/\/www.citykamp.com\/es\/destinos\/\",\"url\":\"https:\/\/www.citykamp.com\/es\/destinos\/\",\"name\":\"Descubra nuestros destinos CityKamp - En el coraz\u00f3n de la ciudad\",\"isPartOf\":{\"@id\":\"https:\/\/www.citykamp.com\/es\/#website\"},\"datePublished\":\"2018-03-01T15:14:35+00:00\",\"dateModified\":\"2025-01-08T11:09:53+00:00\",\"description\":\"\u00a1Campamento en el campo cerca de las ciudades! Par\u00eds, Lyon, Estrasburgo, Angers o Colmar, usted tiene la opci\u00f3n, descubra una de las ciudades m\u00e1s bellas de Francia.\",\"breadcrumb\":{\"@id\":\"https:\/\/www.citykamp.com\/es\/destinos\/#breadcrumb\"},\"inLanguage\":\"es\",\"potentialAction\":[{\"@type\":\"ReadAction\",\"target\":[\"https:\/\/www.citykamp.com\/es\/destinos\/\"]}]},{\"@type\":\"BreadcrumbList\",\"@id\":\"https:\/\/www.citykamp.com\/es\/destinos\/#breadcrumb\",\"itemListElement\":[{\"@type\":\"ListItem\",\"position\":1,\"name\":\"Accueil\",\"item\":\"https:\/\/www.citykamp.com\/es\/\"},{\"@type\":\"ListItem\",\"position\":2,\"name\":\"Destinos\"}]},{\"@type\":\"WebSite\",\"@id\":\"https:\/\/www.citykamp.com\/es\/#website\",\"url\":\"https:\/\/www.citykamp.com\/es\/\",\"name\":\"Citykamp\",\"description\":\"Un site utilisant WordPress\",\"potentialAction\":[{\"@type\":\"SearchAction\",\"target\":{\"@type\":\"EntryPoint\",\"urlTemplate\":\"https:\/\/www.citykamp.com\/es\/?s={search_term_string}\"},\"query-input\":{\"@type\":\"PropertyValueSpecification\",\"valueRequired\":true,\"valueName\":\"search_term_string\"}}],\"inLanguage\":\"es\"}]}<\/script>\n<!-- \/ Yoast SEO plugin. -->","yoast_head_json":{"title":"Descubra nuestros destinos CityKamp - En el coraz\u00f3n de la ciudad","description":"\u00a1Campamento en el campo cerca de las ciudades! Par\u00eds, Lyon, Estrasburgo, Angers o Colmar, usted tiene la opci\u00f3n, descubra una de las ciudades m\u00e1s bellas de Francia.","robots":{"index":"index","follow":"follow","max-snippet":"max-snippet:-1","max-image-preview":"max-image-preview:large","max-video-preview":"max-video-preview:-1"},"canonical":"https:\/\/www.citykamp.com\/es\/destinos\/","og_locale":"es_ES","og_type":"article","og_title":"Descubra nuestros destinos CityKamp - En el coraz\u00f3n de la ciudad","og_description":"\u00a1Campamento en el campo cerca de las ciudades! Par\u00eds, Lyon, Estrasburgo, Angers o Colmar, usted tiene la opci\u00f3n, descubra una de las ciudades m\u00e1s bellas de Francia.","og_url":"https:\/\/www.citykamp.com\/es\/destinos\/","og_site_name":"Citykamp","article_modified_time":"2025-01-08T11:09:53+00:00","twitter_card":"summary_large_image","twitter_misc":{"Est. reading time":"1 minuto"},"schema":{"@context":"https:\/\/schema.org","@graph":[{"@type":"WebPage","@id":"https:\/\/www.citykamp.com\/es\/destinos\/","url":"https:\/\/www.citykamp.com\/es\/destinos\/","name":"Descubra nuestros destinos CityKamp - En el coraz\u00f3n de la ciudad","isPartOf":{"@id":"https:\/\/www.citykamp.com\/es\/#website"},"datePublished":"2018-03-01T15:14:35+00:00","dateModified":"2025-01-08T11:09:53+00:00","description":"\u00a1Campamento en el campo cerca de las ciudades! Par\u00eds, Lyon, Estrasburgo, Angers o Colmar, usted tiene la opci\u00f3n, descubra una de las ciudades m\u00e1s bellas de Francia.","breadcrumb":{"@id":"https:\/\/www.citykamp.com\/es\/destinos\/#breadcrumb"},"inLanguage":"es","potentialAction":[{"@type":"ReadAction","target":["https:\/\/www.citykamp.com\/es\/destinos\/"]}]},{"@type":"BreadcrumbList","@id":"https:\/\/www.citykamp.com\/es\/destinos\/#breadcrumb","itemListElement":[{"@type":"ListItem","position":1,"name":"Accueil","item":"https:\/\/www.citykamp.com\/es\/"},{"@type":"ListItem","position":2,"name":"Destinos"}]},{"@type":"WebSite","@id":"https:\/\/www.citykamp.com\/es\/#website","url":"https:\/\/www.citykamp.com\/es\/","name":"Citykamp","description":"Un site utilisant WordPress","potentialAction":[{"@type":"SearchAction","target":{"@type":"EntryPoint","urlTemplate":"https:\/\/www.citykamp.com\/es\/?s={search_term_string}"},"query-input":{"@type":"PropertyValueSpecification","valueRequired":true,"valueName":"search_term_string"}}],"inLanguage":"es"}]}},"_links":{"self":[{"href":"https:\/\/www.citykamp.com\/es\/wp-json\/wp\/v2\/pages\/833","targetHints":{"allow":["GET"]}}],"collection":[{"href":"https:\/\/www.citykamp.com\/es\/wp-json\/wp\/v2\/pages"}],"about":[{"href":"https:\/\/www.citykamp.com\/es\/wp-json\/wp\/v2\/types\/page"}],"author":[{"embeddable":true,"href":"https:\/\/www.citykamp.com\/es\/wp-json\/wp\/v2\/users\/1"}],"replies":[{"embeddable":true,"href":"https:\/\/www.citykamp.com\/es\/wp-json\/wp\/v2\/comments?post=833"}],"version-history":[{"count":7,"href":"https:\/\/www.citykamp.com\/es\/wp-json\/wp\/v2\/pages\/833\/revisions"}],"predecessor-version":[{"id":7392,"href":"https:\/\/www.citykamp.com\/es\/wp-json\/wp\/v2\/pages\/833\/revisions\/7392"}],"wp:attachment":[{"href":"https:\/\/www.citykamp.com\/es\/wp-json\/wp\/v2\/media?parent=833"}],"curies":[{"name":"wp","href":"https:\/\/api.w.org\/{rel}","templated":true}]}}