{"id":802,"date":"2018-02-12T11:32:17","date_gmt":"2018-02-12T10:32:17","guid":{"rendered":"http:\/\/www.citykamp.com\/es\/professionnels\/"},"modified":"2021-02-17T15:01:15","modified_gmt":"2021-02-17T14:01:15","slug":"negocios","status":"publish","type":"page","link":"https:\/\/www.citykamp.com\/es\/negocios\/","title":{"rendered":"Negocios"},"content":{"rendered":"<div class=\"wpb-content-wrapper\"><p>[vc_row][vc_column]<div class=\"imgheader\" style=\"background-image: url(https:\/\/www.citykamp.com\/uploads\/2018\/02\/citykamp_professionnels_camping_paris_services_resto-1440x700.jpg)\"><div class=\"wrapcontentraw\"><div class=\"boxtitle\"><h2><strong>Una nueva forma de viajar y trabajar<\/strong><\/h2><\/div><\/div><\/div>[\/vc_column][\/vc_row][vc_row][vc_column]<div class=\"wrappedcontent\">[vc_column_text]<\/p>\n<h2>La mejor alternativa al hotel para los viajes de trabajo<\/h2>\n<p>Si est\u00e1s de viaje de trabajo, destino temporal, formaci\u00f3n o est\u00e1s visitando o exponiendo en una feria&#8230; \u00a1CityKamp es perfecto para ti![\/vc_column_text]<\/div>[\/vc_column][\/vc_row][vc_row css=\u00bb.vc_custom_1519209675190{background-color: #e8e8e8 !important;}\u00bb][vc_column]<div class=\"wrappedcontent\">[vc_column_text]<\/p>\n<h2>\u00a1Trabaja, descansa y desconecta!<\/h2>\n<p>[\/vc_column_text][vc_empty_space][vc_row_inner gap=\u00bb35&#8243;][vc_column_inner width=\u00bb1\/3&#8243;][vc_masonry_media_grid element_width=\u00bb12&#8243; gap=\u00bb0&#8243; item=\u00bb164&#8243; grid_id=\u00bbvc_gid:1613570763176-3819aee2-b393-2&#8243; include=\u00bb2571&#8243; css=\u00bb.vc_custom_1555074147062{margin-bottom: 12px !important;}\u00bb][vc_column_text]<\/p>\n<h5 style=\"text-align: center\">\u00a1El paquete hotelero, una estancia como en hotel!<\/h5>\n<p>Disfruta de servicios complementarios para una comodidad garantizada. En <span style=\"color: #e84e1b\"><a style=\"color: #e84e1b\" href=\"http:\/\/www.citykamp.com\/es\/paris\/\" target=\"_blank\" rel=\"noopener noreferrer\">Par\u00eds<\/a><\/span>, las s\u00e1banas est\u00e1n incluidas y las camas est\u00e1n hechas a la llegada. \u00a1Viaja ligero de equipaje! Estas prestaciones pueden ser opcionales seg\u00fan el destino.[\/vc_column_text][\/vc_column_inner][vc_column_inner width=\u00bb1\/3&#8243;][vc_masonry_media_grid element_width=\u00bb12&#8243; gap=\u00bb0&#8243; item=\u00bb164&#8243; grid_id=\u00bbvc_gid:1613570763179-de1817c3-ba51-2&#8243; include=\u00bb2577&#8243; css=\u00bb.vc_custom_1555074159753{margin-bottom: 12px !important;}\u00bb][vc_column_text]<\/p>\n<h5 style=\"text-align: center\">Servicios adaptados para facilitar tu desplazamiento<\/h5>\n<p>Parking y <span style=\"color: #e84e1b\"><a style=\"color: #e84e1b\" href=\"http:\/\/www.citykamp.com\/es\/servicios\/\" target=\"_blank\" rel=\"noopener noreferrer\">wifi gratuito<\/a><\/span>, caf\u00e9-restaurante y desayuno, centro social con tele, billar, biblioteca y mucho m\u00e1s. \u00a1Todo est\u00e1 pensado para que desconectes despu\u00e9s de una jornada laboral![\/vc_column_text][\/vc_column_inner][vc_column_inner width=\u00bb1\/3&#8243;][vc_masonry_media_grid element_width=\u00bb12&#8243; gap=\u00bb0&#8243; item=\u00bb164&#8243; grid_id=\u00bbvc_gid:1613570763182-230352b2-78d8-6&#8243; include=\u00bb2583&#8243; css=\u00bb.vc_custom_1555074168991{margin-bottom: 12px !important;}\u00bb][vc_column_text]<\/p>\n<h5 style=\"text-align: center\">Una situaci\u00f3n ideal, en contacto directo con la ciudad<\/h5>\n<p>\u00a1Tiene una ubicaci\u00f3n estrat\u00e9gica para acceder al centro de la ciudad (en taxi, transporte p\u00fablico, veh\u00edculo&#8230;) en unos minutos, pero en plena naturaleza![\/vc_column_text][\/vc_column_inner][\/vc_row_inner][vc_empty_space]<div class=\"text-center btnwrap\"><a class=\"btn btn-huttopia-cta\" href=\"http:\/\/www.citykamp.com\/es\/descubre-destinos\/\" role=\"button\" target=\"\" onclick=\"dataLayer.push({'event':'clickCity', 'clickText':'Descubre nuestros destinos'})\">Descubre nuestros destinos<\/a><\/div><\/div>[\/vc_column][\/vc_row][vc_row css=\u00bb.vc_custom_1519318613376{background-color: #e84e1b !important;}\u00bb][vc_column]<div class=\"wrappedcontent\">[vc_column_text]<\/p>\n<h2><span style=\"color: #ffffff\">Servicios pensados para los profesionales<\/span><\/h2>\n<p>[\/vc_column_text][vc_empty_space height=\u00bb60px\u00bb][vc_row_inner css=\u00bb.vc_custom_1519382272636{margin-top: -28px !important;margin-bottom: -28px !important;}\u00bb][vc_column_inner width=\u00bb1\/6&#8243;][vc_icon type=\u00bbtypicons\u00bb icon_typicons=\u00bbtypcn typcn-wi-fi\u00bb color=\u00bbwhite\u00bb align=\u00bbcenter\u00bb css=\u00bb.vc_custom_1519382456844{margin-top: -10px !important;margin-bottom: -10px !important;}\u00bb][vc_column_text]<\/p>\n<p style=\"text-align: center\"><strong><span style=\"color: #ffffff\">Wifi gratuito<\/span><\/strong><\/p>\n<p>[\/vc_column_text][\/vc_column_inner][vc_column_inner width=\u00bb1\/6&#8243;][vc_icon type=\u00bbmaterial\u00bb icon_material=\u00bbvc-material vc-material-local_parking\u00bb color=\u00bbwhite\u00bb align=\u00bbcenter\u00bb css=\u00bb.vc_custom_1519232157164{margin-top: -10px !important;margin-bottom: -10px !important;}\u00bb][vc_column_text]<\/p>\n<p style=\"text-align: center\"><strong><span style=\"color: #ffffff\">Parking gratuito<\/span><\/strong><\/p>\n<p>[\/vc_column_text][\/vc_column_inner][vc_column_inner width=\u00bb1\/6&#8243;][vc_icon icon_fontawesome=\u00bbfa fa-bed\u00bb color=\u00bbwhite\u00bb align=\u00bbcenter\u00bb css=\u00bb.vc_custom_1519382492252{margin-top: -10px !important;margin-bottom: -10px !important;}\u00bb][vc_column_text]<\/p>\n<p style=\"text-align: center\"><span style=\"color: #ffffff\"><strong>S\u00e1banas y toallas<\/strong><\/span><br \/>\n<span style=\"font-size: 10pt;color: #ffffff\"> Iincluidas u opcional seg\u00fan el camping<\/span><\/p>\n<p>[\/vc_column_text][\/vc_column_inner][vc_column_inner width=\u00bb1\/6&#8243;][vc_icon type=\u00bbmaterial\u00bb icon_material=\u00bbvc-material vc-material-restaurant\u00bb color=\u00bbwhite\u00bb align=\u00bbcenter\u00bb css=\u00bb.vc_custom_1519382611724{margin-top: -10px !important;margin-bottom: -10px !important;}\u00bb][vc_column_text]<\/p>\n<p style=\"text-align: center\"><strong><span style=\"color: #ffffff\">Restauraci\u00f3n<\/span><\/strong><\/p>\n<p>[\/vc_column_text][\/vc_column_inner][vc_column_inner width=\u00bb1\/6&#8243;][vc_icon icon_fontawesome=\u00bbfa fa-coffee\u00bb color=\u00bbwhite\u00bb align=\u00bbcenter\u00bb css=\u00bb.vc_custom_1519382707230{margin-top: -10px !important;margin-bottom: -10px !important;}\u00bb][vc_column_text]<\/p>\n<p style=\"text-align: center\"><strong><span style=\"color: #ffffff\">Desayuno<\/span><\/strong><\/p>\n<p>[\/vc_column_text][\/vc_column_inner][vc_column_inner width=\u00bb1\/6&#8243;][vc_icon type=\u00bbentypo\u00bb icon_entypo=\u00bbentypo-icon entypo-icon-plus-circled\u00bb color=\u00bbwhite\u00bb align=\u00bbcenter\u00bb css=\u00bb.vc_custom_1521715237334{margin-top: -10px !important;margin-bottom: -10px !important;}\u00bb link=\u00bburl:http%3A%2F%2Fwww.citykamp.com%2Fes%2Fservicios%2F||target:%20_blank|\u00bb][vc_column_text]<\/p>\n<p style=\"text-align: center\"><strong><span style=\"color: #ffffff\">SABER M\u00c1S<\/span><\/strong><\/p>\n<p>[\/vc_column_text][\/vc_column_inner][\/vc_row_inner]<\/div>[\/vc_column][\/vc_row][vc_row][vc_column]<div class=\"wrappedcontent\">[vc_column_text]<\/p>\n<h2>\u00a1Duerme en alojamientos con todas las comodidades!<\/h2>\n<p>[\/vc_column_text][vc_empty_space][vc_masonry_media_grid element_width=\u00bb6&#8243; gap=\u00bb15&#8243; item=\u00bb1276&#8243; grid_id=\u00bbvc_gid:1613570763191-884b878c-d160-6&#8243; include=\u00bb2565,2559&#8243;][vc_empty_space height=\u00bb10px\u00bb][vc_masonry_media_grid element_width=\u00bb3&#8243; gap=\u00bb15&#8243; item=\u00bb1276&#8243; grid_id=\u00bbvc_gid:1613570763194-c5c32b09-53d3-8&#8243; include=\u00bb2553,2535,2547,2541&#8243;]<\/div>[\/vc_column][\/vc_row][vc_row][vc_column]<div class=\"discoverdestinations\" style=\"background-image: url(https:\/\/www.citykamp.com\/uploads\/2018\/02\/citykamp_accueil_ville_vue_ciel-1900x700.jpg)\">\n\t\t        <div class=\"wrapcontentraw\">\n                    <div class=\"ddpicto\">\n                        <img decoding=\"async\" src=\"https:\/\/www.citykamp.com\/uploads\/2018\/02\/logo_citykamp_balnc_transparent.png\">\n                    <\/div>\n                    <div class=\"ddcontent\">\n                        <div class=\"twoligntitle\"><span class=\"t1\">SAL A DESCRUBRIR<\/span><span class=\"t2\">UNA DE LAS CIUDADES M\u00c1S HERMOSAS DE EUROPA<\/span><\/div>\n                        <div class=\"row\"><div class=\"destinationcard col-md-4\">\n                <a href=\"https:\/\/www.campingparis.fr\/es\/\" target=\"_blank\"><div>Par\u00eds<\/div><\/a>\n            <\/div><div class=\"destinationcard col-md-4\">\n                <a href=\"https:\/\/www.camping-lyon.com\/es\/\" target=\"_blank\"><div>Lyon<\/div><\/a>\n            <\/div><div class=\"destinationcard col-md-4\">\n                <a href=\"https:\/\/www.camping-strasbourg.com\/es\/\" target=\"_blank\"><div>Estrasburgo<\/div><\/a>\n            <\/div><div class=\"destinationcard col-md-4\">\n                <a href=\"https:\/\/www.campingdelill.fr\/en\/\" target=\"_blank\"><div>Colmar<\/div><\/a>\n            <\/div><div class=\"destinationcard col-md-4\">\n                <a href=\"https:\/\/www.campingangers.com\/es\/\" target=\"_blank\"><div>Angers<\/div><\/a>\n            <\/div><div class=\"destinationcard col-md-4\">\n                <a href=\"https:\/\/www.camping-valkenburg.com\/en\/\" target=\"_blank\"><div>Valkenburg<\/div><\/a>\n            <\/div><\/div>\n                    <\/div>\n                    <div class=\"clear\"><\/div>\n                <\/div>\n            <\/div>[\/vc_column][\/vc_row][vc_row css=\u00bb.vc_custom_1519209001795{background-color: #b5b5b5 !important;}\u00bb][vc_column]<div class=\"wrappedcontent\">[vc_row_inner css=\u00bb.vc_custom_1519232139629{margin-top: -28px !important;margin-bottom: -28px !important;}\u00bb][vc_column_inner width=\u00bb1\/4&#8243;][vc_icon icon_fontawesome=\u00bbfa fa-lock\u00bb color=\u00bbwhite\u00bb align=\u00bbcenter\u00bb css=\u00bb.vc_custom_1519232151360{margin-top: -10px !important;margin-bottom: -10px !important;}\u00bb][vc_column_text]<\/p>\n<p style=\"text-align: center\"><span style=\"color: #ffffff\">Pago seguro<\/span><\/p>\n<p>[\/vc_column_text][\/vc_column_inner][vc_column_inner width=\u00bb1\/4&#8243;][vc_icon type=\u00bbmaterial\u00bb icon_material=\u00bbvc-material vc-material-local_parking\u00bb color=\u00bbwhite\u00bb align=\u00bbcenter\u00bb css=\u00bb.vc_custom_1519232157164{margin-top: -10px !important;margin-bottom: -10px !important;}\u00bb][vc_column_text]<\/p>\n<p style=\"text-align: center\"><span style=\"color: #ffffff\">Parking gratuito<\/span><\/p>\n<p>[\/vc_column_text][\/vc_column_inner][vc_column_inner width=\u00bb1\/4&#8243;][vc_icon type=\u00bbentypo\u00bb icon_entypo=\u00bbentypo-icon entypo-icon-back-in-time\u00bb color=\u00bbwhite\u00bb align=\u00bbcenter\u00bb css=\u00bb.vc_custom_1519232163064{margin-top: -10px !important;margin-bottom: -10px !important;}\u00bb][vc_column_text]<\/p>\n<p style=\"text-align: center\"><span style=\"color: #ffffff\">Recepci\u00f3n de lunes a domingo<\/span><\/p>\n<p>[\/vc_column_text][\/vc_column_inner][vc_column_inner width=\u00bb1\/4&#8243;][vc_icon icon_fontawesome=\u00bbfa fa-globe\u00bb color=\u00bbwhite\u00bb align=\u00bbcenter\u00bb css=\u00bb.vc_custom_1519232169724{margin-top: -10px !important;margin-bottom: -10px !important;}\u00bb][vc_column_text]<\/p>\n<p style=\"text-align: center\"><span style=\"color: #ffffff\">Multiling\u00fce<\/span><\/p>\n<p>[\/vc_column_text][\/vc_column_inner][\/vc_row_inner]<\/div>[\/vc_column][\/vc_row]<\/p>\n<\/div>","protected":false},"excerpt":{"rendered":"<p>[vc_row][vc_column][\/vc_column][\/vc_row][vc_row][vc_column][\/vc_column][\/vc_row][vc_row css=\u00bb.vc_custom_1519209675190{background-color: #e8e8e8 !important;}\u00bb][vc_column][\/vc_column][\/vc_row][vc_row css=\u00bb.vc_custom_1519318613376{background-color: #e84e1b !important;}\u00bb][vc_column][\/vc_column][\/vc_row][vc_row][vc_column][\/vc_column][\/vc_row][vc_row][vc_column][\/vc_column][\/vc_row][vc_row css=\u00bb.vc_custom_1519209001795{background-color: #b5b5b5 !important;}\u00bb][vc_column][\/vc_column][\/vc_row]<\/p>\n","protected":false},"author":1,"featured_media":0,"parent":0,"menu_order":0,"comment_status":"closed","ping_status":"closed","template":"","meta":{"footnotes":""},"class_list":["post-802","page","type-page","status-publish","hentry"],"yoast_head":"<!-- This site is optimized with the Yoast SEO plugin v25.6 - https:\/\/yoast.com\/wordpress\/plugins\/seo\/ -->\n<title>La alternativa al negocio hotelero para sus viajes de negocios - CityKamp<\/title>\n<meta name=\"description\" content=\"\u00a1Una nueva forma de viajar y trabajar! Al\u00f3jese en un campamento en el coraz\u00f3n de las ciudades rodeado de naturaleza. Alojamiento c\u00f3modo, servicios de calidad, sitios de f\u00e1cil acceso ... \u00a1Qu\u00e9 desconectar con facilidad durante sus viajes de negocios!\" \/>\n<meta name=\"robots\" content=\"index, follow, max-snippet:-1, max-image-preview:large, max-video-preview:-1\" \/>\n<link rel=\"canonical\" href=\"https:\/\/www.citykamp.com\/es\/negocios\/\" \/>\n<meta property=\"og:locale\" content=\"es_ES\" \/>\n<meta property=\"og:type\" content=\"article\" \/>\n<meta property=\"og:title\" content=\"La alternativa al negocio hotelero para sus viajes de negocios - CityKamp\" \/>\n<meta property=\"og:description\" content=\"\u00a1Una nueva forma de viajar y trabajar! Al\u00f3jese en un campamento en el coraz\u00f3n de las ciudades rodeado de naturaleza. Alojamiento c\u00f3modo, servicios de calidad, sitios de f\u00e1cil acceso ... \u00a1Qu\u00e9 desconectar con facilidad durante sus viajes de negocios!\" \/>\n<meta property=\"og:url\" content=\"https:\/\/www.citykamp.com\/es\/negocios\/\" \/>\n<meta property=\"og:site_name\" content=\"Citykamp\" \/>\n<meta property=\"article:modified_time\" content=\"2021-02-17T14:01:15+00:00\" \/>\n<meta name=\"twitter:card\" content=\"summary_large_image\" \/>\n<meta name=\"twitter:label1\" content=\"Est. reading time\" \/>\n\t<meta name=\"twitter:data1\" content=\"5 minutos\" \/>\n<script type=\"application\/ld+json\" class=\"yoast-schema-graph\">{\"@context\":\"https:\/\/schema.org\",\"@graph\":[{\"@type\":\"WebPage\",\"@id\":\"https:\/\/www.citykamp.com\/es\/negocios\/\",\"url\":\"https:\/\/www.citykamp.com\/es\/negocios\/\",\"name\":\"La alternativa al negocio hotelero para sus viajes de negocios - CityKamp\",\"isPartOf\":{\"@id\":\"https:\/\/www.citykamp.com\/es\/#website\"},\"datePublished\":\"2018-02-12T10:32:17+00:00\",\"dateModified\":\"2021-02-17T14:01:15+00:00\",\"description\":\"\u00a1Una nueva forma de viajar y trabajar! Al\u00f3jese en un campamento en el coraz\u00f3n de las ciudades rodeado de naturaleza. Alojamiento c\u00f3modo, servicios de calidad, sitios de f\u00e1cil acceso ... \u00a1Qu\u00e9 desconectar con facilidad durante sus viajes de negocios!\",\"breadcrumb\":{\"@id\":\"https:\/\/www.citykamp.com\/es\/negocios\/#breadcrumb\"},\"inLanguage\":\"es\",\"potentialAction\":[{\"@type\":\"ReadAction\",\"target\":[\"https:\/\/www.citykamp.com\/es\/negocios\/\"]}]},{\"@type\":\"BreadcrumbList\",\"@id\":\"https:\/\/www.citykamp.com\/es\/negocios\/#breadcrumb\",\"itemListElement\":[{\"@type\":\"ListItem\",\"position\":1,\"name\":\"Accueil\",\"item\":\"https:\/\/www.citykamp.com\/es\/\"},{\"@type\":\"ListItem\",\"position\":2,\"name\":\"Negocios\"}]},{\"@type\":\"WebSite\",\"@id\":\"https:\/\/www.citykamp.com\/es\/#website\",\"url\":\"https:\/\/www.citykamp.com\/es\/\",\"name\":\"Citykamp\",\"description\":\"Un site utilisant WordPress\",\"potentialAction\":[{\"@type\":\"SearchAction\",\"target\":{\"@type\":\"EntryPoint\",\"urlTemplate\":\"https:\/\/www.citykamp.com\/es\/?s={search_term_string}\"},\"query-input\":{\"@type\":\"PropertyValueSpecification\",\"valueRequired\":true,\"valueName\":\"search_term_string\"}}],\"inLanguage\":\"es\"}]}<\/script>\n<!-- \/ Yoast SEO plugin. -->","yoast_head_json":{"title":"La alternativa al negocio hotelero para sus viajes de negocios - CityKamp","description":"\u00a1Una nueva forma de viajar y trabajar! Al\u00f3jese en un campamento en el coraz\u00f3n de las ciudades rodeado de naturaleza. Alojamiento c\u00f3modo, servicios de calidad, sitios de f\u00e1cil acceso ... \u00a1Qu\u00e9 desconectar con facilidad durante sus viajes de negocios!","robots":{"index":"index","follow":"follow","max-snippet":"max-snippet:-1","max-image-preview":"max-image-preview:large","max-video-preview":"max-video-preview:-1"},"canonical":"https:\/\/www.citykamp.com\/es\/negocios\/","og_locale":"es_ES","og_type":"article","og_title":"La alternativa al negocio hotelero para sus viajes de negocios - CityKamp","og_description":"\u00a1Una nueva forma de viajar y trabajar! Al\u00f3jese en un campamento en el coraz\u00f3n de las ciudades rodeado de naturaleza. Alojamiento c\u00f3modo, servicios de calidad, sitios de f\u00e1cil acceso ... \u00a1Qu\u00e9 desconectar con facilidad durante sus viajes de negocios!","og_url":"https:\/\/www.citykamp.com\/es\/negocios\/","og_site_name":"Citykamp","article_modified_time":"2021-02-17T14:01:15+00:00","twitter_card":"summary_large_image","twitter_misc":{"Est. reading time":"5 minutos"},"schema":{"@context":"https:\/\/schema.org","@graph":[{"@type":"WebPage","@id":"https:\/\/www.citykamp.com\/es\/negocios\/","url":"https:\/\/www.citykamp.com\/es\/negocios\/","name":"La alternativa al negocio hotelero para sus viajes de negocios - CityKamp","isPartOf":{"@id":"https:\/\/www.citykamp.com\/es\/#website"},"datePublished":"2018-02-12T10:32:17+00:00","dateModified":"2021-02-17T14:01:15+00:00","description":"\u00a1Una nueva forma de viajar y trabajar! Al\u00f3jese en un campamento en el coraz\u00f3n de las ciudades rodeado de naturaleza. Alojamiento c\u00f3modo, servicios de calidad, sitios de f\u00e1cil acceso ... \u00a1Qu\u00e9 desconectar con facilidad durante sus viajes de negocios!","breadcrumb":{"@id":"https:\/\/www.citykamp.com\/es\/negocios\/#breadcrumb"},"inLanguage":"es","potentialAction":[{"@type":"ReadAction","target":["https:\/\/www.citykamp.com\/es\/negocios\/"]}]},{"@type":"BreadcrumbList","@id":"https:\/\/www.citykamp.com\/es\/negocios\/#breadcrumb","itemListElement":[{"@type":"ListItem","position":1,"name":"Accueil","item":"https:\/\/www.citykamp.com\/es\/"},{"@type":"ListItem","position":2,"name":"Negocios"}]},{"@type":"WebSite","@id":"https:\/\/www.citykamp.com\/es\/#website","url":"https:\/\/www.citykamp.com\/es\/","name":"Citykamp","description":"Un site utilisant WordPress","potentialAction":[{"@type":"SearchAction","target":{"@type":"EntryPoint","urlTemplate":"https:\/\/www.citykamp.com\/es\/?s={search_term_string}"},"query-input":{"@type":"PropertyValueSpecification","valueRequired":true,"valueName":"search_term_string"}}],"inLanguage":"es"}]}},"_links":{"self":[{"href":"https:\/\/www.citykamp.com\/es\/wp-json\/wp\/v2\/pages\/802","targetHints":{"allow":["GET"]}}],"collection":[{"href":"https:\/\/www.citykamp.com\/es\/wp-json\/wp\/v2\/pages"}],"about":[{"href":"https:\/\/www.citykamp.com\/es\/wp-json\/wp\/v2\/types\/page"}],"author":[{"embeddable":true,"href":"https:\/\/www.citykamp.com\/es\/wp-json\/wp\/v2\/users\/1"}],"replies":[{"embeddable":true,"href":"https:\/\/www.citykamp.com\/es\/wp-json\/wp\/v2\/comments?post=802"}],"version-history":[{"count":4,"href":"https:\/\/www.citykamp.com\/es\/wp-json\/wp\/v2\/pages\/802\/revisions"}],"predecessor-version":[{"id":6402,"href":"https:\/\/www.citykamp.com\/es\/wp-json\/wp\/v2\/pages\/802\/revisions\/6402"}],"wp:attachment":[{"href":"https:\/\/www.citykamp.com\/es\/wp-json\/wp\/v2\/media?parent=802"}],"curies":[{"name":"wp","href":"https:\/\/api.w.org\/{rel}","templated":true}]}}