{"id":760,"date":"2018-02-12T11:32:30","date_gmt":"2018-02-12T10:32:30","guid":{"rendered":"http:\/\/www.citykamp.com\/es\/services\/"},"modified":"2023-11-06T17:30:42","modified_gmt":"2023-11-06T16:30:42","slug":"servicios","status":"publish","type":"page","link":"https:\/\/www.citykamp.com\/es\/servicios\/","title":{"rendered":"Services"},"content":{"rendered":"<div class=\"wpb-content-wrapper\"><p>[vc_row][vc_column]<div class=\"imgheader\" style=\"background-image: url(https:\/\/www.citykamp.com\/uploads\/2023\/10\/citykamp-portail-services-header-1440x700.jpg)\"><div class=\"wrapcontentraw\"><\/div><\/div>[\/vc_column][\/vc_row][vc_row][vc_column]<div class=\"wrappedcontent\">[vc_column_text]<\/p>\n<h1 style=\"text-align: center;\"><strong>NUESTROS SERVICIOS<\/strong><\/h1>\n<p style=\"text-align: center;\">Servicios y equipamiento para una estancia marcada por el descanso<\/p>\n<p>[\/vc_column_text][vc_empty_space height=\u00bb60px\u00bb][vc_column_text]<\/p>\n<h2 style=\"text-align: center;\"><strong>\u00a1TODO EST\u00c1 PENSADO PARA SIMPLIFICARTE LA VIDA!<\/strong><\/h2>\n<p>[\/vc_column_text][vc_empty_space][vc_row_inner gap=\u00bb30&#8243; css=\u00bb.vc_custom_1699004748260{margin-left: -0.5px !important;}\u00bb][vc_column_inner width=\u00bb1\/3&#8243;][vc_single_image image=\u00bb6286&#8243; img_size=\u00bb600*400&#8243;][vc_empty_space height=\u00bb12px\u00bb][vc_column_text]<\/p>\n<h3 style=\"text-align: center;\"><strong><span style=\"font-size: 14pt;\">ZONA DE RECEPCI\u00d3N<br \/>\nACOGEDORA Y MULTILING\u00dcE<\/span><\/strong><\/h3>\n<p>[\/vc_column_text][vc_column_text]Con toda la informaci\u00f3n y la documentaci\u00f3n tur\u00edstica necesaria para el buen desarrollo de tu estancia.[\/vc_column_text][\/vc_column_inner][vc_column_inner width=\u00bb1\/3&#8243;][vc_single_image image=\u00bb6292&#8243; img_size=\u00bb601*400&#8243;][vc_empty_space height=\u00bb12px\u00bb][vc_column_text]<\/p>\n<h3 style=\"text-align: center;\"><strong><span style=\"font-size: 14pt;\">CENTRO SOCIAL<br \/>\nACOGEDOR<\/span><\/strong><\/h3>\n<p>[\/vc_column_text][vc_column_text]Abierto toda la temporada para reunirse y jugar una partido de juego de mesa, billar, futbol\u00edn o simplemente ver la tele.[\/vc_column_text][\/vc_column_inner][vc_column_inner width=\u00bb1\/3&#8243;][vc_single_image image=\u00bb6298&#8243; img_size=\u00bb600*400&#8243;][vc_empty_space height=\u00bb12px\u00bb][vc_column_text]<\/p>\n<h3 style=\"text-align: center;\"><strong><span style=\"font-size: 14pt;\">ACCESO A<br \/>\nWIFI GRATUITO<\/span><\/strong><\/h3>\n<p>[\/vc_column_text][vc_column_text]Para seguir conectado, disfruta de un acceso a wifi gratuito en cada uno de nuestros CityKamps.[\/vc_column_text][\/vc_column_inner][\/vc_row_inner][vc_empty_space][vc_row_inner gap=\u00bb30&#8243; css=\u00bb.vc_custom_1699004755996{margin-left: -0.5px !important;}\u00bb][vc_column_inner width=\u00bb1\/3&#8243;][vc_single_image image=\u00bb6305&#8243; img_size=\u00bb600*400&#8243;][vc_empty_space height=\u00bb12px\u00bb][vc_column_text]<\/p>\n<h3 style=\"text-align: center;\"><strong><span style=\"font-size: 14pt;\">PARKING<br \/>\nGRATUITO<\/span><\/strong><\/h3>\n<p>[\/vc_column_text][vc_column_text]Para salir a descubrir la ciudad sin preocuparte de tu veh\u00edculo. \u00a1En bici, a pie o en transporte p\u00fablico, ve como m\u00e1s te guste y haz nuevos descubrimientos![\/vc_column_text][\/vc_column_inner][vc_column_inner width=\u00bb1\/3&#8243;][vc_single_image image=\u00bb6311&#8243; img_size=\u00bb600*400&#8243;][vc_empty_space height=\u00bb12px\u00bb][vc_column_text]<\/p>\n<h3 style=\"text-align: center;\"><strong><span style=\"font-size: 14pt;\">ALQUILER DE EQUIPOS<br \/>\nIN SITU<\/span><\/strong><\/h3>\n<p>[\/vc_column_text][vc_column_text]Bicis, barbacoas, kit beb\u00e9, utensilios de raclette, cr\u00eapes-party\u2026<br \/>\n<em>*Seg\u00fan el camping y sujeto a disponibilidad.<\/em>[\/vc_column_text][\/vc_column_inner][vc_column_inner width=\u00bb1\/3&#8243;][vc_single_image image=\u00bb6318&#8243; img_size=\u00bb600*400&#8243;][vc_empty_space height=\u00bb12px\u00bb][vc_column_text]<\/p>\n<h3 style=\"text-align: center;\"><strong><span style=\"font-size: 14pt;\">SERVICIOS<br \/>\nCERCANOS<\/span><\/strong><\/h3>\n<p>[\/vc_column_text][vc_column_text]Transporte p\u00fablico, panader\u00eda, restaurantes, farmacia, banco.[\/vc_column_text][\/vc_column_inner][\/vc_row_inner][vc_empty_space]<div class=\"text-center btnwrap\"><a class=\"btn btn-huttopia-cta\" href=\"https:\/\/media.huttopia.com\/tarifs-annexes-citykamp-en.pdf\" role=\"button\" target=\"\" onclick=\"dataLayer.push({'event':'clickCity', 'clickText':'Tarifas complementarias'})\">Tarifas complementarias<\/a><\/div><\/div>[\/vc_column][\/vc_row][vc_row css=\u00bb.vc_custom_1699008605844{background-color: rgba(232,78,27,0.2) !important;*background-color: rgb(232,78,27) !important;}\u00bb][vc_column]<div class=\"wrappedcontent\">[vc_column_text]<\/p>\n<h2 style=\"text-align: center;\"><strong>RESTAURACI\u00d3N DE CALIDAD PARA UNA ESTANCIA SIN LIMITACIONES<\/strong><\/h2>\n<p>[\/vc_column_text][vc_empty_space][vc_row_inner gap=\u00bb30&#8243; css=\u00bb.vc_custom_1699004763783{margin-left: -0.5px !important;}\u00bb][vc_column_inner width=\u00bb1\/4&#8243;][vc_single_image image=\u00bb6325&#8243; img_size=\u00bb600*400&#8243;][vc_empty_space height=\u00bb12px\u00bb][vc_column_text]<\/p>\n<h3 style=\"text-align: center;\"><strong><span style=\"font-size: 14pt;\">BAR CAF\u00c9-RESTAURANTE<\/span><\/strong><\/h3>\n<p>[\/vc_column_text][vc_column_text]Para compartir una pizza de la casa, una especialidad local o un aperitivo familiar o con amigos.<br \/>\n<em>*Fechas y horarios de apertura seg\u00fan el camping<\/em>[\/vc_column_text][\/vc_column_inner][vc_column_inner width=\u00bb1\/4&#8243;][vc_single_image image=\u00bb6337&#8243; img_size=\u00bb600*400&#8243;][vc_empty_space height=\u00bb12px\u00bb][vc_column_text]<\/p>\n<h3 style=\"text-align: center;\"><strong><span style=\"font-size: 14pt;\">RINC\u00d3N SUPERMERCADO<\/span><\/strong><\/h3>\n<p>[\/vc_column_text][vc_column_text]En cada uno de nuestros campings, encontrar\u00e1s un rinc\u00f3n supermercado con productos b\u00e1sicos.[\/vc_column_text][\/vc_column_inner][vc_column_inner width=\u00bb1\/4&#8243;][vc_single_image image=\u00bb6331&#8243; img_size=\u00bb600*400&#8243;][vc_empty_space height=\u00bb12px\u00bb][vc_column_text]<\/p>\n<h3 style=\"text-align: center;\"><strong><span style=\"font-size: 14pt;\">PAN Y BOLLER\u00cdA DEL D\u00cdA<\/span><\/strong><\/h3>\n<p>[\/vc_column_text][vc_column_text]Todas las ma\u00f1anas tambi\u00e9n puedes recoger el pan y la boller\u00eda en la recepci\u00f3n (por encargo) en todos nuestros campings.[\/vc_column_text][\/vc_column_inner][vc_column_inner width=\u00bb1\/4&#8243;][vc_single_image image=\u00bb6343&#8243; img_size=\u00bb600*400&#8243;][vc_empty_space height=\u00bb12px\u00bb][vc_column_text]<\/p>\n<h3 style=\"text-align: center;\"><strong><span style=\"font-size: 14pt;\">DESAYUNO<\/span><\/strong><\/h3>\n<p>[\/vc_column_text][vc_column_text]F\u00f3rmula de desayuno disponible en Lyon, Angers, Par\u00eds, Valkenburg y Estrasburgo. Bebidas calientes, tostadas, boller\u00eda, zumo de naranja\u2026 \u00a1Desayuna como en un hotel![\/vc_column_text][\/vc_column_inner][\/vc_row_inner]<\/div>[\/vc_column][\/vc_row][vc_row][vc_column]<div class=\"wrappedcontent\">[vc_column_text]<\/p>\n<h2 style=\"text-align: center;\"><strong>EN EL CAMPING, EQUIPAMIENTO DE OCIO PARA TODA LA FAMILIA<\/strong><\/h2>\n<p>[\/vc_column_text][vc_empty_space][vc_row_inner gap=\u00bb30&#8243; css=\u00bb.vc_custom_1699004775133{margin-left: -0.5px !important;}\u00bb][vc_column_inner width=\u00bb1\/3&#8243;][vc_single_image image=\u00bb6351&#8243; img_size=\u00bb600*400&#8243;][vc_empty_space height=\u00bb12px\u00bb][vc_column_text]<\/p>\n<h3 style=\"text-align: center;\"><strong><span style=\"font-size: 14pt;\">MAGN\u00cdFICAS PISCINAS<br \/>\nCLIMATIZADAS<\/span><\/strong><\/h3>\n<p>[\/vc_column_text][vc_column_text]Con sombrillas y tumbonas para relajarse despu\u00e9s de un d\u00eda en la ciudad.<br \/>\n<em>*Seg\u00fan el destino y las temporadas<\/em>[\/vc_column_text][\/vc_column_inner][vc_column_inner width=\u00bb1\/3&#8243;][vc_single_image image=\u00bb6357&#8243; img_size=\u00bb600*400&#8243;][vc_empty_space height=\u00bb12px\u00bb][vc_column_text]<\/p>\n<h3 style=\"text-align: center;\"><strong><span style=\"font-size: 18.6667px;\">PARA SU<br \/>\nENTRETENIMIENTO<\/span><\/strong><\/h3>\n<p>[\/vc_column_text][vc_column_text]Campo de petanca, ping-pong y zona de juegos para reunirte en familia o con amigos[\/vc_column_text][\/vc_column_inner][vc_column_inner width=\u00bb1\/3&#8243;][vc_single_image image=\u00bb6363&#8243; img_size=\u00bb600*400&#8243;][vc_empty_space height=\u00bb12px\u00bb][vc_column_text]<\/p>\n<h3 style=\"text-align: center;\"><strong><span style=\"font-size: 18.6667px;\">ACTIVIDADES<br \/>\nCERCANAS<\/span><\/strong><\/h3>\n<p>[\/vc_column_text][vc_column_text]Ciclismo, golf, equitaci\u00f3n, tenis \u2026 \u00a1Los deseos de todos![\/vc_column_text][\/vc_column_inner][\/vc_row_inner]<\/div>[\/vc_column][\/vc_row][vc_row css=\u00bb.vc_custom_1699268802717{margin-left: -0.5px !important;background-color: rgba(232,78,27,0.2) !important;*background-color: rgb(232,78,27) !important;}\u00bb][vc_column]<div class=\"wrappedcontent\">[vc_row_inner css=\u00bb.vc_custom_1699004788570{margin-top: -28px !important;margin-bottom: -28px !important;margin-left: -0.5px !important;}\u00bb][vc_column_inner width=\u00bb1\/4&#8243;][vc_single_image image=\u00bb6850&#8243; img_size=\u00bb71*71&#8243; alignment=\u00bbcenter\u00bb][vc_empty_space][vc_column_text]<\/p>\n<p style=\"text-align: center;\">Pago seguro<\/p>\n<p>[\/vc_column_text][\/vc_column_inner][vc_column_inner width=\u00bb1\/4&#8243;][vc_single_image image=\u00bb6856&#8243; img_size=\u00bb71*71&#8243; alignment=\u00bbcenter\u00bb][vc_empty_space][vc_column_text]<\/p>\n<p style=\"text-align: center;\">Parking gratuito<\/p>\n<p>[\/vc_column_text][\/vc_column_inner][vc_column_inner width=\u00bb1\/4&#8243;][vc_single_image image=\u00bb6862&#8243; img_size=\u00bb71*71&#8243; alignment=\u00bbcenter\u00bb][vc_empty_space][vc_column_text]<\/p>\n<p style=\"text-align: center;\">Recepci\u00f3n de lunes a domingo<\/p>\n<p>[\/vc_column_text][\/vc_column_inner][vc_column_inner width=\u00bb1\/4&#8243;][vc_single_image image=\u00bb6868&#8243; img_size=\u00bb71*71&#8243; alignment=\u00bbcenter\u00bb][vc_empty_space][vc_column_text]<\/p>\n<p style=\"text-align: center;\">Multiling\u00fce<\/p>\n<p>[\/vc_column_text][\/vc_column_inner][\/vc_row_inner]<\/div>[\/vc_column][\/vc_row]<\/p>\n<\/div>","protected":false},"excerpt":{"rendered":"<p>[vc_row][vc_column][\/vc_column][\/vc_row][vc_row][vc_column][\/vc_column][\/vc_row][vc_row css=\u00bb.vc_custom_1699008605844{background-color: rgba(232,78,27,0.2) !important;*background-color: rgb(232,78,27) !important;}\u00bb][vc_column][\/vc_column][\/vc_row][vc_row][vc_column][\/vc_column][\/vc_row][vc_row css=\u00bb.vc_custom_1699268802717{margin-left: -0.5px !important;background-color: rgba(232,78,27,0.2) !important;*background-color: rgb(232,78,27) !important;}\u00bb][vc_column][\/vc_column][\/vc_row]<\/p>\n","protected":false},"author":1,"featured_media":0,"parent":0,"menu_order":0,"comment_status":"closed","ping_status":"closed","template":"","meta":{"footnotes":""},"class_list":["post-760","page","type-page","status-publish","hentry"],"yoast_head":"<!-- This site is optimized with the Yoast SEO plugin v25.6 - https:\/\/yoast.com\/wordpress\/plugins\/seo\/ -->\n<title>Descubre todos los servicios en camping | CityKamp<\/title>\n<meta name=\"description\" content=\"Servicios e instalaciones en nuestros campings para unas vacaciones relajantes: Wi-Fi gratuito, aparcamiento gratuito, alquiler de s\u00e1banas...\" \/>\n<meta name=\"robots\" content=\"index, follow, max-snippet:-1, max-image-preview:large, max-video-preview:-1\" \/>\n<link rel=\"canonical\" href=\"https:\/\/www.citykamp.com\/es\/servicios\/\" \/>\n<meta property=\"og:locale\" content=\"es_ES\" \/>\n<meta property=\"og:type\" content=\"article\" \/>\n<meta property=\"og:title\" content=\"Descubre todos los servicios en camping | CityKamp\" \/>\n<meta property=\"og:description\" content=\"Servicios e instalaciones en nuestros campings para unas vacaciones relajantes: Wi-Fi gratuito, aparcamiento gratuito, alquiler de s\u00e1banas...\" \/>\n<meta property=\"og:url\" content=\"https:\/\/www.citykamp.com\/es\/servicios\/\" \/>\n<meta property=\"og:site_name\" content=\"Citykamp\" \/>\n<meta property=\"article:modified_time\" content=\"2023-11-06T16:30:42+00:00\" \/>\n<meta name=\"twitter:card\" content=\"summary_large_image\" \/>\n<meta name=\"twitter:label1\" content=\"Est. reading time\" \/>\n\t<meta name=\"twitter:data1\" content=\"3 minutos\" \/>\n<script type=\"application\/ld+json\" class=\"yoast-schema-graph\">{\"@context\":\"https:\/\/schema.org\",\"@graph\":[{\"@type\":\"WebPage\",\"@id\":\"https:\/\/www.citykamp.com\/es\/servicios\/\",\"url\":\"https:\/\/www.citykamp.com\/es\/servicios\/\",\"name\":\"Descubre todos los servicios en camping | CityKamp\",\"isPartOf\":{\"@id\":\"https:\/\/www.citykamp.com\/es\/#website\"},\"datePublished\":\"2018-02-12T10:32:30+00:00\",\"dateModified\":\"2023-11-06T16:30:42+00:00\",\"description\":\"Servicios e instalaciones en nuestros campings para unas vacaciones relajantes: Wi-Fi gratuito, aparcamiento gratuito, alquiler de s\u00e1banas...\",\"breadcrumb\":{\"@id\":\"https:\/\/www.citykamp.com\/es\/servicios\/#breadcrumb\"},\"inLanguage\":\"es\",\"potentialAction\":[{\"@type\":\"ReadAction\",\"target\":[\"https:\/\/www.citykamp.com\/es\/servicios\/\"]}]},{\"@type\":\"BreadcrumbList\",\"@id\":\"https:\/\/www.citykamp.com\/es\/servicios\/#breadcrumb\",\"itemListElement\":[{\"@type\":\"ListItem\",\"position\":1,\"name\":\"Accueil\",\"item\":\"https:\/\/www.citykamp.com\/es\/\"},{\"@type\":\"ListItem\",\"position\":2,\"name\":\"Services\"}]},{\"@type\":\"WebSite\",\"@id\":\"https:\/\/www.citykamp.com\/es\/#website\",\"url\":\"https:\/\/www.citykamp.com\/es\/\",\"name\":\"Citykamp\",\"description\":\"Un site utilisant WordPress\",\"potentialAction\":[{\"@type\":\"SearchAction\",\"target\":{\"@type\":\"EntryPoint\",\"urlTemplate\":\"https:\/\/www.citykamp.com\/es\/?s={search_term_string}\"},\"query-input\":{\"@type\":\"PropertyValueSpecification\",\"valueRequired\":true,\"valueName\":\"search_term_string\"}}],\"inLanguage\":\"es\"}]}<\/script>\n<!-- \/ Yoast SEO plugin. -->","yoast_head_json":{"title":"Descubre todos los servicios en camping | CityKamp","description":"Servicios e instalaciones en nuestros campings para unas vacaciones relajantes: Wi-Fi gratuito, aparcamiento gratuito, alquiler de s\u00e1banas...","robots":{"index":"index","follow":"follow","max-snippet":"max-snippet:-1","max-image-preview":"max-image-preview:large","max-video-preview":"max-video-preview:-1"},"canonical":"https:\/\/www.citykamp.com\/es\/servicios\/","og_locale":"es_ES","og_type":"article","og_title":"Descubre todos los servicios en camping | CityKamp","og_description":"Servicios e instalaciones en nuestros campings para unas vacaciones relajantes: Wi-Fi gratuito, aparcamiento gratuito, alquiler de s\u00e1banas...","og_url":"https:\/\/www.citykamp.com\/es\/servicios\/","og_site_name":"Citykamp","article_modified_time":"2023-11-06T16:30:42+00:00","twitter_card":"summary_large_image","twitter_misc":{"Est. reading time":"3 minutos"},"schema":{"@context":"https:\/\/schema.org","@graph":[{"@type":"WebPage","@id":"https:\/\/www.citykamp.com\/es\/servicios\/","url":"https:\/\/www.citykamp.com\/es\/servicios\/","name":"Descubre todos los servicios en camping | CityKamp","isPartOf":{"@id":"https:\/\/www.citykamp.com\/es\/#website"},"datePublished":"2018-02-12T10:32:30+00:00","dateModified":"2023-11-06T16:30:42+00:00","description":"Servicios e instalaciones en nuestros campings para unas vacaciones relajantes: Wi-Fi gratuito, aparcamiento gratuito, alquiler de s\u00e1banas...","breadcrumb":{"@id":"https:\/\/www.citykamp.com\/es\/servicios\/#breadcrumb"},"inLanguage":"es","potentialAction":[{"@type":"ReadAction","target":["https:\/\/www.citykamp.com\/es\/servicios\/"]}]},{"@type":"BreadcrumbList","@id":"https:\/\/www.citykamp.com\/es\/servicios\/#breadcrumb","itemListElement":[{"@type":"ListItem","position":1,"name":"Accueil","item":"https:\/\/www.citykamp.com\/es\/"},{"@type":"ListItem","position":2,"name":"Services"}]},{"@type":"WebSite","@id":"https:\/\/www.citykamp.com\/es\/#website","url":"https:\/\/www.citykamp.com\/es\/","name":"Citykamp","description":"Un site utilisant WordPress","potentialAction":[{"@type":"SearchAction","target":{"@type":"EntryPoint","urlTemplate":"https:\/\/www.citykamp.com\/es\/?s={search_term_string}"},"query-input":{"@type":"PropertyValueSpecification","valueRequired":true,"valueName":"search_term_string"}}],"inLanguage":"es"}]}},"_links":{"self":[{"href":"https:\/\/www.citykamp.com\/es\/wp-json\/wp\/v2\/pages\/760","targetHints":{"allow":["GET"]}}],"collection":[{"href":"https:\/\/www.citykamp.com\/es\/wp-json\/wp\/v2\/pages"}],"about":[{"href":"https:\/\/www.citykamp.com\/es\/wp-json\/wp\/v2\/types\/page"}],"author":[{"embeddable":true,"href":"https:\/\/www.citykamp.com\/es\/wp-json\/wp\/v2\/users\/1"}],"replies":[{"embeddable":true,"href":"https:\/\/www.citykamp.com\/es\/wp-json\/wp\/v2\/comments?post=760"}],"version-history":[{"count":4,"href":"https:\/\/www.citykamp.com\/es\/wp-json\/wp\/v2\/pages\/760\/revisions"}],"predecessor-version":[{"id":6904,"href":"https:\/\/www.citykamp.com\/es\/wp-json\/wp\/v2\/pages\/760\/revisions\/6904"}],"wp:attachment":[{"href":"https:\/\/www.citykamp.com\/es\/wp-json\/wp\/v2\/media?parent=760"}],"curies":[{"name":"wp","href":"https:\/\/api.w.org\/{rel}","templated":true}]}}