{"id":747,"date":"2018-02-12T11:34:03","date_gmt":"2018-02-12T10:34:03","guid":{"rendered":"http:\/\/www.citykamp.com\/es\/paris\/"},"modified":"2025-01-14T14:23:07","modified_gmt":"2025-01-14T13:23:07","slug":"paris","status":"publish","type":"page","link":"https:\/\/www.citykamp.com\/es\/paris\/","title":{"rendered":"Par\u00eds"},"content":{"rendered":"<div class=\"wpb-content-wrapper\"><p>[vc_row][vc_column]<div class=\"imgheader\" style=\"background-image: url(https:\/\/www.citykamp.com\/uploads\/2023\/10\/header-1440x700.jpeg)\"><div class=\"wrapcontentraw\"><div class=\"incta\">\n                                    <div>\n                                        <a href=\"https:\/\/www.campingparis.fr\/es\/\"><span class=\"cta1\">DestinO<\/span>\n                                        <span class=\"cta2\">PAR\u00cdS<span class=\"ctk-arrow\"><\/span><\/span><\/a>\n                                    <\/div>\n                                  <\/div><\/div><\/div>[\/vc_column][\/vc_row][vc_row][vc_column]<div class=\"wrappedcontent\">[vc_column_text]<\/p>\n<h2>A orillas del Sena, en pleno bosque de Boulogne<\/h2>\n<p>[\/vc_column_text][vc_empty_space][vc_row_inner gap=\u00bb30&#8243;][vc_column_inner width=\u00bb1\/4&#8243;][vc_masonry_media_grid element_width=\u00bb12&#8243; gap=\u00bb0&#8243; item=\u00bb164&#8243; grid_id=\u00bbvc_gid:1736860931507-1c75610d-cc5a-8&#8243; include=\u00bb6588&#8243;][vc_empty_space height=\u00bb16px\u00bb][vc_column_text css=\u00bb\u00bb]<\/p>\n<h5 style=\"text-align: left;\">\u00a1Sal a descubrir Cornualles!<\/h5>\n<p>Monumentos, jardines, tiendas, barrios at\u00edpicos&#8230; Entra en el universo parisino y recorre las calles de la capital. Aprovecha el alquiler de bicis en el camping o el autob\u00fas y desconecta con total libertad.[\/vc_column_text][\/vc_column_inner][vc_column_inner width=\u00bb1\/4&#8243;][vc_masonry_media_grid element_width=\u00bb12&#8243; gap=\u00bb0&#8243; item=\u00bb164&#8243; grid_id=\u00bbvc_gid:1736860931510-bc925fd2-a7ef-5&#8243; include=\u00bb6595&#8243;][vc_empty_space height=\u00bb16px\u00bb][vc_column_text]<\/p>\n<h5 style=\"text-align: left;\">Al\u00f3jate con las comodidades de un hotel<\/h5>\n<p>\u00bfDormir en Par\u00eds en plena naturaleza? \u00a1S\u00ed, se puede! Reg\u00e1late unas vacaciones con todas las comodidades en un <span style=\"color: #e84e1b;\"><a style=\"color: #e84e1b;\" href=\"http:\/\/www.citykamp.com\/es\/alojamientos\/\" target=\"_blank\" rel=\"noopener noreferrer\">alojamiento<\/a><\/span> (caravana, cottage o tienda Toile &amp; Bois). O elige la opci\u00f3n 100\u00a0% natural en parcela con tu caravana o autocaravana.[\/vc_column_text][\/vc_column_inner][vc_column_inner width=\u00bb1\/4&#8243;][vc_masonry_media_grid element_width=\u00bb12&#8243; gap=\u00bb0&#8243; item=\u00bb164&#8243; grid_id=\u00bbvc_gid:1736860931513-3fb2b6de-6d1e-3&#8243; include=\u00bb6601&#8243;][vc_empty_space height=\u00bb16px\u00bb][vc_column_text]<\/p>\n<h5 style=\"text-align: left;\">Disfruta de un magn\u00edfico recinto de 7\u00a0ha<\/h5>\n<p>\u00a1Acampa con total tranquilidad! \u00a1Un entorno \u00fanico y relajante con muchos <span style=\"color: #e84e1b;\"><a style=\"color: #e84e1b;\" href=\"http:\/\/www.citykamp.com\/es\/servicios\/\" target=\"_blank\" rel=\"noopener noreferrer\">servicios<\/a><\/span>: autob\u00fas, caf\u00e9-restaurante, pan y boller\u00eda del d\u00eda&#8230; para una estancia perfecta en Par\u00eds![\/vc_column_text][\/vc_column_inner][vc_column_inner width=\u00bb1\/4&#8243;][vc_masonry_media_grid element_width=\u00bb12&#8243; gap=\u00bb0&#8243; item=\u00bb164&#8243; grid_id=\u00bbvc_gid:1736860931514-9e00a06a-a14e-7&#8243; include=\u00bb6607&#8243;][vc_empty_space height=\u00bb16px\u00bb][vc_column_text]<\/p>\n<h5 style=\"text-align: left;\">Elige la alternativa natural para tus viajes de trabajo<\/h5>\n<p>Un recinto con todas las comodidades, alojamientos a todo confort y servicios de calidad&#8230; para facilitar tu <a href=\"http:\/\/www.citykamp.com\/es\/negocios\/\" target=\"_blank\" rel=\"noopener noreferrer\"><span style=\"color: #e84e1b;\">estancia de trabajo<\/span><\/a>.[\/vc_column_text][\/vc_column_inner][\/vc_row_inner][vc_empty_space]<div class=\"text-center btnwrap\"><a class=\"btn btn-huttopia-cta\" href=\"https:\/\/www.campingparis.fr\/es\/\" role=\"button\" target=\"\" onclick=\"dataLayer.push({'event':'clickCity', 'clickText':'Descubre este destino'})\">Descubre este destino<\/a><\/div><\/div>[\/vc_column][\/vc_row][vc_row css=\u00bb.vc_custom_1519296448299{background-color: #e84e1b !important;}\u00bb][vc_column]<div class=\"wrappedcontent\">[vc_column_text]<\/p>\n<h2><span style=\"color: #ffffff;\">\u00a1Servicios para facilitarte la vida!<\/span><\/h2>\n<p>[\/vc_column_text][vc_empty_space][vc_masonry_media_grid gap=\u00bb25&#8243; item=\u00bb164&#8243; grid_id=\u00bbvc_gid:1736860931517-1b21ea4d-a7dd-7&#8243; include=\u00bb6619,6625,6613&#8243;][vc_empty_space height=\u00bb60px\u00bb][vc_row_inner css=\u00bb.vc_custom_1519232666915{margin-top: -28px !important;margin-bottom: -28px !important;}\u00bb][vc_column_inner width=\u00bb1\/6&#8243;][vc_icon type=\u00bbtypicons\u00bb icon_typicons=\u00bbtypcn typcn-wi-fi\u00bb color=\u00bbwhite\u00bb align=\u00bbcenter\u00bb css=\u00bb.vc_custom_1519296472004{margin-top: -10px !important;margin-bottom: -10px !important;}\u00bb][vc_column_text]<\/p>\n<p style=\"text-align: center;\"><strong><span style=\"color: #ffffff;\">Wifi gratuito<\/span><\/strong><\/p>\n<p>[\/vc_column_text][\/vc_column_inner][vc_column_inner width=\u00bb1\/6&#8243;][vc_icon type=\u00bbmaterial\u00bb icon_material=\u00bbvc-material vc-material-local_parking\u00bb color=\u00bbwhite\u00bb align=\u00bbcenter\u00bb css=\u00bb.vc_custom_1519232679711{margin-top: -10px !important;margin-bottom: -10px !important;}\u00bb][vc_column_text]<\/p>\n<p style=\"text-align: center;\"><strong><span style=\"color: #ffffff;\">Parking gratuito<\/span><\/strong><\/p>\n<p>[\/vc_column_text][\/vc_column_inner][vc_column_inner width=\u00bb1\/6&#8243;][vc_icon icon_fontawesome=\u00bbfa fa-bed\u00bb color=\u00bbwhite\u00bb align=\u00bbcenter\u00bb css=\u00bb.vc_custom_1519296528350{margin-top: -10px !important;margin-bottom: -10px !important;}\u00bb][vc_column_text]<\/p>\n<p style=\"text-align: center;\"><strong><span style=\"color: #ffffff;\">S\u00e1banas y toallas incluidas<\/span><\/strong><\/p>\n<p>[\/vc_column_text][\/vc_column_inner][vc_column_inner width=\u00bb1\/6&#8243;][vc_icon type=\u00bbopeniconic\u00bb icon_openiconic=\u00bbvc-oi vc-oi-home\u00bb color=\u00bbwhite\u00bb align=\u00bbcenter\u00bb css=\u00bb.vc_custom_1519379853949{margin-top: -10px !important;margin-bottom: -10px !important;}\u00bb][vc_column_text]<\/p>\n<p style=\"text-align: center;\"><strong><span style=\"color: #ffffff;\">Camas hechas a la llegada<\/span><\/strong><\/p>\n<p>[\/vc_column_text][\/vc_column_inner][vc_column_inner width=\u00bb1\/6&#8243;][vc_icon type=\u00bbmaterial\u00bb icon_material=\u00bbvc-material vc-material-restaurant\u00bb color=\u00bbwhite\u00bb align=\u00bbcenter\u00bb css=\u00bb.vc_custom_1519296571366{margin-top: -10px !important;margin-bottom: -10px !important;}\u00bb][vc_column_text]<\/p>\n<p style=\"text-align: center;\"><strong><span style=\"color: #ffffff;\">Restauraci\u00f3n<\/span><\/strong><\/p>\n<p>[\/vc_column_text][\/vc_column_inner][vc_column_inner width=\u00bb1\/6&#8243;][vc_icon type=\u00bbentypo\u00bb icon_entypo=\u00bbentypo-icon entypo-icon-plus-circled\u00bb color=\u00bbwhite\u00bb align=\u00bbcenter\u00bb css=\u00bb.vc_custom_1521714639549{margin-top: -10px !important;margin-bottom: -10px !important;}\u00bb link=\u00bburl:http%3A%2F%2Fwww.citykamp.com%2Fes%2Fservicios%2F||target:%20_blank|\u00bb][vc_column_text]<\/p>\n<p style=\"text-align: center;\"><span style=\"color: #ffffff;\"><strong>VER M\u00c1S<\/strong><\/span><\/p>\n<p>[\/vc_column_text][\/vc_column_inner][\/vc_row_inner]<\/div>[\/vc_column][\/vc_row][vc_row][vc_column]<div class=\"wrapcontentraw\">\n                <h2 class=\"hmargin\">Cerca del camping<\/h2>\n                <div class=\"allsites\">\n                    <div class=\"col-md-6 swrap\">\n                <div>\n                    <div class=\"simg\">\n                        <div class=\"stitle\">Tour Eiffel<\/div>\n                        <img decoding=\"async\" src=\"https:\/\/www.citykamp.com\/uploads\/2018\/02\/citykamp_destinations_paris_tour_eiffel-500x350.jpg\" alt=\"citykamp_destinations_paris_tour_eiffel\"\/>\n                    <\/div>\n                    <div class=\"ibcontent ibflex\">\n                        <div class=\"ibin1\">\u00a1Admira el monumento m\u00e1s visitado del mundo!<\/div>\n                        <div class=\"ibin2\">\n                            <a>\n                                <div class=\"iblink isaltbgcolor\"><span class=\"sdist\"><span class=\"ctk-man\"><\/span><span class=\"thdist\">6 km<\/span><\/span><\/div>\n                            <\/a>\n                        <\/div>\n                        <div class=\"clear\"><\/div>\n                    <\/div>\n                <\/div>\n             <\/div><div class=\"col-md-6 swrap\">\n                <div>\n                    <div class=\"simg\">\n                        <div class=\"stitle\">Quais de Seine<\/div>\n                        <img decoding=\"async\" src=\"https:\/\/www.citykamp.com\/uploads\/2018\/02\/citykamp_destinations_paris_quais_saone-500x350.jpg\" alt=\"citykamp_destinations_paris_quais_saone\"\/>\n                    <\/div>\n                    <div class=\"ibcontent ibflex\">\n                        <div class=\"ibin1\">Descansa en familia a lo largo del Sena<\/div>\n                        <div class=\"ibin2\">\n                            <a>\n                                <div class=\"iblink isaltbgcolor\"><span class=\"sdist\"><span class=\"ctk-man\"><\/span><span class=\"thdist\">5 km<\/span><\/span><\/div>\n                            <\/a>\n                        <\/div>\n                        <div class=\"clear\"><\/div>\n                    <\/div>\n                <\/div>\n             <\/div><div class=\"col-md-6 swrap\">\n                <div>\n                    <div class=\"simg\">\n                        <div class=\"stitle\">Montmartre<\/div>\n                        <img decoding=\"async\" src=\"https:\/\/www.citykamp.com\/uploads\/2018\/02\/citykamp_destinations_paris_montmartre-500x350.jpg\" alt=\"citykamp_destinations_paris_montmartre\"\/>\n                    <\/div>\n                    <div class=\"ibcontent ibflex\">\n                        <div class=\"ibin1\">Toma altura visitando la bas\u00edlica del Sacr\u00e9 C\u0153ur<\/div>\n                        <div class=\"ibin2\">\n                            <a>\n                                <div class=\"iblink isaltbgcolor\"><span class=\"sdist\"><span class=\"ctk-man\"><\/span><span class=\"thdist\">9 km<\/span><\/span><\/div>\n                            <\/a>\n                        <\/div>\n                        <div class=\"clear\"><\/div>\n                    <\/div>\n                <\/div>\n             <\/div><div class=\"col-md-6 swrap\">\n                <div>\n                    <div class=\"simg\">\n                        <div class=\"stitle\">Jardin des Tuileries<\/div>\n                        <img decoding=\"async\" src=\"https:\/\/www.citykamp.com\/uploads\/2018\/02\/citykamp_destinations_paris_jardin_tuileries-500x350.jpg\" alt=\"citykamp_destinations_paris_jardin_tuileries\"\/>\n                    <\/div>\n                    <div class=\"ibcontent ibflex\">\n                        <div class=\"ibin1\">Rel\u00e1jate en uno de los numerosos jardines parisinos<\/div>\n                        <div class=\"ibin2\">\n                            <a>\n                                <div class=\"iblink isaltbgcolor\"><span class=\"sdist\"><span class=\"ctk-man\"><\/span><span class=\"thdist\">7 km<\/span><\/span><\/div>\n                            <\/a>\n                        <\/div>\n                        <div class=\"clear\"><\/div>\n                    <\/div>\n                <\/div>\n             <\/div>\n                    <div class=\"clear\"><\/div>\n                <\/div>\n            <\/div><div class=\"text-center btnwrap\"><a class=\"btn btn-huttopia-cta\" href=\"https:\/\/www.campingparis.fr\/es\/region\" role=\"button\" target=\"\" onclick=\"dataLayer.push({'event':'clickCity', 'clickText':'Descubre otras actividades'})\">Descubre otras actividades<\/a><\/div>[\/vc_column][\/vc_row][vc_row][vc_column]<div class=\"mflex imgmp\">\n                <div class=\"col-md-6 accordeonimg\" style=\"background-image: url(https:\/\/www.citykamp.com\/uploads\/2023\/10\/le-cadre-ideal-dans-paris-intra-muros.jpeg)\">\n                    <img decoding=\"async\" src=\"https:\/\/www.citykamp.com\/uploads\/2023\/10\/le-cadre-ideal-dans-paris-intra-muros.jpeg\" style=\"visibility: hidden;\" \/>\n                <\/div>\n                <div class=\"col-md-6 altbg gmcontent\">\n                    <div>\n                    <h2 class=\"istitlecolor gmtitle\">\u00a1El marco ideal en el centro de Pa\u00eds!<\/h2>\n                    <div class=\"gmwrap\"><div class=\"col-sm-4 bwrap\">\n                    <span class=\"istitlecolor gmpicto ctk-train\"><\/span>\n                    <span class=\"gmlabel\">Estaci\u00f3n a 12 km<\/span>\n                  <\/div><div class=\"col-sm-4 bwrap\">\n                    <span class=\"istitlecolor gmpicto ctk-car\"><\/span>\n                    <span class=\"gmlabel\">A13 a 10 min<\/span>\n                  <\/div><div class=\"col-sm-4 bwrap\">\n                    <span class=\"istitlecolor gmpicto ctk-bus\"><\/span>\n                    <span class=\"gmlabel\">Carriles bici y transporte p\u00fablico<\/span>\n                  <\/div><\/div>\n            <\/div>\n        <\/div>\n    <\/div>\n    <script>\n        let iconType = L.icon({\n            iconUrl: baseDirectory + '\/img\/pin.png',\n            iconSize: [22, 48],\n            iconAnchor: [11, 46],\n            popupAnchor: [0, -46]\n        });\n        let map = L.map('map', {\n            center: L.latLng(48.8687383, 2.2348941000000195),\n            zoom: 10.8,\n            layers: [L.tileLayer('https:\/\/cartodb-basemaps-b.global.ssl.fastly.net\/light_all\/{z}\/{x}\/{y}.png', {\n                attribution: '&copy; <a href=\"https:\/\/www.openstreetmap.org\/copyright\">OpenStreetMap<\/a>'\n            })],\n            zoomSnap: 0.2\n        });\n        setTimeout(map.invalidateSize.bind(map), 100);\n        let contentString = '<div id=\"content\">' +\n            '<div id=\"siteNotice\">' +\n            '<\/div>' +\n            '<h4 id=\"firstHeading\" class=\"firstHeading\">\u00a1El marco ideal en el centro de Pa\u00eds!<\/h4>' +\n            '<div id=\"bodyContent\">' +\n            '<p><\/p>' +\n            '<p><\/p>' +\n            '<\/div>' +\n            '<\/div>';\n        let marker = L.marker([48.8687383, 2.2348941000000195], {icon: iconType}).addTo(map);\n        marker.bindPopup(contentString).openPopup();\n        let iwOuter = document.querySelector('.leaflet-popup-content-wrapper');\n        let iwArrow = document.querySelector('.leaflet-popup-tip');\n        iwOuter.style.backgroundColor = '';\n        iwArrow.style.backgroundColor = '';\n    <\/script>\n    [\/vc_column][\/vc_row][vc_row css=\u00bb.vc_custom_1519219122027{background-color: #b5b5b5 !important;}\u00bb][vc_column]<div class=\"wrappedcontent\">[vc_row_inner css=\u00bb.vc_custom_1519232666915{margin-top: -28px !important;margin-bottom: -28px !important;}\u00bb][vc_column_inner width=\u00bb1\/4&#8243;][vc_icon icon_fontawesome=\u00bbfa fa-lock\u00bb color=\u00bbwhite\u00bb align=\u00bbcenter\u00bb css=\u00bb.vc_custom_1519232673486{margin-top: -10px !important;margin-bottom: -10px !important;}\u00bb][vc_column_text]<\/p>\n<p style=\"text-align: center;\"><span style=\"color: #ffffff;\">Pago seguro<\/span><\/p>\n<p>[\/vc_column_text][\/vc_column_inner][vc_column_inner width=\u00bb1\/4&#8243;][vc_icon type=\u00bbmaterial\u00bb icon_material=\u00bbvc-material vc-material-local_parking\u00bb color=\u00bbwhite\u00bb align=\u00bbcenter\u00bb css=\u00bb.vc_custom_1519232679711{margin-top: -10px !important;margin-bottom: -10px !important;}\u00bb][vc_column_text]<\/p>\n<p style=\"text-align: center;\"><span style=\"color: #ffffff;\">Parking gratuito<\/span><\/p>\n<p>[\/vc_column_text][\/vc_column_inner][vc_column_inner width=\u00bb1\/4&#8243;][vc_icon type=\u00bbentypo\u00bb icon_entypo=\u00bbentypo-icon entypo-icon-back-in-time\u00bb color=\u00bbwhite\u00bb align=\u00bbcenter\u00bb css=\u00bb.vc_custom_1519232685950{margin-top: -10px !important;margin-bottom: -10px !important;}\u00bb][vc_column_text]<\/p>\n<p style=\"text-align: center;\"><span style=\"color: #ffffff;\">Recepci\u00f3n de lunes a domingo<\/span><\/p>\n<p>[\/vc_column_text][\/vc_column_inner][vc_column_inner width=\u00bb1\/4&#8243;][vc_icon icon_fontawesome=\u00bbfa fa-globe\u00bb color=\u00bbwhite\u00bb align=\u00bbcenter\u00bb css=\u00bb.vc_custom_1519232691979{margin-top: -10px !important;margin-bottom: -10px !important;}\u00bb][vc_column_text]<\/p>\n<p style=\"text-align: center;\"><span style=\"color: #ffffff;\">Multiling\u00fce<\/span><\/p>\n<p>[\/vc_column_text][\/vc_column_inner][\/vc_row_inner]<\/div>[\/vc_column][\/vc_row]<\/p>\n<\/div>","protected":false},"excerpt":{"rendered":"<p>[vc_row][vc_column][\/vc_column][\/vc_row][vc_row][vc_column][\/vc_column][\/vc_row][vc_row css=\u00bb.vc_custom_1519296448299{background-color: #e84e1b !important;}\u00bb][vc_column][\/vc_column][\/vc_row][vc_row][vc_column][\/vc_column][\/vc_row][vc_row][vc_column][\/vc_column][\/vc_row][vc_row css=\u00bb.vc_custom_1519219122027{background-color: #b5b5b5 !important;}\u00bb][vc_column][\/vc_column][\/vc_row]<\/p>\n","protected":false},"author":1,"featured_media":0,"parent":0,"menu_order":0,"comment_status":"closed","ping_status":"closed","template":"","meta":{"footnotes":""},"class_list":["post-747","page","type-page","status-publish","hentry"],"yoast_head":"<!-- This site is optimized with the Yoast SEO plugin v25.6 - https:\/\/yoast.com\/wordpress\/plugins\/seo\/ -->\n<title>Par\u00eds, destino en el coraz\u00f3n del Bois de Boulogne - CityKamp<\/title>\n<meta name=\"description\" content=\"Al\u00f3jese en las orillas del Sena, en el coraz\u00f3n del Bois de Boulogne, cerca de Par\u00eds. Comience a conquistar la capital y disfrute de una estancia relajante rodeada de naturaleza en c\u00f3modos alojamientos. Se ofrecen servicios de calidad para simplificar su estad\u00eda.\" \/>\n<meta name=\"robots\" content=\"index, follow, max-snippet:-1, max-image-preview:large, max-video-preview:-1\" \/>\n<link rel=\"canonical\" href=\"https:\/\/www.citykamp.com\/es\/paris\/\" \/>\n<meta property=\"og:locale\" content=\"es_ES\" \/>\n<meta property=\"og:type\" content=\"article\" \/>\n<meta property=\"og:title\" content=\"Par\u00eds, destino en el coraz\u00f3n del Bois de Boulogne - CityKamp\" \/>\n<meta property=\"og:description\" content=\"Al\u00f3jese en las orillas del Sena, en el coraz\u00f3n del Bois de Boulogne, cerca de Par\u00eds. Comience a conquistar la capital y disfrute de una estancia relajante rodeada de naturaleza en c\u00f3modos alojamientos. Se ofrecen servicios de calidad para simplificar su estad\u00eda.\" \/>\n<meta property=\"og:url\" content=\"https:\/\/www.citykamp.com\/es\/paris\/\" \/>\n<meta property=\"og:site_name\" content=\"Citykamp\" \/>\n<meta property=\"article:modified_time\" content=\"2025-01-14T13:23:07+00:00\" \/>\n<meta name=\"twitter:card\" content=\"summary_large_image\" \/>\n<meta name=\"twitter:label1\" content=\"Est. reading time\" \/>\n\t<meta name=\"twitter:data1\" content=\"5 minutos\" \/>\n<script type=\"application\/ld+json\" class=\"yoast-schema-graph\">{\"@context\":\"https:\/\/schema.org\",\"@graph\":[{\"@type\":\"WebPage\",\"@id\":\"https:\/\/www.citykamp.com\/es\/paris\/\",\"url\":\"https:\/\/www.citykamp.com\/es\/paris\/\",\"name\":\"Par\u00eds, destino en el coraz\u00f3n del Bois de Boulogne - CityKamp\",\"isPartOf\":{\"@id\":\"https:\/\/www.citykamp.com\/es\/#website\"},\"datePublished\":\"2018-02-12T10:34:03+00:00\",\"dateModified\":\"2025-01-14T13:23:07+00:00\",\"description\":\"Al\u00f3jese en las orillas del Sena, en el coraz\u00f3n del Bois de Boulogne, cerca de Par\u00eds. Comience a conquistar la capital y disfrute de una estancia relajante rodeada de naturaleza en c\u00f3modos alojamientos. Se ofrecen servicios de calidad para simplificar su estad\u00eda.\",\"breadcrumb\":{\"@id\":\"https:\/\/www.citykamp.com\/es\/paris\/#breadcrumb\"},\"inLanguage\":\"es\",\"potentialAction\":[{\"@type\":\"ReadAction\",\"target\":[\"https:\/\/www.citykamp.com\/es\/paris\/\"]}]},{\"@type\":\"BreadcrumbList\",\"@id\":\"https:\/\/www.citykamp.com\/es\/paris\/#breadcrumb\",\"itemListElement\":[{\"@type\":\"ListItem\",\"position\":1,\"name\":\"Accueil\",\"item\":\"https:\/\/www.citykamp.com\/es\/\"},{\"@type\":\"ListItem\",\"position\":2,\"name\":\"Par\u00eds\"}]},{\"@type\":\"WebSite\",\"@id\":\"https:\/\/www.citykamp.com\/es\/#website\",\"url\":\"https:\/\/www.citykamp.com\/es\/\",\"name\":\"Citykamp\",\"description\":\"Un site utilisant WordPress\",\"potentialAction\":[{\"@type\":\"SearchAction\",\"target\":{\"@type\":\"EntryPoint\",\"urlTemplate\":\"https:\/\/www.citykamp.com\/es\/?s={search_term_string}\"},\"query-input\":{\"@type\":\"PropertyValueSpecification\",\"valueRequired\":true,\"valueName\":\"search_term_string\"}}],\"inLanguage\":\"es\"}]}<\/script>\n<!-- \/ Yoast SEO plugin. -->","yoast_head_json":{"title":"Par\u00eds, destino en el coraz\u00f3n del Bois de Boulogne - CityKamp","description":"Al\u00f3jese en las orillas del Sena, en el coraz\u00f3n del Bois de Boulogne, cerca de Par\u00eds. Comience a conquistar la capital y disfrute de una estancia relajante rodeada de naturaleza en c\u00f3modos alojamientos. Se ofrecen servicios de calidad para simplificar su estad\u00eda.","robots":{"index":"index","follow":"follow","max-snippet":"max-snippet:-1","max-image-preview":"max-image-preview:large","max-video-preview":"max-video-preview:-1"},"canonical":"https:\/\/www.citykamp.com\/es\/paris\/","og_locale":"es_ES","og_type":"article","og_title":"Par\u00eds, destino en el coraz\u00f3n del Bois de Boulogne - CityKamp","og_description":"Al\u00f3jese en las orillas del Sena, en el coraz\u00f3n del Bois de Boulogne, cerca de Par\u00eds. Comience a conquistar la capital y disfrute de una estancia relajante rodeada de naturaleza en c\u00f3modos alojamientos. Se ofrecen servicios de calidad para simplificar su estad\u00eda.","og_url":"https:\/\/www.citykamp.com\/es\/paris\/","og_site_name":"Citykamp","article_modified_time":"2025-01-14T13:23:07+00:00","twitter_card":"summary_large_image","twitter_misc":{"Est. reading time":"5 minutos"},"schema":{"@context":"https:\/\/schema.org","@graph":[{"@type":"WebPage","@id":"https:\/\/www.citykamp.com\/es\/paris\/","url":"https:\/\/www.citykamp.com\/es\/paris\/","name":"Par\u00eds, destino en el coraz\u00f3n del Bois de Boulogne - CityKamp","isPartOf":{"@id":"https:\/\/www.citykamp.com\/es\/#website"},"datePublished":"2018-02-12T10:34:03+00:00","dateModified":"2025-01-14T13:23:07+00:00","description":"Al\u00f3jese en las orillas del Sena, en el coraz\u00f3n del Bois de Boulogne, cerca de Par\u00eds. Comience a conquistar la capital y disfrute de una estancia relajante rodeada de naturaleza en c\u00f3modos alojamientos. Se ofrecen servicios de calidad para simplificar su estad\u00eda.","breadcrumb":{"@id":"https:\/\/www.citykamp.com\/es\/paris\/#breadcrumb"},"inLanguage":"es","potentialAction":[{"@type":"ReadAction","target":["https:\/\/www.citykamp.com\/es\/paris\/"]}]},{"@type":"BreadcrumbList","@id":"https:\/\/www.citykamp.com\/es\/paris\/#breadcrumb","itemListElement":[{"@type":"ListItem","position":1,"name":"Accueil","item":"https:\/\/www.citykamp.com\/es\/"},{"@type":"ListItem","position":2,"name":"Par\u00eds"}]},{"@type":"WebSite","@id":"https:\/\/www.citykamp.com\/es\/#website","url":"https:\/\/www.citykamp.com\/es\/","name":"Citykamp","description":"Un site utilisant WordPress","potentialAction":[{"@type":"SearchAction","target":{"@type":"EntryPoint","urlTemplate":"https:\/\/www.citykamp.com\/es\/?s={search_term_string}"},"query-input":{"@type":"PropertyValueSpecification","valueRequired":true,"valueName":"search_term_string"}}],"inLanguage":"es"}]}},"_links":{"self":[{"href":"https:\/\/www.citykamp.com\/es\/wp-json\/wp\/v2\/pages\/747","targetHints":{"allow":["GET"]}}],"collection":[{"href":"https:\/\/www.citykamp.com\/es\/wp-json\/wp\/v2\/pages"}],"about":[{"href":"https:\/\/www.citykamp.com\/es\/wp-json\/wp\/v2\/types\/page"}],"author":[{"embeddable":true,"href":"https:\/\/www.citykamp.com\/es\/wp-json\/wp\/v2\/users\/1"}],"replies":[{"embeddable":true,"href":"https:\/\/www.citykamp.com\/es\/wp-json\/wp\/v2\/comments?post=747"}],"version-history":[{"count":4,"href":"https:\/\/www.citykamp.com\/es\/wp-json\/wp\/v2\/pages\/747\/revisions"}],"predecessor-version":[{"id":7420,"href":"https:\/\/www.citykamp.com\/es\/wp-json\/wp\/v2\/pages\/747\/revisions\/7420"}],"wp:attachment":[{"href":"https:\/\/www.citykamp.com\/es\/wp-json\/wp\/v2\/media?parent=747"}],"curies":[{"name":"wp","href":"https:\/\/api.w.org\/{rel}","templated":true}]}}