{"id":741,"date":"2018-02-12T11:33:48","date_gmt":"2018-02-12T10:33:48","guid":{"rendered":"http:\/\/www.citykamp.com\/es\/strasbourg\/"},"modified":"2023-10-23T17:56:51","modified_gmt":"2023-10-23T15:56:51","slug":"estrasburgo","status":"publish","type":"page","link":"https:\/\/www.citykamp.com\/es\/estrasburgo\/","title":{"rendered":"Estrasburgo"},"content":{"rendered":"<div class=\"wpb-content-wrapper\"><p>[vc_row][vc_column]<div class=\"imgheader\" style=\"background-image: url(https:\/\/www.citykamp.com\/uploads\/2023\/10\/header-1-1900x700.jpeg)\"><div class=\"wrapcontentraw\"><div class=\"incta\">\n                                    <div>\n                                        <a href=\"https:\/\/www.camping-strasbourg.com\/es\/\"><span class=\"cta1\">Destino<\/span>\n                                        <span class=\"cta2\">ESTRASBURGO<span class=\"ctk-arrow\"><\/span><\/span><\/a>\n                                    <\/div>\n                                  <\/div><\/div><\/div>[\/vc_column][\/vc_row][vc_row][vc_column]<div class=\"wrappedcontent\">[vc_column_text]<\/p>\n<h2>El encanto de la capital alsaciana<\/h2>\n<p>[\/vc_column_text][vc_empty_space][vc_row_inner gap=\u00bb30&#8243;][vc_column_inner width=\u00bb1\/4&#8243;][vc_masonry_media_grid element_width=\u00bb12&#8243; gap=\u00bb0&#8243; item=\u00bb164&#8243; grid_id=\u00bbvc_gid:1698076438564-5e01240e-8a7d-4&#8243; include=\u00bb6638&#8243;][vc_empty_space height=\u00bb16px\u00bb][vc_column_text]<\/p>\n<h5 style=\"text-align: left;\">Descubre los tesoros de Estrasburgo<\/h5>\n<p>Estrasburgo, ciudad m\u00e1gica donde reina un ambiente muy especial durante toda la temporada. Descubre su centro hist\u00f3rico y su diverso y \u00fanico patrimonio, a tan solo 3\u00a0km del camping.[\/vc_column_text][\/vc_column_inner][vc_column_inner width=\u00bb1\/4&#8243;][vc_masonry_media_grid element_width=\u00bb12&#8243; gap=\u00bb0&#8243; item=\u00bb164&#8243; grid_id=\u00bbvc_gid:1698076438565-2603e0f4-4606-8&#8243; include=\u00bb6645&#8243;][vc_empty_space height=\u00bb16px\u00bb][vc_column_text]<\/p>\n<h5 style=\"text-align: left;\">\u00a1Duerme c\u00f3modamente, en alojamiento o parcela!<\/h5>\n<p>Elige un <span style=\"color: #e84e1b;\"><a style=\"color: #e84e1b;\" href=\"http:\/\/www.citykamp.com\/es\/alojamientos\/\" target=\"_blank\" rel=\"noopener noreferrer\">alojamiento<\/a><\/span> con todas las comodidades, en plena naturaleza: chalets, casas m\u00f3viles, caravanas, tiendas de lona&#8230; O acampa en parcela con tu caravana, tienda o autocaravana. \u00a1En el camping de Estrasburgo, t\u00fa eliges![\/vc_column_text][\/vc_column_inner][vc_column_inner width=\u00bb1\/4&#8243;][vc_masonry_media_grid element_width=\u00bb12&#8243; gap=\u00bb0&#8243; item=\u00bb164&#8243; grid_id=\u00bbvc_gid:1698076438566-4a97eaa2-d34b-2&#8243; include=\u00bb1658&#8243;][vc_empty_space height=\u00bb16px\u00bb][vc_column_text]<\/p>\n<h5 style=\"text-align: left;\">\u00a1Recorre la ciudad en bici!<\/h5>\n<p>Aprovecha los carriles bici a la salida del camping para viajar de otra manera. Alquiler de bicis en la recepci\u00f3n. Hay otros<span style=\"color: #e84e1b;\"> <a style=\"color: #e84e1b;\" href=\"http:\/\/www.citykamp.com\/es\/servicios\/\" target=\"_blank\" rel=\"noopener noreferrer\">servicios<\/a> <\/span>disponibles para facilitar tu estancia.[\/vc_column_text][\/vc_column_inner][vc_column_inner width=\u00bb1\/4&#8243;][vc_masonry_media_grid element_width=\u00bb12&#8243; gap=\u00bb0&#8243; item=\u00bb164&#8243; grid_id=\u00bbvc_gid:1698076438567-417e9813-5653-1&#8243; include=\u00bb6651&#8243;][vc_empty_space height=\u00bb16px\u00bb][vc_column_text]<\/p>\n<h5 style=\"text-align: left;\">Viaja de otra manera en tus desplazamientos de trabajo<\/h5>\n<p>El camping de Estrasburgo te recibe para una escapada natural en la ciudad: <span style=\"color: #e84e1b;\"><a style=\"color: #e84e1b;\" href=\"http:\/\/www.citykamp.com\/es\/negocios\/\" target=\"_blank\" rel=\"noopener noreferrer\">estancia profesional<\/a> <\/span>marcada por el descanso.[\/vc_column_text][\/vc_column_inner][\/vc_row_inner][vc_empty_space]<div class=\"text-center btnwrap\"><a class=\"btn btn-huttopia-cta\" href=\"https:\/\/www.camping-strasbourg\/es\/\" role=\"button\" target=\"\" onclick=\"dataLayer.push({'event':'clickCity', 'clickText':'Descubre este destino'})\">Descubre este destino<\/a><\/div><\/div>[\/vc_column][\/vc_row][vc_row css=\u00bb.vc_custom_1519386117897{background-color: #e84e1b !important;}\u00bb][vc_column]<div class=\"wrappedcontent\">[vc_column_text]<\/p>\n<h2><span style=\"color: #ffffff;\">Equipamientos para facilitar tu estancia en Estrasburgo<\/span><\/h2>\n<p>[\/vc_column_text][vc_empty_space][vc_masonry_media_grid gap=\u00bb25&#8243; item=\u00bb164&#8243; grid_id=\u00bbvc_gid:1698076438569-3302d82c-bd2b-9&#8243; include=\u00bb6658,6664,6670&#8243;][vc_empty_space][vc_row_inner][vc_column_inner][vc_column_text]<span style=\"color: #ffffff;\"><strong>Las ventajas del campista: una zona \u00abEtapa Autocaravana\u00bb con parcelas reservadas para autocaravanistas de paso por una noche.<\/strong><\/span>[\/vc_column_text][\/vc_column_inner][\/vc_row_inner][vc_empty_space height=\u00bb50px\u00bb][vc_row_inner css=\u00bb.vc_custom_1519228889357{margin-top: -28px !important;margin-bottom: -28px !important;}\u00bb][vc_column_inner width=\u00bb1\/6&#8243;][vc_icon type=\u00bbtypicons\u00bb icon_typicons=\u00bbtypcn typcn-wi-fi\u00bb color=\u00bbwhite\u00bb align=\u00bbcenter\u00bb css=\u00bb.vc_custom_1519384320086{margin-top: -10px !important;margin-bottom: -10px !important;}\u00bb][vc_column_text]<\/p>\n<p style=\"text-align: center;\"><strong><span style=\"color: #ffffff;\">Wifi gratuito<\/span><\/strong><\/p>\n<p>[\/vc_column_text][\/vc_column_inner][vc_column_inner width=\u00bb1\/6&#8243;][vc_icon type=\u00bbmaterial\u00bb icon_material=\u00bbvc-material vc-material-local_parking\u00bb color=\u00bbwhite\u00bb align=\u00bbcenter\u00bb css=\u00bb.vc_custom_1519228864273{margin-top: -10px !important;margin-bottom: -10px !important;}\u00bb][vc_column_text]<\/p>\n<p style=\"text-align: center;\"><strong><span style=\"color: #ffffff;\">Parking gratuito<\/span><\/strong><\/p>\n<p>[\/vc_column_text][\/vc_column_inner][vc_column_inner width=\u00bb1\/6&#8243;][vc_icon icon_fontawesome=\u00bbfa fa-bed\u00bb color=\u00bbwhite\u00bb align=\u00bbcenter\u00bb css=\u00bb.vc_custom_1519384431816{margin-top: -10px !important;margin-bottom: -10px !important;}\u00bb][vc_column_text]<\/p>\n<p style=\"text-align: center;\"><span style=\"color: #ffffff;\"><strong>Alquiler de s\u00e1banas y toallas<\/strong><br \/>\n<span style=\"font-size: 10pt;\">Opci\u00f3n : camas hechas a la llegada<\/span><\/span><\/p>\n<p>[\/vc_column_text][\/vc_column_inner][vc_column_inner width=\u00bb1\/6&#8243;][vc_icon type=\u00bbmaterial\u00bb icon_material=\u00bbvc-material vc-material-restaurant\u00bb color=\u00bbwhite\u00bb align=\u00bbcenter\u00bb css=\u00bb.vc_custom_1519384522300{margin-top: -10px !important;margin-bottom: -10px !important;}\u00bb][vc_column_text]<\/p>\n<p style=\"text-align: center;\"><span style=\"color: #ffffff;\">Restauraci\u00f3n<\/span><\/p>\n<p>[\/vc_column_text][\/vc_column_inner][vc_column_inner width=\u00bb1\/6&#8243;][vc_icon type=\u00bbmaterial\u00bb icon_material=\u00bbvc-material vc-material-pool\u00bb color=\u00bbwhite\u00bb align=\u00bbcenter\u00bb css=\u00bb.vc_custom_1519384588487{margin-top: -10px !important;margin-bottom: -10px !important;}\u00bb][vc_column_text]<\/p>\n<p style=\"text-align: center;\"><span style=\"color: #ffffff;\"><strong>Piscina climatizada<\/strong><br \/>\n<span style=\"font-size: 10pt;\">Seg\u00fan la temporada<\/span><\/span><\/p>\n<p>[\/vc_column_text][\/vc_column_inner][vc_column_inner width=\u00bb1\/6&#8243;][vc_icon type=\u00bbentypo\u00bb icon_entypo=\u00bbentypo-icon entypo-icon-plus-circled\u00bb color=\u00bbwhite\u00bb align=\u00bbcenter\u00bb css=\u00bb.vc_custom_1521714981381{margin-top: -10px !important;margin-bottom: -10px !important;}\u00bb link=\u00bburl:http%3A%2F%2Fwww.citykamp.com%2Fes%2Fservicios%2F||target:%20_blank|\u00bb][vc_column_text]<\/p>\n<p style=\"text-align: center;\"><strong><span style=\"color: #ffffff;\">VER M\u00c1S<\/span><\/strong><\/p>\n<p>[\/vc_column_text][\/vc_column_inner][\/vc_row_inner]<\/div>[\/vc_column][\/vc_row][vc_row][vc_column]<div class=\"wrapcontentraw\">\n                <h2 class=\"hmargin\">Cerca del camping<\/h2>\n                <div class=\"allsites\">\n                    <div class=\"col-md-6 swrap\">\n                <div>\n                    <div class=\"simg\">\n                        <div class=\"stitle\">Quartier historique<\/div>\n                        <img decoding=\"async\" src=\"https:\/\/www.citykamp.com\/uploads\/2023\/10\/petite-france-500x350.jpeg\" alt=\"petite france\"\/>\n                    <\/div>\n                    <div class=\"ibcontent ibflex\">\n                        <div class=\"ibin1\">\u00a1Recorre el barrio hist\u00f3rico de Estrasburgo!<\/div>\n                        <div class=\"ibin2\">\n                            <a>\n                                <div class=\"iblink isaltbgcolor\"><span class=\"sdist\"><span class=\"ctk-man\"><\/span><span class=\"thdist\">2,3 km<\/span><\/span><\/div>\n                            <\/a>\n                        <\/div>\n                        <div class=\"clear\"><\/div>\n                    <\/div>\n                <\/div>\n             <\/div><div class=\"col-md-6 swrap\">\n                <div>\n                    <div class=\"simg\">\n                        <div class=\"stitle\">Cath\u00e9drale de Strasbourg<\/div>\n                        <img decoding=\"async\" src=\"https:\/\/www.citykamp.com\/uploads\/2018\/09\/camping_citykamp_strasbourg-500x350.jpg\" alt=\"camping_citykamp_strasbourg\"\/>\n                    <\/div>\n                    <div class=\"ibcontent ibflex\">\n                        <div class=\"ibin1\">\u00a1Visita una de las catedrales m\u00e1s enormes de Francia!<\/div>\n                        <div class=\"ibin2\">\n                            <a>\n                                <div class=\"iblink isaltbgcolor\"><span class=\"sdist\"><span class=\"ctk-man\"><\/span><span class=\"thdist\">3 km<\/span><\/span><\/div>\n                            <\/a>\n                        <\/div>\n                        <div class=\"clear\"><\/div>\n                    <\/div>\n                <\/div>\n             <\/div><div class=\"col-md-6 swrap\">\n                <div>\n                    <div class=\"simg\">\n                        <div class=\"stitle\">March\u00e9 de No\u00ebl<\/div>\n                        <img decoding=\"async\" src=\"https:\/\/www.citykamp.com\/uploads\/2023\/10\/noel-500x350.jpg\" alt=\"CityKamp Strasbourg-HUTTOPIA\"\/>\n                    <\/div>\n                    <div class=\"ibcontent ibflex\">\n                        <div class=\"ibin1\">R\u00edndete ante uno de los mercados de Navidad m\u00e1s antiguos de Europa<\/div>\n                        <div class=\"ibin2\">\n                            <a>\n                                <div class=\"iblink isaltbgcolor\"><span class=\"sdist\"><span class=\"ctk-man\"><\/span><span class=\"thdist\">3 km<\/span><\/span><\/div>\n                            <\/a>\n                        <\/div>\n                        <div class=\"clear\"><\/div>\n                    <\/div>\n                <\/div>\n             <\/div><div class=\"col-md-6 swrap\">\n                <div>\n                    <div class=\"simg\">\n                        <div class=\"stitle\">Parc Orangerie<\/div>\n                        <img decoding=\"async\" src=\"https:\/\/www.citykamp.com\/uploads\/2018\/02\/citykamp_destinations_strasbourg_parc_orangerie-500x350.jpg\" alt=\"citykamp_destinations_strasbourg_parc_orangerie\"\/>\n                    <\/div>\n                    <div class=\"ibcontent ibflex\">\n                        <div class=\"ibin1\">\u00a1Pasea en familia por la parque m\u00e1s antiguo de la ciudad!<\/div>\n                        <div class=\"ibin2\">\n                            <a>\n                                <div class=\"iblink isaltbgcolor\"><span class=\"sdist\"><span class=\"ctk-man\"><\/span><span class=\"thdist\">5,4 km<\/span><\/span><\/div>\n                            <\/a>\n                        <\/div>\n                        <div class=\"clear\"><\/div>\n                    <\/div>\n                <\/div>\n             <\/div>\n                    <div class=\"clear\"><\/div>\n                <\/div>\n            <\/div><div class=\"text-center btnwrap\"><a class=\"btn btn-huttopia-cta\" href=\"https:\/\/www.camping-strasbourg\/es\/region\/\" role=\"button\" target=\"\" onclick=\"dataLayer.push({'event':'clickCity', 'clickText':'Descubre otras actividades'})\">Descubre otras actividades<\/a><\/div>[\/vc_column][\/vc_row][vc_row][vc_column]<div class=\"mflex imgmp\">\n                <div class=\"col-md-6 accordeonimg\" style=\"background-image: url(https:\/\/www.citykamp.com\/uploads\/2023\/10\/la-nature-a-deux-pas.jpeg)\">\n                    <img decoding=\"async\" src=\"https:\/\/www.citykamp.com\/uploads\/2023\/10\/la-nature-a-deux-pas.jpeg\" style=\"visibility: hidden;\" \/>\n                <\/div>\n                <div class=\"col-md-6 altbg gmcontent\">\n                    <div>\n                    <h2 class=\"istitlecolor gmtitle\">\u00a1La naturaleza a dos pasos de la ciudad!<\/h2>\n                    <div class=\"gmwrap\"><div class=\"col-sm-4 bwrap\">\n                    <span class=\"istitlecolor gmpicto ctk-train\"><\/span>\n                    <span class=\"gmlabel\">Estaci\u00f3n a 5 min<\/span>\n                  <\/div><div class=\"col-sm-4 bwrap\">\n                    <span class=\"istitlecolor gmpicto ctk-car\"><\/span>\n                    <span class=\"gmlabel\">A35 y E25 a 10 min<\/span>\n                  <\/div><div class=\"col-sm-4 bwrap\">\n                    <span class=\"istitlecolor gmpicto ctk-bus\"><\/span>\n                    <span class=\"gmlabel\">Pistes cyclables et transports en commun<\/span>\n                  <\/div><\/div>\n            <\/div>\n        <\/div>\n    <\/div>\n    <script>\n        let iconType = L.icon({\n            iconUrl: baseDirectory + '\/img\/pin.png',\n            iconSize: [22, 48],\n            iconAnchor: [11, 46],\n            popupAnchor: [0, -46]\n        });\n        let map = L.map('map', {\n            center: L.latLng(48.5751972, 7.716910200000029),\n            zoom: 10.8,\n            layers: [L.tileLayer('https:\/\/cartodb-basemaps-b.global.ssl.fastly.net\/light_all\/{z}\/{x}\/{y}.png', {\n                attribution: '&copy; <a href=\"https:\/\/www.openstreetmap.org\/copyright\">OpenStreetMap<\/a>'\n            })],\n            zoomSnap: 0.2\n        });\n        setTimeout(map.invalidateSize.bind(map), 100);\n        let contentString = '<div id=\"content\">' +\n            '<div id=\"siteNotice\">' +\n            '<\/div>' +\n            '<h4 id=\"firstHeading\" class=\"firstHeading\">\u00a1La naturaleza a dos pasos de la ciudad!<\/h4>' +\n            '<div id=\"bodyContent\">' +\n            '<p><\/p>' +\n            '<p><\/p>' +\n            '<\/div>' +\n            '<\/div>';\n        let marker = L.marker([48.5751972, 7.716910200000029], {icon: iconType}).addTo(map);\n        marker.bindPopup(contentString).openPopup();\n        let iwOuter = document.querySelector('.leaflet-popup-content-wrapper');\n        let iwArrow = document.querySelector('.leaflet-popup-tip');\n        iwOuter.style.backgroundColor = '';\n        iwArrow.style.backgroundColor = '';\n    <\/script>\n    [\/vc_column][\/vc_row][vc_row css=\u00bb.vc_custom_1519228284550{background-color: #b5b5b5 !important;}\u00bb][vc_column]<div class=\"wrappedcontent\">[vc_row_inner css=\u00bb.vc_custom_1519228889357{margin-top: -28px !important;margin-bottom: -28px !important;}\u00bb][vc_column_inner width=\u00bb1\/4&#8243;][vc_icon icon_fontawesome=\u00bbfa fa-lock\u00bb color=\u00bbwhite\u00bb align=\u00bbcenter\u00bb css=\u00bb.vc_custom_1519228857662{margin-top: -10px !important;margin-bottom: -10px !important;}\u00bb][vc_column_text]<\/p>\n<p style=\"text-align: center;\"><span style=\"color: #ffffff;\">Pago seguro<\/span><\/p>\n<p>[\/vc_column_text][\/vc_column_inner][vc_column_inner width=\u00bb1\/4&#8243;][vc_icon type=\u00bbmaterial\u00bb icon_material=\u00bbvc-material vc-material-local_parking\u00bb color=\u00bbwhite\u00bb align=\u00bbcenter\u00bb css=\u00bb.vc_custom_1519228864273{margin-top: -10px !important;margin-bottom: -10px !important;}\u00bb][vc_column_text]<\/p>\n<p style=\"text-align: center;\"><span style=\"color: #ffffff;\">Parking gratuito<\/span><\/p>\n<p>[\/vc_column_text][\/vc_column_inner][vc_column_inner width=\u00bb1\/4&#8243;][vc_icon type=\u00bbentypo\u00bb icon_entypo=\u00bbentypo-icon entypo-icon-back-in-time\u00bb color=\u00bbwhite\u00bb align=\u00bbcenter\u00bb css=\u00bb.vc_custom_1519228869480{margin-top: -10px !important;margin-bottom: -10px !important;}\u00bb][vc_column_text]<\/p>\n<p style=\"text-align: center;\"><span style=\"color: #ffffff;\">Recepci\u00f3n de lunes a domingo<\/span><\/p>\n<p>[\/vc_column_text][\/vc_column_inner][vc_column_inner width=\u00bb1\/4&#8243;][vc_icon icon_fontawesome=\u00bbfa fa-globe\u00bb color=\u00bbwhite\u00bb align=\u00bbcenter\u00bb css=\u00bb.vc_custom_1519228877923{margin-top: -10px !important;margin-bottom: -10px !important;}\u00bb][vc_column_text]<\/p>\n<p style=\"text-align: center;\"><span style=\"color: #ffffff;\">Multiling\u00fce<\/span><\/p>\n<p>[\/vc_column_text][\/vc_column_inner][\/vc_row_inner]<\/div>[\/vc_column][\/vc_row]<\/p>\n<\/div>","protected":false},"excerpt":{"rendered":"<p>[vc_row][vc_column][\/vc_column][\/vc_row][vc_row][vc_column][\/vc_column][\/vc_row][vc_row css=\u00bb.vc_custom_1519386117897{background-color: #e84e1b !important;}\u00bb][vc_column][\/vc_column][\/vc_row][vc_row][vc_column][\/vc_column][\/vc_row][vc_row][vc_column][\/vc_column][\/vc_row][vc_row css=\u00bb.vc_custom_1519228284550{background-color: #b5b5b5 !important;}\u00bb][vc_column][\/vc_column][\/vc_row]<\/p>\n","protected":false},"author":1,"featured_media":0,"parent":0,"menu_order":0,"comment_status":"closed","ping_status":"closed","template":"","meta":{"footnotes":""},"class_list":["post-741","page","type-page","status-publish","hentry"],"yoast_head":"<!-- This site is optimized with the Yoast SEO plugin v25.6 - https:\/\/yoast.com\/wordpress\/plugins\/seo\/ -->\n<title>Estrasburgo, destino de campamento en el coraz\u00f3n de Alsacia - CityKamp<\/title>\n<meta name=\"description\" content=\"Al\u00f3jate en la capital de Alsacia en un sitio verde y en un alojamiento confortable. Servicios de calidad est\u00e1n disponibles para facilitar su estad\u00eda. Descubre los tesoros de Estrasburgo, explora la ciudad en bicicleta y disfruta de su magia.\" \/>\n<meta name=\"robots\" content=\"index, follow, max-snippet:-1, max-image-preview:large, max-video-preview:-1\" \/>\n<link rel=\"canonical\" href=\"https:\/\/www.citykamp.com\/es\/estrasburgo\/\" \/>\n<meta property=\"og:locale\" content=\"es_ES\" \/>\n<meta property=\"og:type\" content=\"article\" \/>\n<meta property=\"og:title\" content=\"Estrasburgo, destino de campamento en el coraz\u00f3n de Alsacia - CityKamp\" \/>\n<meta property=\"og:description\" content=\"Al\u00f3jate en la capital de Alsacia en un sitio verde y en un alojamiento confortable. Servicios de calidad est\u00e1n disponibles para facilitar su estad\u00eda. Descubre los tesoros de Estrasburgo, explora la ciudad en bicicleta y disfruta de su magia.\" \/>\n<meta property=\"og:url\" content=\"https:\/\/www.citykamp.com\/es\/estrasburgo\/\" \/>\n<meta property=\"og:site_name\" content=\"Citykamp\" \/>\n<meta property=\"article:modified_time\" content=\"2023-10-23T15:56:51+00:00\" \/>\n<meta name=\"twitter:card\" content=\"summary_large_image\" \/>\n<meta name=\"twitter:label1\" content=\"Est. reading time\" \/>\n\t<meta name=\"twitter:data1\" content=\"3 minutos\" \/>\n<script type=\"application\/ld+json\" class=\"yoast-schema-graph\">{\"@context\":\"https:\/\/schema.org\",\"@graph\":[{\"@type\":\"WebPage\",\"@id\":\"https:\/\/www.citykamp.com\/es\/estrasburgo\/\",\"url\":\"https:\/\/www.citykamp.com\/es\/estrasburgo\/\",\"name\":\"Estrasburgo, destino de campamento en el coraz\u00f3n de Alsacia - CityKamp\",\"isPartOf\":{\"@id\":\"https:\/\/www.citykamp.com\/es\/#website\"},\"datePublished\":\"2018-02-12T10:33:48+00:00\",\"dateModified\":\"2023-10-23T15:56:51+00:00\",\"description\":\"Al\u00f3jate en la capital de Alsacia en un sitio verde y en un alojamiento confortable. Servicios de calidad est\u00e1n disponibles para facilitar su estad\u00eda. Descubre los tesoros de Estrasburgo, explora la ciudad en bicicleta y disfruta de su magia.\",\"breadcrumb\":{\"@id\":\"https:\/\/www.citykamp.com\/es\/estrasburgo\/#breadcrumb\"},\"inLanguage\":\"es\",\"potentialAction\":[{\"@type\":\"ReadAction\",\"target\":[\"https:\/\/www.citykamp.com\/es\/estrasburgo\/\"]}]},{\"@type\":\"BreadcrumbList\",\"@id\":\"https:\/\/www.citykamp.com\/es\/estrasburgo\/#breadcrumb\",\"itemListElement\":[{\"@type\":\"ListItem\",\"position\":1,\"name\":\"Accueil\",\"item\":\"https:\/\/www.citykamp.com\/es\/\"},{\"@type\":\"ListItem\",\"position\":2,\"name\":\"Estrasburgo\"}]},{\"@type\":\"WebSite\",\"@id\":\"https:\/\/www.citykamp.com\/es\/#website\",\"url\":\"https:\/\/www.citykamp.com\/es\/\",\"name\":\"Citykamp\",\"description\":\"Un site utilisant WordPress\",\"potentialAction\":[{\"@type\":\"SearchAction\",\"target\":{\"@type\":\"EntryPoint\",\"urlTemplate\":\"https:\/\/www.citykamp.com\/es\/?s={search_term_string}\"},\"query-input\":{\"@type\":\"PropertyValueSpecification\",\"valueRequired\":true,\"valueName\":\"search_term_string\"}}],\"inLanguage\":\"es\"}]}<\/script>\n<!-- \/ Yoast SEO plugin. -->","yoast_head_json":{"title":"Estrasburgo, destino de campamento en el coraz\u00f3n de Alsacia - CityKamp","description":"Al\u00f3jate en la capital de Alsacia en un sitio verde y en un alojamiento confortable. Servicios de calidad est\u00e1n disponibles para facilitar su estad\u00eda. Descubre los tesoros de Estrasburgo, explora la ciudad en bicicleta y disfruta de su magia.","robots":{"index":"index","follow":"follow","max-snippet":"max-snippet:-1","max-image-preview":"max-image-preview:large","max-video-preview":"max-video-preview:-1"},"canonical":"https:\/\/www.citykamp.com\/es\/estrasburgo\/","og_locale":"es_ES","og_type":"article","og_title":"Estrasburgo, destino de campamento en el coraz\u00f3n de Alsacia - CityKamp","og_description":"Al\u00f3jate en la capital de Alsacia en un sitio verde y en un alojamiento confortable. Servicios de calidad est\u00e1n disponibles para facilitar su estad\u00eda. Descubre los tesoros de Estrasburgo, explora la ciudad en bicicleta y disfruta de su magia.","og_url":"https:\/\/www.citykamp.com\/es\/estrasburgo\/","og_site_name":"Citykamp","article_modified_time":"2023-10-23T15:56:51+00:00","twitter_card":"summary_large_image","twitter_misc":{"Est. reading time":"3 minutos"},"schema":{"@context":"https:\/\/schema.org","@graph":[{"@type":"WebPage","@id":"https:\/\/www.citykamp.com\/es\/estrasburgo\/","url":"https:\/\/www.citykamp.com\/es\/estrasburgo\/","name":"Estrasburgo, destino de campamento en el coraz\u00f3n de Alsacia - CityKamp","isPartOf":{"@id":"https:\/\/www.citykamp.com\/es\/#website"},"datePublished":"2018-02-12T10:33:48+00:00","dateModified":"2023-10-23T15:56:51+00:00","description":"Al\u00f3jate en la capital de Alsacia en un sitio verde y en un alojamiento confortable. Servicios de calidad est\u00e1n disponibles para facilitar su estad\u00eda. Descubre los tesoros de Estrasburgo, explora la ciudad en bicicleta y disfruta de su magia.","breadcrumb":{"@id":"https:\/\/www.citykamp.com\/es\/estrasburgo\/#breadcrumb"},"inLanguage":"es","potentialAction":[{"@type":"ReadAction","target":["https:\/\/www.citykamp.com\/es\/estrasburgo\/"]}]},{"@type":"BreadcrumbList","@id":"https:\/\/www.citykamp.com\/es\/estrasburgo\/#breadcrumb","itemListElement":[{"@type":"ListItem","position":1,"name":"Accueil","item":"https:\/\/www.citykamp.com\/es\/"},{"@type":"ListItem","position":2,"name":"Estrasburgo"}]},{"@type":"WebSite","@id":"https:\/\/www.citykamp.com\/es\/#website","url":"https:\/\/www.citykamp.com\/es\/","name":"Citykamp","description":"Un site utilisant WordPress","potentialAction":[{"@type":"SearchAction","target":{"@type":"EntryPoint","urlTemplate":"https:\/\/www.citykamp.com\/es\/?s={search_term_string}"},"query-input":{"@type":"PropertyValueSpecification","valueRequired":true,"valueName":"search_term_string"}}],"inLanguage":"es"}]}},"_links":{"self":[{"href":"https:\/\/www.citykamp.com\/es\/wp-json\/wp\/v2\/pages\/741","targetHints":{"allow":["GET"]}}],"collection":[{"href":"https:\/\/www.citykamp.com\/es\/wp-json\/wp\/v2\/pages"}],"about":[{"href":"https:\/\/www.citykamp.com\/es\/wp-json\/wp\/v2\/types\/page"}],"author":[{"embeddable":true,"href":"https:\/\/www.citykamp.com\/es\/wp-json\/wp\/v2\/users\/1"}],"replies":[{"embeddable":true,"href":"https:\/\/www.citykamp.com\/es\/wp-json\/wp\/v2\/comments?post=741"}],"version-history":[{"count":3,"href":"https:\/\/www.citykamp.com\/es\/wp-json\/wp\/v2\/pages\/741\/revisions"}],"predecessor-version":[{"id":6797,"href":"https:\/\/www.citykamp.com\/es\/wp-json\/wp\/v2\/pages\/741\/revisions\/6797"}],"wp:attachment":[{"href":"https:\/\/www.citykamp.com\/es\/wp-json\/wp\/v2\/media?parent=741"}],"curies":[{"name":"wp","href":"https:\/\/api.w.org\/{rel}","templated":true}]}}