{"id":731,"date":"2018-02-12T11:33:27","date_gmt":"2018-02-12T10:33:27","guid":{"rendered":"http:\/\/www.citykamp.com\/es\/colmar10\/"},"modified":"2024-10-31T08:56:01","modified_gmt":"2024-10-31T07:56:01","slug":"colmar10","status":"publish","type":"page","link":"https:\/\/www.citykamp.com\/es\/colmar10\/","title":{"rendered":"Colmar"},"content":{"rendered":"<div class=\"wpb-content-wrapper\"><p>[vc_row][vc_column]<div class=\"imgheader\" style=\"background-image: url(https:\/\/www.citykamp.com\/uploads\/2023\/10\/citykamp-portail-colmar-header-1900x700.jpeg)\"><div class=\"wrapcontentraw\"><div class=\"incta\">\n                                    <div>\n                                        <a href=\"http:\/\/campingdelill.fr\/en\/\"><span class=\"cta1\">Destino<\/span>\n                                        <span class=\"cta2\">COLMAR<span class=\"ctk-arrow\"><\/span><\/span><\/a>\n                                    <\/div>\n                                  <\/div><\/div><\/div>[\/vc_column][\/vc_row][vc_row][vc_column]<div class=\"wrappedcontent\">[vc_column_text]<\/p>\n<h2>\u00a1A 2\u00a0km del centro de Colmar, en Horbourg Wihr!<\/h2>\n<p>[\/vc_column_text][vc_empty_space][vc_row_inner gap=\u00bb30&#8243;][vc_column_inner width=\u00bb1\/4&#8243;][vc_masonry_media_grid element_width=\u00bb12&#8243; gap=\u00bb0&#8243; item=\u00bb164&#8243; grid_id=\u00bbvc_gid:1730361405377-dac3e597-1607-5&#8243; include=\u00bb6079&#8243;][vc_empty_space height=\u00bb16px\u00bb][vc_column_text]<\/p>\n<h5 style=\"text-align: left\">Un marco \u00fanico a orillas del r\u00edo de Ill<\/h5>\n<p style=\"text-align: left\">\u00a1Acampa en mitad de la naturaleza, a orillas del r\u00edo Ill con tu caravana, tienda o autocaravana en unas bonitas parcelas, a dos pasos de la ciudad! El placer de recargar pilas en un entorno verde.<\/p>\n<p>[\/vc_column_text][\/vc_column_inner][vc_column_inner width=\u00bb1\/4&#8243;][vc_masonry_media_grid element_width=\u00bb12&#8243; gap=\u00bb0&#8243; item=\u00bb164&#8243; grid_id=\u00bbvc_gid:1730361405378-0082e362-d9e0-6&#8243; include=\u00bb6085&#8243;][vc_empty_space height=\u00bb16px\u00bb][vc_column_text]<\/p>\n<h5 style=\"text-align: left\">Una ubicaci\u00f3n privilegiada para salir a descubrir Colmar<\/h5>\n<p>Alquila tu bici en el camping y visita el centro de la ciudad de Colmar a unos minutos, gracias al carril bici a la salida del camping.[\/vc_column_text][\/vc_column_inner][vc_column_inner width=\u00bb1\/4&#8243;][vc_masonry_media_grid element_width=\u00bb12&#8243; gap=\u00bb0&#8243; item=\u00bb164&#8243; grid_id=\u00bbvc_gid:1730361405379-a422bf20-e5e8-1&#8243; include=\u00bb6091&#8243;][vc_empty_space height=\u00bb16px\u00bb][vc_column_text]<\/p>\n<h5 style=\"text-align: left\">Servicios de calidad para una estancia sin limitaciones<\/h5>\n<p>Restaurante, wifi, zona de lavander\u00eda, alquiler de s\u00e1banas y toallas&#8230; \u00a1En el camping de Colmar, disfruta de much\u00edsimos <span style=\"color: #e84e1b\"><a style=\"color: #e84e1b\" href=\"http:\/\/www.citykamp.com\/es\/servicios\/\" target=\"_blank\" rel=\"noopener noreferrer\">servicios<\/a><\/span>![\/vc_column_text][\/vc_column_inner][vc_column_inner width=\u00bb1\/4&#8243;][vc_masonry_media_grid element_width=\u00bb12&#8243; gap=\u00bb0&#8243; item=\u00bb164&#8243; grid_id=\u00bbvc_gid:1730361405380-9f3ad44b-6493-4&#8243; include=\u00bb6097&#8243;][vc_empty_space height=\u00bb16px\u00bb][vc_column_text]<\/p>\n<h5 style=\"text-align: left\">Alojamientos con todas las comodidades<\/h5>\n<p>Bonitos <span style=\"color: #e84e1b\"><a style=\"color: #e84e1b\" href=\"http:\/\/www.citykamp.com\/es\/alojamientos\" target=\"_blank\" rel=\"noopener noreferrer\">chalets de madera<\/a><\/span>, casas m\u00f3viles totalmente equipados, tiendas Toile &amp; Bois perfectamente integrados en la naturaleza. \u00a1Cada uno con su estilo![\/vc_column_text][\/vc_column_inner][\/vc_row_inner][vc_empty_space]<div class=\"text-center btnwrap\"><a class=\"btn btn-huttopia-cta\" href=\"https:\/\/www.campingdelill.fr\/en\/\" role=\"button\" target=\"\" onclick=\"dataLayer.push({'event':'clickCity', 'clickText':'Descubre este destino'})\">Descubre este destino<\/a><\/div><\/div>[\/vc_column][\/vc_row][vc_row css=\u00bb.vc_custom_1519294602338{background-color: #e84e1b !important;}\u00bb][vc_column]<div class=\"wrappedcontent\">[vc_column_text]<\/p>\n<h2><span style=\"color: #ffffff\">\u00a1En el camping, todo est\u00e1 pensado para simplificarte la vida!<\/span><\/h2>\n<p>[\/vc_column_text][vc_empty_space][vc_masonry_media_grid gap=\u00bb25&#8243; item=\u00bb164&#8243; grid_id=\u00bbvc_gid:1730361405381-5af9a5a2-4709-4&#8243; include=\u00bb6103,6109,6115&#8243;][vc_empty_space height=\u00bb50px\u00bb][vc_row_inner css=\u00bb.vc_custom_1519232584497{margin-top: -28px !important;margin-bottom: -28px !important;}\u00bb][vc_column_inner width=\u00bb1\/6&#8243;][vc_icon type=\u00bbtypicons\u00bb icon_typicons=\u00bbtypcn typcn-wi-fi\u00bb color=\u00bbwhite\u00bb align=\u00bbcenter\u00bb css=\u00bb.vc_custom_1519294644198{margin-top: -10px !important;margin-bottom: -10px !important;}\u00bb][vc_column_text]<\/p>\n<p style=\"text-align: center\"><strong><span style=\"color: #ffffff\">Wifi gratuito<\/span><\/strong><\/p>\n<p>[\/vc_column_text][\/vc_column_inner][vc_column_inner width=\u00bb1\/6&#8243;][vc_icon type=\u00bbmaterial\u00bb icon_material=\u00bbvc-material vc-material-local_parking\u00bb color=\u00bbwhite\u00bb align=\u00bbcenter\u00bb css=\u00bb.vc_custom_1519232596826{margin-top: -10px !important;margin-bottom: -10px !important;}\u00bb][vc_column_text]<\/p>\n<p style=\"text-align: center\"><strong><span style=\"color: #ffffff\">Parking gratuito<\/span><\/strong><\/p>\n<p>[\/vc_column_text][\/vc_column_inner][vc_column_inner width=\u00bb1\/6&#8243;][vc_icon icon_fontawesome=\u00bbfa fa-bed\u00bb color=\u00bbwhite\u00bb align=\u00bbcenter\u00bb css=\u00bb.vc_custom_1519295029723{margin-top: -10px !important;margin-bottom: -10px !important;}\u00bb][vc_column_text css=\u00bb\u00bb]<\/p>\n<p style=\"text-align: center\"><strong><span style=\"color: #ffffff\">S\u00e1banas y toallas incluidas<\/span><\/strong><\/p>\n<p>[\/vc_column_text][\/vc_column_inner][vc_column_inner width=\u00bb1\/6&#8243;][vc_icon type=\u00bbmaterial\u00bb icon_material=\u00bbvc-material vc-material-restaurant\u00bb color=\u00bbwhite\u00bb align=\u00bbcenter\u00bb css=\u00bb.vc_custom_1519294700406{margin-top: -10px !important;margin-bottom: -10px !important;}\u00bb][vc_column_text]<\/p>\n<p style=\"text-align: center\"><strong><span style=\"color: #ffffff\">Restauraci\u00f3n<\/span><\/strong><\/p>\n<p>[\/vc_column_text][\/vc_column_inner][vc_column_inner width=\u00bb1\/6&#8243;][vc_icon type=\u00bbmaterial\u00bb icon_material=\u00bbvc-material vc-material-pool\u00bb color=\u00bbwhite\u00bb align=\u00bbcenter\u00bb css=\u00bb.vc_custom_1519294879774{margin-top: -10px !important;margin-bottom: -10px !important;}\u00bb][vc_column_text]<\/p>\n<p style=\"text-align: center\"><span style=\"color: #ffffff\"><strong>Piscina climatizada<\/strong><\/span><br \/>\n<span style=\"font-size: 10pt;color: #ffffff\"> Seg\u00fan la temporada<\/span><\/p>\n<p>[\/vc_column_text][\/vc_column_inner][vc_column_inner width=\u00bb1\/6&#8243;][vc_icon type=\u00bbentypo\u00bb icon_entypo=\u00bbentypo-icon entypo-icon-plus-circled\u00bb color=\u00bbwhite\u00bb align=\u00bbcenter\u00bb css=\u00bb.vc_custom_1521714874025{margin-top: -10px !important;margin-bottom: -10px !important;}\u00bb link=\u00bburl:http%3A%2F%2Fwww.citykamp.com%2Fes%2Fservicios%2F||target:%20_blank|\u00bb][vc_column_text]<\/p>\n<p style=\"text-align: center\"><span style=\"color: #ffffff\"><strong>VER M\u00c1S<\/strong><\/span><\/p>\n<p>[\/vc_column_text][\/vc_column_inner][\/vc_row_inner]<\/div>[\/vc_column][\/vc_row][vc_row][vc_column]<div class=\"wrapcontentraw\">\n                <h2 class=\"hmargin\">Cerca del camping<\/h2>\n                <div class=\"allsites\">\n                    <div class=\"col-md-6 swrap\">\n                <div>\n                    <div class=\"simg\">\n                        <div class=\"stitle\">Centre-ville<\/div>\n                        <img decoding=\"async\" src=\"https:\/\/www.citykamp.com\/uploads\/2023\/10\/citykamp-portail-colmar-petite-vennise-500x350.jpeg\" alt=\"citykamp-portail-colmar-petite-vennise\"\/>\n                    <\/div>\n                    <div class=\"ibcontent ibflex\">\n                        <div class=\"ibin1\">Recorre las calles de la Peque\u00f1a Venecia para descubrir sus mercados, su gastronom\u00eda, sus casas con entramados\u2026<\/div>\n                        <div class=\"ibin2\">\n                            <a>\n                                <div class=\"iblink isaltbgcolor\"><span class=\"sdist\"><span class=\"ctk-man\"><\/span><span class=\"thdist\">2,6 km<\/span><\/span><\/div>\n                            <\/a>\n                        <\/div>\n                        <div class=\"clear\"><\/div>\n                    <\/div>\n                <\/div>\n             <\/div><div class=\"col-md-6 swrap\">\n                <div>\n                    <div class=\"simg\">\n                        <div class=\"stitle\">March\u00e9 de No\u00ebl<\/div>\n                        <img decoding=\"async\" src=\"https:\/\/www.citykamp.com\/uploads\/2023\/10\/citykamp-portail-colmar-marche-de-noel-500x350.jpeg\" alt=\"citykamp-portail-colmar-marche-de-noel\"\/>\n                    <\/div>\n                    <div class=\"ibcontent ibflex\">\n                        <div class=\"ibin1\">Sucumbe a los encantos de unos de los mercados de Navidad m\u00e1s hermosos del mundo\u2026 Una instituci\u00f3n de ensue\u00f1o<\/div>\n                        <div class=\"ibin2\">\n                            <a>\n                                <div class=\"iblink isaltbgcolor\"><span class=\"sdist\"><span class=\"ctk-man\"><\/span><span class=\"thdist\">2,3 km<\/span><\/span><\/div>\n                            <\/a>\n                        <\/div>\n                        <div class=\"clear\"><\/div>\n                    <\/div>\n                <\/div>\n             <\/div><div class=\"col-md-6 swrap\">\n                <div>\n                    <div class=\"simg\">\n                        <div class=\"stitle\">Route des vins alsaciens<\/div>\n                        <img decoding=\"async\" src=\"https:\/\/www.citykamp.com\/uploads\/2023\/10\/citykamp-portail-colmar-route-des-vins-500x350.jpeg\" alt=\"citykamp-portail-colmar-route-des-vins\"\/>\n                    <\/div>\n                    <div class=\"ibcontent ibflex\">\n                        <div class=\"ibin1\">Recorre la ruta de los vinos y degusta los famosos caldos de Alsacia: Riesling, Pinot gris, Gewurztraminer\u2026<\/div>\n                        <div class=\"ibin2\">\n                            <a>\n                                <div class=\"iblink isaltbgcolor\"><span class=\"sdist\"><span class=\"ctk-man\"><\/span><span class=\"thdist\">10 km<\/span><\/span><\/div>\n                            <\/a>\n                        <\/div>\n                        <div class=\"clear\"><\/div>\n                    <\/div>\n                <\/div>\n             <\/div><div class=\"col-md-6 swrap\">\n                <div>\n                    <div class=\"simg\">\n                        <div class=\"stitle\">Mus\u00e9e Unterlinden<\/div>\n                        <img decoding=\"async\" src=\"https:\/\/www.citykamp.com\/uploads\/2023\/10\/citykamp_portail_colmar_musee_unterlinden-500x350.jpg\" alt=\"citykamp_portail_colmar_musee_unterlinden\"\/>\n                    <\/div>\n                    <div class=\"ibcontent ibflex\">\n                        <div class=\"ibin1\">Visita el museo Unterlinden, uno de los museos de bellas artes m\u00e1s visitados de la provincia<\/div>\n                        <div class=\"ibin2\">\n                            <a>\n                                <div class=\"iblink isaltbgcolor\"><span class=\"sdist\"><span class=\"ctk-man\"><\/span><span class=\"thdist\">2,8 km<\/span><\/span><\/div>\n                            <\/a>\n                        <\/div>\n                        <div class=\"clear\"><\/div>\n                    <\/div>\n                <\/div>\n             <\/div>\n                    <div class=\"clear\"><\/div>\n                <\/div>\n            <\/div><div class=\"text-center btnwrap\"><a class=\"btn btn-huttopia-cta\" href=\"https:\/\/www.campingdelill.fr\/en\/region\/\" role=\"button\" target=\"\" onclick=\"dataLayer.push({'event':'clickCity', 'clickText':'Descubre otras actividades'})\">Descubre otras actividades<\/a><\/div>[\/vc_column][\/vc_row][vc_row][vc_column]<div class=\"mflex imgmp\">\n                <div class=\"col-md-6 accordeonimg\" style=\"background-image: url(https:\/\/www.citykamp.com\/uploads\/2023\/10\/citykamp-portail-colmar-ville-transports.jpeg)\">\n                    <img decoding=\"async\" src=\"https:\/\/www.citykamp.com\/uploads\/2023\/10\/citykamp-portail-colmar-ville-transports.jpeg\" style=\"visibility: hidden;\" \/>\n                <\/div>\n                <div class=\"col-md-6 altbg gmcontent\">\n                    <div>\n                    <h2 class=\"istitlecolor gmtitle\">Alsacia te da la mano...<\/h2>\n                    <div class=\"gmwrap\"><div class=\"col-sm-4 bwrap\">\n                    <span class=\"istitlecolor gmpicto ctk-train\"><\/span>\n                    <span class=\"gmlabel\">Estaci\u00f3n a 10 min<\/span>\n                  <\/div><div class=\"col-sm-4 bwrap\">\n                    <span class=\"istitlecolor gmpicto ctk-car\"><\/span>\n                    <span class=\"gmlabel\">A35 a 6 min<\/span>\n                  <\/div><div class=\"col-sm-4 bwrap\">\n                    <span class=\"istitlecolor gmpicto ctk-bus\"><\/span>\n                    <span class=\"gmlabel\">Carriles bici y transporte p\u00fablico<\/span>\n                  <\/div><\/div>\n            <\/div>\n        <\/div>\n    <\/div>\n    <script>\n        let iconType = L.icon({\n            iconUrl: baseDirectory + '\/img\/pin.png',\n            iconSize: [22, 48],\n            iconAnchor: [11, 46],\n            popupAnchor: [0, -46]\n        });\n        let map = L.map('map', {\n            center: L.latLng(48.0791101, 7.386474700000008),\n            zoom: 10.8,\n            layers: [L.tileLayer('https:\/\/cartodb-basemaps-b.global.ssl.fastly.net\/light_all\/{z}\/{x}\/{y}.png', {\n                attribution: '&copy; <a href=\"https:\/\/www.openstreetmap.org\/copyright\">OpenStreetMap<\/a>'\n            })],\n            zoomSnap: 0.2\n        });\n        setTimeout(map.invalidateSize.bind(map), 100);\n        let contentString = '<div id=\"content\">' +\n            '<div id=\"siteNotice\">' +\n            '<\/div>' +\n            '<h4 id=\"firstHeading\" class=\"firstHeading\">Alsacia te da la mano...<\/h4>' +\n            '<div id=\"bodyContent\">' +\n            '<p><\/p>' +\n            '<p><\/p>' +\n            '<\/div>' +\n            '<\/div>';\n        let marker = L.marker([48.0791101, 7.386474700000008], {icon: iconType}).addTo(map);\n        marker.bindPopup(contentString).openPopup();\n        let iwOuter = document.querySelector('.leaflet-popup-content-wrapper');\n        let iwArrow = document.querySelector('.leaflet-popup-tip');\n        iwOuter.style.backgroundColor = '';\n        iwArrow.style.backgroundColor = '';\n    <\/script>\n    [\/vc_column][\/vc_row][vc_row css=\u00bb.vc_custom_1519223873275{background-color: #b5b5b5 !important;}\u00bb][vc_column]<div class=\"wrappedcontent\">[vc_row_inner css=\u00bb.vc_custom_1519232584497{margin-top: -28px !important;margin-bottom: -28px !important;}\u00bb][vc_column_inner width=\u00bb1\/4&#8243;][vc_icon icon_fontawesome=\u00bbfa fa-lock\u00bb color=\u00bbwhite\u00bb align=\u00bbcenter\u00bb css=\u00bb.vc_custom_1519232590898{margin-top: -10px !important;margin-bottom: -10px !important;}\u00bb][vc_column_text]<\/p>\n<p style=\"text-align: center\"><span style=\"color: #ffffff\">Pago seguro<\/span><\/p>\n<p>[\/vc_column_text][\/vc_column_inner][vc_column_inner width=\u00bb1\/4&#8243;][vc_icon type=\u00bbmaterial\u00bb icon_material=\u00bbvc-material vc-material-local_parking\u00bb color=\u00bbwhite\u00bb align=\u00bbcenter\u00bb css=\u00bb.vc_custom_1519232596826{margin-top: -10px !important;margin-bottom: -10px !important;}\u00bb][vc_column_text]<\/p>\n<p style=\"text-align: center\"><span style=\"color: #ffffff\">Parking gratuito<\/span><\/p>\n<p>[\/vc_column_text][\/vc_column_inner][vc_column_inner width=\u00bb1\/4&#8243;][vc_icon type=\u00bbentypo\u00bb icon_entypo=\u00bbentypo-icon entypo-icon-back-in-time\u00bb color=\u00bbwhite\u00bb align=\u00bbcenter\u00bb css=\u00bb.vc_custom_1519232602964{margin-top: -10px !important;margin-bottom: -10px !important;}\u00bb][vc_column_text]<\/p>\n<p style=\"text-align: center\"><span style=\"color: #ffffff\">Recepci\u00f3n de lunes a domingo<\/span><\/p>\n<p>[\/vc_column_text][\/vc_column_inner][vc_column_inner width=\u00bb1\/4&#8243;][vc_icon icon_fontawesome=\u00bbfa fa-globe\u00bb color=\u00bbwhite\u00bb align=\u00bbcenter\u00bb css=\u00bb.vc_custom_1519232609125{margin-top: -10px !important;margin-bottom: -10px !important;}\u00bb][vc_column_text]<\/p>\n<p style=\"text-align: center\"><span style=\"color: #ffffff\">Multiling\u00fce<\/span><\/p>\n<p>[\/vc_column_text][\/vc_column_inner][\/vc_row_inner]<\/div>[\/vc_column][\/vc_row]<\/p>\n<\/div>","protected":false},"excerpt":{"rendered":"<p>[vc_row][vc_column][\/vc_column][\/vc_row][vc_row][vc_column][\/vc_column][\/vc_row][vc_row css=\u00bb.vc_custom_1519294602338{background-color: #e84e1b !important;}\u00bb][vc_column][\/vc_column][\/vc_row][vc_row][vc_column][\/vc_column][\/vc_row][vc_row][vc_column][\/vc_column][\/vc_row][vc_row css=\u00bb.vc_custom_1519223873275{background-color: #b5b5b5 !important;}\u00bb][vc_column][\/vc_column][\/vc_row]<\/p>\n","protected":false},"author":1,"featured_media":0,"parent":0,"menu_order":0,"comment_status":"closed","ping_status":"closed","template":"","meta":{"footnotes":""},"class_list":["post-731","page","type-page","status-publish","hentry"],"yoast_head":"<!-- This site is optimized with the Yoast SEO plugin v25.6 - https:\/\/yoast.com\/wordpress\/plugins\/seo\/ -->\n<title>Colmar, destino de camping en Alsacia, cerca del centro de la ciudad - CityKamp<\/title>\n<meta name=\"description\" content=\"Permanezca a orillas del r\u00edo Ill, en un entorno \u00fanico. Alojamiento c\u00f3modo, servicios de calidad para simplificar su estancia ... Vaya al descubrimiento de Colmar y disfrute de una escapada en la naturaleza cerca de la ciudad.\" \/>\n<meta name=\"robots\" content=\"index, follow, max-snippet:-1, max-image-preview:large, max-video-preview:-1\" \/>\n<link rel=\"canonical\" href=\"https:\/\/www.citykamp.com\/es\/colmar10\/\" \/>\n<meta property=\"og:locale\" content=\"es_ES\" \/>\n<meta property=\"og:type\" content=\"article\" \/>\n<meta property=\"og:title\" content=\"Colmar, destino de camping en Alsacia, cerca del centro de la ciudad - CityKamp\" \/>\n<meta property=\"og:description\" content=\"Permanezca a orillas del r\u00edo Ill, en un entorno \u00fanico. Alojamiento c\u00f3modo, servicios de calidad para simplificar su estancia ... Vaya al descubrimiento de Colmar y disfrute de una escapada en la naturaleza cerca de la ciudad.\" \/>\n<meta property=\"og:url\" content=\"https:\/\/www.citykamp.com\/es\/colmar10\/\" \/>\n<meta property=\"og:site_name\" content=\"Citykamp\" \/>\n<meta property=\"article:modified_time\" content=\"2024-10-31T07:56:01+00:00\" \/>\n<meta name=\"twitter:card\" content=\"summary_large_image\" \/>\n<meta name=\"twitter:label1\" content=\"Est. reading time\" \/>\n\t<meta name=\"twitter:data1\" content=\"5 minutos\" \/>\n<script type=\"application\/ld+json\" class=\"yoast-schema-graph\">{\"@context\":\"https:\/\/schema.org\",\"@graph\":[{\"@type\":\"WebPage\",\"@id\":\"https:\/\/www.citykamp.com\/es\/colmar10\/\",\"url\":\"https:\/\/www.citykamp.com\/es\/colmar10\/\",\"name\":\"Colmar, destino de camping en Alsacia, cerca del centro de la ciudad - CityKamp\",\"isPartOf\":{\"@id\":\"https:\/\/www.citykamp.com\/es\/#website\"},\"datePublished\":\"2018-02-12T10:33:27+00:00\",\"dateModified\":\"2024-10-31T07:56:01+00:00\",\"description\":\"Permanezca a orillas del r\u00edo Ill, en un entorno \u00fanico. Alojamiento c\u00f3modo, servicios de calidad para simplificar su estancia ... Vaya al descubrimiento de Colmar y disfrute de una escapada en la naturaleza cerca de la ciudad.\",\"breadcrumb\":{\"@id\":\"https:\/\/www.citykamp.com\/es\/colmar10\/#breadcrumb\"},\"inLanguage\":\"es\",\"potentialAction\":[{\"@type\":\"ReadAction\",\"target\":[\"https:\/\/www.citykamp.com\/es\/colmar10\/\"]}]},{\"@type\":\"BreadcrumbList\",\"@id\":\"https:\/\/www.citykamp.com\/es\/colmar10\/#breadcrumb\",\"itemListElement\":[{\"@type\":\"ListItem\",\"position\":1,\"name\":\"Accueil\",\"item\":\"https:\/\/www.citykamp.com\/es\/\"},{\"@type\":\"ListItem\",\"position\":2,\"name\":\"Colmar\"}]},{\"@type\":\"WebSite\",\"@id\":\"https:\/\/www.citykamp.com\/es\/#website\",\"url\":\"https:\/\/www.citykamp.com\/es\/\",\"name\":\"Citykamp\",\"description\":\"Un site utilisant WordPress\",\"potentialAction\":[{\"@type\":\"SearchAction\",\"target\":{\"@type\":\"EntryPoint\",\"urlTemplate\":\"https:\/\/www.citykamp.com\/es\/?s={search_term_string}\"},\"query-input\":{\"@type\":\"PropertyValueSpecification\",\"valueRequired\":true,\"valueName\":\"search_term_string\"}}],\"inLanguage\":\"es\"}]}<\/script>\n<!-- \/ Yoast SEO plugin. -->","yoast_head_json":{"title":"Colmar, destino de camping en Alsacia, cerca del centro de la ciudad - CityKamp","description":"Permanezca a orillas del r\u00edo Ill, en un entorno \u00fanico. Alojamiento c\u00f3modo, servicios de calidad para simplificar su estancia ... Vaya al descubrimiento de Colmar y disfrute de una escapada en la naturaleza cerca de la ciudad.","robots":{"index":"index","follow":"follow","max-snippet":"max-snippet:-1","max-image-preview":"max-image-preview:large","max-video-preview":"max-video-preview:-1"},"canonical":"https:\/\/www.citykamp.com\/es\/colmar10\/","og_locale":"es_ES","og_type":"article","og_title":"Colmar, destino de camping en Alsacia, cerca del centro de la ciudad - CityKamp","og_description":"Permanezca a orillas del r\u00edo Ill, en un entorno \u00fanico. Alojamiento c\u00f3modo, servicios de calidad para simplificar su estancia ... Vaya al descubrimiento de Colmar y disfrute de una escapada en la naturaleza cerca de la ciudad.","og_url":"https:\/\/www.citykamp.com\/es\/colmar10\/","og_site_name":"Citykamp","article_modified_time":"2024-10-31T07:56:01+00:00","twitter_card":"summary_large_image","twitter_misc":{"Est. reading time":"5 minutos"},"schema":{"@context":"https:\/\/schema.org","@graph":[{"@type":"WebPage","@id":"https:\/\/www.citykamp.com\/es\/colmar10\/","url":"https:\/\/www.citykamp.com\/es\/colmar10\/","name":"Colmar, destino de camping en Alsacia, cerca del centro de la ciudad - CityKamp","isPartOf":{"@id":"https:\/\/www.citykamp.com\/es\/#website"},"datePublished":"2018-02-12T10:33:27+00:00","dateModified":"2024-10-31T07:56:01+00:00","description":"Permanezca a orillas del r\u00edo Ill, en un entorno \u00fanico. Alojamiento c\u00f3modo, servicios de calidad para simplificar su estancia ... Vaya al descubrimiento de Colmar y disfrute de una escapada en la naturaleza cerca de la ciudad.","breadcrumb":{"@id":"https:\/\/www.citykamp.com\/es\/colmar10\/#breadcrumb"},"inLanguage":"es","potentialAction":[{"@type":"ReadAction","target":["https:\/\/www.citykamp.com\/es\/colmar10\/"]}]},{"@type":"BreadcrumbList","@id":"https:\/\/www.citykamp.com\/es\/colmar10\/#breadcrumb","itemListElement":[{"@type":"ListItem","position":1,"name":"Accueil","item":"https:\/\/www.citykamp.com\/es\/"},{"@type":"ListItem","position":2,"name":"Colmar"}]},{"@type":"WebSite","@id":"https:\/\/www.citykamp.com\/es\/#website","url":"https:\/\/www.citykamp.com\/es\/","name":"Citykamp","description":"Un site utilisant WordPress","potentialAction":[{"@type":"SearchAction","target":{"@type":"EntryPoint","urlTemplate":"https:\/\/www.citykamp.com\/es\/?s={search_term_string}"},"query-input":{"@type":"PropertyValueSpecification","valueRequired":true,"valueName":"search_term_string"}}],"inLanguage":"es"}]}},"_links":{"self":[{"href":"https:\/\/www.citykamp.com\/es\/wp-json\/wp\/v2\/pages\/731","targetHints":{"allow":["GET"]}}],"collection":[{"href":"https:\/\/www.citykamp.com\/es\/wp-json\/wp\/v2\/pages"}],"about":[{"href":"https:\/\/www.citykamp.com\/es\/wp-json\/wp\/v2\/types\/page"}],"author":[{"embeddable":true,"href":"https:\/\/www.citykamp.com\/es\/wp-json\/wp\/v2\/users\/1"}],"replies":[{"embeddable":true,"href":"https:\/\/www.citykamp.com\/es\/wp-json\/wp\/v2\/comments?post=731"}],"version-history":[{"count":4,"href":"https:\/\/www.citykamp.com\/es\/wp-json\/wp\/v2\/pages\/731\/revisions"}],"predecessor-version":[{"id":7117,"href":"https:\/\/www.citykamp.com\/es\/wp-json\/wp\/v2\/pages\/731\/revisions\/7117"}],"wp:attachment":[{"href":"https:\/\/www.citykamp.com\/es\/wp-json\/wp\/v2\/media?parent=731"}],"curies":[{"name":"wp","href":"https:\/\/api.w.org\/{rel}","templated":true}]}}