{"id":7274,"date":"2025-01-08T10:19:13","date_gmt":"2025-01-08T09:19:13","guid":{"rendered":"https:\/\/www.citykamp.com\/?page_id=7274"},"modified":"2025-10-21T10:21:49","modified_gmt":"2025-10-21T08:21:49","slug":"aix-en-provence","status":"publish","type":"page","link":"https:\/\/www.citykamp.com\/es\/aix-en-provence\/","title":{"rendered":"Aix-en-Provence"},"content":{"rendered":"<div class=\"wpb-content-wrapper\"><p>[vc_row][vc_column]<div class=\"imgheader\" style=\"background-image: url(https:\/\/www.citykamp.com\/uploads\/2025\/09\/header-1900x700.jpg)\"><div class=\"wrapcontentraw\"><div class=\"incta\">\n                                    <div>\n                                        <a href=\"https:\/\/www.camping-aix-en-provence.com\/es\/\"><span class=\"cta1\">Destino<\/span>\n                                        <span class=\"cta2\">AIX-EN-PROVENCE<span class=\"ctk-arrow\"><\/span><\/span><\/a>\n                                    <\/div>\n                                  <\/div><\/div><\/div>[\/vc_column][\/vc_row][vc_row css=\u00bb.vc_custom_1732875337336{margin-left: -0.5px !important;}\u00bb][vc_column]<div class=\"wrappedcontent\">[vc_column_text css=\u00bb\u00bb]<\/p>\n<h2>En el coraz\u00f3n de la Provenza, a dos pasos del centro de la ciudad!<\/h2>\n<p>[\/vc_column_text][vc_empty_space][vc_row_inner gap=\u00bb30&#8243; css=\u00bb.vc_custom_1732875862105{margin-left: -0.5px !important;}\u00bb][vc_column_inner width=\u00bb1\/4&#8243;][vc_masonry_media_grid element_width=\u00bb12&#8243; gap=\u00bb0&#8243; css=\u00bb\u00bb grid_id=\u00bbvc_gid:1757318432423-9860fe26-3b41-10&#8243; include=\u00bb7168&#8243;][vc_empty_space height=\u00bb16px\u00bb][vc_column_text css=\u00bb\u00bb]<\/p>\n<h5>\u00a1Explora la capital de la Provenza!<\/h5>\n<p>Aix-en-Provence, situada en el coraz\u00f3n de la Provenza, enamora con su encanto atemporal a todos los que la visitan desde hace generaciones. Con sus soleadas callejuelas, sus impresionantes monumentos y sus museos de prestigio internacional, esta ciudad promete una experiencia memorable a cualquier viajero.[\/vc_column_text][\/vc_column_inner][vc_column_inner width=\u00bb1\/4&#8243;][vc_masonry_media_grid element_width=\u00bb12&#8243; gap=\u00bb0&#8243; css=\u00bb\u00bb grid_id=\u00bbvc_gid:1757318432428-ca8a0764-a2f0-9&#8243; include=\u00bb7174&#8243;][vc_empty_space height=\u00bb16px\u00bb][vc_column_text css=\u00bb\u00bb]<\/p>\n<h5>Duerme frente al macizo de Sainte-Victoire<\/h5>\n<p>En el Camping d\u2019Aix-en-Provence puedes elegir entre nuestros alojamientos con todas las comodidades, con capacidad para 6 personas, o nuestras amplias parcelas equipadas para tiendas, caravanas y autocaravanas. Descubre un parque provenzal de 10 hect\u00e1reas, en un entorno aut\u00e9ntico y apacible, perfecto para disfrutar a tope de la naturaleza y la tranquilidad que lo rodean.[\/vc_column_text][\/vc_column_inner][vc_column_inner width=\u00bb1\/4&#8243;][vc_masonry_media_grid element_width=\u00bb12&#8243; gap=\u00bb0&#8243; css=\u00bb\u00bb grid_id=\u00bbvc_gid:1757318432431-99b0b85f-0d46-7&#8243; include=\u00bb7565&#8243;][vc_empty_space height=\u00bb16px\u00bb][vc_column_text css=\u00bb\u00bb]<\/p>\n<h5>Momentos en familia para recargar las pilas<\/h5>\n<p>Disfruta de una piscina climatizada, partidas de petanca, zona de juego para los ni\u00f1os y animados conciertos. Descubre el casco antiguo de Aix-en-Provence, a solo 10 minutos en bici desde el camping. \u00a1Te esperan un mont\u00f3n de actividades de relax y entretenimiento en familia![\/vc_column_text][\/vc_column_inner][vc_column_inner width=\u00bb1\/4&#8243;][vc_masonry_media_grid element_width=\u00bb12&#8243; gap=\u00bb0&#8243; css=\u00bb\u00bb grid_id=\u00bbvc_gid:1757318432433-34e218c0-841e-9&#8243; include=\u00bb7572&#8243;][vc_empty_space height=\u00bb16px\u00bb][vc_column_text css=\u00bb\u00bb]<\/p>\n<h5>Servicios pensados para tu comodidad<\/h5>\n<p>Disfruta del placer de comer en familia gracias a nuestro servicio de restauraci\u00f3n, haz las compras de \u00faltima hora en nuestra tienda de productos locales y despreoc\u00fapate alquilando las s\u00e1banas y las toallas, \u00a1viaja ligero! \u00a1Todo est\u00e1 pensado para facilitar tu estancia![\/vc_column_text][\/vc_column_inner][\/vc_row_inner][vc_empty_space]<div class=\"text-center btnwrap\"><a class=\"btn btn-huttopia-cta\" href=\"https:\/\/www.camping-aix-en-provence.com\/es\/\" role=\"button\" target=\"\" onclick=\"dataLayer.push({'event':'clickCity', 'clickText':'Descubre este destino'})\">Descubre este destino<\/a><\/div><\/div>[\/vc_column][\/vc_row][vc_row css=\u00bb.vc_custom_1732875331184{margin-left: -0.5px !important;background-color: #E84E1B !important;}\u00bb][vc_column]<div class=\"wrappedcontent\">[vc_column_text css=\u00bb\u00bb]<\/p>\n<h2><span style=\"color: #ffffff;\">\u00a1Trabajamos para ofrecerte una estancia sencilla y amena!<\/span><\/h2>\n<p>[\/vc_column_text][vc_empty_space][vc_masonry_media_grid gap=\u00bb25&#8243; css=\u00bb\u00bb grid_id=\u00bbvc_gid:1757318432436-bd6d513e-3b99-7&#8243; include=\u00bb7578,7584,7590&#8243;][vc_empty_space height=\u00bb50px\u00bb][vc_row_inner][vc_column_inner width=\u00bb1\/5&#8243;][vc_icon type=\u00bbmaterial\u00bb icon_material=\u00bbvc-material vc-material-local_parking\u00bb color=\u00bbwhite\u00bb align=\u00bbcenter\u00bb css=\u00bb\u00bb][vc_column_text css=\u00bb\u00bb]<\/p>\n<p style=\"text-align: center;\"><strong><span style=\"color: #ffffff;\">Parking gratuito<\/span><\/strong><\/p>\n<p>[\/vc_column_text][\/vc_column_inner][vc_column_inner width=\u00bb1\/5&#8243;][vc_icon icon_fontawesome=\u00bbfas fa-bed\u00bb color=\u00bbwhite\u00bb align=\u00bbcenter\u00bb css=\u00bb\u00bb][vc_column_text css=\u00bb\u00bb]<\/p>\n<p style=\"text-align: center;\"><strong><span style=\"color: #ffffff;\">Alquiler de s\u00e1banas y toallas<\/span><\/strong><\/p>\n<p>[\/vc_column_text][\/vc_column_inner][vc_column_inner width=\u00bb1\/5&#8243;][vc_icon icon_fontawesome=\u00bbfas fa-utensils\u00bb color=\u00bbwhite\u00bb align=\u00bbcenter\u00bb css=\u00bb\u00bb][vc_column_text css=\u00bb\u00bb]<\/p>\n<p style=\"text-align: center;\"><strong><span style=\"color: #ffffff;\">Restauraci\u00f3n<\/span><\/strong><\/p>\n<p>[\/vc_column_text][\/vc_column_inner][vc_column_inner width=\u00bb1\/5&#8243;][vc_icon icon_fontawesome=\u00bbfas fa-swimming-pool\u00bb color=\u00bbwhite\u00bb align=\u00bbcenter\u00bb css=\u00bb\u00bb][vc_column_text css=\u00bb\u00bb]<\/p>\n<p style=\"text-align: center;\"><strong><span style=\"color: #ffffff;\">Piscina climatizada<br \/>\n<\/span><\/strong><span style=\"color: #ffffff;\">Seg\u00fan la temporada<\/span><\/p>\n<p>[\/vc_column_text][\/vc_column_inner][vc_column_inner width=\u00bb1\/5&#8243;][vc_icon type=\u00bbentypo\u00bb icon_entypo=\u00bbentypo-icon entypo-icon-plus-circled\u00bb color=\u00bbwhite\u00bb align=\u00bbcenter\u00bb css=\u00bb\u00bb link=\u00bburl:https%3A%2F%2Fwww.camping-aix-en-provence.com%2Fes%2Factividades-servicios%2F|target:_blank\u00bb][vc_column_text css=\u00bb\u00bb]<\/p>\n<p style=\"text-align: center;\"><strong><span style=\"color: #ffffff;\">VER M\u00c1S<\/span><\/strong><\/p>\n<p>[\/vc_column_text][\/vc_column_inner][\/vc_row_inner]<\/div>[\/vc_column][\/vc_row][vc_row css=\u00bb.vc_custom_1732875325792{margin-left: -0.5px !important;}\u00bb][vc_column]<div class=\"wrapcontentraw\">\n                <h2 class=\"hmargin\">Cerca del camping:<\/h2>\n                <div class=\"allsites\">\n                    <div class=\"col-md-6 swrap\">\n                <div>\n                    <div class=\"simg\">\n                        <div class=\"stitle\">Casco antiguo<\/div>\n                        <img decoding=\"async\" src=\"https:\/\/www.citykamp.com\/uploads\/2024\/11\/centre-ville-aix-region-500x350.jpg\" alt=\"Vielle ville Aix-en-Provence\"\/>\n                    <\/div>\n                    <div class=\"ibcontent ibflex\">\n                        <div class=\"ibin1\">Recorre sus pintorescas callejuelas, decoradas con casas antiguas de fachadas de colores, y d\u00e9jate cautivar por la atm\u00f3sfera provenzal aut\u00e9ntica.<\/div>\n                        <div class=\"ibin2\">\n                            <a>\n                                <div class=\"iblink isaltbgcolor\"><span class=\"sdist\"><span class=\"ctk-man\"><\/span><span class=\"thdist\">3 km<\/span><\/span><\/div>\n                            <\/a>\n                        <\/div>\n                        <div class=\"clear\"><\/div>\n                    <\/div>\n                <\/div>\n             <\/div><div class=\"col-md-6 swrap\">\n                <div>\n                    <div class=\"simg\">\n                        <div class=\"stitle\">Museo Granet<\/div>\n                        <img decoding=\"async\" src=\"https:\/\/www.citykamp.com\/uploads\/2024\/11\/musee-granet-500x350.jpg\" alt=\"Mus\u00e9e Granet\"\/>\n                    <\/div>\n                    <div class=\"ibcontent ibflex\">\n                        <div class=\"ibin1\">Una aut\u00e9ntica joya para los apasionados del arte y la historia. En un solo lugar podr\u00e1s explorar la evoluci\u00f3n art\u00edstica de Europa y admirar las obras maestras de grandes figuras como Renoir, Monet, Van Gogh, Degas, Redon, Bonnard, Rouault, Picasso\u2026<\/div>\n                        <div class=\"ibin2\">\n                            <a>\n                                <div class=\"iblink isaltbgcolor\"><span class=\"sdist\"><span class=\"ctk-man\"><\/span><span class=\"thdist\">3 km<\/span><\/span><\/div>\n                            <\/a>\n                        <\/div>\n                        <div class=\"clear\"><\/div>\n                    <\/div>\n                <\/div>\n             <\/div><div class=\"col-md-6 swrap\">\n                <div>\n                    <div class=\"simg\">\n                        <div class=\"stitle\">La Bastide du Jas de Bouffan<\/div>\n                        <img decoding=\"async\" src=\"https:\/\/www.citykamp.com\/uploads\/2024\/11\/chateau-de-la-bastide-jas-bouffan-500x350.jpg\" alt=\"Ch\u00e2teau de la Bastide \u00e0 Jas de Bouffan\"\/>\n                    <\/div>\n                    <div class=\"ibcontent ibflex\">\n                        <div class=\"ibin1\">Aqu\u00ed, donde C\u00e9zanne realiz\u00f3 varias de sus obras, podr\u00e1s contemplar las impresionantes vistas de las monta\u00f1as.<\/div>\n                        <div class=\"ibin2\">\n                            <a>\n                                <div class=\"iblink isaltbgcolor\"><span class=\"sdist\"><span class=\"ctk-man\"><\/span><span class=\"thdist\">5 km<\/span><\/span><\/div>\n                            <\/a>\n                        <\/div>\n                        <div class=\"clear\"><\/div>\n                    <\/div>\n                <\/div>\n             <\/div><div class=\"col-md-6 swrap\">\n                <div>\n                    <div class=\"simg\">\n                        <div class=\"stitle\">Lago Bimont<\/div>\n                        <img decoding=\"async\" src=\"https:\/\/www.citykamp.com\/uploads\/2024\/11\/lac-de-bimont-500x350.jpg\" alt=\"le Lac de Bimont\"\/>\n                    <\/div>\n                    <div class=\"ibcontent ibflex\">\n                        <div class=\"ibin1\">Este lago artificial, situado a los pies de la monta\u00f1a Sainte-Victoire, se form\u00f3 al construir la presa de Bimont. Los paisajes que ofrece son incre\u00edbles y alberga una fauna y una flora muy diversas.<\/div>\n                        <div class=\"ibin2\">\n                            <a>\n                                <div class=\"iblink isaltbgcolor\"><span class=\"sdist\"><span class=\"ctk-man\"><\/span><span class=\"thdist\">11 km<\/span><\/span><\/div>\n                            <\/a>\n                        <\/div>\n                        <div class=\"clear\"><\/div>\n                    <\/div>\n                <\/div>\n             <\/div>\n                    <div class=\"clear\"><\/div>\n                <\/div>\n            <\/div><div class=\"text-center btnwrap\"><a class=\"btn btn-huttopia-cta\" href=\"https:\/\/www.camping-aix-en-provence.com\/es\/region\/\" role=\"button\" target=\"\" onclick=\"dataLayer.push({'event':'clickCity', 'clickText':'Descure otras actividades'})\">Descure otras actividades<\/a><\/div>[\/vc_column][\/vc_row][vc_row][vc_column]<div class=\"mflex imgmp\">\n                <div class=\"col-md-6 accordeonimg\" style=\"background-image: url(https:\/\/www.citykamp.com\/uploads\/2025\/09\/ville.jpg)\">\n                    <img decoding=\"async\" src=\"https:\/\/www.citykamp.com\/uploads\/2025\/09\/ville.jpg\" style=\"visibility: hidden;\" \/>\n                <\/div>\n                <div class=\"col-md-6 altbg gmcontent\">\n                    <div>\n                    <h2 class=\"istitlecolor gmtitle\">\u00a1El placer de la naturaleza a un paso de la ciudad!<\/h2>\n                    <div class=\"gmwrap\"><div class=\"col-sm-4 bwrap\">\n                    <span class=\"istitlecolor gmpicto ctk-train\"><\/span>\n                    <span class=\"gmlabel\">A 3 km del camping - 8 minutos en coche<\/span>\n                  <\/div><div class=\"col-sm-4 bwrap\">\n                    <span class=\"istitlecolor gmpicto ctk-car\"><\/span>\n                    <span class=\"gmlabel\">El centro de la ciudad desde el camping est\u00e1 a 3 km - 9 minutos en coche<\/span>\n                  <\/div><div class=\"col-sm-4 bwrap\">\n                    <span class=\"istitlecolor gmpicto ctk-bus\"><\/span>\n                    <span class=\"gmlabel\">A 5 minutos a pie del camping, los autobuses n\u00b03 y n\u00b04 le llevan directamente a Aix-en-Provence en 25 minutos - 3 km<\/span>\n                  <\/div><\/div>\n            <\/div>\n        <\/div>\n    <\/div>\n    <script>\n        let iconType = L.icon({\n            iconUrl: baseDirectory + '\/img\/pin.png',\n            iconSize: [22, 48],\n            iconAnchor: [11, 46],\n            popupAnchor: [0, -46]\n        });\n        let map = L.map('map', {\n            center: L.latLng(, ),\n            zoom: 10.8,\n            layers: [L.tileLayer('https:\/\/cartodb-basemaps-b.global.ssl.fastly.net\/light_all\/{z}\/{x}\/{y}.png', {\n                attribution: '&copy; <a href=\"https:\/\/www.openstreetmap.org\/copyright\">OpenStreetMap<\/a>'\n            })],\n            zoomSnap: 0.2\n        });\n        setTimeout(map.invalidateSize.bind(map), 100);\n        let contentString = '<div id=\"content\">' +\n            '<div id=\"siteNotice\">' +\n            '<\/div>' +\n            '<h4 id=\"firstHeading\" class=\"firstHeading\">\u00a1El placer de la naturaleza a un paso de la ciudad!<\/h4>' +\n            '<div id=\"bodyContent\">' +\n            '<p><\/p>' +\n            '<p><\/p>' +\n            '<\/div>' +\n            '<\/div>';\n        let marker = L.marker([, ], {icon: iconType}).addTo(map);\n        marker.bindPopup(contentString).openPopup();\n        let iwOuter = document.querySelector('.leaflet-popup-content-wrapper');\n        let iwArrow = document.querySelector('.leaflet-popup-tip');\n        iwOuter.style.backgroundColor = '';\n        iwArrow.style.backgroundColor = '';\n    <\/script>\n    [\/vc_column][\/vc_row][vc_row css=\u00bb.vc_custom_1732875249357{background-color: #B5B5B5 !important;}\u00bb][vc_column]<div class=\"wrappedcontent\">[vc_row_inner][vc_column_inner width=\u00bb1\/4&#8243;][vc_icon type=\u00bbmaterial\u00bb icon_material=\u00bbvc-material vc-material-payment\u00bb color=\u00bbwhite\u00bb align=\u00bbcenter\u00bb css=\u00bb\u00bb][vc_column_text css=\u00bb\u00bb]<\/p>\n<p style=\"text-align: center;\"><span style=\"color: #ffffff;\">Pago seguro<\/span><\/p>\n<p>[\/vc_column_text][\/vc_column_inner][vc_column_inner width=\u00bb1\/4&#8243;][vc_icon type=\u00bbmaterial\u00bb icon_material=\u00bbvc-material vc-material-local_parking\u00bb color=\u00bbwhite\u00bb align=\u00bbcenter\u00bb css=\u00bb\u00bb][vc_column_text css=\u00bb\u00bb]<\/p>\n<p style=\"text-align: center;\"><span style=\"color: #ffffff;\">Parking gratuito<\/span><\/p>\n<p>[\/vc_column_text][\/vc_column_inner][vc_column_inner width=\u00bb1\/4&#8243;][vc_icon type=\u00bbmaterial\u00bb icon_material=\u00bbvc-material vc-material-av_timer\u00bb color=\u00bbwhite\u00bb align=\u00bbcenter\u00bb css=\u00bb\u00bb][vc_column_text css=\u00bb\u00bb]<\/p>\n<p style=\"text-align: center;\"><span style=\"color: #ffffff;\">Recepci\u00f3n de lunes a domingo<\/span><\/p>\n<p>[\/vc_column_text][\/vc_column_inner][vc_column_inner width=\u00bb1\/4&#8243;][vc_icon type=\u00bbmaterial\u00bb icon_material=\u00bbvc-material vc-material-language\u00bb color=\u00bbwhite\u00bb align=\u00bbcenter\u00bb css=\u00bb\u00bb][vc_column_text css=\u00bb\u00bb]<\/p>\n<p style=\"text-align: center;\"><span style=\"color: #ffffff;\">Multiling\u00fce<\/span><\/p>\n<p>[\/vc_column_text][\/vc_column_inner][\/vc_row_inner]<\/div>[\/vc_column][\/vc_row]<\/p>\n<\/div>","protected":false},"excerpt":{"rendered":"<p>[vc_row][vc_column][\/vc_column][\/vc_row][vc_row css=\u00bb.vc_custom_1732875337336{margin-left: -0.5px !important;}\u00bb][vc_column][\/vc_column][\/vc_row][vc_row css=\u00bb.vc_custom_1732875331184{margin-left: -0.5px !important;background-color: #E84E1B !important;}\u00bb][vc_column][\/vc_column][\/vc_row][vc_row css=\u00bb.vc_custom_1732875325792{margin-left: -0.5px !important;}\u00bb][vc_column][\/vc_column][\/vc_row][vc_row][vc_column][\/vc_column][\/vc_row][vc_row css=\u00bb.vc_custom_1732875249357{background-color: #B5B5B5 !important;}\u00bb][vc_column][\/vc_column][\/vc_row]<\/p>\n","protected":false},"author":48,"featured_media":7603,"parent":0,"menu_order":0,"comment_status":"closed","ping_status":"closed","template":"","meta":{"footnotes":""},"class_list":["post-7274","page","type-page","status-publish","has-post-thumbnail","hentry"],"yoast_head":"<!-- This site is optimized with the Yoast SEO plugin v25.6 - https:\/\/yoast.com\/wordpress\/plugins\/seo\/ -->\n<title>Aix-en-Provence, una estancia provenzal en camping - CityKamp<\/title>\n<meta name=\"description\" content=\"Vive unas vacaciones inolvidables en camping en Aix-en-Provence, en un entorno id\u00edlico. Una escapada perfecta con todas las comodidades, servicios de calidad y la oportunidad de descubrir la Provenza.\" \/>\n<meta name=\"robots\" content=\"index, follow, max-snippet:-1, max-image-preview:large, max-video-preview:-1\" \/>\n<link rel=\"canonical\" href=\"https:\/\/www.citykamp.com\/es\/aix-en-provence\/\" \/>\n<meta property=\"og:locale\" content=\"es_ES\" \/>\n<meta property=\"og:type\" content=\"article\" \/>\n<meta property=\"og:title\" content=\"Aix-en-Provence, una estancia provenzal en camping - CityKamp\" \/>\n<meta property=\"og:description\" content=\"Vive unas vacaciones inolvidables en camping en Aix-en-Provence, en un entorno id\u00edlico. Una escapada perfecta con todas las comodidades, servicios de calidad y la oportunidad de descubrir la Provenza.\" \/>\n<meta property=\"og:url\" content=\"https:\/\/www.citykamp.com\/es\/aix-en-provence\/\" \/>\n<meta property=\"og:site_name\" content=\"Citykamp\" \/>\n<meta property=\"article:modified_time\" content=\"2025-10-21T08:21:49+00:00\" \/>\n<meta property=\"og:image\" content=\"https:\/\/www.citykamp.com\/uploads\/2025\/09\/header.jpg\" \/>\n\t<meta property=\"og:image:width\" content=\"1920\" \/>\n\t<meta property=\"og:image:height\" content=\"900\" \/>\n\t<meta property=\"og:image:type\" content=\"image\/jpeg\" \/>\n<meta name=\"twitter:card\" content=\"summary_large_image\" \/>\n<meta name=\"twitter:label1\" content=\"Est. reading time\" \/>\n\t<meta name=\"twitter:data1\" content=\"4 minutos\" \/>\n<script type=\"application\/ld+json\" class=\"yoast-schema-graph\">{\"@context\":\"https:\/\/schema.org\",\"@graph\":[{\"@type\":\"WebPage\",\"@id\":\"https:\/\/www.citykamp.com\/es\/aix-en-provence\/\",\"url\":\"https:\/\/www.citykamp.com\/es\/aix-en-provence\/\",\"name\":\"Aix-en-Provence, una estancia provenzal en camping - CityKamp\",\"isPartOf\":{\"@id\":\"https:\/\/www.citykamp.com\/es\/#website\"},\"primaryImageOfPage\":{\"@id\":\"https:\/\/www.citykamp.com\/es\/aix-en-provence\/#primaryimage\"},\"image\":{\"@id\":\"https:\/\/www.citykamp.com\/es\/aix-en-provence\/#primaryimage\"},\"thumbnailUrl\":\"https:\/\/www.citykamp.com\/uploads\/2025\/09\/header.jpg\",\"datePublished\":\"2025-01-08T09:19:13+00:00\",\"dateModified\":\"2025-10-21T08:21:49+00:00\",\"description\":\"Vive unas vacaciones inolvidables en camping en Aix-en-Provence, en un entorno id\u00edlico. Una escapada perfecta con todas las comodidades, servicios de calidad y la oportunidad de descubrir la Provenza.\",\"breadcrumb\":{\"@id\":\"https:\/\/www.citykamp.com\/es\/aix-en-provence\/#breadcrumb\"},\"inLanguage\":\"es\",\"potentialAction\":[{\"@type\":\"ReadAction\",\"target\":[\"https:\/\/www.citykamp.com\/es\/aix-en-provence\/\"]}]},{\"@type\":\"ImageObject\",\"inLanguage\":\"es\",\"@id\":\"https:\/\/www.citykamp.com\/es\/aix-en-provence\/#primaryimage\",\"url\":\"https:\/\/www.citykamp.com\/uploads\/2025\/09\/header.jpg\",\"contentUrl\":\"https:\/\/www.citykamp.com\/uploads\/2025\/09\/header.jpg\",\"width\":1920,\"height\":900},{\"@type\":\"BreadcrumbList\",\"@id\":\"https:\/\/www.citykamp.com\/es\/aix-en-provence\/#breadcrumb\",\"itemListElement\":[{\"@type\":\"ListItem\",\"position\":1,\"name\":\"Accueil\",\"item\":\"https:\/\/www.citykamp.com\/es\/\"},{\"@type\":\"ListItem\",\"position\":2,\"name\":\"Aix-en-Provence\"}]},{\"@type\":\"WebSite\",\"@id\":\"https:\/\/www.citykamp.com\/es\/#website\",\"url\":\"https:\/\/www.citykamp.com\/es\/\",\"name\":\"Citykamp\",\"description\":\"Un site utilisant WordPress\",\"potentialAction\":[{\"@type\":\"SearchAction\",\"target\":{\"@type\":\"EntryPoint\",\"urlTemplate\":\"https:\/\/www.citykamp.com\/es\/?s={search_term_string}\"},\"query-input\":{\"@type\":\"PropertyValueSpecification\",\"valueRequired\":true,\"valueName\":\"search_term_string\"}}],\"inLanguage\":\"es\"}]}<\/script>\n<!-- \/ Yoast SEO plugin. -->","yoast_head_json":{"title":"Aix-en-Provence, una estancia provenzal en camping - CityKamp","description":"Vive unas vacaciones inolvidables en camping en Aix-en-Provence, en un entorno id\u00edlico. Una escapada perfecta con todas las comodidades, servicios de calidad y la oportunidad de descubrir la Provenza.","robots":{"index":"index","follow":"follow","max-snippet":"max-snippet:-1","max-image-preview":"max-image-preview:large","max-video-preview":"max-video-preview:-1"},"canonical":"https:\/\/www.citykamp.com\/es\/aix-en-provence\/","og_locale":"es_ES","og_type":"article","og_title":"Aix-en-Provence, una estancia provenzal en camping - CityKamp","og_description":"Vive unas vacaciones inolvidables en camping en Aix-en-Provence, en un entorno id\u00edlico. Una escapada perfecta con todas las comodidades, servicios de calidad y la oportunidad de descubrir la Provenza.","og_url":"https:\/\/www.citykamp.com\/es\/aix-en-provence\/","og_site_name":"Citykamp","article_modified_time":"2025-10-21T08:21:49+00:00","og_image":[{"width":1920,"height":900,"url":"https:\/\/www.citykamp.com\/uploads\/2025\/09\/header.jpg","type":"image\/jpeg"}],"twitter_card":"summary_large_image","twitter_misc":{"Est. reading time":"4 minutos"},"schema":{"@context":"https:\/\/schema.org","@graph":[{"@type":"WebPage","@id":"https:\/\/www.citykamp.com\/es\/aix-en-provence\/","url":"https:\/\/www.citykamp.com\/es\/aix-en-provence\/","name":"Aix-en-Provence, una estancia provenzal en camping - CityKamp","isPartOf":{"@id":"https:\/\/www.citykamp.com\/es\/#website"},"primaryImageOfPage":{"@id":"https:\/\/www.citykamp.com\/es\/aix-en-provence\/#primaryimage"},"image":{"@id":"https:\/\/www.citykamp.com\/es\/aix-en-provence\/#primaryimage"},"thumbnailUrl":"https:\/\/www.citykamp.com\/uploads\/2025\/09\/header.jpg","datePublished":"2025-01-08T09:19:13+00:00","dateModified":"2025-10-21T08:21:49+00:00","description":"Vive unas vacaciones inolvidables en camping en Aix-en-Provence, en un entorno id\u00edlico. Una escapada perfecta con todas las comodidades, servicios de calidad y la oportunidad de descubrir la Provenza.","breadcrumb":{"@id":"https:\/\/www.citykamp.com\/es\/aix-en-provence\/#breadcrumb"},"inLanguage":"es","potentialAction":[{"@type":"ReadAction","target":["https:\/\/www.citykamp.com\/es\/aix-en-provence\/"]}]},{"@type":"ImageObject","inLanguage":"es","@id":"https:\/\/www.citykamp.com\/es\/aix-en-provence\/#primaryimage","url":"https:\/\/www.citykamp.com\/uploads\/2025\/09\/header.jpg","contentUrl":"https:\/\/www.citykamp.com\/uploads\/2025\/09\/header.jpg","width":1920,"height":900},{"@type":"BreadcrumbList","@id":"https:\/\/www.citykamp.com\/es\/aix-en-provence\/#breadcrumb","itemListElement":[{"@type":"ListItem","position":1,"name":"Accueil","item":"https:\/\/www.citykamp.com\/es\/"},{"@type":"ListItem","position":2,"name":"Aix-en-Provence"}]},{"@type":"WebSite","@id":"https:\/\/www.citykamp.com\/es\/#website","url":"https:\/\/www.citykamp.com\/es\/","name":"Citykamp","description":"Un site utilisant WordPress","potentialAction":[{"@type":"SearchAction","target":{"@type":"EntryPoint","urlTemplate":"https:\/\/www.citykamp.com\/es\/?s={search_term_string}"},"query-input":{"@type":"PropertyValueSpecification","valueRequired":true,"valueName":"search_term_string"}}],"inLanguage":"es"}]}},"_links":{"self":[{"href":"https:\/\/www.citykamp.com\/es\/wp-json\/wp\/v2\/pages\/7274","targetHints":{"allow":["GET"]}}],"collection":[{"href":"https:\/\/www.citykamp.com\/es\/wp-json\/wp\/v2\/pages"}],"about":[{"href":"https:\/\/www.citykamp.com\/es\/wp-json\/wp\/v2\/types\/page"}],"author":[{"embeddable":true,"href":"https:\/\/www.citykamp.com\/es\/wp-json\/wp\/v2\/users\/48"}],"replies":[{"embeddable":true,"href":"https:\/\/www.citykamp.com\/es\/wp-json\/wp\/v2\/comments?post=7274"}],"version-history":[{"count":2,"href":"https:\/\/www.citykamp.com\/es\/wp-json\/wp\/v2\/pages\/7274\/revisions"}],"predecessor-version":[{"id":7615,"href":"https:\/\/www.citykamp.com\/es\/wp-json\/wp\/v2\/pages\/7274\/revisions\/7615"}],"wp:featuredmedia":[{"embeddable":true,"href":"https:\/\/www.citykamp.com\/es\/wp-json\/wp\/v2\/media\/7603"}],"wp:attachment":[{"href":"https:\/\/www.citykamp.com\/es\/wp-json\/wp\/v2\/media?parent=7274"}],"curies":[{"name":"wp","href":"https:\/\/api.w.org\/{rel}","templated":true}]}}