{"id":4067,"date":"2021-02-15T15:29:21","date_gmt":"2021-02-15T14:29:21","guid":{"rendered":"http:\/\/www.citykamp.com\/?page_id=4067"},"modified":"2023-10-23T18:06:02","modified_gmt":"2023-10-23T16:06:02","slug":"valkenburg","status":"publish","type":"page","link":"https:\/\/www.citykamp.com\/es\/valkenburg\/","title":{"rendered":"Valkenburg"},"content":{"rendered":"<div class=\"wpb-content-wrapper\"><p>[vc_row][vc_column]<div class=\"imgheader\" style=\"background-image: url(https:\/\/www.citykamp.com\/uploads\/2021\/02\/camping-valkenburg-maastricht-carroussel-1-1440x700.jpg)\"><div class=\"wrapcontentraw\"><div class=\"incta\">\n                                    <div>\n                                        <a href=\"https:\/\/www.camping-valkenburg.com\/en\/\"><span class=\"cta1\">Destino<\/span>\n                                        <span class=\"cta2\">VALKENBURG<span class=\"ctk-arrow\"><\/span><\/span><\/a>\n                                    <\/div>\n                                  <\/div><\/div><\/div>[\/vc_column][\/vc_row][vc_row][vc_column]<div class=\"wrappedcontent\">[vc_column_text]<\/p>\n<h2>A las puertas de Valkenburg en la provincia de Limbourg<\/h2>\n<p>[\/vc_column_text][vc_empty_space][vc_row_inner gap=\u00bb30&#8243; css=\u00bb.vc_custom_1613554136410{margin-left: -0.5px !important;}\u00bb][vc_column_inner width=\u00bb1\/4&#8243;][vc_masonry_media_grid element_width=\u00bb12&#8243; gap=\u00bb0&#8243; item=\u00bb164&#8243; grid_id=\u00bbvc_gid:1698077134331-70852429-888b-8&#8243; include=\u00bb3843&#8243;][vc_empty_space height=\u00bb16px\u00bb][vc_column_text]<\/p>\n<h5 style=\"text-align: center;\">Curiosidad tur\u00edstica en Valkenburg<\/h5>\n<p>A menos de 2km del camping, ven a descubrir Valkenburg y sus diferentes lugares hist\u00f3ricos. Encontrar\u00e1s las ruinas del \u00fanico castillo en una colina de los Pa\u00edses Bajos y las cuevas de Valkenburg. \u00bfNecesitas un descanso? Visita las termas de la ciudad.[\/vc_column_text][\/vc_column_inner][vc_column_inner width=\u00bb1\/4&#8243;][vc_masonry_media_grid element_width=\u00bb12&#8243; gap=\u00bb0&#8243; item=\u00bb164&#8243; grid_id=\u00bbvc_gid:1698077134333-10b56daa-374c-8&#8243; include=\u00bb3849&#8243;][vc_empty_space height=\u00bb16px\u00bb][vc_column_text]<\/p>\n<h5 style=\"text-align: center;\">Maastricht, una de las ciudades m\u00e1s antiguas de Holanda<\/h5>\n<p>Maastrich, una ciudad peque\u00f1ita a tan solo 15km, merece una visita. La capital de la provincia de Limbourg, su casco antiguo compuesto por casas de piedra y calles adoquinadas, la bodega de St Pieterburg y su magn\u00edfica catedral sabr\u00e1n c\u00f3mo seducirte.[\/vc_column_text][\/vc_column_inner][vc_column_inner width=\u00bb1\/4&#8243;][vc_masonry_media_grid element_width=\u00bb12&#8243; gap=\u00bb0&#8243; item=\u00bb164&#8243; grid_id=\u00bbvc_gid:1698077134334-b90412ae-b000-9&#8243; include=\u00bb6701&#8243;][vc_empty_space height=\u00bb16px\u00bb][vc_column_text]<\/p>\n<h5 style=\"text-align: center;\">Alojamientos con todas las comodidades<\/h5>\n<p>En el camping Valkenburg Maastricht, disfruta de parcelas y alojamientos con todas las comodidades. Bonitos chalets de madera, casas m\u00f3viles totalmente equipadas, tiendas Toile &amp; Bois perfectamente integradas en la naturaleza. \u00a1Solo tienes que elegir![\/vc_column_text][\/vc_column_inner][vc_column_inner width=\u00bb1\/4&#8243;][vc_masonry_media_grid element_width=\u00bb12&#8243; gap=\u00bb0&#8243; item=\u00bb164&#8243; grid_id=\u00bbvc_gid:1698077134335-3fec608a-70d1-9&#8243; include=\u00bb6707&#8243;][vc_empty_space height=\u00bb16px\u00bb][vc_column_text]<\/p>\n<h5 style=\"text-align: center;\">Instalaciones de calidad<\/h5>\n<p>En el recinto, podr\u00e1s disfrutar de instalaciones de calidad para toda la familia. Un food-truck para darse un capricho y un peque\u00f1o supermercado para ayudarte. Tambi\u00e9n te esperan piscinas totalmente reformadas y climatizadas para un descanso bien merecido.[\/vc_column_text][\/vc_column_inner][\/vc_row_inner][vc_empty_space]<div class=\"text-center btnwrap\"><a class=\"btn btn-huttopia-cta\" href=\"https:\/\/www.camping-valkenburg.com\/en\/\" role=\"button\" target=\"\" onclick=\"dataLayer.push({'event':'clickCity', 'clickText':'descubrir este destino'})\">descubrir este destino<\/a><\/div><\/div>[\/vc_column][\/vc_row][vc_row css=\u00bb.vc_custom_1613403643154{background-color: #e84e1b !important;}\u00bb][vc_column]<div class=\"wrappedcontent\">[vc_column_text]<\/p>\n<h2><span style=\"color: #ffffff;\">\u00a1Servicios para facilitarte la vida!<\/span><\/h2>\n<p>[\/vc_column_text][vc_empty_space][vc_masonry_media_grid item=\u00bb164&#8243; grid_id=\u00bbvc_gid:1698077134336-e209968b-5fcd-1&#8243; include=\u00bb6713,6725,6719&#8243;][vc_empty_space height=\u00bb60px\u00bb][vc_row_inner][vc_column_inner width=\u00bb1\/6&#8243;][vc_icon type=\u00bbtypicons\u00bb icon_typicons=\u00bbtypcn typcn-wi-fi\u00bb color=\u00bbwhite\u00bb align=\u00bbcenter\u00bb css=\u00bb.vc_custom_1613403713831{margin-top: -10px !important;margin-bottom: -10px !important;}\u00bb][vc_column_text]<\/p>\n<p style=\"text-align: center;\"><strong><span style=\"color: #ffffff;\">Wifi gratuito<\/span><\/strong><\/p>\n<p>[\/vc_column_text][\/vc_column_inner][vc_column_inner width=\u00bb1\/6&#8243;][vc_icon type=\u00bbmaterial\u00bb icon_material=\u00bbvc-material vc-material-local_parking\u00bb color=\u00bbwhite\u00bb align=\u00bbcenter\u00bb css=\u00bb.vc_custom_1613403709848{margin-top: -10px !important;margin-bottom: -10px !important;}\u00bb][vc_column_text]<\/p>\n<p style=\"text-align: center;\"><strong><span style=\"color: #ffffff;\">Parking gratuito<\/span><\/strong><\/p>\n<p>[\/vc_column_text][\/vc_column_inner][vc_column_inner width=\u00bb1\/6&#8243;][vc_icon icon_fontawesome=\u00bbfas fa-bed\u00bb color=\u00bbwhite\u00bb align=\u00bbcenter\u00bb css=\u00bb.vc_custom_1613403705504{margin-top: -10px !important;margin-bottom: -10px !important;}\u00bb][vc_column_text]<\/p>\n<p style=\"text-align: center;\"><span style=\"color: #ffffff;\"><strong>S\u00e1banas y toallas<br \/>\nincluidas<\/strong><\/span><\/p>\n<p>[\/vc_column_text][\/vc_column_inner][vc_column_inner width=\u00bb1\/6&#8243;][vc_icon icon_fontawesome=\u00bbfas fa-swimming-pool\u00bb color=\u00bbwhite\u00bb align=\u00bbcenter\u00bb css=\u00bb.vc_custom_1613403701545{margin-top: -10px !important;margin-bottom: -10px !important;}\u00bb][vc_column_text]<\/p>\n<p style=\"text-align: center;\"><span style=\"color: #ffffff;\"><strong>Piscinas climatizadas<\/strong><\/span><\/p>\n<p>[\/vc_column_text][\/vc_column_inner][vc_column_inner width=\u00bb1\/6&#8243;][vc_icon type=\u00bbmaterial\u00bb icon_material=\u00bbvc-material vc-material-restaurant\u00bb color=\u00bbwhite\u00bb align=\u00bbcenter\u00bb css=\u00bb.vc_custom_1613403697257{margin-top: -10px !important;margin-bottom: -10px !important;}\u00bb][vc_column_text]<\/p>\n<p style=\"text-align: center;\"><span style=\"color: #ffffff;\"><strong>Restauraci\u00f3n<\/strong><\/span><\/p>\n<p>[\/vc_column_text][\/vc_column_inner][vc_column_inner width=\u00bb1\/6&#8243;][vc_icon type=\u00bbentypo\u00bb icon_entypo=\u00bbentypo-icon entypo-icon-plus-circled\u00bb color=\u00bbwhite\u00bb align=\u00bbcenter\u00bb css=\u00bb.vc_custom_1613570184188{margin-top: -10px !important;margin-bottom: -10px !important;}\u00bb link=\u00bburl:https%3A%2F%2Fwww.citykamp.com%2Fes%2Fservicios%2F|target:_blank\u00bb][vc_column_text]<\/p>\n<p style=\"text-align: center;\"><span style=\"color: #ffffff;\"><strong>VER M\u00c1S<\/strong><\/span><\/p>\n<p>[\/vc_column_text][\/vc_column_inner][\/vc_row_inner]<\/div>[\/vc_column][\/vc_row][vc_row][vc_column]<div class=\"wrapcontentraw\">\n                <h2 class=\"hmargin\">Autour du camping<\/h2>\n                <div class=\"allsites\">\n                    <div class=\"col-md-6 swrap\">\n                <div>\n                    <div class=\"simg\">\n                        <div class=\"stitle\">Ruines ch\u00e2teau<\/div>\n                        <img decoding=\"async\" src=\"https:\/\/www.citykamp.com\/uploads\/2021\/02\/citykamp-reserver-valkenburg-maastricht-600x400px-500x350.jpg\" alt=\"citykamp-reserver-valkenburg-maastricht-600x400px\"\/>\n                    <\/div>\n                    <div class=\"ibcontent ibflex\">\n                        <div class=\"ibin1\">Sal a descubrir las ruinas del castillo de Valkenburg<\/div>\n                        <div class=\"ibin2\">\n                            <a>\n                                <div class=\"iblink isaltbgcolor\"><span class=\"sdist\"><span class=\"ctk-man\"><\/span><span class=\"thdist\">3.8km<\/span><\/span><\/div>\n                            <\/a>\n                        <\/div>\n                        <div class=\"clear\"><\/div>\n                    <\/div>\n                <\/div>\n             <\/div><div class=\"col-md-6 swrap\">\n                <div>\n                    <div class=\"simg\">\n                        <div class=\"stitle\">Grottes Valkenburg<\/div>\n                        <img decoding=\"async\" src=\"https:\/\/www.citykamp.com\/uploads\/2021\/02\/citykamp-valkenburg-grottes-600x400-1-500x350.jpg\" alt=\"citykamp-valkenburg-grottes-600&#215;400\"\/>\n                    <\/div>\n                    <div class=\"ibcontent ibflex\">\n                        <div class=\"ibin1\">Descubre las cuevas de Valkenburg o donde los romanos extra\u00edan marga 2000 a\u00f1os antes<\/div>\n                        <div class=\"ibin2\">\n                            <a>\n                                <div class=\"iblink isaltbgcolor\"><span class=\"sdist\"><span class=\"ctk-man\"><\/span><span class=\"thdist\">2.5km<\/span><\/span><\/div>\n                            <\/a>\n                        <\/div>\n                        <div class=\"clear\"><\/div>\n                    <\/div>\n                <\/div>\n             <\/div><div class=\"col-md-6 swrap\">\n                <div>\n                    <div class=\"simg\">\n                        <div class=\"stitle\">Thermae 2000<\/div>\n                        <img decoding=\"async\" src=\"https:\/\/www.citykamp.com\/uploads\/2021\/02\/citykamp-valkenburg-massage-600x400-1-500x350.jpg\" alt=\"citykamp-valkenburg-massage-600&#215;400\"\/>\n                    <\/div>\n                    <div class=\"ibcontent ibflex\">\n                        <div class=\"ibin1\">Descanso en el spa, Thermae 2000, de la ciudad de Valkenburg<\/div>\n                        <div class=\"ibin2\">\n                            <a>\n                                <div class=\"iblink isaltbgcolor\"><span class=\"sdist\"><span class=\"ctk-man\"><\/span><span class=\"thdist\">3.5km<\/span><\/span><\/div>\n                            <\/a>\n                        <\/div>\n                        <div class=\"clear\"><\/div>\n                    <\/div>\n                <\/div>\n             <\/div><div class=\"col-md-6 swrap\">\n                <div>\n                    <div class=\"simg\">\n                        <div class=\"stitle\">Mus\u00e9e Bonnfanten<\/div>\n                        <img decoding=\"async\" src=\"https:\/\/www.citykamp.com\/uploads\/2021\/02\/city-kamp-Maastricht-Bonnefantenmuseum-musee-600x400-1-500x350.jpg\" alt=\"city-kamp-Maastricht-Bonnefantenmuseum-musee-600&#215;400\"\/>\n                    <\/div>\n                    <div class=\"ibcontent ibflex\">\n                        <div class=\"ibin1\">Descubre el museo de Bellas Artes Bonnefanten de Maastricht que cuenta con una colecci\u00f3n de arte cl\u00e1sico y arte contempor\u00e1neo.<\/div>\n                        <div class=\"ibin2\">\n                            <a>\n                                <div class=\"iblink isaltbgcolor\"><span class=\"sdist\"><span class=\"ctk-man\"><\/span><span class=\"thdist\">12km<\/span><\/span><\/div>\n                            <\/a>\n                        <\/div>\n                        <div class=\"clear\"><\/div>\n                    <\/div>\n                <\/div>\n             <\/div>\n                    <div class=\"clear\"><\/div>\n                <\/div>\n            <\/div><div class=\"text-center btnwrap\"><a class=\"btn btn-huttopia-cta\" href=\"https:\/\/www.camping-valkenburg.com\/en\/region\/\" role=\"button\" target=\"\" onclick=\"dataLayer.push({'event':'clickCity', 'clickText':'Descubre otras actividades'})\">Descubre otras actividades<\/a><\/div>[\/vc_column][\/vc_row][vc_row][vc_column]<div class=\"mflex imgmp\">\n                <div class=\"col-md-6 accordeonimg\" style=\"background-image: url(https:\/\/www.citykamp.com\/uploads\/2023\/10\/tout-en-bas.jpeg)\">\n                    <img decoding=\"async\" src=\"https:\/\/www.citykamp.com\/uploads\/2023\/10\/tout-en-bas.jpeg\" style=\"visibility: hidden;\" \/>\n                <\/div>\n                <div class=\"col-md-6 altbg gmcontent\">\n                    <div>\n                    <h2 class=\"istitlecolor gmtitle\">\u00c0 deux pas de la plus ancienne ville d'Hollande !<\/h2>\n                    <div class=\"gmwrap\"><div class=\"col-sm-4 bwrap\">\n                    <span class=\"istitlecolor gmpicto ctk-train\"><\/span>\n                    <span class=\"gmlabel\">Estaci\u00f3n a 2km<\/span>\n                  <\/div><div class=\"col-sm-4 bwrap\">\n                    <span class=\"istitlecolor gmpicto ctk-car\"><\/span>\n                    <span class=\"gmlabel\">A79 a 5min<\/span>\n                  <\/div><\/div>\n            <\/div>\n        <\/div>\n    <\/div>\n    <script>\n        let iconType = L.icon({\n            iconUrl: baseDirectory + '\/img\/pin.png',\n            iconSize: [22, 48],\n            iconAnchor: [11, 46],\n            popupAnchor: [0, -46]\n        });\n        let map = L.map('map', {\n            center: L.latLng(50.86523, 5.83205),\n            zoom: 10.8,\n            layers: [L.tileLayer('https:\/\/cartodb-basemaps-b.global.ssl.fastly.net\/light_all\/{z}\/{x}\/{y}.png', {\n                attribution: '&copy; <a href=\"https:\/\/www.openstreetmap.org\/copyright\">OpenStreetMap<\/a>'\n            })],\n            zoomSnap: 0.2\n        });\n        setTimeout(map.invalidateSize.bind(map), 100);\n        let contentString = '<div id=\"content\">' +\n            '<div id=\"siteNotice\">' +\n            '<\/div>' +\n            '<h4 id=\"firstHeading\" class=\"firstHeading\">\u00c0 deux pas de la plus ancienne ville d\\'Hollande !<\/h4>' +\n            '<div id=\"bodyContent\">' +\n            '<p><\/p>' +\n            '<p><\/p>' +\n            '<\/div>' +\n            '<\/div>';\n        let marker = L.marker([50.86523, 5.83205], {icon: iconType}).addTo(map);\n        marker.bindPopup(contentString).openPopup();\n        let iwOuter = document.querySelector('.leaflet-popup-content-wrapper');\n        let iwArrow = document.querySelector('.leaflet-popup-tip');\n        iwOuter.style.backgroundColor = '';\n        iwArrow.style.backgroundColor = '';\n    <\/script>\n    [\/vc_column][\/vc_row]<\/p>\n<\/div>","protected":false},"excerpt":{"rendered":"<p>[vc_row][vc_column][\/vc_column][\/vc_row][vc_row][vc_column][\/vc_column][\/vc_row][vc_row css=\u00bb.vc_custom_1613403643154{background-color: #e84e1b !important;}\u00bb][vc_column][\/vc_column][\/vc_row][vc_row][vc_column][\/vc_column][\/vc_row][vc_row][vc_column][\/vc_column][\/vc_row]<\/p>\n","protected":false},"author":1,"featured_media":0,"parent":0,"menu_order":0,"comment_status":"closed","ping_status":"closed","template":"","meta":{"footnotes":""},"class_list":["post-4067","page","type-page","status-publish","hentry"],"yoast_head":"<!-- This site is optimized with the Yoast SEO plugin v25.6 - https:\/\/yoast.com\/wordpress\/plugins\/seo\/ -->\n<title>Valkenburg, destination au sud de la r\u00e9gion de Limbourg !<\/title>\n<meta name=\"description\" content=\"\u00c0 deux pas de Valkenburg et Maastricht, la d\u00e9connexion est assur\u00e9e ! Offrez-vous un s\u00e9jour reposant tout en arpentant les rues de Valkenburg et Maastricht.\" \/>\n<meta name=\"robots\" content=\"index, follow, max-snippet:-1, max-image-preview:large, max-video-preview:-1\" \/>\n<link rel=\"canonical\" href=\"https:\/\/www.citykamp.com\/es\/valkenburg\/\" \/>\n<meta property=\"og:locale\" content=\"es_ES\" \/>\n<meta property=\"og:type\" content=\"article\" \/>\n<meta property=\"og:title\" content=\"Valkenburg, destination au sud de la r\u00e9gion de Limbourg !\" \/>\n<meta property=\"og:description\" content=\"\u00c0 deux pas de Valkenburg et Maastricht, la d\u00e9connexion est assur\u00e9e ! Offrez-vous un s\u00e9jour reposant tout en arpentant les rues de Valkenburg et Maastricht.\" \/>\n<meta property=\"og:url\" content=\"https:\/\/www.citykamp.com\/es\/valkenburg\/\" \/>\n<meta property=\"og:site_name\" content=\"Citykamp\" \/>\n<meta property=\"article:modified_time\" content=\"2023-10-23T16:06:02+00:00\" \/>\n<meta name=\"twitter:card\" content=\"summary_large_image\" \/>\n<meta name=\"twitter:label1\" content=\"Est. reading time\" \/>\n\t<meta name=\"twitter:data1\" content=\"3 minutos\" \/>\n<script type=\"application\/ld+json\" class=\"yoast-schema-graph\">{\"@context\":\"https:\/\/schema.org\",\"@graph\":[{\"@type\":\"WebPage\",\"@id\":\"https:\/\/www.citykamp.com\/es\/valkenburg\/\",\"url\":\"https:\/\/www.citykamp.com\/es\/valkenburg\/\",\"name\":\"Valkenburg, destination au sud de la r\u00e9gion de Limbourg !\",\"isPartOf\":{\"@id\":\"https:\/\/www.citykamp.com\/es\/#website\"},\"datePublished\":\"2021-02-15T14:29:21+00:00\",\"dateModified\":\"2023-10-23T16:06:02+00:00\",\"description\":\"\u00c0 deux pas de Valkenburg et Maastricht, la d\u00e9connexion est assur\u00e9e ! Offrez-vous un s\u00e9jour reposant tout en arpentant les rues de Valkenburg et Maastricht.\",\"breadcrumb\":{\"@id\":\"https:\/\/www.citykamp.com\/es\/valkenburg\/#breadcrumb\"},\"inLanguage\":\"es\",\"potentialAction\":[{\"@type\":\"ReadAction\",\"target\":[\"https:\/\/www.citykamp.com\/es\/valkenburg\/\"]}]},{\"@type\":\"BreadcrumbList\",\"@id\":\"https:\/\/www.citykamp.com\/es\/valkenburg\/#breadcrumb\",\"itemListElement\":[{\"@type\":\"ListItem\",\"position\":1,\"name\":\"Accueil\",\"item\":\"https:\/\/www.citykamp.com\/es\/\"},{\"@type\":\"ListItem\",\"position\":2,\"name\":\"Valkenburg\"}]},{\"@type\":\"WebSite\",\"@id\":\"https:\/\/www.citykamp.com\/es\/#website\",\"url\":\"https:\/\/www.citykamp.com\/es\/\",\"name\":\"Citykamp\",\"description\":\"Un site utilisant WordPress\",\"potentialAction\":[{\"@type\":\"SearchAction\",\"target\":{\"@type\":\"EntryPoint\",\"urlTemplate\":\"https:\/\/www.citykamp.com\/es\/?s={search_term_string}\"},\"query-input\":{\"@type\":\"PropertyValueSpecification\",\"valueRequired\":true,\"valueName\":\"search_term_string\"}}],\"inLanguage\":\"es\"}]}<\/script>\n<!-- \/ Yoast SEO plugin. -->","yoast_head_json":{"title":"Valkenburg, destination au sud de la r\u00e9gion de Limbourg !","description":"\u00c0 deux pas de Valkenburg et Maastricht, la d\u00e9connexion est assur\u00e9e ! Offrez-vous un s\u00e9jour reposant tout en arpentant les rues de Valkenburg et Maastricht.","robots":{"index":"index","follow":"follow","max-snippet":"max-snippet:-1","max-image-preview":"max-image-preview:large","max-video-preview":"max-video-preview:-1"},"canonical":"https:\/\/www.citykamp.com\/es\/valkenburg\/","og_locale":"es_ES","og_type":"article","og_title":"Valkenburg, destination au sud de la r\u00e9gion de Limbourg !","og_description":"\u00c0 deux pas de Valkenburg et Maastricht, la d\u00e9connexion est assur\u00e9e ! Offrez-vous un s\u00e9jour reposant tout en arpentant les rues de Valkenburg et Maastricht.","og_url":"https:\/\/www.citykamp.com\/es\/valkenburg\/","og_site_name":"Citykamp","article_modified_time":"2023-10-23T16:06:02+00:00","twitter_card":"summary_large_image","twitter_misc":{"Est. reading time":"3 minutos"},"schema":{"@context":"https:\/\/schema.org","@graph":[{"@type":"WebPage","@id":"https:\/\/www.citykamp.com\/es\/valkenburg\/","url":"https:\/\/www.citykamp.com\/es\/valkenburg\/","name":"Valkenburg, destination au sud de la r\u00e9gion de Limbourg !","isPartOf":{"@id":"https:\/\/www.citykamp.com\/es\/#website"},"datePublished":"2021-02-15T14:29:21+00:00","dateModified":"2023-10-23T16:06:02+00:00","description":"\u00c0 deux pas de Valkenburg et Maastricht, la d\u00e9connexion est assur\u00e9e ! Offrez-vous un s\u00e9jour reposant tout en arpentant les rues de Valkenburg et Maastricht.","breadcrumb":{"@id":"https:\/\/www.citykamp.com\/es\/valkenburg\/#breadcrumb"},"inLanguage":"es","potentialAction":[{"@type":"ReadAction","target":["https:\/\/www.citykamp.com\/es\/valkenburg\/"]}]},{"@type":"BreadcrumbList","@id":"https:\/\/www.citykamp.com\/es\/valkenburg\/#breadcrumb","itemListElement":[{"@type":"ListItem","position":1,"name":"Accueil","item":"https:\/\/www.citykamp.com\/es\/"},{"@type":"ListItem","position":2,"name":"Valkenburg"}]},{"@type":"WebSite","@id":"https:\/\/www.citykamp.com\/es\/#website","url":"https:\/\/www.citykamp.com\/es\/","name":"Citykamp","description":"Un site utilisant WordPress","potentialAction":[{"@type":"SearchAction","target":{"@type":"EntryPoint","urlTemplate":"https:\/\/www.citykamp.com\/es\/?s={search_term_string}"},"query-input":{"@type":"PropertyValueSpecification","valueRequired":true,"valueName":"search_term_string"}}],"inLanguage":"es"}]}},"_links":{"self":[{"href":"https:\/\/www.citykamp.com\/es\/wp-json\/wp\/v2\/pages\/4067","targetHints":{"allow":["GET"]}}],"collection":[{"href":"https:\/\/www.citykamp.com\/es\/wp-json\/wp\/v2\/pages"}],"about":[{"href":"https:\/\/www.citykamp.com\/es\/wp-json\/wp\/v2\/types\/page"}],"author":[{"embeddable":true,"href":"https:\/\/www.citykamp.com\/es\/wp-json\/wp\/v2\/users\/1"}],"replies":[{"embeddable":true,"href":"https:\/\/www.citykamp.com\/es\/wp-json\/wp\/v2\/comments?post=4067"}],"version-history":[{"count":4,"href":"https:\/\/www.citykamp.com\/es\/wp-json\/wp\/v2\/pages\/4067\/revisions"}],"predecessor-version":[{"id":6812,"href":"https:\/\/www.citykamp.com\/es\/wp-json\/wp\/v2\/pages\/4067\/revisions\/6812"}],"wp:attachment":[{"href":"https:\/\/www.citykamp.com\/es\/wp-json\/wp\/v2\/media?parent=4067"}],"curies":[{"name":"wp","href":"https:\/\/api.w.org\/{rel}","templated":true}]}}