{"id":3093,"date":"2019-12-24T15:02:14","date_gmt":"2019-12-24T14:02:14","guid":{"rendered":"http:\/\/www.citykamp.com\/camping-card\/"},"modified":"2026-04-10T14:42:05","modified_gmt":"2026-04-10T12:42:05","slug":"camping-card","status":"publish","type":"page","link":"https:\/\/www.citykamp.com\/es\/camping-card\/","title":{"rendered":"Camping card"},"content":{"rendered":"<div class=\"wpb-content-wrapper\"><p>[vc_row css=\u00bb.vc_custom_1775824387062{background-color: #E84E1B33 !important;background-position: center !important;background-repeat: no-repeat !important;background-size: cover !important;}\u00bb][vc_column]<div class=\"wrappedcontent\">[vc_empty_space height=\u00bb50&#8243;][vc_column_text css=\u00bb\u00bb]<\/p>\n<h4 style=\"text-align: center;\"><span style=\"font-size: 18pt;\"><strong><span style=\"color: #e94e1b;\">\u00a1Tu Camping Card GRATIS!<br \/>\n<\/span><\/strong><\/span><\/h4>\n<p style=\"text-align: center;\"><strong>\ud83c\udf3f<\/strong>Hasta el 3 de mayo, por cada reserva de una estancia en parcela, te regalamos tu Huttopia Camping Card por valor de 19\u20ac con el c\u00f3digo <strong><span style=\"color: #e94e1b;\">APRILCC26 <\/span>\u26fa<\/strong><\/p>\n<p style=\"text-align: center;\">\u00bfC\u00f3mo beneficiarse?<br \/>\n\u2013 Reserva tu estancia entre el 10\/04\/2026 y el 01\/11\/2026 con el c\u00f3digo APRILCC26<br \/>\n\u2013 Al\u00f3jate al menos 1 noche en parcela<br \/>\n\u2013 Tu Camping Card se te entregar\u00e1 a la llegada, \u00a1para disfrutar de tus pr\u00f3ximas estancias a precio reducido!<\/p>\n<p>[\/vc_column_text][vc_empty_space height=\u00bb25&#8243;]<\/div>[\/vc_column][\/vc_row][vc_row css=\u00bb.vc_custom_1578907373766{background-position: center !important;background-repeat: no-repeat !important;background-size: cover !important;}\u00bb][vc_column]<div class=\"wrappedcontent\">[vc_empty_space height=\u00bb50&#8243;][vc_column_text]<\/p>\n<h1 style=\"text-align: center;\"><span style=\"color: #e94e1b; font-size: 30pt;\">ACAMPA A BUEN PRECIO<br \/>\n<strong>CON LA CAMPING CARD<\/strong><\/span><\/h1>\n<p>[\/vc_column_text][vc_empty_space height=\u00bb25&#8243;][vc_column_text css=\u00bb.vc_custom_1745849968293{padding-top: 15px !important;padding-right: 15px !important;padding-bottom: 15px !important;padding-left: 15px !important;}\u00bb]<\/p>\n<p style=\"text-align: center;\"><span style=\"font-size: 14pt;\">\u00bfQui\u00e9n no sue\u00f1a con acampar en las ciudades m\u00e1s bonitas a buen precio?<\/span><\/p>\n<p style=\"text-align: center;\"><span style=\"font-size: 14pt;\">Descubre la Camping Card, EL TRUCO de los campistas para <strong>conseguir mejores precios en parcela<\/strong>, v\u00e1lida en todos los <span style=\"text-decoration: underline; color: #e94e1b;\"><a style=\"color: #e94e1b; text-decoration: underline;\" href=\"https:\/\/www.citykamp.com\/es\/\">CityKamp<\/a><\/span> y en los campings de la red <span style=\"color: #e94e1b;\"><a style=\"color: #e94e1b;\" href=\"https:\/\/europe.huttopia.com\/es\/\"><span style=\"text-decoration: underline;\">Huttopia<\/span><\/a><\/span> y <span style=\"text-decoration: underline; color: #e94e1b;\"><a style=\"color: #e94e1b; text-decoration: underline;\" href=\"https:\/\/www.onlycamp.fr\/en\/\">Onlycamp<\/a><\/span>. \u00a1En total hay <strong>m\u00e1s de 100 destinos por descubrir<\/strong>!<\/span><\/p>\n<p style=\"text-align: center;\"><span style=\"font-size: 14pt;\">\u00bfTe gusta acampar en tienda?, \u00bfen furgoneta?, \u00bfen autocaravana? Con la Camping Card siempre tendr\u00e1s un destino por descubrir. <\/span><\/p>\n<p>[\/vc_column_text]<div class=\"text-center btnwrap\"><a class=\"btn btn-huttopia-cta\" href=\"https:\/\/www.citykamp.com\/es\/destinos\/\" role=\"button\" target=\"true\" onclick=\"dataLayer.push({'event':'clickCity', 'clickText':'ELEGIR MI DESTINO'})\">ELEGIR MI DESTINO<\/a><\/div>[vc_empty_space]<\/div>[\/vc_column][\/vc_row][vc_row css=\u00bb.vc_custom_1680095998851{background-color: #e94e1b !important;}\u00bb][vc_column]<div class=\"wrappedcontent\">[vc_row_inner gap=\u00bb30&#8243;][vc_column_inner width=\u00bb1\/3&#8243;][vc_single_image image=\u00bb5647&#8243; img_size=\u00bb600*500&#8243;][\/vc_column_inner][vc_column_inner width=\u00bb2\/3&#8243;][vc_column_text]<strong><span style=\"color: #ffffff; font-size: 20pt;\">\u00bfC\u00d3MO FUNCIONA? <\/span><\/strong><\/p>\n<p><span style=\"font-size: 14pt;\"><span style=\"color: #ffffff;\">\u2013 La Camping Card est\u00e1 a la venta en los campings participantes con un precio de <strong>19 \u20ac<\/strong>.<br \/>\n<\/span><span style=\"color: #ffffff;\">\u2013 Presentando la Camping Card, conseguir\u00e1s <strong>tarifas reducidas<\/strong> y <strong>noches gratuitas<\/strong>.*<br \/>\n<\/span><span style=\"color: #ffffff;\">\u2013 Reserva una parcela con electricidad para 2 personas + 1 animal (gratis).<br \/>\n<\/span><span style=\"color: #ffffff;\">\u2013 La tarjeta puede utilizarse sin reserva o reservando por tel\u00e9fono.<\/span><\/span><\/p>\n<p><span style=\"color: #ffffff;\"><em><span style=\"font-size: 10pt;\">*Fechas de aceptaci\u00f3n variables en funci\u00f3n del destino (<span style=\"text-decoration: underline; color: #ffffff;\"><a style=\"color: #ffffff; text-decoration: underline;\" href=\"https:\/\/media.huttopia.com\/conditions-generales\/camping-card\/sites-eligibles-et-dates.pdf\">consultar las condiciones detalladas<\/a><\/span> para obtener m\u00e1s informaci\u00f3n).<\/span><\/em><\/span>[\/vc_column_text][\/vc_column_inner][\/vc_row_inner]<\/div>[\/vc_column][\/vc_row][vc_row css=\u00bb.vc_custom_1677077568411{padding-top: 20px !important;padding-bottom: 20px !important;}\u00bb][vc_column]<div class=\"wrappedcontent\">[vc_column_text]<\/p>\n<h2 style=\"text-align: center;\"><strong><span style=\"font-size: 20pt; color: #e94e1b;\">VENTAJAS<\/span><\/strong><br \/>\n<span style=\"font-size: 20pt; color: #e94e1b;\">DE LA CAMPING CARD<\/span><\/h2>\n<p>[\/vc_column_text][vc_empty_space height=\u00bb25px\u00bb][vc_row_inner gap=\u00bb25&#8243; css=\u00bb.vc_custom_1578590245136{margin-left: -0.5px !important;}\u00bb][vc_column_inner width=\u00bb1\/3&#8243;][vc_single_image image=\u00bb5653&#8243; img_size=\u00bb600*500&#8243;][vc_empty_space height=\u00bb24&#8243;][vc_column_text]<\/p>\n<h3 style=\"text-align: center;\"><span style=\"font-size: 14pt; color: #e94e1b;\"><strong>DESDE 15 EUROS POR NOCHE<\/strong><\/span><\/h3>\n<p style=\"text-align: center;\"><span style=\"font-size: 13pt;\">Presentando la Camping Card, podr\u00e1s conseguir <strong>tarifas reducidas<\/strong> a partir de 15 \u20ac la noche. <\/span><\/p>\n<p>[\/vc_column_text][\/vc_column_inner][vc_column_inner width=\u00bb1\/3&#8243;][vc_single_image image=\u00bb5659&#8243; img_size=\u00bb600*500&#8243;][vc_empty_space height=\u00bb24&#8243;][vc_column_text]<\/p>\n<h3 style=\"text-align: center;\"><span style=\"font-size: 14pt; color: #e94e1b;\"><strong>6 GRANDES CIUDADES POR DESCUBRIR<\/strong><\/span><\/h3>\n<p style=\"text-align: center;\"><span style=\"font-size: 13pt;\">La Camping Card es v\u00e1lida en los campings de: Par\u00eds, Lyon, Angers, Estrasburgo, Colmar y Valkenburg (Pa\u00edses Bajos). Y tambi\u00e9n en <strong>m\u00e1s de 100 campings en Europa<\/strong>.<\/span><\/p>\n<p>[\/vc_column_text][\/vc_column_inner][vc_column_inner width=\u00bb1\/3&#8243;][vc_single_image image=\u00bb5665&#8243; img_size=\u00bb600*500&#8243;][vc_empty_space height=\u00bb24&#8243;][vc_column_text]<\/p>\n<h3 style=\"text-align: center;\"><span style=\"font-size: 14pt; color: #e94e1b;\"><strong>LA 10\u00aa NOCHE GRATIS<\/strong><\/span><\/h3>\n<p style=\"text-align: center;\"><span style=\"font-size: 13pt;\">Sella tu Camping Card por cada noche en una parcela a precio reducido \u00a1y disfruta de una <strong>10\u00aa** noche gratis<\/strong>!<br \/>\n1 noche = 1 sello <\/span><\/p>\n<p>[\/vc_column_text][\/vc_column_inner][\/vc_row_inner][vc_empty_space][vc_btn title=\u00bbVER FECHAS Y TARIFAS\u00bb style=\u00bbcustom\u00bb custom_background=\u00bb#e94e1b\u00bb custom_text=\u00bb#ffffff\u00bb align=\u00bbcenter\u00bb link=\u00bburl:https%3A%2F%2Fmedia.huttopia.com%2Fconditions-generales%2Fcamping-card%2Fsites-eligibles-et-dates.pdf|target:_blank\u00bb][vc_column_text]<em><span style=\"font-size: 10pt;\">**En caso de estancia larga en el mismo camping, solo se regalar\u00e1 una noche. Para conseguir una segunda noche gratuita, es necesario quedarse en un camping diferente, con la tarifa Camping Card y en las fechas aceptadas. <\/span><\/em>[\/vc_column_text]<\/div>[\/vc_column][\/vc_row][vc_row][vc_column css=\u00bb.vc_custom_1680099265334{background-color: rgba(232,78,27,0.2) !important;*background-color: rgb(232,78,27) !important;}\u00bb]<div class=\"wrappedcontent\">[vc_row_inner equal_height=\u00bbyes\u00bb gap=\u00bb35&#8243;][vc_column_inner][vc_column_text]<\/p>\n<h2><span style=\"color: #e94e1b; font-size: 20pt;\"><strong>M\u00c1S DE 100 DESTINOS <\/strong><\/span><span style=\"color: #e94e1b; font-size: 20pt;\">POR DESCUBRIR<\/span><\/h2>\n<p><span style=\"color: #e94e1b;\"><a style=\"color: #e94e1b;\" href=\"https:\/\/www.citykamp.com\/es\/\"><strong>CITYKAMP<\/strong><\/a><\/span><br \/>\nElije uno de nuestros destinos CityKamp\u2026 Disfruta de una estancia en una ciudad, \u00a1en plena naturaleza!<\/p>\n<p><span style=\"color: #e94e1b;\"><a style=\"color: #e94e1b;\" href=\"https:\/\/europe.huttopia.com\/es\/\"><strong>CAMPINGS HUTTOPIA<\/strong><\/a><\/span><br \/>\nDescubre los campings de Huttopia\u2026 Campings en plena naturaleza en las regiones m\u00e1s incre\u00edbles, con sitio para todo tipo de campistas: con tienda, con caravana, con autocaravana o con furgoneta.<\/p>\n<p><span style=\"color: #e94e1b;\"><a style=\"color: #e94e1b;\" href=\"https:\/\/www.onlycamp.fr\/en\/\"><strong>ONLYCAMP<\/strong><\/a><\/span><br \/>\nCampings a escala humana donde redescubrir el placer de acampar con total simplicidad.[\/vc_column_text][vc_empty_space][vc_btn title=\u00bbVER EL MAPA\u00bb style=\u00bbcustom\u00bb custom_background=\u00bb#e94e1b\u00bb custom_text=\u00bb#ffffff\u00bb align=\u00bbcenter\u00bb link=\u00bburl:https%3A%2F%2Fmedia.huttopia.com%2Flanding-page%2Fcamping-card%2Fcarte-destinations.pdf|target:_blank\u00bb][\/vc_column_inner][\/vc_row_inner]<\/div>[\/vc_column][\/vc_row][vc_row][vc_column]<div class=\"wrappedcontent\">[vc_column_text]<\/p>\n<h2 style=\"text-align: center;\"><span style=\"color: #e94e1b; font-size: 20pt;\">\u00bfC\u00d3MO UTILIZAR<\/span><br \/>\n<span style=\"color: #e94e1b; font-size: 20pt;\"><strong>LA CAMPING CARD?<\/strong><\/span><\/h2>\n<p>[\/vc_column_text][vc_empty_space][vc_row_inner equal_height=\u00bbyes\u00bb gap=\u00bb35&#8243;][vc_column_inner width=\u00bb1\/2&#8243;][vc_single_image image=\u00bb5679&#8243; img_size=\u00bb71*71&#8243; alignment=\u00bbcenter\u00bb][vc_empty_space][vc_column_text]<\/p>\n<h3 style=\"text-align: center;\"><span style=\"color: #e94e1b; font-size: 14pt;\"><strong>RESERVAR<\/strong><\/span><\/h3>\n<p style=\"text-align: center;\">\u00bfTe gustar\u00eda disfrutar de las ventajas de la tarjeta en tu pr\u00f3xima reserva?<br \/>\nLl\u00e1manos a<span style=\"text-decoration: underline;\">l<\/span><span style=\"color: #000000;\">\u00a0<\/span><span style=\"text-decoration: underline;\"><span style=\"color: #000000; text-decoration: underline;\"><a style=\"color: #000000; text-decoration: underline;\" href=\"tel:+33437642234\">+33 (0)4 37 64 22 34<\/a><\/span><\/span>.<br \/>\nSe te entregar\u00e1 la Camping Card en la llegada y sellaremos el n\u00famero de noches con tarifa Camping Card.<\/p>\n<p>[\/vc_column_text][\/vc_column_inner][vc_column_inner width=\u00bb1\/2&#8243;][vc_single_image image=\u00bb5685&#8243; img_size=\u00bb71*71&#8243; alignment=\u00bbcenter\u00bb][vc_empty_space][vc_column_text]<\/p>\n<h3 style=\"text-align: center;\"><span style=\"color: #e94e1b; font-size: 14pt;\"><strong>EN EL CAMPING<\/strong><\/span><\/h3>\n<p style=\"text-align: center;\">\u00bfEst\u00e1s de paso?<br \/>\nLa tarjeta est\u00e1 a la venta en los campings participantes con un precio de <strong>19 \u20ac<\/strong>.<br \/>\nDisfruta directamente de las ventajas de la tarjeta en tu estancia de paso(1)<\/p>\n<p>[\/vc_column_text][\/vc_column_inner][\/vc_row_inner][vc_empty_space]<\/div>[\/vc_column][\/vc_row]<\/p>\n<\/div>","protected":false},"excerpt":{"rendered":"<p>[vc_row css=\u00bb.vc_custom_1775824387062{background-color: #E84E1B33 !important;background-position: center !important;background-repeat: no-repeat !important;background-size: cover !important;}\u00bb][vc_column][\/vc_column][\/vc_row][vc_row css=\u00bb.vc_custom_1578907373766{background-position: center !important;background-repeat: no-repeat !important;background-size: cover !important;}\u00bb][vc_column][\/vc_column][\/vc_row][vc_row css=\u00bb.vc_custom_1680095998851{background-color: #e94e1b !important;}\u00bb][vc_column][\/vc_column][\/vc_row][vc_row css=\u00bb.vc_custom_1677077568411{padding-top: 20px !important;padding-bottom: 20px !important;}\u00bb][vc_column][\/vc_column][\/vc_row][vc_row][vc_column css=\u00bb.vc_custom_1680099265334{background-color: rgba(232,78,27,0.2) !important;*background-color: rgb(232,78,27) !important;}\u00bb][\/vc_column][\/vc_row][vc_row][vc_column][\/vc_column][\/vc_row]<\/p>\n","protected":false},"author":1,"featured_media":0,"parent":0,"menu_order":0,"comment_status":"closed","ping_status":"closed","template":"","meta":{"footnotes":""},"class_list":["post-3093","page","type-page","status-publish","hentry"],"yoast_head":"<!-- This site is optimized with the Yoast SEO plugin v25.6 - https:\/\/yoast.com\/wordpress\/plugins\/seo\/ -->\n<title>Campamento a bajo precio - Huttopia Camping Card | CityKamp<\/title>\n<meta name=\"description\" content=\"Obtenga una reducci\u00f3n de hasta -35% en las parcelas de camping y aproveche muchas ventajas, con la Huttopia Camping Card.\" \/>\n<meta name=\"robots\" content=\"index, follow, max-snippet:-1, max-image-preview:large, max-video-preview:-1\" \/>\n<link rel=\"canonical\" href=\"https:\/\/www.citykamp.com\/es\/camping-card\/\" \/>\n<meta property=\"og:locale\" content=\"es_ES\" \/>\n<meta property=\"og:type\" content=\"article\" \/>\n<meta property=\"og:title\" content=\"Campamento a bajo precio - Huttopia Camping Card | CityKamp\" \/>\n<meta property=\"og:description\" content=\"Obtenga una reducci\u00f3n de hasta -35% en las parcelas de camping y aproveche muchas ventajas, con la Huttopia Camping Card.\" \/>\n<meta property=\"og:url\" content=\"https:\/\/www.citykamp.com\/es\/camping-card\/\" \/>\n<meta property=\"og:site_name\" content=\"Citykamp\" \/>\n<meta property=\"article:modified_time\" content=\"2026-04-10T12:42:05+00:00\" \/>\n<meta name=\"twitter:card\" content=\"summary_large_image\" \/>\n<meta name=\"twitter:label1\" content=\"Est. reading time\" \/>\n\t<meta name=\"twitter:data1\" content=\"5 minutos\" \/>\n<script type=\"application\/ld+json\" class=\"yoast-schema-graph\">{\"@context\":\"https:\/\/schema.org\",\"@graph\":[{\"@type\":\"WebPage\",\"@id\":\"https:\/\/www.citykamp.com\/es\/camping-card\/\",\"url\":\"https:\/\/www.citykamp.com\/es\/camping-card\/\",\"name\":\"Campamento a bajo precio - Huttopia Camping Card | CityKamp\",\"isPartOf\":{\"@id\":\"https:\/\/www.citykamp.com\/es\/#website\"},\"datePublished\":\"2019-12-24T14:02:14+00:00\",\"dateModified\":\"2026-04-10T12:42:05+00:00\",\"description\":\"Obtenga una reducci\u00f3n de hasta -35% en las parcelas de camping y aproveche muchas ventajas, con la Huttopia Camping Card.\",\"breadcrumb\":{\"@id\":\"https:\/\/www.citykamp.com\/es\/camping-card\/#breadcrumb\"},\"inLanguage\":\"es\",\"potentialAction\":[{\"@type\":\"ReadAction\",\"target\":[\"https:\/\/www.citykamp.com\/es\/camping-card\/\"]}]},{\"@type\":\"BreadcrumbList\",\"@id\":\"https:\/\/www.citykamp.com\/es\/camping-card\/#breadcrumb\",\"itemListElement\":[{\"@type\":\"ListItem\",\"position\":1,\"name\":\"Accueil\",\"item\":\"https:\/\/www.citykamp.com\/es\/\"},{\"@type\":\"ListItem\",\"position\":2,\"name\":\"Camping card\"}]},{\"@type\":\"WebSite\",\"@id\":\"https:\/\/www.citykamp.com\/es\/#website\",\"url\":\"https:\/\/www.citykamp.com\/es\/\",\"name\":\"Citykamp\",\"description\":\"Un site utilisant WordPress\",\"potentialAction\":[{\"@type\":\"SearchAction\",\"target\":{\"@type\":\"EntryPoint\",\"urlTemplate\":\"https:\/\/www.citykamp.com\/es\/?s={search_term_string}\"},\"query-input\":{\"@type\":\"PropertyValueSpecification\",\"valueRequired\":true,\"valueName\":\"search_term_string\"}}],\"inLanguage\":\"es\"}]}<\/script>\n<!-- \/ Yoast SEO plugin. -->","yoast_head_json":{"title":"Campamento a bajo precio - Huttopia Camping Card | CityKamp","description":"Obtenga una reducci\u00f3n de hasta -35% en las parcelas de camping y aproveche muchas ventajas, con la Huttopia Camping Card.","robots":{"index":"index","follow":"follow","max-snippet":"max-snippet:-1","max-image-preview":"max-image-preview:large","max-video-preview":"max-video-preview:-1"},"canonical":"https:\/\/www.citykamp.com\/es\/camping-card\/","og_locale":"es_ES","og_type":"article","og_title":"Campamento a bajo precio - Huttopia Camping Card | CityKamp","og_description":"Obtenga una reducci\u00f3n de hasta -35% en las parcelas de camping y aproveche muchas ventajas, con la Huttopia Camping Card.","og_url":"https:\/\/www.citykamp.com\/es\/camping-card\/","og_site_name":"Citykamp","article_modified_time":"2026-04-10T12:42:05+00:00","twitter_card":"summary_large_image","twitter_misc":{"Est. reading time":"5 minutos"},"schema":{"@context":"https:\/\/schema.org","@graph":[{"@type":"WebPage","@id":"https:\/\/www.citykamp.com\/es\/camping-card\/","url":"https:\/\/www.citykamp.com\/es\/camping-card\/","name":"Campamento a bajo precio - Huttopia Camping Card | CityKamp","isPartOf":{"@id":"https:\/\/www.citykamp.com\/es\/#website"},"datePublished":"2019-12-24T14:02:14+00:00","dateModified":"2026-04-10T12:42:05+00:00","description":"Obtenga una reducci\u00f3n de hasta -35% en las parcelas de camping y aproveche muchas ventajas, con la Huttopia Camping Card.","breadcrumb":{"@id":"https:\/\/www.citykamp.com\/es\/camping-card\/#breadcrumb"},"inLanguage":"es","potentialAction":[{"@type":"ReadAction","target":["https:\/\/www.citykamp.com\/es\/camping-card\/"]}]},{"@type":"BreadcrumbList","@id":"https:\/\/www.citykamp.com\/es\/camping-card\/#breadcrumb","itemListElement":[{"@type":"ListItem","position":1,"name":"Accueil","item":"https:\/\/www.citykamp.com\/es\/"},{"@type":"ListItem","position":2,"name":"Camping card"}]},{"@type":"WebSite","@id":"https:\/\/www.citykamp.com\/es\/#website","url":"https:\/\/www.citykamp.com\/es\/","name":"Citykamp","description":"Un site utilisant WordPress","potentialAction":[{"@type":"SearchAction","target":{"@type":"EntryPoint","urlTemplate":"https:\/\/www.citykamp.com\/es\/?s={search_term_string}"},"query-input":{"@type":"PropertyValueSpecification","valueRequired":true,"valueName":"search_term_string"}}],"inLanguage":"es"}]}},"_links":{"self":[{"href":"https:\/\/www.citykamp.com\/es\/wp-json\/wp\/v2\/pages\/3093","targetHints":{"allow":["GET"]}}],"collection":[{"href":"https:\/\/www.citykamp.com\/es\/wp-json\/wp\/v2\/pages"}],"about":[{"href":"https:\/\/www.citykamp.com\/es\/wp-json\/wp\/v2\/types\/page"}],"author":[{"embeddable":true,"href":"https:\/\/www.citykamp.com\/es\/wp-json\/wp\/v2\/users\/1"}],"replies":[{"embeddable":true,"href":"https:\/\/www.citykamp.com\/es\/wp-json\/wp\/v2\/comments?post=3093"}],"version-history":[{"count":7,"href":"https:\/\/www.citykamp.com\/es\/wp-json\/wp\/v2\/pages\/3093\/revisions"}],"predecessor-version":[{"id":7685,"href":"https:\/\/www.citykamp.com\/es\/wp-json\/wp\/v2\/pages\/3093\/revisions\/7685"}],"wp:attachment":[{"href":"https:\/\/www.citykamp.com\/es\/wp-json\/wp\/v2\/media?parent=3093"}],"curies":[{"name":"wp","href":"https:\/\/api.w.org\/{rel}","templated":true}]}}