{"id":581,"date":"2018-02-12T11:33:21","date_gmt":"2018-02-12T10:33:21","guid":{"rendered":"http:\/\/www.citykamp.com\/en\/angers\/"},"modified":"2023-10-20T11:37:39","modified_gmt":"2023-10-20T09:37:39","slug":"angers","status":"publish","type":"page","link":"https:\/\/www.citykamp.com\/en\/angers\/","title":{"rendered":"Angers"},"content":{"rendered":"<div class=\"wpb-content-wrapper\"><p>[vc_row][vc_column]<div class=\"imgheader\" style=\"background-image: url(https:\/\/www.citykamp.com\/uploads\/2023\/10\/citykamp-portail-angers-header-1900x700.jpeg)\"><div class=\"wrapcontentraw\"><div class=\"incta\">\n                                    <div>\n                                        <a href=\"http:\/\/www.campingangers.com\/en\/\"><span class=\"cta1\">Destination<\/span>\n                                        <span class=\"cta2\">ANGERS<span class=\"ctk-arrow\"><\/span><\/span><\/a>\n                                    <\/div>\n                                  <\/div><\/div><\/div>[\/vc_column][\/vc_row][vc_row][vc_column]<div class=\"wrappedcontent\">[vc_column_text]<\/p>\n<h2>Just a stone&#8217;s throw from Angers city centre!<\/h2>\n<p>[\/vc_column_text][vc_empty_space][vc_row_inner gap=&#8221;30&#8243;][vc_column_inner width=&#8221;1\/4&#8243;][vc_masonry_media_grid element_width=&#8221;12&#8243; gap=&#8221;0&#8243; item=&#8221;164&#8243; grid_id=&#8221;vc_gid:1697794558279-a3ac463c-2637-5&#8243; include=&#8221;5964&#8243;][vc_empty_space height=&#8221;16px&#8221;][vc_column_text]<\/p>\n<h5 style=\"text-align: left;\">Set out to explore the Loire Valley<\/h5>\n<p>Castles, cycle paths, famous wine estates, and typical regional heritage&#8230; From the springtime, discover the tourist attractions of Angers and its surroundings.[\/vc_column_text][\/vc_column_inner][vc_column_inner width=&#8221;1\/4&#8243;][vc_masonry_media_grid element_width=&#8221;12&#8243; gap=&#8221;0&#8243; item=&#8221;164&#8243; grid_id=&#8221;vc_gid:1697794558281-55b2e3a9-6db4-5&#8243; include=&#8221;5970&#8243;][vc_empty_space height=&#8221;16px&#8221;][vc_column_text]<\/p>\n<h5 style=\"text-align: left;\">Stay in the heart of 120-hectares of natural parkland<\/h5>\n<p>Set up your tent, motorhome, or caravan on one of our pitches or rent <a style=\"color: #e84e1b;\" href=\"http:\/\/www.citykamp.com\/en\/accommodations\/\" target=\"_blank\" rel=\"noopener noreferrer\">accommodation<\/a> with all the comforts&#8230; the choice is yours![\/vc_column_text][\/vc_column_inner][vc_column_inner width=&#8221;1\/4&#8243;][vc_masonry_media_grid element_width=&#8221;12&#8243; gap=&#8221;0&#8243; item=&#8221;164&#8243; grid_id=&#8221;vc_gid:1697794558283-77e5a6a5-872d-3&#8243; include=&#8221;5976&#8243;][vc_empty_space height=&#8221;16px&#8221;][vc_column_text]<\/p>\n<h5 style=\"text-align: left;\">Enjoy quality services<\/h5>\n<p>Food services on site for tasty meals as a family, bike hire to explore the area, sheets and towels for hire so you can travel light&#8230; Everything has been taken care of![\/vc_column_text][\/vc_column_inner][vc_column_inner width=&#8221;1\/4&#8243;][vc_masonry_media_grid element_width=&#8221;12&#8243; gap=&#8221;0&#8243; item=&#8221;164&#8243; grid_id=&#8221;vc_gid:1697794558285-3853b733-6a6b-10&#8243; include=&#8221;5982&#8243;][vc_empty_space height=&#8221;16px&#8221;][vc_column_text]<\/p>\n<h5 style=\"text-align: left;\">Enjoy relaxing moments together as a family<\/h5>\n<p>Heated pool, jacuzzi, sports pitches, festive evening entertainment in summer, and of course Lake Maine just 3 minutes by bike from the campsite&#8230;[\/vc_column_text][\/vc_column_inner][\/vc_row_inner][vc_empty_space]<div class=\"text-center btnwrap\"><a class=\"btn btn-huttopia-cta\" href=\"http:\/\/www.campingangers.com\/en\/\" role=\"button\" target=\"\" onclick=\"dataLayer.push({'event':'clickCity', 'clickText':'Discover this destination'})\">Discover this destination<\/a><\/div><\/div>[\/vc_column][\/vc_row][vc_row css=&#8221;.vc_custom_1519374192767{background-color: #e84e1b !important;}&#8221;][vc_column]<div class=\"wrappedcontent\">[vc_column_text]<\/p>\n<h2><span style=\"color: #ffffff;\">On site, everything has been thought of to make life easy!<\/span><\/h2>\n<p>[\/vc_column_text][vc_empty_space][vc_masonry_media_grid gap=&#8221;25&#8243; grid_id=&#8221;vc_gid:1697794558286-8c4ff9fc-b61a-8&#8243; include=&#8221;5989,5995,6001&#8243;][vc_empty_space height=&#8221;50px&#8221;][vc_row_inner css=&#8221;.vc_custom_1519232541719{margin-top: -28px !important;margin-bottom: -28px !important;}&#8221;][vc_column_inner width=&#8221;1\/6&#8243;][vc_icon type=&#8221;typicons&#8221; icon_typicons=&#8221;typcn typcn-wi-fi&#8221; color=&#8221;white&#8221; align=&#8221;center&#8221; css=&#8221;.vc_custom_1519378601801{margin-top: -10px !important;margin-bottom: -10px !important;}&#8221;][vc_column_text]<\/p>\n<p style=\"text-align: center;\"><strong><span style=\"color: #ffffff;\">Free Wifi<\/span><\/strong><\/p>\n<p>[\/vc_column_text][\/vc_column_inner][vc_column_inner width=&#8221;1\/6&#8243;][vc_icon type=&#8221;material&#8221; icon_material=&#8221;vc-material vc-material-local_parking&#8221; color=&#8221;white&#8221; align=&#8221;center&#8221; css=&#8221;.vc_custom_1519232553890{margin-top: -10px !important;margin-bottom: -10px !important;}&#8221;][vc_column_text]<\/p>\n<p style=\"text-align: center;\"><strong><span style=\"color: #ffffff;\">Free parking<\/span><\/strong><\/p>\n<p>[\/vc_column_text][\/vc_column_inner][vc_column_inner width=&#8221;1\/6&#8243;][vc_icon icon_fontawesome=&#8221;fa fa-bed&#8221; color=&#8221;white&#8221; align=&#8221;center&#8221; css=&#8221;.vc_custom_1519378669685{margin-top: -10px !important;margin-bottom: -10px !important;}&#8221;][vc_column_text]<\/p>\n<p style=\"text-align: center;\"><strong><span style=\"color: #ffffff;\">Sheets and towels for hire<\/span><\/strong><\/p>\n<p>[\/vc_column_text][\/vc_column_inner][vc_column_inner width=&#8221;1\/6&#8243;][vc_icon type=&#8221;material&#8221; icon_material=&#8221;vc-material vc-material-restaurant&#8221; color=&#8221;white&#8221; align=&#8221;center&#8221; css=&#8221;.vc_custom_1519378702434{margin-top: -10px !important;margin-bottom: -10px !important;}&#8221;][vc_column_text]<\/p>\n<p style=\"text-align: center;\"><strong><span style=\"color: #ffffff;\">Restaurant<\/span><\/strong><\/p>\n<p>[\/vc_column_text][\/vc_column_inner][vc_column_inner width=&#8221;1\/6&#8243;][vc_icon type=&#8221;material&#8221; icon_material=&#8221;vc-material vc-material-pool&#8221; color=&#8221;white&#8221; align=&#8221;center&#8221; css=&#8221;.vc_custom_1519378840870{margin-top: -10px !important;margin-bottom: -10px !important;}&#8221;][vc_column_text]<\/p>\n<p style=\"text-align: center;\"><span style=\"color: #ffffff;\"><strong>Heated pool<\/strong><\/span><br \/>\n<span style=\"font-size: 10pt; color: #ffffff;\">Depending on the period<\/span><\/p>\n<p>[\/vc_column_text][\/vc_column_inner][vc_column_inner width=&#8221;1\/6&#8243;][vc_icon type=&#8221;entypo&#8221; icon_entypo=&#8221;entypo-icon entypo-icon-plus-circled&#8221; color=&#8221;white&#8221; align=&#8221;center&#8221; css=&#8221;.vc_custom_1519922432159{margin-top: -10px !important;margin-bottom: -10px !important;}&#8221; link=&#8221;url:http%3A%2F%2Fwww.citykamp.com%2Fen%2Fservices%2F||target:%20_blank|&#8221;][vc_column_text]<\/p>\n<p style=\"text-align: center;\"><strong><span style=\"color: #ffffff;\">SEE MORE<\/span><\/strong><\/p>\n<p>[\/vc_column_text][\/vc_column_inner][\/vc_row_inner]<\/div>[\/vc_column][\/vc_row][vc_row][vc_column]<div class=\"wrapcontentraw\">\n                <h2 class=\"hmargin\">Around the campsite<\/h2>\n                <div class=\"allsites\">\n                    <div class=\"col-md-6 swrap\">\n                <div>\n                    <div class=\"simg\">\n                        <div class=\"stitle\">Lac de Maine<\/div>\n                        <img decoding=\"async\" src=\"https:\/\/www.citykamp.com\/uploads\/2023\/10\/citykamp-portail-angers-lac-de-maine-500x350.jpg\" alt=\"Huttopia Angers.\"\/>\n                    <\/div>\n                    <div class=\"ibcontent ibflex\">\n                        <div class=\"ibin1\">Walks, picnics, swimming, sailing, canoeing... Recharge your batteries at Lake Maine<\/div>\n                        <div class=\"ibin2\">\n                            <a>\n                                <div class=\"iblink isaltbgcolor\"><span class=\"sdist\"><span class=\"ctk-man\"><\/span><span class=\"thdist\">850 m<\/span><\/span><\/div>\n                            <\/a>\n                        <\/div>\n                        <div class=\"clear\"><\/div>\n                    <\/div>\n                <\/div>\n             <\/div><div class=\"col-md-6 swrap\">\n                <div>\n                    <div class=\"simg\">\n                        <div class=\"stitle\">Anger's old town<\/div>\n                        <img decoding=\"async\" src=\"https:\/\/www.citykamp.com\/uploads\/2023\/10\/citykamp-portail-angers-vieille-ville-500x350.jpg\" alt=\"Huttopia Angers.\"\/>\n                    <\/div>\n                    <div class=\"ibcontent ibflex\">\n                        <div class=\"ibin1\">Stroll through the streets of Anger's old town to discover its best-kept secrets<\/div>\n                        <div class=\"ibin2\">\n                            <a>\n                                <div class=\"iblink isaltbgcolor\"><span class=\"sdist\"><span class=\"ctk-man\"><\/span><span class=\"thdist\">4,5 km<\/span><\/span><\/div>\n                            <\/a>\n                        <\/div>\n                        <div class=\"clear\"><\/div>\n                    <\/div>\n                <\/div>\n             <\/div><div class=\"col-md-6 swrap\">\n                <div>\n                    <div class=\"simg\">\n                        <div class=\"stitle\">Angers Castle<\/div>\n                        <img decoding=\"async\" src=\"https:\/\/www.citykamp.com\/uploads\/2023\/10\/citykamp-portail-angers-chateau-500x350.jpg\" alt=\"citykamp-portail-angers-chateau\"\/>\n                    <\/div>\n                    <div class=\"ibcontent ibflex\">\n                        <div class=\"ibin1\">Set off to explore Angers Castle, also known as the castle of the Dukes of Anjou<\/div>\n                        <div class=\"ibin2\">\n                            <a>\n                                <div class=\"iblink isaltbgcolor\"><span class=\"sdist\"><span class=\"ctk-man\"><\/span><span class=\"thdist\">4,7 km<\/span><\/span><\/div>\n                            <\/a>\n                        <\/div>\n                        <div class=\"clear\"><\/div>\n                    <\/div>\n                <\/div>\n             <\/div><div class=\"col-md-6 swrap\">\n                <div>\n                    <div class=\"simg\">\n                        <div class=\"stitle\">Terra Botanica<\/div>\n                        <img decoding=\"async\" src=\"https:\/\/www.citykamp.com\/uploads\/2023\/10\/citykamp-portail-angers-terra-botanica-500x350.jpeg\" alt=\"citykamp-portail-angers-terra-botanica\"\/>\n                    <\/div>\n                    <div class=\"ibcontent ibflex\">\n                        <div class=\"ibin1\">Spend quality time as a family at Terra Botanica, a wonderful amusement park, based on the theme of plants<\/div>\n                        <div class=\"ibin2\">\n                            <a>\n                                <div class=\"iblink isaltbgcolor\"><span class=\"sdist\"><span class=\"ctk-man\"><\/span><span class=\"thdist\">6,5 km<\/span><\/span><\/div>\n                            <\/a>\n                        <\/div>\n                        <div class=\"clear\"><\/div>\n                    <\/div>\n                <\/div>\n             <\/div>\n                    <div class=\"clear\"><\/div>\n                <\/div>\n            <\/div><div class=\"text-center btnwrap\"><a class=\"btn btn-huttopia-cta\" href=\"http:\/\/www.campingangers.com\/en\/activites\" role=\"button\" target=\"\" onclick=\"dataLayer.push({'event':'clickCity', 'clickText':'Discover other activities'})\">Discover other activities<\/a><\/div>[\/vc_column][\/vc_row][vc_row][vc_column]<div class=\"mflex imgmp\">\n                <div class=\"col-md-6 accordeonimg\" style=\"background-image: url(https:\/\/www.citykamp.com\/uploads\/2023\/10\/citykamp-portail-angers-proche-ville.jpeg)\">\n                    <img decoding=\"async\" src=\"https:\/\/www.citykamp.com\/uploads\/2023\/10\/citykamp-portail-angers-proche-ville.jpeg\" style=\"visibility: hidden;\" \/>\n                <\/div>\n                <div class=\"col-md-6 altbg gmcontent\">\n                    <div>\n                    <h2 class=\"istitlecolor gmtitle\">The pleasure of staying in the midst of nature, just a stone's throw from the city!<\/h2>\n                    <div class=\"gmwrap\"><div class=\"col-sm-4 bwrap\">\n                    <span class=\"istitlecolor gmpicto ctk-train\"><\/span>\n                    <span class=\"gmlabel\">Station, 10 min<\/span>\n                  <\/div><div class=\"col-sm-4 bwrap\">\n                    <span class=\"istitlecolor gmpicto ctk-car\"><\/span>\n                    <span class=\"gmlabel\">A11 and A87, 15 min<\/span>\n                  <\/div><div class=\"col-sm-4 bwrap\">\n                    <span class=\"istitlecolor gmpicto ctk-bus\"><\/span>\n                    <span class=\"gmlabel\">Cycle paths and public transport<\/span>\n                  <\/div><\/div>\n            <\/div>\n        <\/div>\n    <\/div>\n    <script>\n        let iconType = L.icon({\n            iconUrl: baseDirectory + '\/img\/pin.png',\n            iconSize: [22, 48],\n            iconAnchor: [11, 46],\n            popupAnchor: [0, -46]\n        });\n        let map = L.map('map', {\n            center: L.latLng(47.4634325, -0.5947655999999597),\n            zoom: 10.8,\n            layers: [L.tileLayer('https:\/\/cartodb-basemaps-b.global.ssl.fastly.net\/light_all\/{z}\/{x}\/{y}.png', {\n                attribution: '&copy; <a href=\"https:\/\/www.openstreetmap.org\/copyright\">OpenStreetMap<\/a>'\n            })],\n            zoomSnap: 0.2\n        });\n        setTimeout(map.invalidateSize.bind(map), 100);\n        let contentString = '<div id=\"content\">' +\n            '<div id=\"siteNotice\">' +\n            '<\/div>' +\n            '<h4 id=\"firstHeading\" class=\"firstHeading\">The pleasure of staying in the midst of nature, just a stone\\'s throw from the city!<\/h4>' +\n            '<div id=\"bodyContent\">' +\n            '<p><\/p>' +\n            '<p><\/p>' +\n            '<\/div>' +\n            '<\/div>';\n        let marker = L.marker([47.4634325, -0.5947655999999597], {icon: iconType}).addTo(map);\n        marker.bindPopup(contentString).openPopup();\n        let iwOuter = document.querySelector('.leaflet-popup-content-wrapper');\n        let iwArrow = document.querySelector('.leaflet-popup-tip');\n        iwOuter.style.backgroundColor = '';\n        iwArrow.style.backgroundColor = '';\n    <\/script>\n    [\/vc_column][\/vc_row][vc_row css=&#8221;.vc_custom_1519226022924{background-color: #b5b5b5 !important;}&#8221;][vc_column]<div class=\"wrappedcontent\">[vc_row_inner css=&#8221;.vc_custom_1519232541719{margin-top: -28px !important;margin-bottom: -28px !important;}&#8221;][vc_column_inner width=&#8221;1\/4&#8243;][vc_icon icon_fontawesome=&#8221;fa fa-lock&#8221; color=&#8221;white&#8221; align=&#8221;center&#8221; css=&#8221;.vc_custom_1519232547847{margin-top: -10px !important;margin-bottom: -10px !important;}&#8221;][vc_column_text]<\/p>\n<p style=\"text-align: center;\"><span style=\"color: #ffffff;\">Secure payment<\/span><\/p>\n<p>[\/vc_column_text][\/vc_column_inner][vc_column_inner width=&#8221;1\/4&#8243;][vc_icon type=&#8221;material&#8221; icon_material=&#8221;vc-material vc-material-local_parking&#8221; color=&#8221;white&#8221; align=&#8221;center&#8221; css=&#8221;.vc_custom_1519232553890{margin-top: -10px !important;margin-bottom: -10px !important;}&#8221;][vc_column_text]<\/p>\n<p style=\"text-align: center;\"><span style=\"color: #ffffff;\">Free parking<\/span><\/p>\n<p>[\/vc_column_text][\/vc_column_inner][vc_column_inner width=&#8221;1\/4&#8243;][vc_icon type=&#8221;entypo&#8221; icon_entypo=&#8221;entypo-icon entypo-icon-back-in-time&#8221; color=&#8221;white&#8221; align=&#8221;center&#8221; css=&#8221;.vc_custom_1519232559742{margin-top: -10px !important;margin-bottom: -10px !important;}&#8221;][vc_column_text]<\/p>\n<p style=\"text-align: center;\"><span style=\"color: #ffffff;\">Reception open 7 days a week<\/span><\/p>\n<p>[\/vc_column_text][\/vc_column_inner][vc_column_inner width=&#8221;1\/4&#8243;][vc_icon icon_fontawesome=&#8221;fa fa-globe&#8221; color=&#8221;white&#8221; align=&#8221;center&#8221; css=&#8221;.vc_custom_1519232565583{margin-top: -10px !important;margin-bottom: -10px !important;}&#8221;][vc_column_text]<\/p>\n<p style=\"text-align: center;\"><span style=\"color: #ffffff;\">Multilingual<\/span><\/p>\n<p>[\/vc_column_text][\/vc_column_inner][\/vc_row_inner]<\/div>[\/vc_column][\/vc_row]<\/p>\n<\/div>","protected":false},"excerpt":{"rendered":"<p>[vc_row][vc_column][\/vc_column][\/vc_row][vc_row][vc_column][\/vc_column][\/vc_row][vc_row css=&#8221;.vc_custom_1519374192767{background-color: #e84e1b !important;}&#8221;][vc_column][\/vc_column][\/vc_row][vc_row][vc_column][\/vc_column][\/vc_row][vc_row][vc_column][\/vc_column][\/vc_row][vc_row css=&#8221;.vc_custom_1519226022924{background-color: #b5b5b5 !important;}&#8221;][vc_column][\/vc_column][\/vc_row]<\/p>\n","protected":false},"author":1,"featured_media":0,"parent":0,"menu_order":0,"comment_status":"closed","ping_status":"closed","template":"","meta":{"footnotes":""},"class_list":["post-581","page","type-page","status-publish","hentry"],"yoast_head":"<!-- This site is optimized with the Yoast SEO plugin v25.6 - https:\/\/yoast.com\/wordpress\/plugins\/seo\/ -->\n<title>Angers, destination camping dans la vall\u00e9e de la Loire - City Kamp<\/title>\n<meta name=\"description\" content=\"S\u00e9journez au c\u0153ur d&#039;un parc naturel de 120 hectares au camping d&#039;Angers. A 3 minutes du lac de Maine, profitez des moments d\u00e9tente au bord de l&#039;eau ou partez \u00e0 la d\u00e9couverte de la Vall\u00e9e de la Loire. Sur place, des services de qualit\u00e9 pour simplifiez votre s\u00e9jour.\" \/>\n<meta name=\"robots\" content=\"index, follow, max-snippet:-1, max-image-preview:large, max-video-preview:-1\" \/>\n<link rel=\"canonical\" href=\"https:\/\/www.citykamp.com\/en\/angers\/\" \/>\n<meta property=\"og:locale\" content=\"en_US\" \/>\n<meta property=\"og:type\" content=\"article\" \/>\n<meta property=\"og:title\" content=\"Angers, destination camping dans la vall\u00e9e de la Loire - City Kamp\" \/>\n<meta property=\"og:description\" content=\"S\u00e9journez au c\u0153ur d&#039;un parc naturel de 120 hectares au camping d&#039;Angers. A 3 minutes du lac de Maine, profitez des moments d\u00e9tente au bord de l&#039;eau ou partez \u00e0 la d\u00e9couverte de la Vall\u00e9e de la Loire. Sur place, des services de qualit\u00e9 pour simplifiez votre s\u00e9jour.\" \/>\n<meta property=\"og:url\" content=\"https:\/\/www.citykamp.com\/en\/angers\/\" \/>\n<meta property=\"og:site_name\" content=\"Citykamp\" \/>\n<meta property=\"article:modified_time\" content=\"2023-10-20T09:37:39+00:00\" \/>\n<meta name=\"twitter:card\" content=\"summary_large_image\" \/>\n<meta name=\"twitter:label1\" content=\"Est. reading time\" \/>\n\t<meta name=\"twitter:data1\" content=\"3 minutes\" \/>\n<script type=\"application\/ld+json\" class=\"yoast-schema-graph\">{\"@context\":\"https:\/\/schema.org\",\"@graph\":[{\"@type\":\"WebPage\",\"@id\":\"https:\/\/www.citykamp.com\/en\/angers\/\",\"url\":\"https:\/\/www.citykamp.com\/en\/angers\/\",\"name\":\"Angers, destination camping dans la vall\u00e9e de la Loire - City Kamp\",\"isPartOf\":{\"@id\":\"https:\/\/www.citykamp.com\/en\/#website\"},\"datePublished\":\"2018-02-12T10:33:21+00:00\",\"dateModified\":\"2023-10-20T09:37:39+00:00\",\"description\":\"S\u00e9journez au c\u0153ur d'un parc naturel de 120 hectares au camping d'Angers. A 3 minutes du lac de Maine, profitez des moments d\u00e9tente au bord de l'eau ou partez \u00e0 la d\u00e9couverte de la Vall\u00e9e de la Loire. Sur place, des services de qualit\u00e9 pour simplifiez votre s\u00e9jour.\",\"breadcrumb\":{\"@id\":\"https:\/\/www.citykamp.com\/en\/angers\/#breadcrumb\"},\"inLanguage\":\"en-US\",\"potentialAction\":[{\"@type\":\"ReadAction\",\"target\":[\"https:\/\/www.citykamp.com\/en\/angers\/\"]}]},{\"@type\":\"BreadcrumbList\",\"@id\":\"https:\/\/www.citykamp.com\/en\/angers\/#breadcrumb\",\"itemListElement\":[{\"@type\":\"ListItem\",\"position\":1,\"name\":\"Accueil\",\"item\":\"https:\/\/www.citykamp.com\/en\/\"},{\"@type\":\"ListItem\",\"position\":2,\"name\":\"Angers\"}]},{\"@type\":\"WebSite\",\"@id\":\"https:\/\/www.citykamp.com\/en\/#website\",\"url\":\"https:\/\/www.citykamp.com\/en\/\",\"name\":\"Citykamp\",\"description\":\"Un site utilisant WordPress\",\"potentialAction\":[{\"@type\":\"SearchAction\",\"target\":{\"@type\":\"EntryPoint\",\"urlTemplate\":\"https:\/\/www.citykamp.com\/en\/?s={search_term_string}\"},\"query-input\":{\"@type\":\"PropertyValueSpecification\",\"valueRequired\":true,\"valueName\":\"search_term_string\"}}],\"inLanguage\":\"en-US\"}]}<\/script>\n<!-- \/ Yoast SEO plugin. -->","yoast_head_json":{"title":"Angers, destination camping dans la vall\u00e9e de la Loire - City Kamp","description":"S\u00e9journez au c\u0153ur d'un parc naturel de 120 hectares au camping d'Angers. A 3 minutes du lac de Maine, profitez des moments d\u00e9tente au bord de l'eau ou partez \u00e0 la d\u00e9couverte de la Vall\u00e9e de la Loire. Sur place, des services de qualit\u00e9 pour simplifiez votre s\u00e9jour.","robots":{"index":"index","follow":"follow","max-snippet":"max-snippet:-1","max-image-preview":"max-image-preview:large","max-video-preview":"max-video-preview:-1"},"canonical":"https:\/\/www.citykamp.com\/en\/angers\/","og_locale":"en_US","og_type":"article","og_title":"Angers, destination camping dans la vall\u00e9e de la Loire - City Kamp","og_description":"S\u00e9journez au c\u0153ur d'un parc naturel de 120 hectares au camping d'Angers. A 3 minutes du lac de Maine, profitez des moments d\u00e9tente au bord de l'eau ou partez \u00e0 la d\u00e9couverte de la Vall\u00e9e de la Loire. Sur place, des services de qualit\u00e9 pour simplifiez votre s\u00e9jour.","og_url":"https:\/\/www.citykamp.com\/en\/angers\/","og_site_name":"Citykamp","article_modified_time":"2023-10-20T09:37:39+00:00","twitter_card":"summary_large_image","twitter_misc":{"Est. reading time":"3 minutes"},"schema":{"@context":"https:\/\/schema.org","@graph":[{"@type":"WebPage","@id":"https:\/\/www.citykamp.com\/en\/angers\/","url":"https:\/\/www.citykamp.com\/en\/angers\/","name":"Angers, destination camping dans la vall\u00e9e de la Loire - City Kamp","isPartOf":{"@id":"https:\/\/www.citykamp.com\/en\/#website"},"datePublished":"2018-02-12T10:33:21+00:00","dateModified":"2023-10-20T09:37:39+00:00","description":"S\u00e9journez au c\u0153ur d'un parc naturel de 120 hectares au camping d'Angers. A 3 minutes du lac de Maine, profitez des moments d\u00e9tente au bord de l'eau ou partez \u00e0 la d\u00e9couverte de la Vall\u00e9e de la Loire. Sur place, des services de qualit\u00e9 pour simplifiez votre s\u00e9jour.","breadcrumb":{"@id":"https:\/\/www.citykamp.com\/en\/angers\/#breadcrumb"},"inLanguage":"en-US","potentialAction":[{"@type":"ReadAction","target":["https:\/\/www.citykamp.com\/en\/angers\/"]}]},{"@type":"BreadcrumbList","@id":"https:\/\/www.citykamp.com\/en\/angers\/#breadcrumb","itemListElement":[{"@type":"ListItem","position":1,"name":"Accueil","item":"https:\/\/www.citykamp.com\/en\/"},{"@type":"ListItem","position":2,"name":"Angers"}]},{"@type":"WebSite","@id":"https:\/\/www.citykamp.com\/en\/#website","url":"https:\/\/www.citykamp.com\/en\/","name":"Citykamp","description":"Un site utilisant WordPress","potentialAction":[{"@type":"SearchAction","target":{"@type":"EntryPoint","urlTemplate":"https:\/\/www.citykamp.com\/en\/?s={search_term_string}"},"query-input":{"@type":"PropertyValueSpecification","valueRequired":true,"valueName":"search_term_string"}}],"inLanguage":"en-US"}]}},"_links":{"self":[{"href":"https:\/\/www.citykamp.com\/en\/wp-json\/wp\/v2\/pages\/581","targetHints":{"allow":["GET"]}}],"collection":[{"href":"https:\/\/www.citykamp.com\/en\/wp-json\/wp\/v2\/pages"}],"about":[{"href":"https:\/\/www.citykamp.com\/en\/wp-json\/wp\/v2\/types\/page"}],"author":[{"embeddable":true,"href":"https:\/\/www.citykamp.com\/en\/wp-json\/wp\/v2\/users\/1"}],"replies":[{"embeddable":true,"href":"https:\/\/www.citykamp.com\/en\/wp-json\/wp\/v2\/comments?post=581"}],"version-history":[{"count":4,"href":"https:\/\/www.citykamp.com\/en\/wp-json\/wp\/v2\/pages\/581\/revisions"}],"predecessor-version":[{"id":6057,"href":"https:\/\/www.citykamp.com\/en\/wp-json\/wp\/v2\/pages\/581\/revisions\/6057"}],"wp:attachment":[{"href":"https:\/\/www.citykamp.com\/en\/wp-json\/wp\/v2\/media?parent=581"}],"curies":[{"name":"wp","href":"https:\/\/api.w.org\/{rel}","templated":true}]}}