{"id":3947,"date":"2021-02-15T15:29:21","date_gmt":"2021-02-15T14:29:21","guid":{"rendered":"http:\/\/www.citykamp.com\/?page_id=3947"},"modified":"2023-10-23T18:02:19","modified_gmt":"2023-10-23T16:02:19","slug":"valkenburg","status":"publish","type":"page","link":"https:\/\/www.citykamp.com\/en\/valkenburg\/","title":{"rendered":"Valkenburg"},"content":{"rendered":"<div class=\"wpb-content-wrapper\"><p>[vc_row][vc_column]<div class=\"imgheader\" style=\"background-image: url(https:\/\/www.citykamp.com\/uploads\/2021\/02\/camping-valkenburg-maastricht-carroussel-1-1440x700.jpg)\"><div class=\"wrapcontentraw\"><div class=\"incta\">\n                                    <div>\n                                        <a href=\"https:\/\/www.camping-valkenburg.com\/fr\/\"><span class=\"cta1\">Destination<\/span>\n                                        <span class=\"cta2\">VALKENBURG<span class=\"ctk-arrow\"><\/span><\/span><\/a>\n                                    <\/div>\n                                  <\/div><\/div><\/div>[\/vc_column][\/vc_row][vc_row][vc_column]<div class=\"wrappedcontent\">[vc_column_text]<\/p>\n<h2>On the doorstep of Valkenburg in the province of Limburg<\/h2>\n<p>[\/vc_column_text][vc_empty_space][vc_row_inner gap=&#8221;30&#8243; css=&#8221;.vc_custom_1613554195274{margin-left: -0.5px !important;}&#8221;][vc_column_inner width=&#8221;1\/4&#8243;][vc_masonry_media_grid element_width=&#8221;12&#8243; gap=&#8221;0&#8243; item=&#8221;164&#8243; grid_id=&#8221;vc_gid:1698076762517-8a23408f-3b7a-1&#8243; include=&#8221;3840&#8243;][vc_empty_space height=&#8221;16px&#8221;][vc_column_text]<\/p>\n<h5 style=\"text-align: center;\">Sightseeing in Valkenburg<\/h5>\n<p>Less than 2km from the campsite, come and discover Valkenburg and its many historic sites. Visit the ruins of the only hilltop castle in the Netherlands and the caves of Valkenburg. Want to relax and unwind? Head to the town&#8217;s thermal baths.[\/vc_column_text][\/vc_column_inner][vc_column_inner width=&#8221;1\/4&#8243;][vc_masonry_media_grid element_width=&#8221;12&#8243; gap=&#8221;0&#8243; item=&#8221;164&#8243; grid_id=&#8221;vc_gid:1698076762520-921e0604-fce2-10&#8243; include=&#8221;3846&#8243;][vc_empty_space height=&#8221;16px&#8221;][vc_column_text]<\/p>\n<h5 style=\"text-align: center;\">Maastricht, one of the oldest cities in Holland<\/h5>\n<p>Just 15 km away, the little city of Maastricht in the south of the Netherlands is well worth the visit. Stroll through the capital of the province of Limburg and explore the old town with its stone houses and cobbled streets, the St Pietersberg caves, and its magnificent Cathedral.[\/vc_column_text][\/vc_column_inner][vc_column_inner width=&#8221;1\/4&#8243;][vc_masonry_media_grid element_width=&#8221;12&#8243; gap=&#8221;0&#8243; item=&#8221;164&#8243; grid_id=&#8221;vc_gid:1698076762521-0409fad5-8311-5&#8243; include=&#8221;6698&#8243;][vc_empty_space height=&#8221;16px&#8221;][vc_column_text]<\/p>\n<h5 style=\"text-align: center;\">Accommodation with all the comforts<\/h5>\n<p>At Vallkenburg Maastricht campsite, you can enjoy comfortable pitches and rental accommodation. Beautiful wooden chalets, fully equipped mobile homes, and Wood and Canvas tents all nestle in harmoniously with the surrounding nature. Just take your pick![\/vc_column_text][\/vc_column_inner][vc_column_inner width=&#8221;1\/4&#8243;][vc_masonry_media_grid element_width=&#8221;12&#8243; gap=&#8221;0&#8243; item=&#8221;164&#8243; grid_id=&#8221;vc_gid:1698076762524-e4184544-1259-10&#8243; include=&#8221;6704&#8243;][vc_empty_space height=&#8221;16px&#8221;][vc_column_text]<\/p>\n<h5 style=\"text-align: center;\">Quality facilities<\/h5>\n<p>On site, you can enjoy quality equipment for the whole family. A food truck where you can enjoy some tasty treats and a small grocery shop selling all the basics. Two fully renovated and heated swimming pools also await you for a well-deserved break.[\/vc_column_text][\/vc_column_inner][\/vc_row_inner][vc_empty_space]<div class=\"text-center btnwrap\"><a class=\"btn btn-huttopia-cta\" href=\"https:\/\/www.camping-valkenburg.com\/en\/\" role=\"button\" target=\"\" onclick=\"dataLayer.push({'event':'clickCity', 'clickText':'DISCOVER THE DESTINATION'})\">DISCOVER THE DESTINATION<\/a><\/div><\/div>[\/vc_column][\/vc_row][vc_row css=&#8221;.vc_custom_1613403643154{background-color: #e84e1b !important;}&#8221;][vc_column]<div class=\"wrappedcontent\">[vc_column_text]<\/p>\n<h2><span style=\"color: #ffffff;\">Services to make life even easier!<\/span><\/h2>\n<p>[\/vc_column_text][vc_empty_space][vc_masonry_media_grid item=&#8221;164&#8243; grid_id=&#8221;vc_gid:1698076762526-aa9d8b9b-9b9a-8&#8243; include=&#8221;6710,6716,6722&#8243;][vc_empty_space height=&#8221;60px&#8221;][vc_row_inner][vc_column_inner width=&#8221;1\/6&#8243;][vc_icon type=&#8221;typicons&#8221; icon_typicons=&#8221;typcn typcn-wi-fi&#8221; color=&#8221;white&#8221; align=&#8221;center&#8221; css=&#8221;.vc_custom_1613403713831{margin-top: -10px !important;margin-bottom: -10px !important;}&#8221;][vc_column_text]<\/p>\n<p style=\"text-align: center;\"><strong><span style=\"color: #ffffff;\">Free WIFI<\/span><\/strong><\/p>\n<p>[\/vc_column_text][\/vc_column_inner][vc_column_inner width=&#8221;1\/6&#8243;][vc_icon type=&#8221;material&#8221; icon_material=&#8221;vc-material vc-material-local_parking&#8221; color=&#8221;white&#8221; align=&#8221;center&#8221; css=&#8221;.vc_custom_1613403709848{margin-top: -10px !important;margin-bottom: -10px !important;}&#8221;][vc_column_text]<\/p>\n<p style=\"text-align: center;\"><strong><span style=\"color: #ffffff;\">Free parking<\/span><\/strong><\/p>\n<p>[\/vc_column_text][\/vc_column_inner][vc_column_inner width=&#8221;1\/6&#8243;][vc_icon icon_fontawesome=&#8221;fas fa-bed&#8221; color=&#8221;white&#8221; align=&#8221;center&#8221; css=&#8221;.vc_custom_1613403705504{margin-top: -10px !important;margin-bottom: -10px !important;}&#8221;][vc_column_text]<\/p>\n<p style=\"text-align: center;\"><strong><span style=\"color: #ffffff;\">Sheets and towels<br \/>\nprovided<\/span><\/strong><\/p>\n<p>[\/vc_column_text][\/vc_column_inner][vc_column_inner width=&#8221;1\/6&#8243;][vc_icon icon_fontawesome=&#8221;fas fa-swimming-pool&#8221; color=&#8221;white&#8221; align=&#8221;center&#8221; css=&#8221;.vc_custom_1613403701545{margin-top: -10px !important;margin-bottom: -10px !important;}&#8221;][vc_column_text]<\/p>\n<p style=\"text-align: center;\"><strong><span style=\"color: #ffffff;\">Heated swimming<br \/>\npools<\/span><\/strong><\/p>\n<p>[\/vc_column_text][\/vc_column_inner][vc_column_inner width=&#8221;1\/6&#8243;][vc_icon type=&#8221;material&#8221; icon_material=&#8221;vc-material vc-material-restaurant&#8221; color=&#8221;white&#8221; align=&#8221;center&#8221; css=&#8221;.vc_custom_1613403697257{margin-top: -10px !important;margin-bottom: -10px !important;}&#8221;][vc_column_text]<\/p>\n<p style=\"text-align: center;\"><strong><span style=\"color: #ffffff;\">Food services<\/span><\/strong><\/p>\n<p>[\/vc_column_text][\/vc_column_inner][vc_column_inner width=&#8221;1\/6&#8243;][vc_icon type=&#8221;entypo&#8221; icon_entypo=&#8221;entypo-icon entypo-icon-plus-circled&#8221; color=&#8221;white&#8221; align=&#8221;center&#8221; css=&#8221;.vc_custom_1613559189361{margin-top: -10px !important;margin-bottom: -10px !important;}&#8221; link=&#8221;url:https%3A%2F%2Fwww.citykamp.com%2Fen%2Fservices%2F|target:_blank&#8221;][vc_column_text]<\/p>\n<p style=\"text-align: center;\"><strong><span style=\"color: #ffffff;\">SEE MORE<\/span><\/strong><\/p>\n<p>[\/vc_column_text][\/vc_column_inner][\/vc_row_inner]<\/div>[\/vc_column][\/vc_row][vc_row][vc_column]<div class=\"wrapcontentraw\">\n                <h2 class=\"hmargin\">Around the campsite<\/h2>\n                <div class=\"allsites\">\n                    <div class=\"col-md-6 swrap\">\n                <div>\n                    <div class=\"simg\">\n                        <div class=\"stitle\">Ruines ch\u00e2teau<\/div>\n                        <img decoding=\"async\" src=\"https:\/\/www.citykamp.com\/uploads\/2021\/02\/citykamp-reserver-valkenburg-maastricht-600x400px-500x350.jpg\" alt=\"citykamp-reserver-valkenburg-maastricht-600x400px\"\/>\n                    <\/div>\n                    <div class=\"ibcontent ibflex\">\n                        <div class=\"ibin1\">Discover the ruins of Valkenburg castle<\/div>\n                        <div class=\"ibin2\">\n                            <a>\n                                <div class=\"iblink isaltbgcolor\"><span class=\"sdist\"><span class=\"ctk-man\"><\/span><span class=\"thdist\">3.8km<\/span><\/span><\/div>\n                            <\/a>\n                        <\/div>\n                        <div class=\"clear\"><\/div>\n                    <\/div>\n                <\/div>\n             <\/div><div class=\"col-md-6 swrap\">\n                <div>\n                    <div class=\"simg\">\n                        <div class=\"stitle\">Grottes Valkenburg<\/div>\n                        <img decoding=\"async\" src=\"https:\/\/www.citykamp.com\/uploads\/2021\/02\/citykamp-valkenburg-grottes-600x400-1-500x350.jpg\" alt=\"citykamp-valkenburg-grottes-600&#215;400\"\/>\n                    <\/div>\n                    <div class=\"ibcontent ibflex\">\n                        <div class=\"ibin1\">Discover the Valkenburg caves, where the Romans mined marl 2000 years ago<\/div>\n                        <div class=\"ibin2\">\n                            <a>\n                                <div class=\"iblink isaltbgcolor\"><span class=\"sdist\"><span class=\"ctk-man\"><\/span><span class=\"thdist\">2.5km<\/span><\/span><\/div>\n                            <\/a>\n                        <\/div>\n                        <div class=\"clear\"><\/div>\n                    <\/div>\n                <\/div>\n             <\/div><div class=\"col-md-6 swrap\">\n                <div>\n                    <div class=\"simg\">\n                        <div class=\"stitle\">Thermae 2000<\/div>\n                        <img decoding=\"async\" src=\"https:\/\/www.citykamp.com\/uploads\/2021\/02\/citykamp-valkenburg-massage-600x400-1-500x350.jpg\" alt=\"citykamp-valkenburg-massage-600&#215;400\"\/>\n                    <\/div>\n                    <div class=\"ibcontent ibflex\">\n                        <div class=\"ibin1\">Take a wellness break at the spa, Thermae 2000, in the town of Valkenburg<\/div>\n                        <div class=\"ibin2\">\n                            <a>\n                                <div class=\"iblink isaltbgcolor\"><span class=\"sdist\"><span class=\"ctk-man\"><\/span><span class=\"thdist\">3.5km<\/span><\/span><\/div>\n                            <\/a>\n                        <\/div>\n                        <div class=\"clear\"><\/div>\n                    <\/div>\n                <\/div>\n             <\/div><div class=\"col-md-6 swrap\">\n                <div>\n                    <div class=\"simg\">\n                        <div class=\"stitle\">Mus\u00e9e Bonnfanten<\/div>\n                        <img decoding=\"async\" src=\"https:\/\/www.citykamp.com\/uploads\/2021\/02\/city-kamp-Maastricht-Bonnefantenmuseum-musee-600x400-1-500x350.jpg\" alt=\"city-kamp-Maastricht-Bonnefantenmuseum-musee-600&#215;400\"\/>\n                    <\/div>\n                    <div class=\"ibcontent ibflex\">\n                        <div class=\"ibin1\">Visit the Bonnefanten Fine Arts Museum in Maastricht which houses a collection of old and modern art.<\/div>\n                        <div class=\"ibin2\">\n                            <a>\n                                <div class=\"iblink isaltbgcolor\"><span class=\"sdist\"><span class=\"ctk-man\"><\/span><span class=\"thdist\">12km<\/span><\/span><\/div>\n                            <\/a>\n                        <\/div>\n                        <div class=\"clear\"><\/div>\n                    <\/div>\n                <\/div>\n             <\/div>\n                    <div class=\"clear\"><\/div>\n                <\/div>\n            <\/div><div class=\"text-center btnwrap\"><a class=\"btn btn-huttopia-cta\" href=\"https:\/\/www.camping-valkenburg.com\/en\/region\/\" role=\"button\" target=\"\" onclick=\"dataLayer.push({'event':'clickCity', 'clickText':'Discover other activities'})\">Discover other activities<\/a><\/div>[\/vc_column][\/vc_row][vc_row][vc_column]<div class=\"mflex imgmp\">\n                <div class=\"col-md-6 accordeonimg\" style=\"background-image: url(https:\/\/www.citykamp.com\/uploads\/2023\/10\/tout-en-bas.jpeg)\">\n                    <img decoding=\"async\" src=\"https:\/\/www.citykamp.com\/uploads\/2023\/10\/tout-en-bas.jpeg\" style=\"visibility: hidden;\" \/>\n                <\/div>\n                <div class=\"col-md-6 altbg gmcontent\">\n                    <div>\n                    <h2 class=\"istitlecolor gmtitle\">Close to Holland's oldest town!<\/h2>\n                    <div class=\"gmwrap\"><div class=\"col-sm-4 bwrap\">\n                    <span class=\"istitlecolor gmpicto ctk-train\"><\/span>\n                    <span class=\"gmlabel\">Station, 2km<\/span>\n                  <\/div><div class=\"col-sm-4 bwrap\">\n                    <span class=\"istitlecolor gmpicto ctk-car\"><\/span>\n                    <span class=\"gmlabel\">A79, 5min<\/span>\n                  <\/div><\/div>\n            <\/div>\n        <\/div>\n    <\/div>\n    <script>\n        let iconType = L.icon({\n            iconUrl: baseDirectory + '\/img\/pin.png',\n            iconSize: [22, 48],\n            iconAnchor: [11, 46],\n            popupAnchor: [0, -46]\n        });\n        let map = L.map('map', {\n            center: L.latLng(50.86523, 5.83205),\n            zoom: 10.8,\n            layers: [L.tileLayer('https:\/\/cartodb-basemaps-b.global.ssl.fastly.net\/light_all\/{z}\/{x}\/{y}.png', {\n                attribution: '&copy; <a href=\"https:\/\/www.openstreetmap.org\/copyright\">OpenStreetMap<\/a>'\n            })],\n            zoomSnap: 0.2\n        });\n        setTimeout(map.invalidateSize.bind(map), 100);\n        let contentString = '<div id=\"content\">' +\n            '<div id=\"siteNotice\">' +\n            '<\/div>' +\n            '<h4 id=\"firstHeading\" class=\"firstHeading\">Close to Holland\\'s oldest town!<\/h4>' +\n            '<div id=\"bodyContent\">' +\n            '<p><\/p>' +\n            '<p><\/p>' +\n            '<\/div>' +\n            '<\/div>';\n        let marker = L.marker([50.86523, 5.83205], {icon: iconType}).addTo(map);\n        marker.bindPopup(contentString).openPopup();\n        let iwOuter = document.querySelector('.leaflet-popup-content-wrapper');\n        let iwArrow = document.querySelector('.leaflet-popup-tip');\n        iwOuter.style.backgroundColor = '';\n        iwArrow.style.backgroundColor = '';\n    <\/script>\n    [\/vc_column][\/vc_row]<\/p>\n<\/div>","protected":false},"excerpt":{"rendered":"<p>[vc_row][vc_column][\/vc_column][\/vc_row][vc_row][vc_column][\/vc_column][\/vc_row][vc_row css=&#8221;.vc_custom_1613403643154{background-color: #e84e1b !important;}&#8221;][vc_column][\/vc_column][\/vc_row][vc_row][vc_column][\/vc_column][\/vc_row][vc_row][vc_column][\/vc_column][\/vc_row]<\/p>\n","protected":false},"author":1,"featured_media":0,"parent":0,"menu_order":0,"comment_status":"closed","ping_status":"closed","template":"","meta":{"footnotes":""},"class_list":["post-3947","page","type-page","status-publish","hentry"],"yoast_head":"<!-- This site is optimized with the Yoast SEO plugin v25.6 - https:\/\/yoast.com\/wordpress\/plugins\/seo\/ -->\n<title>Valkenburg, destination au sud de la r\u00e9gion de Limbourg !<\/title>\n<meta name=\"description\" content=\"\u00c0 deux pas de Valkenburg et Maastricht, la d\u00e9connexion est assur\u00e9e ! Offrez-vous un s\u00e9jour reposant tout en arpentant les rues de Valkenburg et Maastricht.\" \/>\n<meta name=\"robots\" content=\"index, follow, max-snippet:-1, max-image-preview:large, max-video-preview:-1\" \/>\n<link rel=\"canonical\" href=\"https:\/\/www.citykamp.com\/en\/valkenburg\/\" \/>\n<meta property=\"og:locale\" content=\"en_US\" \/>\n<meta property=\"og:type\" content=\"article\" \/>\n<meta property=\"og:title\" content=\"Valkenburg, destination au sud de la r\u00e9gion de Limbourg !\" \/>\n<meta property=\"og:description\" content=\"\u00c0 deux pas de Valkenburg et Maastricht, la d\u00e9connexion est assur\u00e9e ! Offrez-vous un s\u00e9jour reposant tout en arpentant les rues de Valkenburg et Maastricht.\" \/>\n<meta property=\"og:url\" content=\"https:\/\/www.citykamp.com\/en\/valkenburg\/\" \/>\n<meta property=\"og:site_name\" content=\"Citykamp\" \/>\n<meta property=\"article:modified_time\" content=\"2023-10-23T16:02:19+00:00\" \/>\n<meta name=\"twitter:card\" content=\"summary_large_image\" \/>\n<meta name=\"twitter:label1\" content=\"Est. reading time\" \/>\n\t<meta name=\"twitter:data1\" content=\"3 minutes\" \/>\n<script type=\"application\/ld+json\" class=\"yoast-schema-graph\">{\"@context\":\"https:\/\/schema.org\",\"@graph\":[{\"@type\":\"WebPage\",\"@id\":\"https:\/\/www.citykamp.com\/en\/valkenburg\/\",\"url\":\"https:\/\/www.citykamp.com\/en\/valkenburg\/\",\"name\":\"Valkenburg, destination au sud de la r\u00e9gion de Limbourg !\",\"isPartOf\":{\"@id\":\"https:\/\/www.citykamp.com\/en\/#website\"},\"datePublished\":\"2021-02-15T14:29:21+00:00\",\"dateModified\":\"2023-10-23T16:02:19+00:00\",\"description\":\"\u00c0 deux pas de Valkenburg et Maastricht, la d\u00e9connexion est assur\u00e9e ! Offrez-vous un s\u00e9jour reposant tout en arpentant les rues de Valkenburg et Maastricht.\",\"breadcrumb\":{\"@id\":\"https:\/\/www.citykamp.com\/en\/valkenburg\/#breadcrumb\"},\"inLanguage\":\"en-US\",\"potentialAction\":[{\"@type\":\"ReadAction\",\"target\":[\"https:\/\/www.citykamp.com\/en\/valkenburg\/\"]}]},{\"@type\":\"BreadcrumbList\",\"@id\":\"https:\/\/www.citykamp.com\/en\/valkenburg\/#breadcrumb\",\"itemListElement\":[{\"@type\":\"ListItem\",\"position\":1,\"name\":\"Accueil\",\"item\":\"https:\/\/www.citykamp.com\/en\/\"},{\"@type\":\"ListItem\",\"position\":2,\"name\":\"Valkenburg\"}]},{\"@type\":\"WebSite\",\"@id\":\"https:\/\/www.citykamp.com\/en\/#website\",\"url\":\"https:\/\/www.citykamp.com\/en\/\",\"name\":\"Citykamp\",\"description\":\"Un site utilisant WordPress\",\"potentialAction\":[{\"@type\":\"SearchAction\",\"target\":{\"@type\":\"EntryPoint\",\"urlTemplate\":\"https:\/\/www.citykamp.com\/en\/?s={search_term_string}\"},\"query-input\":{\"@type\":\"PropertyValueSpecification\",\"valueRequired\":true,\"valueName\":\"search_term_string\"}}],\"inLanguage\":\"en-US\"}]}<\/script>\n<!-- \/ Yoast SEO plugin. -->","yoast_head_json":{"title":"Valkenburg, destination au sud de la r\u00e9gion de Limbourg !","description":"\u00c0 deux pas de Valkenburg et Maastricht, la d\u00e9connexion est assur\u00e9e ! Offrez-vous un s\u00e9jour reposant tout en arpentant les rues de Valkenburg et Maastricht.","robots":{"index":"index","follow":"follow","max-snippet":"max-snippet:-1","max-image-preview":"max-image-preview:large","max-video-preview":"max-video-preview:-1"},"canonical":"https:\/\/www.citykamp.com\/en\/valkenburg\/","og_locale":"en_US","og_type":"article","og_title":"Valkenburg, destination au sud de la r\u00e9gion de Limbourg !","og_description":"\u00c0 deux pas de Valkenburg et Maastricht, la d\u00e9connexion est assur\u00e9e ! Offrez-vous un s\u00e9jour reposant tout en arpentant les rues de Valkenburg et Maastricht.","og_url":"https:\/\/www.citykamp.com\/en\/valkenburg\/","og_site_name":"Citykamp","article_modified_time":"2023-10-23T16:02:19+00:00","twitter_card":"summary_large_image","twitter_misc":{"Est. reading time":"3 minutes"},"schema":{"@context":"https:\/\/schema.org","@graph":[{"@type":"WebPage","@id":"https:\/\/www.citykamp.com\/en\/valkenburg\/","url":"https:\/\/www.citykamp.com\/en\/valkenburg\/","name":"Valkenburg, destination au sud de la r\u00e9gion de Limbourg !","isPartOf":{"@id":"https:\/\/www.citykamp.com\/en\/#website"},"datePublished":"2021-02-15T14:29:21+00:00","dateModified":"2023-10-23T16:02:19+00:00","description":"\u00c0 deux pas de Valkenburg et Maastricht, la d\u00e9connexion est assur\u00e9e ! Offrez-vous un s\u00e9jour reposant tout en arpentant les rues de Valkenburg et Maastricht.","breadcrumb":{"@id":"https:\/\/www.citykamp.com\/en\/valkenburg\/#breadcrumb"},"inLanguage":"en-US","potentialAction":[{"@type":"ReadAction","target":["https:\/\/www.citykamp.com\/en\/valkenburg\/"]}]},{"@type":"BreadcrumbList","@id":"https:\/\/www.citykamp.com\/en\/valkenburg\/#breadcrumb","itemListElement":[{"@type":"ListItem","position":1,"name":"Accueil","item":"https:\/\/www.citykamp.com\/en\/"},{"@type":"ListItem","position":2,"name":"Valkenburg"}]},{"@type":"WebSite","@id":"https:\/\/www.citykamp.com\/en\/#website","url":"https:\/\/www.citykamp.com\/en\/","name":"Citykamp","description":"Un site utilisant WordPress","potentialAction":[{"@type":"SearchAction","target":{"@type":"EntryPoint","urlTemplate":"https:\/\/www.citykamp.com\/en\/?s={search_term_string}"},"query-input":{"@type":"PropertyValueSpecification","valueRequired":true,"valueName":"search_term_string"}}],"inLanguage":"en-US"}]}},"_links":{"self":[{"href":"https:\/\/www.citykamp.com\/en\/wp-json\/wp\/v2\/pages\/3947","targetHints":{"allow":["GET"]}}],"collection":[{"href":"https:\/\/www.citykamp.com\/en\/wp-json\/wp\/v2\/pages"}],"about":[{"href":"https:\/\/www.citykamp.com\/en\/wp-json\/wp\/v2\/types\/page"}],"author":[{"embeddable":true,"href":"https:\/\/www.citykamp.com\/en\/wp-json\/wp\/v2\/users\/1"}],"replies":[{"embeddable":true,"href":"https:\/\/www.citykamp.com\/en\/wp-json\/wp\/v2\/comments?post=3947"}],"version-history":[{"count":2,"href":"https:\/\/www.citykamp.com\/en\/wp-json\/wp\/v2\/pages\/3947\/revisions"}],"predecessor-version":[{"id":6805,"href":"https:\/\/www.citykamp.com\/en\/wp-json\/wp\/v2\/pages\/3947\/revisions\/6805"}],"wp:attachment":[{"href":"https:\/\/www.citykamp.com\/en\/wp-json\/wp\/v2\/media?parent=3947"}],"curies":[{"name":"wp","href":"https:\/\/api.w.org\/{rel}","templated":true}]}}