{"id":7272,"date":"2025-01-08T10:17:21","date_gmt":"2025-01-08T09:17:21","guid":{"rendered":"https:\/\/www.citykamp.com\/?page_id=7272"},"modified":"2025-10-21T10:21:33","modified_gmt":"2025-10-21T08:21:33","slug":"aix-en-provence","status":"publish","type":"page","link":"https:\/\/www.citykamp.com\/de\/aix-en-provence\/","title":{"rendered":"Aix-en-Provence"},"content":{"rendered":"<div class=\"wpb-content-wrapper\"><p>[vc_row][vc_column]<div class=\"imgheader\" style=\"background-image: url(https:\/\/www.citykamp.com\/uploads\/2025\/09\/header-1900x700.jpg)\"><div class=\"wrapcontentraw\"><div class=\"incta\">\n                                    <div>\n                                        <a href=\"https:\/\/www.camping-aix-en-provence.com\/de\/\"><span class=\"cta1\">Reiseziel<\/span>\n                                        <span class=\"cta2\">AIX-EN-PROVENCE<span class=\"ctk-arrow\"><\/span><\/span><\/a>\n                                    <\/div>\n                                  <\/div><\/div><\/div>[\/vc_column][\/vc_row][vc_row css=&#8220;.vc_custom_1732875337336{margin-left: -0.5px !important;}&#8220;][vc_column]<div class=\"wrappedcontent\">[vc_column_text css=&#8220;&#8220;]<\/p>\n<h2>Im Herzen der Provence stadtnah campen<\/h2>\n<p>[\/vc_column_text][vc_empty_space][vc_row_inner gap=&#8220;30&#8243; css=&#8220;.vc_custom_1732875862105{margin-left: -0.5px !important;}&#8220;][vc_column_inner width=&#8220;1\/4&#8243;][vc_masonry_media_grid element_width=&#8220;12&#8243; gap=&#8220;0&#8243; css=&#8220;&#8220; grid_id=&#8220;vc_gid:1757318431452-a9238896-af77-2&#8243; include=&#8220;7166&#8243;][vc_empty_space height=&#8220;16px&#8220;][vc_column_text css=&#8220;&#8220;]<\/p>\n<h5>Im Herzen der Provence stadtnah campen<\/h5>\n<p>Mitten in der Provence fasziniert Aix-en-Provence durch einen zeitlosen Charme, der die Besucher seit Generationen verzaubert. Mit ihren sonnigen Gassen, herrschaftlichen Geb\u00e4uden und Museen mit internationalem Renommee pr\u00e4gt sich diese Stadt bei allen Reisenden unvergesslich ein.[\/vc_column_text][\/vc_column_inner][vc_column_inner width=&#8220;1\/4&#8243;][vc_masonry_media_grid element_width=&#8220;12&#8243; gap=&#8220;0&#8243; css=&#8220;&#8220; grid_id=&#8220;vc_gid:1757318431458-32f0c491-8678-2&#8243; include=&#8220;7172&#8243;][vc_empty_space height=&#8220;16px&#8220;][vc_column_text css=&#8220;&#8220;]<\/p>\n<h5>Machen Sie Urlaub vor der Kulisse des Gebirges Montagne Sainte-Victoire<\/h5>\n<p>Auf dem Camping d\u2018Aix-en-Provence haben Sie die Wahl zwischen unseren komfortablen Mietunterk\u00fcnften f\u00fcr bis zu 6 Personen und unseren gro\u00dfen, ausgestatteten Stellpl\u00e4tzen f\u00fcr Zelte, Wohnwagen und Wohnmobile. Entdecken Sie ein 10 Hektar gro\u00dfes provenzalisches Parkgel\u00e4nde, das Ihnen einen authentischen und friedvollen Rahmen bietet, um die Natur und die Ruhe vollends zu genie\u00dfen.[\/vc_column_text][\/vc_column_inner][vc_column_inner width=&#8220;1\/4&#8243;][vc_masonry_media_grid element_width=&#8220;12&#8243; gap=&#8220;0&#8243; css=&#8220;&#8220; grid_id=&#8220;vc_gid:1757318431462-38a61e04-9adb-7&#8243; include=&#8220;7563&#8243;][vc_empty_space height=&#8220;16px&#8220;][vc_column_text css=&#8220;&#8220;]<\/p>\n<h5>Momente mit der Familie, um neue Kraft zu sch\u00f6pfen<\/h5>\n<p>Genie\u00dfen Sie das beheizte Schwimmbad, eine Partie Boule, den Spielplatz f\u00fcr die Kinder oder auch unsere unterhaltsamen Konzerte. Lernen Sie die Altstadt von Aix-en-Provence kennen, die vom Campingplatz mit dem Fahrrad nur 10 Minuten entfernt ist. Eine Vielzahl von Freizeitaktivit\u00e4ten f\u00fcr die ganze Familie erwarten Sie zur Entspannung und zum Zeitvertreib![\/vc_column_text][\/vc_column_inner][vc_column_inner width=&#8220;1\/4&#8243;][vc_masonry_media_grid element_width=&#8220;12&#8243; gap=&#8220;0&#8243; css=&#8220;&#8220; grid_id=&#8220;vc_gid:1757318431465-3f2c3f00-a5ec-4&#8243; include=&#8220;7570&#8243;][vc_empty_space height=&#8220;16px&#8220;][vc_column_text css=&#8220;&#8220;]<\/p>\n<h5>Dienstleistungen f\u00fcr Ihren Komfort<\/h5>\n<p>Genie\u00dfen Sie Ihre Mahlzeiten mit der Familie dank unseres Restaurant-Services vor Ort, t\u00e4tigen Sie kleine Eink\u00e4ufe in unserem Minishop, der lokale Erzeugnisse f\u00fchrt und reisen Sie mit leichtem Gep\u00e4ck, denn Handt\u00fccher und Bettw\u00e4sche sind mietbar. Wir haben an alles gedacht, um Ihren Urlaub einfacher zu machen![\/vc_column_text][\/vc_column_inner][\/vc_row_inner][vc_empty_space]<div class=\"text-center btnwrap\"><a class=\"btn btn-huttopia-cta\" href=\"https:\/\/www.camping-aix-en-provence.com\/de\/\" role=\"button\" target=\"\" onclick=\"dataLayer.push({'event':'clickCity', 'clickText':'Entdecken Sie dieses Reiseziel'})\">Entdecken Sie dieses Reiseziel<\/a><\/div><\/div>[\/vc_column][\/vc_row][vc_row css=&#8220;.vc_custom_1732875331184{margin-left: -0.5px !important;background-color: #E84E1B !important;}&#8220;][vc_column]<div class=\"wrappedcontent\">[vc_column_text css=&#8220;&#8220;]<\/p>\n<h2><span style=\"color: #ffffff;\">Entdecken Sie dieses Reiseziel<\/span><\/h2>\n<p>[\/vc_column_text][vc_empty_space][vc_masonry_media_grid gap=&#8220;25&#8243; css=&#8220;&#8220; grid_id=&#8220;vc_gid:1757318431469-d42626ca-32d0-4&#8243; include=&#8220;7576,7582,7588&#8243;][vc_empty_space height=&#8220;50px&#8220;][vc_row_inner][vc_column_inner width=&#8220;1\/5&#8243;][vc_icon type=&#8220;material&#8220; icon_material=&#8220;vc-material vc-material-local_parking&#8220; color=&#8220;white&#8220; align=&#8220;center&#8220; css=&#8220;&#8220;][vc_column_text css=&#8220;&#8220;]<\/p>\n<p style=\"text-align: center;\"><strong><span style=\"color: #ffffff;\">Gratisparkplatz<\/span><\/strong><\/p>\n<p>[\/vc_column_text][\/vc_column_inner][vc_column_inner width=&#8220;1\/5&#8243;][vc_icon icon_fontawesome=&#8220;fas fa-bed&#8220; color=&#8220;white&#8220; align=&#8220;center&#8220; css=&#8220;&#8220;][vc_column_text css=&#8220;&#8220;]<\/p>\n<p style=\"text-align: center;\"><strong><span style=\"color: #ffffff;\">Bettw\u00e4sche- und Handtuchverleih<\/span><\/strong><\/p>\n<p>[\/vc_column_text][\/vc_column_inner][vc_column_inner width=&#8220;1\/5&#8243;][vc_icon icon_fontawesome=&#8220;fas fa-utensils&#8220; color=&#8220;white&#8220; align=&#8220;center&#8220; css=&#8220;&#8220;][vc_column_text css=&#8220;&#8220;]<\/p>\n<p style=\"text-align: center;\"><strong><span style=\"color: #ffffff;\">Gastronomie<\/span><\/strong><\/p>\n<p>[\/vc_column_text][\/vc_column_inner][vc_column_inner width=&#8220;1\/5&#8243;][vc_icon icon_fontawesome=&#8220;fas fa-swimming-pool&#8220; color=&#8220;white&#8220; align=&#8220;center&#8220; css=&#8220;&#8220;][vc_column_text css=&#8220;&#8220;]<\/p>\n<p style=\"text-align: center;\"><strong><span style=\"color: #ffffff;\">Beheiztes Schwimmbad<br \/>\n<\/span><\/strong><span style=\"color: #ffffff;\">Je nach Saison<\/span><\/p>\n<p>[\/vc_column_text][\/vc_column_inner][vc_column_inner width=&#8220;1\/5&#8243;][vc_icon type=&#8220;entypo&#8220; icon_entypo=&#8220;entypo-icon entypo-icon-plus-circled&#8220; color=&#8220;white&#8220; align=&#8220;center&#8220; css=&#8220;&#8220; link=&#8220;url:https%3A%2F%2Fwww.camping-aix-en-provence.com%2Fde%2Faktivitaeten-dienstleistungen%2F|target:_blank&#8220;][vc_column_text css=&#8220;&#8220;]<\/p>\n<p style=\"text-align: center;\"><strong><span style=\"color: #ffffff;\">MEHR<\/span><\/strong><\/p>\n<p>[\/vc_column_text][\/vc_column_inner][\/vc_row_inner]<\/div>[\/vc_column][\/vc_row][vc_row css=&#8220;.vc_custom_1732875325792{margin-left: -0.5px !important;}&#8220;][vc_column]<div class=\"wrapcontentraw\">\n                <h2 class=\"hmargin\">In der Umgebung des Campingplatzes:<\/h2>\n                <div class=\"allsites\">\n                    <div class=\"col-md-6 swrap\">\n                <div>\n                    <div class=\"simg\">\n                        <div class=\"stitle\">Altstadt von Aix-en-Provence<\/div>\n                        <img decoding=\"async\" src=\"https:\/\/www.citykamp.com\/uploads\/2024\/11\/centre-ville-aix-region-500x350.jpg\" alt=\"Vielle ville Aix-en-Provence\"\/>\n                    <\/div>\n                    <div class=\"ibcontent ibflex\">\n                        <div class=\"ibin1\">Schlendern Sie durch die malerischen Gassen, vorbei an altehrw\u00fcrdigen H\u00e4usern mit bunten Fassaden, und lassen Sie die unverf\u00e4lschte provenzalische Atmosph\u00e4re auf sich wirken.<\/div>\n                        <div class=\"ibin2\">\n                            <a>\n                                <div class=\"iblink isaltbgcolor\"><span class=\"sdist\"><span class=\"ctk-man\"><\/span><span class=\"thdist\">3 km<\/span><\/span><\/div>\n                            <\/a>\n                        <\/div>\n                        <div class=\"clear\"><\/div>\n                    <\/div>\n                <\/div>\n             <\/div><div class=\"col-md-6 swrap\">\n                <div>\n                    <div class=\"simg\">\n                        <div class=\"stitle\">Das Mus\u00e9e Granet<\/div>\n                        <img decoding=\"async\" src=\"https:\/\/www.citykamp.com\/uploads\/2024\/11\/musee-granet-500x350.jpg\" alt=\"Mus\u00e9e Granet\"\/>\n                    <\/div>\n                    <div class=\"ibcontent ibflex\">\n                        <div class=\"ibin1\">Ein wahrer Schatz f\u00fcr alle Kunst- und Geschichtsinteressierte. An nur einem Ort k\u00f6nnen Sie die Entwicklung der europ\u00e4ischen Kunst nachvollziehen und die Werke ber\u00fchmter Meister bewundern, darunter Renoir, Monet, Van Gogh, Degas, Redon, Bonnard, Rouault, Picasso...<\/div>\n                        <div class=\"ibin2\">\n                            <a>\n                                <div class=\"iblink isaltbgcolor\"><span class=\"sdist\"><span class=\"ctk-man\"><\/span><span class=\"thdist\">3 km<\/span><\/span><\/div>\n                            <\/a>\n                        <\/div>\n                        <div class=\"clear\"><\/div>\n                    <\/div>\n                <\/div>\n             <\/div><div class=\"col-md-6 swrap\">\n                <div>\n                    <div class=\"simg\">\n                        <div class=\"stitle\">Die Bastide du Jas de Bouffan<\/div>\n                        <img decoding=\"async\" src=\"https:\/\/www.citykamp.com\/uploads\/2024\/11\/chateau-de-la-bastide-jas-bouffan-500x350.jpg\" alt=\"Ch\u00e2teau de la Bastide \u00e0 Jas de Bouffan\"\/>\n                    <\/div>\n                    <div class=\"ibcontent ibflex\">\n                        <div class=\"ibin1\">Hier malte C\u00e9zanne mehrere seiner Werke, und der Blick auf die umliegenden Berge ist atemberaubend.<\/div>\n                        <div class=\"ibin2\">\n                            <a>\n                                <div class=\"iblink isaltbgcolor\"><span class=\"sdist\"><span class=\"ctk-man\"><\/span><span class=\"thdist\">5 km<\/span><\/span><\/div>\n                            <\/a>\n                        <\/div>\n                        <div class=\"clear\"><\/div>\n                    <\/div>\n                <\/div>\n             <\/div><div class=\"col-md-6 swrap\">\n                <div>\n                    <div class=\"simg\">\n                        <div class=\"stitle\">Der Stausee Lac de Bimont<\/div>\n                        <img decoding=\"async\" src=\"https:\/\/www.citykamp.com\/uploads\/2024\/11\/lac-de-bimont-500x350.jpg\" alt=\"le Lac de Bimont\"\/>\n                    <\/div>\n                    <div class=\"ibcontent ibflex\">\n                        <div class=\"ibin1\">Dieser unterhalb des ber\u00fchmten Sainte-Victoire-Gebirges liegende Stausee entstand durch den Bau der Talsperre von Bimont. Die wundersch\u00f6ne Landschaft beherbergt eine artenreiche Fauna und Flora.<\/div>\n                        <div class=\"ibin2\">\n                            <a>\n                                <div class=\"iblink isaltbgcolor\"><span class=\"sdist\"><span class=\"ctk-man\"><\/span><span class=\"thdist\">11 km<\/span><\/span><\/div>\n                            <\/a>\n                        <\/div>\n                        <div class=\"clear\"><\/div>\n                    <\/div>\n                <\/div>\n             <\/div>\n                    <div class=\"clear\"><\/div>\n                <\/div>\n            <\/div><div class=\"text-center btnwrap\"><a class=\"btn btn-huttopia-cta\" href=\"https:\/\/www.camping-aix-en-provence.com\/de\/region\/\" role=\"button\" target=\"\" onclick=\"dataLayer.push({'event':'clickCity', 'clickText':'entdecke andere aktivit\u00e4ten'})\">entdecke andere aktivit\u00e4ten<\/a><\/div>[\/vc_column][\/vc_row][vc_row][vc_column]<div class=\"mflex imgmp\">\n                <div class=\"col-md-6 accordeonimg\" style=\"background-image: url(https:\/\/www.citykamp.com\/uploads\/2025\/09\/ville.jpg)\">\n                    <img decoding=\"async\" src=\"https:\/\/www.citykamp.com\/uploads\/2025\/09\/ville.jpg\" style=\"visibility: hidden;\" \/>\n                <\/div>\n                <div class=\"col-md-6 altbg gmcontent\">\n                    <div>\n                    <h2 class=\"istitlecolor gmtitle\">Le plaisir de la nature \u00e0 deux pas de la ville !<\/h2>\n                    <div class=\"gmwrap\"><div class=\"col-sm-4 bwrap\">\n                    <span class=\"istitlecolor gmpicto ctk-train\"><\/span>\n                    <span class=\"gmlabel\">3 km vom Campingplatz entfernt - 8 Minuten mit dem Auto<\/span>\n                  <\/div><div class=\"col-sm-4 bwrap\">\n                    <span class=\"istitlecolor gmpicto ctk-car\"><\/span>\n                    <span class=\"gmlabel\">Stadtzentrum vom Campingplatz aus ist 3 km entfernt - 9 Minuten mit dem Auto<\/span>\n                  <\/div><div class=\"col-sm-4 bwrap\">\n                    <span class=\"istitlecolor gmpicto ctk-bus\"><\/span>\n                    <span class=\"gmlabel\">5 Gehminuten vom Campingplatz entfernt bringen Sie die Busse Nr. 3 und Nr. 4 in 25 Minuten direkt nach Aix-en-Provence - 3 km<\/span>\n                  <\/div><\/div>\n            <\/div>\n        <\/div>\n    <\/div>\n    <script>\n        let iconType = L.icon({\n            iconUrl: baseDirectory + '\/img\/pin.png',\n            iconSize: [22, 48],\n            iconAnchor: [11, 46],\n            popupAnchor: [0, -46]\n        });\n        let map = L.map('map', {\n            center: L.latLng(, ),\n            zoom: 10.8,\n            layers: [L.tileLayer('https:\/\/cartodb-basemaps-b.global.ssl.fastly.net\/light_all\/{z}\/{x}\/{y}.png', {\n                attribution: '&copy; <a href=\"https:\/\/www.openstreetmap.org\/copyright\">OpenStreetMap<\/a>'\n            })],\n            zoomSnap: 0.2\n        });\n        setTimeout(map.invalidateSize.bind(map), 100);\n        let contentString = '<div id=\"content\">' +\n            '<div id=\"siteNotice\">' +\n            '<\/div>' +\n            '<h4 id=\"firstHeading\" class=\"firstHeading\">Le plaisir de la nature \u00e0 deux pas de la ville !<\/h4>' +\n            '<div id=\"bodyContent\">' +\n            '<p><\/p>' +\n            '<p><\/p>' +\n            '<\/div>' +\n            '<\/div>';\n        let marker = L.marker([, ], {icon: iconType}).addTo(map);\n        marker.bindPopup(contentString).openPopup();\n        let iwOuter = document.querySelector('.leaflet-popup-content-wrapper');\n        let iwArrow = document.querySelector('.leaflet-popup-tip');\n        iwOuter.style.backgroundColor = '';\n        iwArrow.style.backgroundColor = '';\n    <\/script>\n    [\/vc_column][\/vc_row][vc_row css=&#8220;.vc_custom_1732875249357{background-color: #B5B5B5 !important;}&#8220;][vc_column]<div class=\"wrappedcontent\">[vc_row_inner][vc_column_inner width=&#8220;1\/4&#8243;][vc_icon type=&#8220;material&#8220; icon_material=&#8220;vc-material vc-material-payment&#8220; color=&#8220;white&#8220; align=&#8220;center&#8220; css=&#8220;&#8220;][vc_column_text css=&#8220;&#8220;]<\/p>\n<p style=\"text-align: center;\"><span style=\"color: #ffffff;\">Sichere Zahlung<\/span><\/p>\n<p>[\/vc_column_text][\/vc_column_inner][vc_column_inner width=&#8220;1\/4&#8243;][vc_icon type=&#8220;material&#8220; icon_material=&#8220;vc-material vc-material-local_parking&#8220; color=&#8220;white&#8220; align=&#8220;center&#8220; css=&#8220;&#8220;][vc_column_text css=&#8220;&#8220;]<\/p>\n<p style=\"text-align: center;\"><span style=\"color: #ffffff;\">Gratisparkplatz<\/span><\/p>\n<p>[\/vc_column_text][\/vc_column_inner][vc_column_inner width=&#8220;1\/4&#8243;][vc_icon type=&#8220;material&#8220; icon_material=&#8220;vc-material vc-material-av_timer&#8220; color=&#8220;white&#8220; align=&#8220;center&#8220; css=&#8220;&#8220;][vc_column_text css=&#8220;&#8220;]<\/p>\n<p style=\"text-align: center;\"><span style=\"color: #ffffff;\">Check-in 7 Tage die Woche ge\u00f6ffnet<\/span><\/p>\n<p>[\/vc_column_text][\/vc_column_inner][vc_column_inner width=&#8220;1\/4&#8243;][vc_icon type=&#8220;material&#8220; icon_material=&#8220;vc-material vc-material-language&#8220; color=&#8220;white&#8220; align=&#8220;center&#8220; css=&#8220;&#8220;][vc_column_text css=&#8220;&#8220;]<\/p>\n<p style=\"text-align: center;\"><span style=\"color: #ffffff;\">Mehrsprachig<\/span><\/p>\n<p>[\/vc_column_text][\/vc_column_inner][\/vc_row_inner]<\/div>[\/vc_column][\/vc_row]<\/p>\n<\/div>","protected":false},"excerpt":{"rendered":"<p>[vc_row][vc_column][\/vc_column][\/vc_row][vc_row css=&#8220;.vc_custom_1732875337336{margin-left: -0.5px !important;}&#8220;][vc_column][\/vc_column][\/vc_row][vc_row css=&#8220;.vc_custom_1732875331184{margin-left: -0.5px !important;background-color: #E84E1B !important;}&#8220;][vc_column][\/vc_column][\/vc_row][vc_row css=&#8220;.vc_custom_1732875325792{margin-left: -0.5px !important;}&#8220;][vc_column][\/vc_column][\/vc_row][vc_row][vc_column][\/vc_column][\/vc_row][vc_row css=&#8220;.vc_custom_1732875249357{background-color: #B5B5B5 !important;}&#8220;][vc_column][\/vc_column][\/vc_row]<\/p>\n","protected":false},"author":48,"featured_media":7601,"parent":0,"menu_order":0,"comment_status":"closed","ping_status":"closed","template":"","meta":{"footnotes":""},"class_list":["post-7272","page","type-page","status-publish","has-post-thumbnail","hentry"],"yoast_head":"<!-- This site is optimized with the Yoast SEO plugin v25.6 - https:\/\/yoast.com\/wordpress\/plugins\/seo\/ -->\n<title>Aix-en-Provence, s\u00e9jour Proven\u00e7al au camping - Citykamp<\/title>\n<meta name=\"description\" content=\"Passez des vacances inoubliables en camping \u00e0 Aix-en-Provence, dans un cadre idyllique. Confort, services de qualit\u00e9 et d\u00e9couvertes de la Provence vous attendent pour une escapade parfaite.\" \/>\n<meta name=\"robots\" content=\"index, follow, max-snippet:-1, max-image-preview:large, max-video-preview:-1\" \/>\n<link rel=\"canonical\" href=\"https:\/\/www.citykamp.com\/de\/aix-en-provence\/\" \/>\n<meta property=\"og:locale\" content=\"de_DE\" \/>\n<meta property=\"og:type\" content=\"article\" \/>\n<meta property=\"og:title\" content=\"Aix-en-Provence, s\u00e9jour Proven\u00e7al au camping - Citykamp\" \/>\n<meta property=\"og:description\" content=\"Passez des vacances inoubliables en camping \u00e0 Aix-en-Provence, dans un cadre idyllique. Confort, services de qualit\u00e9 et d\u00e9couvertes de la Provence vous attendent pour une escapade parfaite.\" \/>\n<meta property=\"og:url\" content=\"https:\/\/www.citykamp.com\/de\/aix-en-provence\/\" \/>\n<meta property=\"og:site_name\" content=\"Citykamp\" \/>\n<meta property=\"article:modified_time\" content=\"2025-10-21T08:21:33+00:00\" \/>\n<meta property=\"og:image\" content=\"https:\/\/www.citykamp.com\/uploads\/2025\/09\/header.jpg\" \/>\n\t<meta property=\"og:image:width\" content=\"1920\" \/>\n\t<meta property=\"og:image:height\" content=\"900\" \/>\n\t<meta property=\"og:image:type\" content=\"image\/jpeg\" \/>\n<meta name=\"twitter:card\" content=\"summary_large_image\" \/>\n<meta name=\"twitter:label1\" content=\"Est. reading time\" \/>\n\t<meta name=\"twitter:data1\" content=\"4 Minuten\" \/>\n<script type=\"application\/ld+json\" class=\"yoast-schema-graph\">{\"@context\":\"https:\/\/schema.org\",\"@graph\":[{\"@type\":\"WebPage\",\"@id\":\"https:\/\/www.citykamp.com\/de\/aix-en-provence\/\",\"url\":\"https:\/\/www.citykamp.com\/de\/aix-en-provence\/\",\"name\":\"Aix-en-Provence, s\u00e9jour Proven\u00e7al au camping - Citykamp\",\"isPartOf\":{\"@id\":\"https:\/\/www.citykamp.com\/de\/#website\"},\"primaryImageOfPage\":{\"@id\":\"https:\/\/www.citykamp.com\/de\/aix-en-provence\/#primaryimage\"},\"image\":{\"@id\":\"https:\/\/www.citykamp.com\/de\/aix-en-provence\/#primaryimage\"},\"thumbnailUrl\":\"https:\/\/www.citykamp.com\/uploads\/2025\/09\/header.jpg\",\"datePublished\":\"2025-01-08T09:17:21+00:00\",\"dateModified\":\"2025-10-21T08:21:33+00:00\",\"description\":\"Passez des vacances inoubliables en camping \u00e0 Aix-en-Provence, dans un cadre idyllique. Confort, services de qualit\u00e9 et d\u00e9couvertes de la Provence vous attendent pour une escapade parfaite.\",\"breadcrumb\":{\"@id\":\"https:\/\/www.citykamp.com\/de\/aix-en-provence\/#breadcrumb\"},\"inLanguage\":\"de-DE\",\"potentialAction\":[{\"@type\":\"ReadAction\",\"target\":[\"https:\/\/www.citykamp.com\/de\/aix-en-provence\/\"]}]},{\"@type\":\"ImageObject\",\"inLanguage\":\"de-DE\",\"@id\":\"https:\/\/www.citykamp.com\/de\/aix-en-provence\/#primaryimage\",\"url\":\"https:\/\/www.citykamp.com\/uploads\/2025\/09\/header.jpg\",\"contentUrl\":\"https:\/\/www.citykamp.com\/uploads\/2025\/09\/header.jpg\",\"width\":1920,\"height\":900},{\"@type\":\"BreadcrumbList\",\"@id\":\"https:\/\/www.citykamp.com\/de\/aix-en-provence\/#breadcrumb\",\"itemListElement\":[{\"@type\":\"ListItem\",\"position\":1,\"name\":\"Accueil\",\"item\":\"https:\/\/www.citykamp.com\/de\/\"},{\"@type\":\"ListItem\",\"position\":2,\"name\":\"Aix-en-Provence\"}]},{\"@type\":\"WebSite\",\"@id\":\"https:\/\/www.citykamp.com\/de\/#website\",\"url\":\"https:\/\/www.citykamp.com\/de\/\",\"name\":\"Citykamp\",\"description\":\"Un site utilisant WordPress\",\"potentialAction\":[{\"@type\":\"SearchAction\",\"target\":{\"@type\":\"EntryPoint\",\"urlTemplate\":\"https:\/\/www.citykamp.com\/de\/?s={search_term_string}\"},\"query-input\":{\"@type\":\"PropertyValueSpecification\",\"valueRequired\":true,\"valueName\":\"search_term_string\"}}],\"inLanguage\":\"de-DE\"}]}<\/script>\n<!-- \/ Yoast SEO plugin. -->","yoast_head_json":{"title":"Aix-en-Provence, s\u00e9jour Proven\u00e7al au camping - Citykamp","description":"Passez des vacances inoubliables en camping \u00e0 Aix-en-Provence, dans un cadre idyllique. Confort, services de qualit\u00e9 et d\u00e9couvertes de la Provence vous attendent pour une escapade parfaite.","robots":{"index":"index","follow":"follow","max-snippet":"max-snippet:-1","max-image-preview":"max-image-preview:large","max-video-preview":"max-video-preview:-1"},"canonical":"https:\/\/www.citykamp.com\/de\/aix-en-provence\/","og_locale":"de_DE","og_type":"article","og_title":"Aix-en-Provence, s\u00e9jour Proven\u00e7al au camping - Citykamp","og_description":"Passez des vacances inoubliables en camping \u00e0 Aix-en-Provence, dans un cadre idyllique. Confort, services de qualit\u00e9 et d\u00e9couvertes de la Provence vous attendent pour une escapade parfaite.","og_url":"https:\/\/www.citykamp.com\/de\/aix-en-provence\/","og_site_name":"Citykamp","article_modified_time":"2025-10-21T08:21:33+00:00","og_image":[{"width":1920,"height":900,"url":"https:\/\/www.citykamp.com\/uploads\/2025\/09\/header.jpg","type":"image\/jpeg"}],"twitter_card":"summary_large_image","twitter_misc":{"Est. reading time":"4 Minuten"},"schema":{"@context":"https:\/\/schema.org","@graph":[{"@type":"WebPage","@id":"https:\/\/www.citykamp.com\/de\/aix-en-provence\/","url":"https:\/\/www.citykamp.com\/de\/aix-en-provence\/","name":"Aix-en-Provence, s\u00e9jour Proven\u00e7al au camping - Citykamp","isPartOf":{"@id":"https:\/\/www.citykamp.com\/de\/#website"},"primaryImageOfPage":{"@id":"https:\/\/www.citykamp.com\/de\/aix-en-provence\/#primaryimage"},"image":{"@id":"https:\/\/www.citykamp.com\/de\/aix-en-provence\/#primaryimage"},"thumbnailUrl":"https:\/\/www.citykamp.com\/uploads\/2025\/09\/header.jpg","datePublished":"2025-01-08T09:17:21+00:00","dateModified":"2025-10-21T08:21:33+00:00","description":"Passez des vacances inoubliables en camping \u00e0 Aix-en-Provence, dans un cadre idyllique. Confort, services de qualit\u00e9 et d\u00e9couvertes de la Provence vous attendent pour une escapade parfaite.","breadcrumb":{"@id":"https:\/\/www.citykamp.com\/de\/aix-en-provence\/#breadcrumb"},"inLanguage":"de-DE","potentialAction":[{"@type":"ReadAction","target":["https:\/\/www.citykamp.com\/de\/aix-en-provence\/"]}]},{"@type":"ImageObject","inLanguage":"de-DE","@id":"https:\/\/www.citykamp.com\/de\/aix-en-provence\/#primaryimage","url":"https:\/\/www.citykamp.com\/uploads\/2025\/09\/header.jpg","contentUrl":"https:\/\/www.citykamp.com\/uploads\/2025\/09\/header.jpg","width":1920,"height":900},{"@type":"BreadcrumbList","@id":"https:\/\/www.citykamp.com\/de\/aix-en-provence\/#breadcrumb","itemListElement":[{"@type":"ListItem","position":1,"name":"Accueil","item":"https:\/\/www.citykamp.com\/de\/"},{"@type":"ListItem","position":2,"name":"Aix-en-Provence"}]},{"@type":"WebSite","@id":"https:\/\/www.citykamp.com\/de\/#website","url":"https:\/\/www.citykamp.com\/de\/","name":"Citykamp","description":"Un site utilisant WordPress","potentialAction":[{"@type":"SearchAction","target":{"@type":"EntryPoint","urlTemplate":"https:\/\/www.citykamp.com\/de\/?s={search_term_string}"},"query-input":{"@type":"PropertyValueSpecification","valueRequired":true,"valueName":"search_term_string"}}],"inLanguage":"de-DE"}]}},"_links":{"self":[{"href":"https:\/\/www.citykamp.com\/de\/wp-json\/wp\/v2\/pages\/7272","targetHints":{"allow":["GET"]}}],"collection":[{"href":"https:\/\/www.citykamp.com\/de\/wp-json\/wp\/v2\/pages"}],"about":[{"href":"https:\/\/www.citykamp.com\/de\/wp-json\/wp\/v2\/types\/page"}],"author":[{"embeddable":true,"href":"https:\/\/www.citykamp.com\/de\/wp-json\/wp\/v2\/users\/48"}],"replies":[{"embeddable":true,"href":"https:\/\/www.citykamp.com\/de\/wp-json\/wp\/v2\/comments?post=7272"}],"version-history":[{"count":2,"href":"https:\/\/www.citykamp.com\/de\/wp-json\/wp\/v2\/pages\/7272\/revisions"}],"predecessor-version":[{"id":7614,"href":"https:\/\/www.citykamp.com\/de\/wp-json\/wp\/v2\/pages\/7272\/revisions\/7614"}],"wp:featuredmedia":[{"embeddable":true,"href":"https:\/\/www.citykamp.com\/de\/wp-json\/wp\/v2\/media\/7601"}],"wp:attachment":[{"href":"https:\/\/www.citykamp.com\/de\/wp-json\/wp\/v2\/media?parent=7272"}],"curies":[{"name":"wp","href":"https:\/\/api.w.org\/{rel}","templated":true}]}}