{"id":4012,"date":"2021-02-15T15:29:21","date_gmt":"2021-02-15T14:29:21","guid":{"rendered":"http:\/\/www.citykamp.com\/?page_id=4012"},"modified":"2023-10-23T18:06:09","modified_gmt":"2023-10-23T16:06:09","slug":"valkenburg","status":"publish","type":"page","link":"https:\/\/www.citykamp.com\/de\/valkenburg\/","title":{"rendered":"Valkenburg"},"content":{"rendered":"<div class=\"wpb-content-wrapper\"><p>[vc_row][vc_column]<div class=\"imgheader\" style=\"background-image: url(https:\/\/www.citykamp.com\/uploads\/2021\/02\/camping-valkenburg-maastricht-carroussel-1-1440x700.jpg)\"><div class=\"wrapcontentraw\"><div class=\"incta\">\n                                    <div>\n                                        <a href=\"https:\/\/www.camping-valkenburg.com\/de\/\"><span class=\"cta1\">Reiseziel<\/span>\n                                        <span class=\"cta2\">VALKENBURG<span class=\"ctk-arrow\"><\/span><\/span><\/a>\n                                    <\/div>\n                                  <\/div><\/div><\/div>[\/vc_column][\/vc_row][vc_row][vc_column]<div class=\"wrappedcontent\">[vc_column_text]<\/p>\n<h2>Vor den Toren von Valkenburg in der niederl\u00e4ndischen Provinz Limburg<\/h2>\n<p>[\/vc_column_text][vc_empty_space][vc_row_inner gap=&#8220;30&#8243; css=&#8220;.vc_custom_1613554136410{margin-left: -0.5px !important;}&#8220;][vc_column_inner width=&#8220;1\/4&#8243;][vc_masonry_media_grid element_width=&#8220;12&#8243; gap=&#8220;0&#8243; item=&#8220;164&#8243; grid_id=&#8220;vc_gid:1698077117505-9f784c36-f001-2&#8243; include=&#8220;3841&#8243;][vc_empty_space height=&#8220;16px&#8220;][vc_column_text]<\/p>\n<h5 style=\"text-align: center;\">Sehensw\u00fcrdigkeiten in Valkenburg<\/h5>\n<p>Entdecken Sie das weniger als 2 km entfernte Stadtzentrum von Valkenburg und seine zahlreichen kulturhistorischen Bauten, wie zum Beispiel die einzige auf einem H\u00fcgel liegende Burgruine der Niederlande und die H\u00f6hlen von Valkenburg. Lust auf ein wenig Entspannung? Das Thermalbad der Stadt erwartet Sie.[\/vc_column_text][\/vc_column_inner][vc_column_inner width=&#8220;1\/4&#8243;][vc_masonry_media_grid element_width=&#8220;12&#8243; gap=&#8220;0&#8243; item=&#8220;164&#8243; grid_id=&#8220;vc_gid:1698077117509-75a0315f-3101-0&#8243; include=&#8220;3847&#8243;][vc_empty_space height=&#8220;16px&#8220;][vc_column_text]<\/p>\n<h5 style=\"text-align: center;\">Maastricht, eine der \u00e4ltesten St\u00e4dte Hollands<\/h5>\n<p>Das s\u00fcdholl\u00e4ndische St\u00e4dtchen Maastricht liegt nur 15 km vom CityKamp entfernt und ist ein wundersch\u00f6nes Ausflugsziel. Die Altstadt der Hauptstadt der Provinz Limburg mit ihren Steinh\u00e4usern, Kopfsteinpflasterstra\u00dfen, dem St. Pietersbergh\u00f6hlen und dem pr\u00e4chtigen Dom wird Sie bestimmt im Handumdrehen verzaubern.[\/vc_column_text][\/vc_column_inner][vc_column_inner width=&#8220;1\/4&#8243;][vc_masonry_media_grid element_width=&#8220;12&#8243; gap=&#8220;0&#8243; item=&#8220;164&#8243; grid_id=&#8220;vc_gid:1698077117512-cac1a4d5-ea99-6&#8243; include=&#8220;6699&#8243;][vc_empty_space height=&#8220;16px&#8220;][vc_column_text]<\/p>\n<h5 style=\"text-align: center;\">Unterk\u00fcnfte mit allem Komfort<\/h5>\n<p>Auf dem Campingplatz Valkenburg Maastricht erwarten Sie Stellpl\u00e4tze und Mietunterk\u00fcnfte mit allem Komfort. Sch\u00f6ne Holzchalets, voll ausgestattete Mobilheime, Lodgezelte aus Zelttuch und Holz, die sich perfekt in das nat\u00fcrliche Umfeld einf\u00fcgen. Sie brauchen nur noch auszuw\u00e4hlen![\/vc_column_text][\/vc_column_inner][vc_column_inner width=&#8220;1\/4&#8243;][vc_masonry_media_grid element_width=&#8220;12&#8243; gap=&#8220;0&#8243; item=&#8220;164&#8243; grid_id=&#8220;vc_gid:1698077117514-063b7855-16b0-1&#8243; include=&#8220;6705&#8243;][vc_empty_space height=&#8220;16px&#8220;][vc_column_text]<\/p>\n<h5 style=\"text-align: center;\">Qualitativ hochwertige Einrichtungen<\/h5>\n<p>Genie\u00dfen Sie vor Ort unsere hochwertigen Einrichtungen f\u00fcr die ganze Familie. Ein Imbisswagen f\u00fcr gro\u00dfe und kleine Genie\u00dfer, ein kleiner Gemischtwarenladen mit den wichtigsten Produkten sowie zwei beheizte, komplett renovierte Schwimmb\u00e4der f\u00fcr Entspannung und Spa\u00df.[\/vc_column_text][\/vc_column_inner][\/vc_row_inner][vc_empty_space]<div class=\"text-center btnwrap\"><a class=\"btn btn-huttopia-cta\" href=\"https:\/\/www.camping-valkenburg.com\/de\/\" role=\"button\" target=\"\" onclick=\"dataLayer.push({'event':'clickCity', 'clickText':'Mehr \u00fcber dieses Reiseziel erfahren'})\">Mehr \u00fcber dieses Reiseziel erfahren<\/a><\/div><\/div>[\/vc_column][\/vc_row][vc_row css=&#8220;.vc_custom_1613403643154{background-color: #e84e1b !important;}&#8220;][vc_column]<div class=\"wrappedcontent\">[vc_column_text]<\/p>\n<h2><span style=\"color: #ffffff;\">Dienstleistungen f\u00fcr noch mehr Komfort!<\/span><\/h2>\n<p>[\/vc_column_text][vc_empty_space][vc_masonry_media_grid item=&#8220;164&#8243; grid_id=&#8220;vc_gid:1698077117517-0288f0f2-f36d-9&#8243; include=&#8220;6711,6723,6717&#8243;][vc_empty_space height=&#8220;60px&#8220;][vc_row_inner][vc_column_inner width=&#8220;1\/6&#8243;][vc_icon type=&#8220;typicons&#8220; icon_typicons=&#8220;typcn typcn-wi-fi&#8220; color=&#8220;white&#8220; align=&#8220;center&#8220; css=&#8220;.vc_custom_1613403713831{margin-top: -10px !important;margin-bottom: -10px !important;}&#8220;][vc_column_text]<\/p>\n<p style=\"text-align: center;\"><strong><span style=\"color: #ffffff;\">Gratis WLAN<\/span><\/strong><\/p>\n<p>[\/vc_column_text][\/vc_column_inner][vc_column_inner width=&#8220;1\/6&#8243;][vc_icon type=&#8220;material&#8220; icon_material=&#8220;vc-material vc-material-local_parking&#8220; color=&#8220;white&#8220; align=&#8220;center&#8220; css=&#8220;.vc_custom_1613403709848{margin-top: -10px !important;margin-bottom: -10px !important;}&#8220;][vc_column_text]<\/p>\n<p style=\"text-align: center;\"><span style=\"color: #ffffff;\"><strong>Gratisparkplatz<\/strong><\/span><\/p>\n<p>[\/vc_column_text][\/vc_column_inner][vc_column_inner width=&#8220;1\/6&#8243;][vc_icon icon_fontawesome=&#8220;fas fa-bed&#8220; color=&#8220;white&#8220; align=&#8220;center&#8220; css=&#8220;.vc_custom_1613403705504{margin-top: -10px !important;margin-bottom: -10px !important;}&#8220;][vc_column_text]<\/p>\n<p style=\"text-align: center;\"><span style=\"color: #ffffff;\"><strong>Bettw\u00e4sche- und<br \/>\nHandt\u00fccher inkl<\/strong><\/span><\/p>\n<p>[\/vc_column_text][\/vc_column_inner][vc_column_inner width=&#8220;1\/6&#8243;][vc_icon icon_fontawesome=&#8220;fas fa-swimming-pool&#8220; color=&#8220;white&#8220; align=&#8220;center&#8220; css=&#8220;.vc_custom_1613403701545{margin-top: -10px !important;margin-bottom: -10px !important;}&#8220;][vc_column_text]<\/p>\n<p style=\"text-align: center;\"><strong><span style=\"color: #ffffff;\">Beheizte Schwimmb\u00e4der <\/span><\/strong><\/p>\n<p>[\/vc_column_text][\/vc_column_inner][vc_column_inner width=&#8220;1\/6&#8243;][vc_icon type=&#8220;material&#8220; icon_material=&#8220;vc-material vc-material-restaurant&#8220; color=&#8220;white&#8220; align=&#8220;center&#8220; css=&#8220;.vc_custom_1613403697257{margin-top: -10px !important;margin-bottom: -10px !important;}&#8220;][vc_column_text]<\/p>\n<p style=\"text-align: center;\"><span style=\"color: #ffffff;\"><strong>Essen &amp; Trinken<\/strong><\/span><\/p>\n<p>[\/vc_column_text][\/vc_column_inner][vc_column_inner width=&#8220;1\/6&#8243;][vc_icon type=&#8220;entypo&#8220; icon_entypo=&#8220;entypo-icon entypo-icon-plus-circled&#8220; color=&#8220;white&#8220; align=&#8220;center&#8220; css=&#8220;.vc_custom_1613559156703{margin-top: -10px !important;margin-bottom: -10px !important;}&#8220; link=&#8220;url:https%3A%2F%2Fwww.citykamp.com%2Fde%2Fdienstleistungen%2F|target:_blank&#8220;][vc_column_text]<\/p>\n<p style=\"text-align: center;\"><strong><span style=\"color: #ffffff;\">MEHR<\/span><\/strong><\/p>\n<p>[\/vc_column_text][\/vc_column_inner][\/vc_row_inner]<\/div>[\/vc_column][\/vc_row][vc_row][vc_column]<div class=\"wrapcontentraw\">\n                <h2 class=\"hmargin\">Umgebung des Campingplatzes<\/h2>\n                <div class=\"allsites\">\n                    <div class=\"col-md-6 swrap\">\n                <div>\n                    <div class=\"simg\">\n                        <div class=\"stitle\">Ruines ch\u00e2teau<\/div>\n                        <img decoding=\"async\" src=\"https:\/\/www.citykamp.com\/uploads\/2021\/02\/citykamp-reserver-valkenburg-maastricht-600x400px-500x350.jpg\" alt=\"citykamp-reserver-valkenburg-maastricht-600x400px\"\/>\n                    <\/div>\n                    <div class=\"ibcontent ibflex\">\n                        <div class=\"ibin1\">Entdecken Sie die Burgruine Valkenburg<\/div>\n                        <div class=\"ibin2\">\n                            <a>\n                                <div class=\"iblink isaltbgcolor\"><span class=\"sdist\"><span class=\"ctk-man\"><\/span><span class=\"thdist\">3.8km<\/span><\/span><\/div>\n                            <\/a>\n                        <\/div>\n                        <div class=\"clear\"><\/div>\n                    <\/div>\n                <\/div>\n             <\/div><div class=\"col-md-6 swrap\">\n                <div>\n                    <div class=\"simg\">\n                        <div class=\"stitle\">Grottes Valkenburg<\/div>\n                        <img decoding=\"async\" src=\"https:\/\/www.citykamp.com\/uploads\/2021\/02\/citykamp-valkenburg-grottes-600x400-1-500x350.jpg\" alt=\"citykamp-valkenburg-grottes-600&#215;400\"\/>\n                    <\/div>\n                    <div class=\"ibcontent ibflex\">\n                        <div class=\"ibin1\">Besichtigen Sie die H\u00f6hlen von Valkenburg, in denen vor 2.000 Jahren von den R\u00f6mern Mergel abgebaut wurde<\/div>\n                        <div class=\"ibin2\">\n                            <a>\n                                <div class=\"iblink isaltbgcolor\"><span class=\"sdist\"><span class=\"ctk-man\"><\/span><span class=\"thdist\">2.5km<\/span><\/span><\/div>\n                            <\/a>\n                        <\/div>\n                        <div class=\"clear\"><\/div>\n                    <\/div>\n                <\/div>\n             <\/div><div class=\"col-md-6 swrap\">\n                <div>\n                    <div class=\"simg\">\n                        <div class=\"stitle\">Thermae 2000<\/div>\n                        <img decoding=\"async\" src=\"https:\/\/www.citykamp.com\/uploads\/2021\/02\/citykamp-valkenburg-massage-600x400-1-500x350.jpg\" alt=\"citykamp-valkenburg-massage-600&#215;400\"\/>\n                    <\/div>\n                    <div class=\"ibcontent ibflex\">\n                        <div class=\"ibin1\">Entspannung im Thermalbad Thermae 2000 der Stadt Valkenburg<\/div>\n                        <div class=\"ibin2\">\n                            <a>\n                                <div class=\"iblink isaltbgcolor\"><span class=\"sdist\"><span class=\"ctk-man\"><\/span><span class=\"thdist\">3.5km<\/span><\/span><\/div>\n                            <\/a>\n                        <\/div>\n                        <div class=\"clear\"><\/div>\n                    <\/div>\n                <\/div>\n             <\/div><div class=\"col-md-6 swrap\">\n                <div>\n                    <div class=\"simg\">\n                        <div class=\"stitle\">Mus\u00e9e Bonnfanten<\/div>\n                        <img decoding=\"async\" src=\"https:\/\/www.citykamp.com\/uploads\/2021\/02\/city-kamp-Maastricht-Bonnefantenmuseum-musee-600x400-1-500x350.jpg\" alt=\"city-kamp-Maastricht-Bonnefantenmuseum-musee-600&#215;400\"\/>\n                    <\/div>\n                    <div class=\"ibcontent ibflex\">\n                        <div class=\"ibin1\">Besuchen Sie das Maastrichter Bonnefantenmuseum f\u00fcr alte und zeitgen\u00f6ssische Kunst.<\/div>\n                        <div class=\"ibin2\">\n                            <a>\n                                <div class=\"iblink isaltbgcolor\"><span class=\"sdist\"><span class=\"ctk-man\"><\/span><span class=\"thdist\">12km<\/span><\/span><\/div>\n                            <\/a>\n                        <\/div>\n                        <div class=\"clear\"><\/div>\n                    <\/div>\n                <\/div>\n             <\/div>\n                    <div class=\"clear\"><\/div>\n                <\/div>\n            <\/div><div class=\"text-center btnwrap\"><a class=\"btn btn-huttopia-cta\" href=\"https:\/\/www.camping-valkenburg.com\/de\/region\/\" role=\"button\" target=\"\" onclick=\"dataLayer.push({'event':'clickCity', 'clickText':'Weitere Tipps f\u00fcr Aktivit\u00e4ten ansehen'})\">Weitere Tipps f\u00fcr Aktivit\u00e4ten ansehen<\/a><\/div>[\/vc_column][\/vc_row][vc_row][vc_column]<div class=\"mflex imgmp\">\n                <div class=\"col-md-6 accordeonimg\" style=\"background-image: url(https:\/\/www.citykamp.com\/uploads\/2023\/10\/tout-en-bas.jpeg)\">\n                    <img decoding=\"async\" src=\"https:\/\/www.citykamp.com\/uploads\/2023\/10\/tout-en-bas.jpeg\" style=\"visibility: hidden;\" \/>\n                <\/div>\n                <div class=\"col-md-6 altbg gmcontent\">\n                    <div>\n                    <h2 class=\"istitlecolor gmtitle\">Nur einen Steinwurf von der \u00e4ltesten Stadt Hollands entfernt!<\/h2>\n                    <div class=\"gmwrap\"><div class=\"col-sm-4 bwrap\">\n                    <span class=\"istitlecolor gmpicto ctk-train\"><\/span>\n                    <span class=\"gmlabel\">2km zum Bahnhof<\/span>\n                  <\/div><div class=\"col-sm-4 bwrap\">\n                    <span class=\"istitlecolor gmpicto ctk-car\"><\/span>\n                    <span class=\"gmlabel\">5min zur A79<\/span>\n                  <\/div><\/div>\n            <\/div>\n        <\/div>\n    <\/div>\n    <script>\n        let iconType = L.icon({\n            iconUrl: baseDirectory + '\/img\/pin.png',\n            iconSize: [22, 48],\n            iconAnchor: [11, 46],\n            popupAnchor: [0, -46]\n        });\n        let map = L.map('map', {\n            center: L.latLng(50.86523, 5.83205),\n            zoom: 10.8,\n            layers: [L.tileLayer('https:\/\/cartodb-basemaps-b.global.ssl.fastly.net\/light_all\/{z}\/{x}\/{y}.png', {\n                attribution: '&copy; <a href=\"https:\/\/www.openstreetmap.org\/copyright\">OpenStreetMap<\/a>'\n            })],\n            zoomSnap: 0.2\n        });\n        setTimeout(map.invalidateSize.bind(map), 100);\n        let contentString = '<div id=\"content\">' +\n            '<div id=\"siteNotice\">' +\n            '<\/div>' +\n            '<h4 id=\"firstHeading\" class=\"firstHeading\">Nur einen Steinwurf von der \u00e4ltesten Stadt Hollands entfernt!<\/h4>' +\n            '<div id=\"bodyContent\">' +\n            '<p><\/p>' +\n            '<p><\/p>' +\n            '<\/div>' +\n            '<\/div>';\n        let marker = L.marker([50.86523, 5.83205], {icon: iconType}).addTo(map);\n        marker.bindPopup(contentString).openPopup();\n        let iwOuter = document.querySelector('.leaflet-popup-content-wrapper');\n        let iwArrow = document.querySelector('.leaflet-popup-tip');\n        iwOuter.style.backgroundColor = '';\n        iwArrow.style.backgroundColor = '';\n    <\/script>\n    [\/vc_column][\/vc_row]<\/p>\n<\/div>","protected":false},"excerpt":{"rendered":"<p>[vc_row][vc_column][\/vc_column][\/vc_row][vc_row][vc_column][\/vc_column][\/vc_row][vc_row css=&#8220;.vc_custom_1613403643154{background-color: #e84e1b !important;}&#8220;][vc_column][\/vc_column][\/vc_row][vc_row][vc_column][\/vc_column][\/vc_row][vc_row][vc_column][\/vc_column][\/vc_row]<\/p>\n","protected":false},"author":1,"featured_media":0,"parent":0,"menu_order":0,"comment_status":"closed","ping_status":"closed","template":"","meta":{"footnotes":""},"class_list":["post-4012","page","type-page","status-publish","hentry"],"yoast_head":"<!-- This site is optimized with the Yoast SEO plugin v25.6 - https:\/\/yoast.com\/wordpress\/plugins\/seo\/ -->\n<title>Valkenburg, destination au sud de la r\u00e9gion de Limbourg !<\/title>\n<meta name=\"description\" content=\"\u00c0 deux pas de Valkenburg et Maastricht, la d\u00e9connexion est assur\u00e9e ! Offrez-vous un s\u00e9jour reposant tout en arpentant les rues de Valkenburg et Maastricht.\" \/>\n<meta name=\"robots\" content=\"index, follow, max-snippet:-1, max-image-preview:large, max-video-preview:-1\" \/>\n<link rel=\"canonical\" href=\"https:\/\/www.citykamp.com\/de\/valkenburg\/\" \/>\n<meta property=\"og:locale\" content=\"de_DE\" \/>\n<meta property=\"og:type\" content=\"article\" \/>\n<meta property=\"og:title\" content=\"Valkenburg, destination au sud de la r\u00e9gion de Limbourg !\" \/>\n<meta property=\"og:description\" content=\"\u00c0 deux pas de Valkenburg et Maastricht, la d\u00e9connexion est assur\u00e9e ! Offrez-vous un s\u00e9jour reposant tout en arpentant les rues de Valkenburg et Maastricht.\" \/>\n<meta property=\"og:url\" content=\"https:\/\/www.citykamp.com\/de\/valkenburg\/\" \/>\n<meta property=\"og:site_name\" content=\"Citykamp\" \/>\n<meta property=\"article:modified_time\" content=\"2023-10-23T16:06:09+00:00\" \/>\n<meta name=\"twitter:card\" content=\"summary_large_image\" \/>\n<meta name=\"twitter:label1\" content=\"Est. reading time\" \/>\n\t<meta name=\"twitter:data1\" content=\"3 Minuten\" \/>\n<script type=\"application\/ld+json\" class=\"yoast-schema-graph\">{\"@context\":\"https:\/\/schema.org\",\"@graph\":[{\"@type\":\"WebPage\",\"@id\":\"https:\/\/www.citykamp.com\/de\/valkenburg\/\",\"url\":\"https:\/\/www.citykamp.com\/de\/valkenburg\/\",\"name\":\"Valkenburg, destination au sud de la r\u00e9gion de Limbourg !\",\"isPartOf\":{\"@id\":\"https:\/\/www.citykamp.com\/de\/#website\"},\"datePublished\":\"2021-02-15T14:29:21+00:00\",\"dateModified\":\"2023-10-23T16:06:09+00:00\",\"description\":\"\u00c0 deux pas de Valkenburg et Maastricht, la d\u00e9connexion est assur\u00e9e ! Offrez-vous un s\u00e9jour reposant tout en arpentant les rues de Valkenburg et Maastricht.\",\"breadcrumb\":{\"@id\":\"https:\/\/www.citykamp.com\/de\/valkenburg\/#breadcrumb\"},\"inLanguage\":\"de-DE\",\"potentialAction\":[{\"@type\":\"ReadAction\",\"target\":[\"https:\/\/www.citykamp.com\/de\/valkenburg\/\"]}]},{\"@type\":\"BreadcrumbList\",\"@id\":\"https:\/\/www.citykamp.com\/de\/valkenburg\/#breadcrumb\",\"itemListElement\":[{\"@type\":\"ListItem\",\"position\":1,\"name\":\"Accueil\",\"item\":\"https:\/\/www.citykamp.com\/de\/\"},{\"@type\":\"ListItem\",\"position\":2,\"name\":\"Valkenburg\"}]},{\"@type\":\"WebSite\",\"@id\":\"https:\/\/www.citykamp.com\/de\/#website\",\"url\":\"https:\/\/www.citykamp.com\/de\/\",\"name\":\"Citykamp\",\"description\":\"Un site utilisant WordPress\",\"potentialAction\":[{\"@type\":\"SearchAction\",\"target\":{\"@type\":\"EntryPoint\",\"urlTemplate\":\"https:\/\/www.citykamp.com\/de\/?s={search_term_string}\"},\"query-input\":{\"@type\":\"PropertyValueSpecification\",\"valueRequired\":true,\"valueName\":\"search_term_string\"}}],\"inLanguage\":\"de-DE\"}]}<\/script>\n<!-- \/ Yoast SEO plugin. -->","yoast_head_json":{"title":"Valkenburg, destination au sud de la r\u00e9gion de Limbourg !","description":"\u00c0 deux pas de Valkenburg et Maastricht, la d\u00e9connexion est assur\u00e9e ! Offrez-vous un s\u00e9jour reposant tout en arpentant les rues de Valkenburg et Maastricht.","robots":{"index":"index","follow":"follow","max-snippet":"max-snippet:-1","max-image-preview":"max-image-preview:large","max-video-preview":"max-video-preview:-1"},"canonical":"https:\/\/www.citykamp.com\/de\/valkenburg\/","og_locale":"de_DE","og_type":"article","og_title":"Valkenburg, destination au sud de la r\u00e9gion de Limbourg !","og_description":"\u00c0 deux pas de Valkenburg et Maastricht, la d\u00e9connexion est assur\u00e9e ! Offrez-vous un s\u00e9jour reposant tout en arpentant les rues de Valkenburg et Maastricht.","og_url":"https:\/\/www.citykamp.com\/de\/valkenburg\/","og_site_name":"Citykamp","article_modified_time":"2023-10-23T16:06:09+00:00","twitter_card":"summary_large_image","twitter_misc":{"Est. reading time":"3 Minuten"},"schema":{"@context":"https:\/\/schema.org","@graph":[{"@type":"WebPage","@id":"https:\/\/www.citykamp.com\/de\/valkenburg\/","url":"https:\/\/www.citykamp.com\/de\/valkenburg\/","name":"Valkenburg, destination au sud de la r\u00e9gion de Limbourg !","isPartOf":{"@id":"https:\/\/www.citykamp.com\/de\/#website"},"datePublished":"2021-02-15T14:29:21+00:00","dateModified":"2023-10-23T16:06:09+00:00","description":"\u00c0 deux pas de Valkenburg et Maastricht, la d\u00e9connexion est assur\u00e9e ! Offrez-vous un s\u00e9jour reposant tout en arpentant les rues de Valkenburg et Maastricht.","breadcrumb":{"@id":"https:\/\/www.citykamp.com\/de\/valkenburg\/#breadcrumb"},"inLanguage":"de-DE","potentialAction":[{"@type":"ReadAction","target":["https:\/\/www.citykamp.com\/de\/valkenburg\/"]}]},{"@type":"BreadcrumbList","@id":"https:\/\/www.citykamp.com\/de\/valkenburg\/#breadcrumb","itemListElement":[{"@type":"ListItem","position":1,"name":"Accueil","item":"https:\/\/www.citykamp.com\/de\/"},{"@type":"ListItem","position":2,"name":"Valkenburg"}]},{"@type":"WebSite","@id":"https:\/\/www.citykamp.com\/de\/#website","url":"https:\/\/www.citykamp.com\/de\/","name":"Citykamp","description":"Un site utilisant WordPress","potentialAction":[{"@type":"SearchAction","target":{"@type":"EntryPoint","urlTemplate":"https:\/\/www.citykamp.com\/de\/?s={search_term_string}"},"query-input":{"@type":"PropertyValueSpecification","valueRequired":true,"valueName":"search_term_string"}}],"inLanguage":"de-DE"}]}},"_links":{"self":[{"href":"https:\/\/www.citykamp.com\/de\/wp-json\/wp\/v2\/pages\/4012","targetHints":{"allow":["GET"]}}],"collection":[{"href":"https:\/\/www.citykamp.com\/de\/wp-json\/wp\/v2\/pages"}],"about":[{"href":"https:\/\/www.citykamp.com\/de\/wp-json\/wp\/v2\/types\/page"}],"author":[{"embeddable":true,"href":"https:\/\/www.citykamp.com\/de\/wp-json\/wp\/v2\/users\/1"}],"replies":[{"embeddable":true,"href":"https:\/\/www.citykamp.com\/de\/wp-json\/wp\/v2\/comments?post=4012"}],"version-history":[{"count":4,"href":"https:\/\/www.citykamp.com\/de\/wp-json\/wp\/v2\/pages\/4012\/revisions"}],"predecessor-version":[{"id":6814,"href":"https:\/\/www.citykamp.com\/de\/wp-json\/wp\/v2\/pages\/4012\/revisions\/6814"}],"wp:attachment":[{"href":"https:\/\/www.citykamp.com\/de\/wp-json\/wp\/v2\/media?parent=4012"}],"curies":[{"name":"wp","href":"https:\/\/api.w.org\/{rel}","templated":true}]}}