{"id":1173,"date":"2018-02-12T11:32:30","date_gmt":"2018-02-12T10:32:30","guid":{"rendered":"http:\/\/www.citykamp.com\/de\/services\/"},"modified":"2023-11-06T15:47:50","modified_gmt":"2023-11-06T14:47:50","slug":"dienstleistungen","status":"publish","type":"page","link":"https:\/\/www.citykamp.com\/de\/dienstleistungen\/","title":{"rendered":"Services"},"content":{"rendered":"<div class=\"wpb-content-wrapper\"><p>[vc_row][vc_column]<div class=\"imgheader\" style=\"background-image: url(https:\/\/www.citykamp.com\/uploads\/2023\/10\/citykamp-portail-services-header-1440x700.jpg)\"><div class=\"wrapcontentraw\"><\/div><\/div>[\/vc_column][\/vc_row][vc_row][vc_column]<div class=\"wrappedcontent\">[vc_column_text]<\/p>\n<h1 style=\"text-align: center;\"><strong>UNSERE DIENSTLEISTUNGEN<\/strong><\/h1>\n<p style=\"text-align: center;\">Dienstleistungen und Ausstattung f\u00fcr einen erholsamen Aufenthalt<\/p>\n<p>[\/vc_column_text][vc_empty_space height=&#8220;60px&#8220;][vc_column_text]<\/p>\n<h2 style=\"text-align: center;\"><strong>ES IST F\u00dcR ALLES GESORGT, UM IHREN AUFENTHALT ZU VEREINFACHEN<\/strong><\/h2>\n<p>[\/vc_column_text][vc_empty_space][vc_row_inner gap=&#8220;30&#8243; css=&#8220;.vc_custom_1699004748260{margin-left: -0.5px !important;}&#8220;][vc_column_inner width=&#8220;1\/3&#8243;][vc_single_image image=&#8220;6284&#8243; img_size=&#8220;600*400&#8243;][vc_empty_space height=&#8220;12px&#8220;][vc_column_text]<\/p>\n<h3 style=\"text-align: center;\"><strong><span style=\"font-size: 14pt;\">EIN GEM\u00dcTLICHER,<br \/>\nMEHRSPRACHIGER GEMEINSCHAFTSBEREICH<\/span><\/strong><\/h3>\n<p>[\/vc_column_text][vc_column_text]Hier finden Sie alle wichtigen Informationen und touristischen Unterlagen f\u00fcr einen gelungenen Aufenthalt.[\/vc_column_text][\/vc_column_inner][vc_column_inner width=&#8220;1\/3&#8243;][vc_single_image image=&#8220;6290&#8243; img_size=&#8220;601*400&#8243;][vc_empty_space height=&#8220;12px&#8220;][vc_column_text]<\/p>\n<h3 style=\"text-align: center;\"><strong><span style=\"font-size: 14pt;\">GEM\u00dcTLICHER<br \/>\nGEMEINSCHAFTSBEREICH<\/span><\/strong><\/h3>\n<p>[\/vc_column_text][vc_column_text]Zu jeder Jahreszeit ge\u00f6ffnet. Zum Spielen von Gesellschaftsspielen, Billard-Partien, Tischfu\u00dfball oder einfach nur zum Fernsehen.[\/vc_column_text][\/vc_column_inner][vc_column_inner width=&#8220;1\/3&#8243;][vc_single_image image=&#8220;6296&#8243; img_size=&#8220;600*400&#8243;][vc_empty_space height=&#8220;12px&#8220;][vc_column_text]<\/p>\n<h3 style=\"text-align: center;\"><strong><span style=\"font-size: 14pt;\">GRATIS-WLAN<\/span><\/strong><\/h3>\n<p>[\/vc_column_text][vc_column_text]Bleiben Sie vernetzt und n\u00fctzen Sie unseren gratis WLAN-Zugang auf allen unseren CityKamp-Pl\u00e4tzen.[\/vc_column_text][\/vc_column_inner][\/vc_row_inner][vc_empty_space][vc_row_inner gap=&#8220;30&#8243; css=&#8220;.vc_custom_1699004755996{margin-left: -0.5px !important;}&#8220;][vc_column_inner width=&#8220;1\/3&#8243;][vc_single_image image=&#8220;6303&#8243; img_size=&#8220;600*400&#8243;][vc_empty_space height=&#8220;12px&#8220;][vc_column_text]<\/p>\n<h3 style=\"text-align: center;\"><strong><span style=\"font-size: 14pt;\">EIN GRATISPARKPLATZ<\/span><\/strong><\/h3>\n<p>[\/vc_column_text][vc_column_text]Damit Sie die Stadt erkunden k\u00f6nnen, ohne sich Sorgen um Ihr Auto zu machen. Mit dem Fahrrad, zu Fu\u00df oder mit den \u00f6ffentlichen Verkehrsmitteln \u2013 genie\u00dfen Sie vollkommene Bewegungsfreiheit auf Ihrer Entdeckungsreise![\/vc_column_text][\/vc_column_inner][vc_column_inner width=&#8220;1\/3&#8243;][vc_single_image image=&#8220;6309&#8243; img_size=&#8220;600*400&#8243;][vc_empty_space height=&#8220;12px&#8220;][vc_column_text]<\/p>\n<h3 style=\"text-align: center;\"><strong><span style=\"font-size: 14pt;\">VERLEIH DIVERSER<br \/>\nAUSSTATTUNGEN VOR ORT<\/span><\/strong><\/h3>\n<p>[\/vc_column_text][vc_column_text]Fahrr\u00e4der, Grillger\u00e4te, Babyset, Raclette Grill, Cr\u00eapes Maker\u2026<br \/>\n<em>*Je nach Campingplatz und Verf\u00fcgbarkeit.<\/em>[\/vc_column_text][\/vc_column_inner][vc_column_inner width=&#8220;1\/3&#8243;][vc_single_image image=&#8220;6316&#8243; img_size=&#8220;600*400&#8243;][vc_empty_space height=&#8220;12px&#8220;][vc_column_text]<\/p>\n<h3 style=\"text-align: center;\"><strong><span style=\"font-size: 14pt;\">N\u00dcTZLICHE DIENSTE<br \/>\nIN DER N\u00c4HE<\/span><\/strong><\/h3>\n<p>[\/vc_column_text][vc_column_text]\u00d6ffentliche Verkehrsmittel, b\u00e4ckerei, restaurants, apotheke, bank&#8230;[\/vc_column_text][\/vc_column_inner][\/vc_row_inner][vc_empty_space]<div class=\"text-center btnwrap\"><a class=\"btn btn-huttopia-cta\" href=\"https:\/\/media.huttopia.com\/tarifs-annexes-citykamp-en.pdf\" role=\"button\" target=\"\" onclick=\"dataLayer.push({'event':'clickCity', 'clickText':'Zus\u00e4tzliche Tarife'})\">Zus\u00e4tzliche Tarife<\/a><\/div><\/div>[\/vc_column][\/vc_row][vc_row css=&#8220;.vc_custom_1699008605844{background-color: rgba(232,78,27,0.2) !important;*background-color: rgb(232,78,27) !important;}&#8220;][vc_column]<div class=\"wrappedcontent\">[vc_column_text]<\/p>\n<h2 style=\"text-align: center;\"><strong>ERSTKLASSIGE VERPFLEGUNG F\u00dcR EINEN UNBESCHWERTEN AUFENTHALT<\/strong><\/h2>\n<p>[\/vc_column_text][vc_empty_space][vc_row_inner gap=&#8220;30&#8243; css=&#8220;.vc_custom_1699004763783{margin-left: -0.5px !important;}&#8220;][vc_column_inner width=&#8220;1\/4&#8243;][vc_single_image image=&#8220;6323&#8243; img_size=&#8220;600*400&#8243;][vc_empty_space height=&#8220;12px&#8220;][vc_column_text]<\/p>\n<h3 style=\"text-align: center;\"><strong><span style=\"font-size: 14pt;\">EIN CAF\u00c9-BAR-RESTAURANT<\/span><\/strong><\/h3>\n<p>[\/vc_column_text][vc_column_text]Hier k\u00f6nnen Sie gemeinsam hausgemachte Pizza und regionale Spezialit\u00e4ten verk\u00f6stigen oder mit Freunden und Familie Ihren Aperitif trinken.<br \/>\n<em>*Die \u00d6ffnungszeiten sind je nach Campingplatz unterschiedlich.<\/em>[\/vc_column_text][\/vc_column_inner][vc_column_inner width=&#8220;1\/4&#8243;][vc_single_image image=&#8220;6335&#8243; img_size=&#8220;600*400&#8243;][vc_empty_space height=&#8220;12px&#8220;][vc_column_text]<\/p>\n<h3 style=\"text-align: center;\"><strong><span style=\"font-size: 14pt;\">LEVENSMIDDELEN<\/span><\/strong><\/h3>\n<p>[\/vc_column_text][vc_column_text]Alle unsere Campingpl\u00e4tze verf\u00fcgen \u00fcber einen kleinen Lebensmittelladen mit den wichtigsten Produkten.[\/vc_column_text][\/vc_column_inner][vc_column_inner width=&#8220;1\/4&#8243;][vc_single_image image=&#8220;6329&#8243; img_size=&#8220;600*400&#8243;][vc_empty_space height=&#8220;12px&#8220;][vc_column_text]<\/p>\n<h3 style=\"text-align: center;\"><strong><span style=\"font-size: 14pt;\">JEDEN MORGEN FRISCHES BROT UND CROISSANTS<\/span><\/strong><\/h3>\n<p>[\/vc_column_text][vc_column_text]Sie haben auf all unseren Campingpl\u00e4tzen die M\u00f6glichkeit jeden Morgen gegen Vorbestellung frisches Brot und Croissants an der Rezeption abzuholen.[\/vc_column_text][\/vc_column_inner][vc_column_inner width=&#8220;1\/4&#8243;][vc_single_image image=&#8220;6341&#8243; img_size=&#8220;600*400&#8243;][vc_empty_space height=&#8220;12px&#8220;][vc_column_text]<\/p>\n<h3 style=\"text-align: center;\"><strong><span style=\"font-size: 14pt;\">FR\u00dcHST\u00dcCK<\/span><\/strong><\/h3>\n<p>[\/vc_column_text][vc_column_text]In Lyon, Angers, Paris, Valkenburg und Stra\u00dfburg bieten wir Ihnen auch ein komplettes Fr\u00fchst\u00fcck mit hei\u00dfem Getr\u00e4nk, Brot, Feingeb\u00e4ck und Orangensaft\u2026 Ein Fr\u00fchst\u00fcck ganz wie im Hotel![\/vc_column_text][\/vc_column_inner][\/vc_row_inner]<\/div>[\/vc_column][\/vc_row][vc_row][vc_column]<div class=\"wrappedcontent\">[vc_column_text]<\/p>\n<h2 style=\"text-align: center;\"><strong>FREIZEITEINRICHTUNGEN F\u00dcR DIE GANZE FAMILIE VOR ORT<\/strong><\/h2>\n<p>[\/vc_column_text][vc_empty_space][vc_row_inner gap=&#8220;30&#8243; css=&#8220;.vc_custom_1699004775133{margin-left: -0.5px !important;}&#8220;][vc_column_inner width=&#8220;1\/3&#8243;][vc_single_image image=&#8220;6349&#8243; img_size=&#8220;600*400&#8243;][vc_empty_space height=&#8220;12px&#8220;][vc_column_text]<\/p>\n<h3 style=\"text-align: center;\"><strong><span style=\"font-size: 14pt;\">SCH\u00d6NE BEHEIZTE<br \/>\nSCHWIMMB\u00c4DER<\/span><\/strong><\/h3>\n<p>[\/vc_column_text][vc_column_text]Mit Sonnenschirmen und Liegen zur Erholung nach einem Tag in der Stadt.<br \/>\n<em>*Je nach Reiseziel und Saison<\/em>[\/vc_column_text][\/vc_column_inner][vc_column_inner width=&#8220;1\/3&#8243;][vc_single_image image=&#8220;6355&#8243; img_size=&#8220;600*400&#8243;][vc_empty_space height=&#8220;12px&#8220;][vc_column_text]<\/p>\n<h3 style=\"text-align: center;\"><strong><span style=\"font-size: 18.6667px;\">F\u00dcR IHRE<br \/>\nUNTERHALTUNG<\/span><\/strong><\/h3>\n<p>[\/vc_column_text][vc_column_text]Boule-Feld, Tischtennis &amp; Spielpl\u00e4tze f\u00fcr Spa\u00df mit der ganzen Familie und Freunden[\/vc_column_text][\/vc_column_inner][vc_column_inner width=&#8220;1\/3&#8243;][vc_single_image image=&#8220;6361&#8243; img_size=&#8220;600*400&#8243;][vc_empty_space height=&#8220;12px&#8220;][vc_column_text]<\/p>\n<h3 style=\"text-align: center;\"><strong><span style=\"font-size: 18.6667px;\">AKTIVIT\u00c4TEN<br \/>\nIN DER N\u00c4HE<\/span><\/strong><\/h3>\n<p>[\/vc_column_text][vc_column_text]Radfahren, Golf, Reiten, Tennis \u2026 Zu jeder seine W\u00fcnsche![\/vc_column_text][\/vc_column_inner][\/vc_row_inner]<\/div>[\/vc_column][\/vc_row][vc_row css=&#8220;.vc_custom_1699268802717{margin-left: -0.5px !important;background-color: rgba(232,78,27,0.2) !important;*background-color: rgb(232,78,27) !important;}&#8220;][vc_column]<div class=\"wrappedcontent\">[vc_row_inner css=&#8220;.vc_custom_1699004788570{margin-top: -28px !important;margin-bottom: -28px !important;margin-left: -0.5px !important;}&#8220;][vc_column_inner width=&#8220;1\/4&#8243;][vc_single_image image=&#8220;6848&#8243; img_size=&#8220;71*71&#8243; alignment=&#8220;center&#8220;][vc_empty_space][vc_column_text]<\/p>\n<p style=\"text-align: center;\">Sichere Zahlung<\/p>\n<p>[\/vc_column_text][\/vc_column_inner][vc_column_inner width=&#8220;1\/4&#8243;][vc_single_image image=&#8220;6854&#8243; img_size=&#8220;71*71&#8243; alignment=&#8220;center&#8220;][vc_empty_space][vc_column_text]<\/p>\n<p style=\"text-align: center;\">Gratisparkplatz<\/p>\n<p>[\/vc_column_text][\/vc_column_inner][vc_column_inner width=&#8220;1\/4&#8243;][vc_single_image image=&#8220;6860&#8243; img_size=&#8220;71*71&#8243; alignment=&#8220;center&#8220;][vc_empty_space][vc_column_text]<\/p>\n<p style=\"text-align: center;\">Check-in 7 Tage die Woche ge\u00f6ffnet<\/p>\n<p>[\/vc_column_text][\/vc_column_inner][vc_column_inner width=&#8220;1\/4&#8243;][vc_single_image image=&#8220;6866&#8243; img_size=&#8220;71*71&#8243; alignment=&#8220;center&#8220;][vc_empty_space][vc_column_text]<\/p>\n<p style=\"text-align: center;\">Mehrsprachig<\/p>\n<p>[\/vc_column_text][\/vc_column_inner][\/vc_row_inner]<\/div>[\/vc_column][\/vc_row]<\/p>\n<\/div>","protected":false},"excerpt":{"rendered":"<p>[vc_row][vc_column][\/vc_column][\/vc_row][vc_row][vc_column][\/vc_column][\/vc_row][vc_row css=&#8220;.vc_custom_1699008605844{background-color: rgba(232,78,27,0.2) !important;*background-color: rgb(232,78,27) !important;}&#8220;][vc_column][\/vc_column][\/vc_row][vc_row][vc_column][\/vc_column][\/vc_row][vc_row css=&#8220;.vc_custom_1699268802717{margin-left: -0.5px !important;background-color: rgba(232,78,27,0.2) !important;*background-color: rgb(232,78,27) !important;}&#8220;][vc_column][\/vc_column][\/vc_row]<\/p>\n","protected":false},"author":1,"featured_media":0,"parent":0,"menu_order":0,"comment_status":"closed","ping_status":"closed","template":"","meta":{"footnotes":""},"class_list":["post-1173","page","type-page","status-publish","hentry"],"yoast_head":"<!-- This site is optimized with the Yoast SEO plugin v25.6 - https:\/\/yoast.com\/wordpress\/plugins\/seo\/ -->\n<title>Alle Dienstleistungen auf unseren Campingpl\u00e4tzen | CityKamp<\/title>\n<meta name=\"description\" content=\"Dienstleistungen und Einrichtungen unserer Campingpl\u00e4tze : Kostenloses WLAN, kostenloser Parkplatz, Verleih von Bettw\u00e4sche und Handt\u00fcchern...\" \/>\n<meta name=\"robots\" content=\"index, follow, max-snippet:-1, max-image-preview:large, max-video-preview:-1\" \/>\n<link rel=\"canonical\" href=\"https:\/\/www.citykamp.com\/de\/dienstleistungen\/\" \/>\n<meta property=\"og:locale\" content=\"de_DE\" \/>\n<meta property=\"og:type\" content=\"article\" \/>\n<meta property=\"og:title\" content=\"Alle Dienstleistungen auf unseren Campingpl\u00e4tzen | CityKamp\" \/>\n<meta property=\"og:description\" content=\"Dienstleistungen und Einrichtungen unserer Campingpl\u00e4tze : Kostenloses WLAN, kostenloser Parkplatz, Verleih von Bettw\u00e4sche und Handt\u00fcchern...\" \/>\n<meta property=\"og:url\" content=\"https:\/\/www.citykamp.com\/de\/dienstleistungen\/\" \/>\n<meta property=\"og:site_name\" content=\"Citykamp\" \/>\n<meta property=\"article:modified_time\" content=\"2023-11-06T14:47:50+00:00\" \/>\n<meta name=\"twitter:card\" content=\"summary_large_image\" \/>\n<meta name=\"twitter:label1\" content=\"Est. reading time\" \/>\n\t<meta name=\"twitter:data1\" content=\"3 Minuten\" \/>\n<script type=\"application\/ld+json\" class=\"yoast-schema-graph\">{\"@context\":\"https:\/\/schema.org\",\"@graph\":[{\"@type\":\"WebPage\",\"@id\":\"https:\/\/www.citykamp.com\/de\/dienstleistungen\/\",\"url\":\"https:\/\/www.citykamp.com\/de\/dienstleistungen\/\",\"name\":\"Alle Dienstleistungen auf unseren Campingpl\u00e4tzen | CityKamp\",\"isPartOf\":{\"@id\":\"https:\/\/www.citykamp.com\/de\/#website\"},\"datePublished\":\"2018-02-12T10:32:30+00:00\",\"dateModified\":\"2023-11-06T14:47:50+00:00\",\"description\":\"Dienstleistungen und Einrichtungen unserer Campingpl\u00e4tze : Kostenloses WLAN, kostenloser Parkplatz, Verleih von Bettw\u00e4sche und Handt\u00fcchern...\",\"breadcrumb\":{\"@id\":\"https:\/\/www.citykamp.com\/de\/dienstleistungen\/#breadcrumb\"},\"inLanguage\":\"de-DE\",\"potentialAction\":[{\"@type\":\"ReadAction\",\"target\":[\"https:\/\/www.citykamp.com\/de\/dienstleistungen\/\"]}]},{\"@type\":\"BreadcrumbList\",\"@id\":\"https:\/\/www.citykamp.com\/de\/dienstleistungen\/#breadcrumb\",\"itemListElement\":[{\"@type\":\"ListItem\",\"position\":1,\"name\":\"Accueil\",\"item\":\"https:\/\/www.citykamp.com\/de\/\"},{\"@type\":\"ListItem\",\"position\":2,\"name\":\"Services\"}]},{\"@type\":\"WebSite\",\"@id\":\"https:\/\/www.citykamp.com\/de\/#website\",\"url\":\"https:\/\/www.citykamp.com\/de\/\",\"name\":\"Citykamp\",\"description\":\"Un site utilisant WordPress\",\"potentialAction\":[{\"@type\":\"SearchAction\",\"target\":{\"@type\":\"EntryPoint\",\"urlTemplate\":\"https:\/\/www.citykamp.com\/de\/?s={search_term_string}\"},\"query-input\":{\"@type\":\"PropertyValueSpecification\",\"valueRequired\":true,\"valueName\":\"search_term_string\"}}],\"inLanguage\":\"de-DE\"}]}<\/script>\n<!-- \/ Yoast SEO plugin. -->","yoast_head_json":{"title":"Alle Dienstleistungen auf unseren Campingpl\u00e4tzen | CityKamp","description":"Dienstleistungen und Einrichtungen unserer Campingpl\u00e4tze : Kostenloses WLAN, kostenloser Parkplatz, Verleih von Bettw\u00e4sche und Handt\u00fcchern...","robots":{"index":"index","follow":"follow","max-snippet":"max-snippet:-1","max-image-preview":"max-image-preview:large","max-video-preview":"max-video-preview:-1"},"canonical":"https:\/\/www.citykamp.com\/de\/dienstleistungen\/","og_locale":"de_DE","og_type":"article","og_title":"Alle Dienstleistungen auf unseren Campingpl\u00e4tzen | CityKamp","og_description":"Dienstleistungen und Einrichtungen unserer Campingpl\u00e4tze : Kostenloses WLAN, kostenloser Parkplatz, Verleih von Bettw\u00e4sche und Handt\u00fcchern...","og_url":"https:\/\/www.citykamp.com\/de\/dienstleistungen\/","og_site_name":"Citykamp","article_modified_time":"2023-11-06T14:47:50+00:00","twitter_card":"summary_large_image","twitter_misc":{"Est. reading time":"3 Minuten"},"schema":{"@context":"https:\/\/schema.org","@graph":[{"@type":"WebPage","@id":"https:\/\/www.citykamp.com\/de\/dienstleistungen\/","url":"https:\/\/www.citykamp.com\/de\/dienstleistungen\/","name":"Alle Dienstleistungen auf unseren Campingpl\u00e4tzen | CityKamp","isPartOf":{"@id":"https:\/\/www.citykamp.com\/de\/#website"},"datePublished":"2018-02-12T10:32:30+00:00","dateModified":"2023-11-06T14:47:50+00:00","description":"Dienstleistungen und Einrichtungen unserer Campingpl\u00e4tze : Kostenloses WLAN, kostenloser Parkplatz, Verleih von Bettw\u00e4sche und Handt\u00fcchern...","breadcrumb":{"@id":"https:\/\/www.citykamp.com\/de\/dienstleistungen\/#breadcrumb"},"inLanguage":"de-DE","potentialAction":[{"@type":"ReadAction","target":["https:\/\/www.citykamp.com\/de\/dienstleistungen\/"]}]},{"@type":"BreadcrumbList","@id":"https:\/\/www.citykamp.com\/de\/dienstleistungen\/#breadcrumb","itemListElement":[{"@type":"ListItem","position":1,"name":"Accueil","item":"https:\/\/www.citykamp.com\/de\/"},{"@type":"ListItem","position":2,"name":"Services"}]},{"@type":"WebSite","@id":"https:\/\/www.citykamp.com\/de\/#website","url":"https:\/\/www.citykamp.com\/de\/","name":"Citykamp","description":"Un site utilisant WordPress","potentialAction":[{"@type":"SearchAction","target":{"@type":"EntryPoint","urlTemplate":"https:\/\/www.citykamp.com\/de\/?s={search_term_string}"},"query-input":{"@type":"PropertyValueSpecification","valueRequired":true,"valueName":"search_term_string"}}],"inLanguage":"de-DE"}]}},"_links":{"self":[{"href":"https:\/\/www.citykamp.com\/de\/wp-json\/wp\/v2\/pages\/1173","targetHints":{"allow":["GET"]}}],"collection":[{"href":"https:\/\/www.citykamp.com\/de\/wp-json\/wp\/v2\/pages"}],"about":[{"href":"https:\/\/www.citykamp.com\/de\/wp-json\/wp\/v2\/types\/page"}],"author":[{"embeddable":true,"href":"https:\/\/www.citykamp.com\/de\/wp-json\/wp\/v2\/users\/1"}],"replies":[{"embeddable":true,"href":"https:\/\/www.citykamp.com\/de\/wp-json\/wp\/v2\/comments?post=1173"}],"version-history":[{"count":4,"href":"https:\/\/www.citykamp.com\/de\/wp-json\/wp\/v2\/pages\/1173\/revisions"}],"predecessor-version":[{"id":6893,"href":"https:\/\/www.citykamp.com\/de\/wp-json\/wp\/v2\/pages\/1173\/revisions\/6893"}],"wp:attachment":[{"href":"https:\/\/www.citykamp.com\/de\/wp-json\/wp\/v2\/media?parent=1173"}],"curies":[{"name":"wp","href":"https:\/\/api.w.org\/{rel}","templated":true}]}}