{"id":1172,"date":"2018-02-22T12:16:39","date_gmt":"2018-02-22T11:16:39","guid":{"rendered":"http:\/\/www.citykamp.com\/de\/reservation-sejour\/"},"modified":"2021-05-05T17:24:59","modified_gmt":"2021-05-05T15:24:59","slug":"entdecken-reiseziele","status":"publish","type":"page","link":"https:\/\/www.citykamp.com\/de\/entdecken-reiseziele\/","title":{"rendered":"Entdecken reiseziele"},"content":{"rendered":"<div class=\"wpb-content-wrapper\"><p>[vc_row][vc_column]<div class=\"wrappedcontent\">[vc_empty_space height=&#8220;70px&#8220;][vc_column_text]<\/p>\n<h2>Entdecken Sie unsere CityKamp Ziele f\u00fcr einen Campingurlaub im Herzen der Stadt<\/h2>\n<p>[\/vc_column_text][vc_empty_space][vc_row_inner gap=&#8220;25&#8243;][vc_column_inner width=&#8220;1\/3&#8243;][vc_masonry_media_grid element_width=&#8220;12&#8243; gap=&#8220;0&#8243; item=&#8220;154&#8243; grid_id=&#8220;vc_gid:1554976914740-e0c6bf99f55111552841f4b0b0d901e1-3&#8243; include=&#8220;2090&#8243;]<div class=\"text-center btnwrap\"><a class=\"btn btn-huttopia-cta\" href=\"https:\/\/www.campingparis.fr\/de\/\" role=\"button\" target=\"\" onclick=\"dataLayer.push({'event':'clickCity', 'clickText':'Entdecken die reiseziel'})\">Entdecken die reiseziel<\/a><\/div>[\/vc_column_inner][vc_column_inner width=&#8220;1\/3&#8243;][vc_masonry_media_grid element_width=&#8220;12&#8243; gap=&#8220;0&#8243; item=&#8220;154&#8243; grid_id=&#8220;vc_gid:1554976914819-d31d34b7a46f2605f8c1a6dbf6af7493-3&#8243; include=&#8220;2084&#8243;]<div class=\"text-center btnwrap\"><a class=\"btn btn-huttopia-cta\" href=\"https:\/\/www.camping-lyon.com\/de\/\" role=\"button\" target=\"\" onclick=\"dataLayer.push({'event':'clickCity', 'clickText':'Entdecken die reiseziel'})\">Entdecken die reiseziel<\/a><\/div>[\/vc_column_inner][vc_column_inner width=&#8220;1\/3&#8243;][vc_masonry_media_grid element_width=&#8220;12&#8243; gap=&#8220;0&#8243; item=&#8220;154&#8243; grid_id=&#8220;vc_gid:1554976914908-18d0b48ca5034dc94058767f44877b66-10&#8243; include=&#8220;2078&#8243;]<div class=\"text-center btnwrap\"><a class=\"btn btn-huttopia-cta\" href=\"https:\/\/www.camping-strasbourg\/de\/\" role=\"button\" target=\"\" onclick=\"dataLayer.push({'event':'clickCity', 'clickText':'Entdecken die reiseziel'})\">Entdecken die reiseziel<\/a><\/div>[\/vc_column_inner][\/vc_row_inner][vc_empty_space height=&#8220;25px&#8220;][vc_row_inner gap=&#8220;25&#8243;][vc_column_inner width=&#8220;1\/3&#8243;][vc_masonry_media_grid element_width=&#8220;12&#8243; gap=&#8220;0&#8243; item=&#8220;154&#8243; grid_id=&#8220;vc_gid:1554976915101-7e7b656d013b19c998a865564d3ef317-5&#8243; include=&#8220;2072&#8243;]<div class=\"text-center btnwrap\"><a class=\"btn btn-huttopia-cta\" href=\"https:\/\/www.campingdelill.fr\/de\/\" role=\"button\" target=\"\" onclick=\"dataLayer.push({'event':'clickCity', 'clickText':'Entdecken die reiseziel'})\">Entdecken die reiseziel<\/a><\/div>[\/vc_column_inner][vc_column_inner width=&#8220;1\/3&#8243;][vc_masonry_media_grid element_width=&#8220;12&#8243; gap=&#8220;0&#8243; item=&#8220;154&#8243; grid_id=&#8220;vc_gid:1554976915254-b8140c25bbda57dd2a4a36ccc9ccc8ec-8&#8243; include=&#8220;2066&#8243;]<div class=\"text-center btnwrap\"><a class=\"btn btn-huttopia-cta\" href=\"http:\/\/www.campingangers.com\/en\/\" role=\"button\" target=\"\" onclick=\"dataLayer.push({'event':'clickCity', 'clickText':'Entdecken die reiseziel'})\">Entdecken die reiseziel<\/a><\/div>[\/vc_column_inner][vc_column_inner width=&#8220;1\/3&#8243;][\/vc_column_inner][\/vc_row_inner]<\/div>[\/vc_column][\/vc_row][vc_row css=&#8220;.vc_custom_1519299347022{background-color: #b5b5b5 !important;}&#8220;][vc_column]<div class=\"wrappedcontent\">[vc_row_inner css=&#8220;.vc_custom_1519299409709{margin-top: -28px !important;margin-bottom: -28px !important;}&#8220;][vc_column_inner width=&#8220;1\/4&#8243;][vc_icon icon_fontawesome=&#8220;fa fa-lock&#8220; color=&#8220;white&#8220; align=&#8220;center&#8220; css=&#8220;.vc_custom_1519299391926{margin-top: -10px !important;margin-bottom: -10px !important;}&#8220;][vc_column_text]<\/p>\n<p style=\"text-align: center;\"><span style=\"color: #ffffff;\">Sichere Zahlung<\/span><\/p>\n<p>[\/vc_column_text][\/vc_column_inner][vc_column_inner width=&#8220;1\/4&#8243;][vc_icon type=&#8220;material&#8220; icon_material=&#8220;vc-material vc-material-local_parking&#8220; color=&#8220;white&#8220; align=&#8220;center&#8220; css=&#8220;.vc_custom_1519731427704{margin-top: -10px !important;margin-bottom: -10px !important;}&#8220;][vc_column_text]<\/p>\n<p style=\"text-align: center;\"><span style=\"color: #ffffff;\">Gratisparkplatz<\/span><\/p>\n<p>[\/vc_column_text][\/vc_column_inner][vc_column_inner width=&#8220;1\/4&#8243;][vc_icon type=&#8220;entypo&#8220; icon_entypo=&#8220;entypo-icon entypo-icon-back-in-time&#8220; color=&#8220;white&#8220; align=&#8220;center&#8220; css=&#8220;.vc_custom_1519731514358{margin-top: -10px !important;margin-bottom: -10px !important;}&#8220;][vc_column_text]<\/p>\n<p style=\"text-align: center;\"><span style=\"color: #ffffff;\">Check-in 7 Tage die Woche ge\u00f6ffnet<\/span><\/p>\n<p>[\/vc_column_text][\/vc_column_inner][vc_column_inner width=&#8220;1\/4&#8243;][vc_icon icon_fontawesome=&#8220;fa fa-globe&#8220; color=&#8220;white&#8220; align=&#8220;center&#8220; css=&#8220;.vc_custom_1519731533934{margin-top: -10px !important;margin-bottom: -10px !important;}&#8220;][vc_column_text]<\/p>\n<p style=\"text-align: center;\"><span style=\"color: #ffffff;\">Mehrsprachig<\/span><\/p>\n<p>[\/vc_column_text][\/vc_column_inner][\/vc_row_inner]<\/div>[\/vc_column][\/vc_row]<\/p>\n<\/div>","protected":false},"excerpt":{"rendered":"<p>[vc_row][vc_column][\/vc_column][\/vc_row][vc_row css=&#8220;.vc_custom_1519299347022{background-color: #b5b5b5 !important;}&#8220;][vc_column][\/vc_column][\/vc_row]<\/p>\n","protected":false},"author":1,"featured_media":0,"parent":0,"menu_order":0,"comment_status":"closed","ping_status":"closed","template":"","meta":{"footnotes":""},"class_list":["post-1172","page","type-page","status-publish","hentry"],"yoast_head":"<!-- This site is optimized with the Yoast SEO plugin v25.6 - https:\/\/yoast.com\/wordpress\/plugins\/seo\/ -->\n<title>Entdecken Sie unsere CityKamp Campingpl\u00e4tze im Herzen der Stadt - CityKamp<\/title>\n<meta name=\"description\" content=\"Genie\u00dfen Sie die Natur im Herzen der Stadt! Paris, Lyon Stra\u00dfburg, Colmar, Angers: Campingpl\u00e4tze in der N\u00e4he von allen Annehmlichkeiten in einer gr\u00fcnen Umgebung f\u00fcr einen erholsamen Aufenthalt.\" \/>\n<meta name=\"robots\" content=\"noindex, nofollow\" \/>\n<meta property=\"og:locale\" content=\"de_DE\" \/>\n<meta property=\"og:type\" content=\"article\" \/>\n<meta property=\"og:title\" content=\"Entdecken Sie unsere CityKamp Campingpl\u00e4tze im Herzen der Stadt - CityKamp\" \/>\n<meta property=\"og:description\" content=\"Genie\u00dfen Sie die Natur im Herzen der Stadt! Paris, Lyon Stra\u00dfburg, Colmar, Angers: Campingpl\u00e4tze in der N\u00e4he von allen Annehmlichkeiten in einer gr\u00fcnen Umgebung f\u00fcr einen erholsamen Aufenthalt.\" \/>\n<meta property=\"og:url\" content=\"https:\/\/www.citykamp.com\/de\/entdecken-reiseziele\/\" \/>\n<meta property=\"og:site_name\" content=\"Citykamp\" \/>\n<meta property=\"article:modified_time\" content=\"2021-05-05T15:24:59+00:00\" \/>\n<meta name=\"twitter:card\" content=\"summary_large_image\" \/>\n<meta name=\"twitter:label1\" content=\"Est. reading time\" \/>\n\t<meta name=\"twitter:data1\" content=\"2 Minuten\" \/>\n<script type=\"application\/ld+json\" class=\"yoast-schema-graph\">{\"@context\":\"https:\/\/schema.org\",\"@graph\":[{\"@type\":\"WebPage\",\"@id\":\"https:\/\/www.citykamp.com\/de\/entdecken-reiseziele\/\",\"url\":\"https:\/\/www.citykamp.com\/de\/entdecken-reiseziele\/\",\"name\":\"Entdecken Sie unsere CityKamp Campingpl\u00e4tze im Herzen der Stadt - CityKamp\",\"isPartOf\":{\"@id\":\"https:\/\/www.citykamp.com\/de\/#website\"},\"datePublished\":\"2018-02-22T11:16:39+00:00\",\"dateModified\":\"2021-05-05T15:24:59+00:00\",\"description\":\"Genie\u00dfen Sie die Natur im Herzen der Stadt! Paris, Lyon Stra\u00dfburg, Colmar, Angers: Campingpl\u00e4tze in der N\u00e4he von allen Annehmlichkeiten in einer gr\u00fcnen Umgebung f\u00fcr einen erholsamen Aufenthalt.\",\"breadcrumb\":{\"@id\":\"https:\/\/www.citykamp.com\/de\/entdecken-reiseziele\/#breadcrumb\"},\"inLanguage\":\"de-DE\",\"potentialAction\":[{\"@type\":\"ReadAction\",\"target\":[\"https:\/\/www.citykamp.com\/de\/entdecken-reiseziele\/\"]}]},{\"@type\":\"BreadcrumbList\",\"@id\":\"https:\/\/www.citykamp.com\/de\/entdecken-reiseziele\/#breadcrumb\",\"itemListElement\":[{\"@type\":\"ListItem\",\"position\":1,\"name\":\"Accueil\",\"item\":\"https:\/\/www.citykamp.com\/de\/\"},{\"@type\":\"ListItem\",\"position\":2,\"name\":\"Entdecken reiseziele\"}]},{\"@type\":\"WebSite\",\"@id\":\"https:\/\/www.citykamp.com\/de\/#website\",\"url\":\"https:\/\/www.citykamp.com\/de\/\",\"name\":\"Citykamp\",\"description\":\"Un site utilisant WordPress\",\"potentialAction\":[{\"@type\":\"SearchAction\",\"target\":{\"@type\":\"EntryPoint\",\"urlTemplate\":\"https:\/\/www.citykamp.com\/de\/?s={search_term_string}\"},\"query-input\":{\"@type\":\"PropertyValueSpecification\",\"valueRequired\":true,\"valueName\":\"search_term_string\"}}],\"inLanguage\":\"de-DE\"}]}<\/script>\n<!-- \/ Yoast SEO plugin. -->","yoast_head_json":{"title":"Entdecken Sie unsere CityKamp Campingpl\u00e4tze im Herzen der Stadt - CityKamp","description":"Genie\u00dfen Sie die Natur im Herzen der Stadt! Paris, Lyon Stra\u00dfburg, Colmar, Angers: Campingpl\u00e4tze in der N\u00e4he von allen Annehmlichkeiten in einer gr\u00fcnen Umgebung f\u00fcr einen erholsamen Aufenthalt.","robots":{"index":"noindex","follow":"nofollow"},"og_locale":"de_DE","og_type":"article","og_title":"Entdecken Sie unsere CityKamp Campingpl\u00e4tze im Herzen der Stadt - CityKamp","og_description":"Genie\u00dfen Sie die Natur im Herzen der Stadt! Paris, Lyon Stra\u00dfburg, Colmar, Angers: Campingpl\u00e4tze in der N\u00e4he von allen Annehmlichkeiten in einer gr\u00fcnen Umgebung f\u00fcr einen erholsamen Aufenthalt.","og_url":"https:\/\/www.citykamp.com\/de\/entdecken-reiseziele\/","og_site_name":"Citykamp","article_modified_time":"2021-05-05T15:24:59+00:00","twitter_card":"summary_large_image","twitter_misc":{"Est. reading time":"2 Minuten"},"schema":{"@context":"https:\/\/schema.org","@graph":[{"@type":"WebPage","@id":"https:\/\/www.citykamp.com\/de\/entdecken-reiseziele\/","url":"https:\/\/www.citykamp.com\/de\/entdecken-reiseziele\/","name":"Entdecken Sie unsere CityKamp Campingpl\u00e4tze im Herzen der Stadt - CityKamp","isPartOf":{"@id":"https:\/\/www.citykamp.com\/de\/#website"},"datePublished":"2018-02-22T11:16:39+00:00","dateModified":"2021-05-05T15:24:59+00:00","description":"Genie\u00dfen Sie die Natur im Herzen der Stadt! Paris, Lyon Stra\u00dfburg, Colmar, Angers: Campingpl\u00e4tze in der N\u00e4he von allen Annehmlichkeiten in einer gr\u00fcnen Umgebung f\u00fcr einen erholsamen Aufenthalt.","breadcrumb":{"@id":"https:\/\/www.citykamp.com\/de\/entdecken-reiseziele\/#breadcrumb"},"inLanguage":"de-DE","potentialAction":[{"@type":"ReadAction","target":["https:\/\/www.citykamp.com\/de\/entdecken-reiseziele\/"]}]},{"@type":"BreadcrumbList","@id":"https:\/\/www.citykamp.com\/de\/entdecken-reiseziele\/#breadcrumb","itemListElement":[{"@type":"ListItem","position":1,"name":"Accueil","item":"https:\/\/www.citykamp.com\/de\/"},{"@type":"ListItem","position":2,"name":"Entdecken reiseziele"}]},{"@type":"WebSite","@id":"https:\/\/www.citykamp.com\/de\/#website","url":"https:\/\/www.citykamp.com\/de\/","name":"Citykamp","description":"Un site utilisant WordPress","potentialAction":[{"@type":"SearchAction","target":{"@type":"EntryPoint","urlTemplate":"https:\/\/www.citykamp.com\/de\/?s={search_term_string}"},"query-input":{"@type":"PropertyValueSpecification","valueRequired":true,"valueName":"search_term_string"}}],"inLanguage":"de-DE"}]}},"_links":{"self":[{"href":"https:\/\/www.citykamp.com\/de\/wp-json\/wp\/v2\/pages\/1172","targetHints":{"allow":["GET"]}}],"collection":[{"href":"https:\/\/www.citykamp.com\/de\/wp-json\/wp\/v2\/pages"}],"about":[{"href":"https:\/\/www.citykamp.com\/de\/wp-json\/wp\/v2\/types\/page"}],"author":[{"embeddable":true,"href":"https:\/\/www.citykamp.com\/de\/wp-json\/wp\/v2\/users\/1"}],"replies":[{"embeddable":true,"href":"https:\/\/www.citykamp.com\/de\/wp-json\/wp\/v2\/comments?post=1172"}],"version-history":[{"count":5,"href":"https:\/\/www.citykamp.com\/de\/wp-json\/wp\/v2\/pages\/1172\/revisions"}],"predecessor-version":[{"id":2095,"href":"https:\/\/www.citykamp.com\/de\/wp-json\/wp\/v2\/pages\/1172\/revisions\/2095"}],"wp:attachment":[{"href":"https:\/\/www.citykamp.com\/de\/wp-json\/wp\/v2\/media?parent=1172"}],"curies":[{"name":"wp","href":"https:\/\/api.w.org\/{rel}","templated":true}]}}