{"id":1171,"date":"2018-02-12T11:32:17","date_gmt":"2018-02-12T10:32:17","guid":{"rendered":"http:\/\/www.citykamp.com\/de\/professionnels\/"},"modified":"2021-02-17T12:02:39","modified_gmt":"2021-02-17T11:02:39","slug":"firmentarife","status":"publish","type":"page","link":"https:\/\/www.citykamp.com\/de\/firmentarife\/","title":{"rendered":"Firmentarife"},"content":{"rendered":"<div class=\"wpb-content-wrapper\"><p>[vc_row][vc_column]<div class=\"imgheader\" style=\"background-image: url(https:\/\/www.citykamp.com\/uploads\/2018\/02\/citykamp_professionnels_camping_paris_services_resto-1440x700.jpg)\"><div class=\"wrapcontentraw\"><div class=\"boxtitle\"><h2><strong>Eine neue Art zu reisen und zu arbeiten<\/strong><\/h2><\/div><\/div><\/div>[\/vc_column][\/vc_row][vc_row][vc_column]<div class=\"wrappedcontent\">[vc_column_text]<\/p>\n<h2>Die beste Alternative zum Hotel f\u00fcr Ihre Dienstreisen<\/h2>\n<p>Sie befinden sich auf Dienstreise, auf einem vor\u00fcbergehenden beruflichen Einsatz, auf Schulung, Sie besuchen eine Fachmesse oder sind Aussteller\u2026 CityKamp ist wie f\u00fcr Sie geschaffen![\/vc_column_text]<\/div>[\/vc_column][\/vc_row][vc_row css=&#8220;.vc_custom_1519209675190{background-color: #e8e8e8 !important;}&#8220;][vc_column]<div class=\"wrappedcontent\">[vc_column_text]<\/p>\n<h2>Arbeiten, \u00fcbernachten\u2026und abschalten!<\/h2>\n<p>[\/vc_column_text][vc_empty_space][vc_row_inner gap=&#8220;35&#8243;][vc_column_inner width=&#8220;1\/3&#8243;][vc_masonry_media_grid element_width=&#8220;12&#8243; gap=&#8220;0&#8243; item=&#8220;164&#8243; grid_id=&#8220;vc_gid:1613560150123-1f82a332-9ba3-0&#8243; include=&#8220;2569&#8243; css=&#8220;.vc_custom_1555073394411{margin-bottom: 12px !important;}&#8220;][vc_column_text]<\/p>\n<h5 style=\"text-align: center\">Das Hotelpaket &#8211; ein Aufenthalt wie im Hotel!<\/h5>\n<p>N\u00fctzen Sie unsere zus\u00e4tzlichen Serviceleistungen f\u00fcr einen garantiert hohen Komfort. In <span style=\"color: #e84e1b\"><a style=\"color: #e84e1b\" href=\"http:\/\/www.citykamp.com\/de\/paris\/\" target=\"_blank\" rel=\"noopener noreferrer\">Paris<\/a> <\/span>ist die Bettw\u00e4sche inklusive und die Betten sind bei Ihrer Ankunft schon gemacht. Reisen Sie mit leichtem Gep\u00e4ck! Diese Serviceleistungen k\u00f6nnen je nach Reiseziel auch als Option angeboten werden.[\/vc_column_text][\/vc_column_inner][vc_column_inner width=&#8220;1\/3&#8243;][vc_masonry_media_grid element_width=&#8220;12&#8243; gap=&#8220;0&#8243; item=&#8220;164&#8243; grid_id=&#8220;vc_gid:1613560150125-767aa9b7-daa2-4&#8243; include=&#8220;2575&#8243; css=&#8220;.vc_custom_1555073406417{margin-bottom: 12px !important;}&#8220;][vc_column_text]<\/p>\n<h5 style=\"text-align: center\">Ma\u00dfgeschneiderte Dienstleistungen, um Ihnen Ihre Dienstreise zu vereinfachen<\/h5>\n<p>Gratisparkplatz und kostenloses <span style=\"color: #e84e1b\"><a style=\"color: #e84e1b\" href=\"http:\/\/www.citykamp.com\/de\/dienstleistungen\/\" target=\"_blank\" rel=\"noopener noreferrer\">WLAN<\/a><\/span>, Caf\u00e9-Restaurant und Fr\u00fchst\u00fcck, Gemeinschaftsbereich mit TV, Billard, Bibliothek\u2026 Es ist f\u00fcr alles gesorgt, damit Sie nach Ihrem Arbeitstag abschalten k\u00f6nnen![\/vc_column_text][\/vc_column_inner][vc_column_inner width=&#8220;1\/3&#8243;][vc_masonry_media_grid element_width=&#8220;12&#8243; gap=&#8220;0&#8243; item=&#8220;164&#8243; grid_id=&#8220;vc_gid:1613560150129-45d72ebf-dfe2-6&#8243; include=&#8220;2581&#8243; css=&#8220;.vc_custom_1555073419327{margin-bottom: 12px !important;}&#8220;][vc_column_text]<\/p>\n<h5 style=\"text-align: center\">Eine ideale Lage in unmittelbarer Stadtn\u00e4he<\/h5>\n<p>Von hier aus k\u00f6nnen Sie ganz leicht und in nur wenigen Minuten das Stadtzentrum erreichen (mit dem Taxi, mit \u00f6ffentlichen Verkehrsmitteln, mit dem Auto\u2026) und sind trotzdem im Gr\u00fcnen![\/vc_column_text][\/vc_column_inner][\/vc_row_inner][vc_empty_space]<div class=\"text-center btnwrap\"><a class=\"btn btn-huttopia-cta\" href=\"http:\/\/www.citykamp.com\/de\/entdecken -reiseziele\/\" role=\"button\" target=\"\" onclick=\"dataLayer.push({'event':'clickCity', 'clickText':'Entdecken Sie unsere Reiseziele'})\">Entdecken Sie unsere Reiseziele<\/a><\/div><\/div>[\/vc_column][\/vc_row][vc_row css=&#8220;.vc_custom_1519318613376{background-color: #e84e1b !important;}&#8220;][vc_column]<div class=\"wrappedcontent\">[vc_column_text]<\/p>\n<h2><span style=\"color: #ffffff\">Dienstleistungen speziell f\u00fcr Berufsreisende<\/span><\/h2>\n<p>[\/vc_column_text][vc_empty_space height=&#8220;60px&#8220;][vc_row_inner css=&#8220;.vc_custom_1519382272636{margin-top: -28px !important;margin-bottom: -28px !important;}&#8220;][vc_column_inner width=&#8220;1\/6&#8243;][vc_icon type=&#8220;typicons&#8220; icon_typicons=&#8220;typcn typcn-wi-fi&#8220; color=&#8220;white&#8220; align=&#8220;center&#8220; css=&#8220;.vc_custom_1519382456844{margin-top: -10px !important;margin-bottom: -10px !important;}&#8220;][vc_column_text]<\/p>\n<p style=\"text-align: center\"><strong><span style=\"color: #ffffff\">Gratis WLAN<\/span><\/strong><\/p>\n<p>[\/vc_column_text][\/vc_column_inner][vc_column_inner width=&#8220;1\/6&#8243;][vc_icon type=&#8220;material&#8220; icon_material=&#8220;vc-material vc-material-local_parking&#8220; color=&#8220;white&#8220; align=&#8220;center&#8220; css=&#8220;.vc_custom_1519232157164{margin-top: -10px !important;margin-bottom: -10px !important;}&#8220;][vc_column_text]<\/p>\n<p style=\"text-align: center\"><strong><span style=\"color: #ffffff\">Gratisparkplatz<\/span><\/strong><\/p>\n<p>[\/vc_column_text][\/vc_column_inner][vc_column_inner width=&#8220;1\/6&#8243;][vc_icon icon_fontawesome=&#8220;fa fa-bed&#8220; color=&#8220;white&#8220; align=&#8220;center&#8220; css=&#8220;.vc_custom_1519382492252{margin-top: -10px !important;margin-bottom: -10px !important;}&#8220;][vc_column_text]<\/p>\n<p style=\"text-align: center\"><span style=\"color: #ffffff\"><strong>Bettw\u00e4sche und Handt\u00fccher<\/strong><\/span><br \/>\n<span style=\"font-size: 10pt;color: #ffffff\"> Je nach Campingplatz inklusive oder als Option<\/span><\/p>\n<p>[\/vc_column_text][\/vc_column_inner][vc_column_inner width=&#8220;1\/6&#8243;][vc_icon type=&#8220;material&#8220; icon_material=&#8220;vc-material vc-material-restaurant&#8220; color=&#8220;white&#8220; align=&#8220;center&#8220; css=&#8220;.vc_custom_1519382611724{margin-top: -10px !important;margin-bottom: -10px !important;}&#8220;][vc_column_text]<\/p>\n<p style=\"text-align: center\"><strong><span style=\"color: #ffffff\">Verpflegung<\/span><\/strong><\/p>\n<p>[\/vc_column_text][\/vc_column_inner][vc_column_inner width=&#8220;1\/6&#8243;][vc_icon icon_fontawesome=&#8220;fa fa-coffee&#8220; color=&#8220;white&#8220; align=&#8220;center&#8220; css=&#8220;.vc_custom_1519382707230{margin-top: -10px !important;margin-bottom: -10px !important;}&#8220;][vc_column_text]<\/p>\n<p style=\"text-align: center\"><strong><span style=\"color: #ffffff\">Fr\u00fchst\u00fcck<\/span><\/strong><\/p>\n<p>[\/vc_column_text][\/vc_column_inner][vc_column_inner width=&#8220;1\/6&#8243;][vc_icon type=&#8220;entypo&#8220; icon_entypo=&#8220;entypo-icon entypo-icon-plus-circled&#8220; color=&#8220;white&#8220; align=&#8220;center&#8220; css=&#8220;.vc_custom_1521712620810{margin-top: -10px !important;margin-bottom: -10px !important;}&#8220; link=&#8220;url:http%3A%2F%2Fwww.citykamp.com%2Fde%2Fdienstleistungen%2F||target:%20_blank|&#8220;][vc_column_text]<\/p>\n<p style=\"text-align: center\"><strong><span style=\"color: #ffffff\">MEHR<\/span><\/strong><\/p>\n<p>[\/vc_column_text][\/vc_column_inner][\/vc_row_inner]<\/div>[\/vc_column][\/vc_row][vc_row][vc_column]<div class=\"wrappedcontent\">[vc_column_text]<\/p>\n<h2>\u00dcbernachten Sie in Unterk\u00fcnften mit allem Komfort!<\/h2>\n<p>[\/vc_column_text][vc_empty_space][vc_masonry_media_grid element_width=&#8220;6&#8243; gap=&#8220;15&#8243; item=&#8220;1273&#8243; grid_id=&#8220;vc_gid:1613560150136-5a8082dc-7fe2-1&#8243; include=&#8220;2563,2557&#8243;][vc_empty_space height=&#8220;10px&#8220;][vc_masonry_media_grid element_width=&#8220;3&#8243; gap=&#8220;15&#8243; item=&#8220;1273&#8243; grid_id=&#8220;vc_gid:1613560150138-099b62d2-7e30-0&#8243; include=&#8220;2551,2545,2539,2533&#8243;]<\/div>[\/vc_column][\/vc_row][vc_row][vc_column]<div class=\"discoverdestinations\" style=\"background-image: url(https:\/\/www.citykamp.com\/uploads\/2018\/02\/citykamp_accueil_ville_vue_ciel-1900x700.jpg)\">\n\t\t        <div class=\"wrapcontentraw\">\n                    <div class=\"ddpicto\">\n                        <img decoding=\"async\" src=\"https:\/\/www.citykamp.com\/uploads\/2018\/02\/logo_citykamp_balnc_transparent.png\">\n                    <\/div>\n                    <div class=\"ddcontent\">\n                        <div class=\"twoligntitle\"><span class=\"t1\">ENTDECKEN SIE EINE DER<\/span><span class=\"t2\">SCH\u00d6NSTEN ST\u00c4DTE IN EUROPA <\/span><\/div>\n                        <div class=\"row\"><div class=\"destinationcard col-md-4\">\n                <a href=\"https:\/\/www.campingparis.fr\/de\/\" target=\"_blank\"><div>Paris<\/div><\/a>\n            <\/div><div class=\"destinationcard col-md-4\">\n                <a href=\"https:\/\/www.camping-lyon.com\/de\/\" target=\"_blank\"><div>Lyon<\/div><\/a>\n            <\/div><div class=\"destinationcard col-md-4\">\n                <a href=\"https:\/\/www.camping-strasbourg\/de\/\" target=\"_blank\"><div>Stra\u00dfbourg<\/div><\/a>\n            <\/div><div class=\"destinationcard col-md-4\">\n                <a href=\"https:\/\/www.campingdelill.fr\/de\/\" target=\"_blank\"><div>Colmar<\/div><\/a>\n            <\/div><div class=\"destinationcard col-md-4\">\n                <a href=\"http:\/\/www.campingangers.com\/en\/\" target=\"_blank\"><div>Angers<\/div><\/a>\n            <\/div><div class=\"destinationcard col-md-4\">\n                <a href=\"https:\/\/www.camping-valkenburg.com\/de\/\" target=\"_blank\"><div>Valkenburg<\/div><\/a>\n            <\/div><\/div>\n                    <\/div>\n                    <div class=\"clear\"><\/div>\n                <\/div>\n            <\/div>[\/vc_column][\/vc_row][vc_row css=&#8220;.vc_custom_1519209001795{background-color: #b5b5b5 !important;}&#8220;][vc_column]<div class=\"wrappedcontent\">[vc_row_inner css=&#8220;.vc_custom_1519232139629{margin-top: -28px !important;margin-bottom: -28px !important;}&#8220;][vc_column_inner width=&#8220;1\/4&#8243;][vc_icon icon_fontawesome=&#8220;fa fa-lock&#8220; color=&#8220;white&#8220; align=&#8220;center&#8220; css=&#8220;.vc_custom_1519232151360{margin-top: -10px !important;margin-bottom: -10px !important;}&#8220;][vc_column_text]<\/p>\n<p style=\"text-align: center\"><span style=\"color: #ffffff\">Sichere Zahlung<\/span><\/p>\n<p>[\/vc_column_text][\/vc_column_inner][vc_column_inner width=&#8220;1\/4&#8243;][vc_icon type=&#8220;material&#8220; icon_material=&#8220;vc-material vc-material-local_parking&#8220; color=&#8220;white&#8220; align=&#8220;center&#8220; css=&#8220;.vc_custom_1519232157164{margin-top: -10px !important;margin-bottom: -10px !important;}&#8220;][vc_column_text]<\/p>\n<p style=\"text-align: center\"><span style=\"color: #ffffff\">Gratisparkplatz<\/span><\/p>\n<p>[\/vc_column_text][\/vc_column_inner][vc_column_inner width=&#8220;1\/4&#8243;][vc_icon type=&#8220;entypo&#8220; icon_entypo=&#8220;entypo-icon entypo-icon-back-in-time&#8220; color=&#8220;white&#8220; align=&#8220;center&#8220; css=&#8220;.vc_custom_1519232163064{margin-top: -10px !important;margin-bottom: -10px !important;}&#8220;][vc_column_text]<\/p>\n<p style=\"text-align: center\"><span style=\"color: #ffffff\">Check-in 7 Tage die Woche ge\u00f6ffnet<\/span><\/p>\n<p>[\/vc_column_text][\/vc_column_inner][vc_column_inner width=&#8220;1\/4&#8243;][vc_icon icon_fontawesome=&#8220;fa fa-globe&#8220; color=&#8220;white&#8220; align=&#8220;center&#8220; css=&#8220;.vc_custom_1519232169724{margin-top: -10px !important;margin-bottom: -10px !important;}&#8220;][vc_column_text]<\/p>\n<p style=\"text-align: center\"><span style=\"color: #ffffff\">Mehrsprachig<\/span><\/p>\n<p>[\/vc_column_text][\/vc_column_inner][\/vc_row_inner]<\/div>[\/vc_column][\/vc_row]<\/p>\n<\/div>","protected":false},"excerpt":{"rendered":"<p>[vc_row][vc_column][\/vc_column][\/vc_row][vc_row][vc_column][\/vc_column][\/vc_row][vc_row css=&#8220;.vc_custom_1519209675190{background-color: #e8e8e8 !important;}&#8220;][vc_column][\/vc_column][\/vc_row][vc_row css=&#8220;.vc_custom_1519318613376{background-color: #e84e1b !important;}&#8220;][vc_column][\/vc_column][\/vc_row][vc_row][vc_column][\/vc_column][\/vc_row][vc_row][vc_column][\/vc_column][\/vc_row][vc_row css=&#8220;.vc_custom_1519209001795{background-color: #b5b5b5 !important;}&#8220;][vc_column][\/vc_column][\/vc_row]<\/p>\n","protected":false},"author":1,"featured_media":0,"parent":0,"menu_order":0,"comment_status":"closed","ping_status":"closed","template":"","meta":{"footnotes":""},"class_list":["post-1171","page","type-page","status-publish","hentry"],"yoast_head":"<!-- This site is optimized with the Yoast SEO plugin v25.6 - https:\/\/yoast.com\/wordpress\/plugins\/seo\/ -->\n<title>Die Alternative zur Hotellerie f\u00fcr Ihre Gesch\u00e4ftsreisen - CityKamp<\/title>\n<meta name=\"description\" content=\"Eine neue Art zu reisen und zu arbeiten! \u00dcbernachten Sie auf einem Campingplatz mitten in der Natur. Komfortable Unterkunft, qualitativ hochwertige Dienstleistungen, leicht zug\u00e4nglichen Seiten ... Was ist einfach zu trennen!\" \/>\n<meta name=\"robots\" content=\"index, follow, max-snippet:-1, max-image-preview:large, max-video-preview:-1\" \/>\n<link rel=\"canonical\" href=\"https:\/\/www.citykamp.com\/de\/firmentarife\/\" \/>\n<meta property=\"og:locale\" content=\"de_DE\" \/>\n<meta property=\"og:type\" content=\"article\" \/>\n<meta property=\"og:title\" content=\"Die Alternative zur Hotellerie f\u00fcr Ihre Gesch\u00e4ftsreisen - CityKamp\" \/>\n<meta property=\"og:description\" content=\"Eine neue Art zu reisen und zu arbeiten! \u00dcbernachten Sie auf einem Campingplatz mitten in der Natur. Komfortable Unterkunft, qualitativ hochwertige Dienstleistungen, leicht zug\u00e4nglichen Seiten ... Was ist einfach zu trennen!\" \/>\n<meta property=\"og:url\" content=\"https:\/\/www.citykamp.com\/de\/firmentarife\/\" \/>\n<meta property=\"og:site_name\" content=\"Citykamp\" \/>\n<meta property=\"article:modified_time\" content=\"2021-02-17T11:02:39+00:00\" \/>\n<meta name=\"twitter:card\" content=\"summary_large_image\" \/>\n<meta name=\"twitter:label1\" content=\"Est. reading time\" \/>\n\t<meta name=\"twitter:data1\" content=\"5 Minuten\" \/>\n<script type=\"application\/ld+json\" class=\"yoast-schema-graph\">{\"@context\":\"https:\/\/schema.org\",\"@graph\":[{\"@type\":\"WebPage\",\"@id\":\"https:\/\/www.citykamp.com\/de\/firmentarife\/\",\"url\":\"https:\/\/www.citykamp.com\/de\/firmentarife\/\",\"name\":\"Die Alternative zur Hotellerie f\u00fcr Ihre Gesch\u00e4ftsreisen - CityKamp\",\"isPartOf\":{\"@id\":\"https:\/\/www.citykamp.com\/de\/#website\"},\"datePublished\":\"2018-02-12T10:32:17+00:00\",\"dateModified\":\"2021-02-17T11:02:39+00:00\",\"description\":\"Eine neue Art zu reisen und zu arbeiten! \u00dcbernachten Sie auf einem Campingplatz mitten in der Natur. Komfortable Unterkunft, qualitativ hochwertige Dienstleistungen, leicht zug\u00e4nglichen Seiten ... Was ist einfach zu trennen!\",\"breadcrumb\":{\"@id\":\"https:\/\/www.citykamp.com\/de\/firmentarife\/#breadcrumb\"},\"inLanguage\":\"de-DE\",\"potentialAction\":[{\"@type\":\"ReadAction\",\"target\":[\"https:\/\/www.citykamp.com\/de\/firmentarife\/\"]}]},{\"@type\":\"BreadcrumbList\",\"@id\":\"https:\/\/www.citykamp.com\/de\/firmentarife\/#breadcrumb\",\"itemListElement\":[{\"@type\":\"ListItem\",\"position\":1,\"name\":\"Accueil\",\"item\":\"https:\/\/www.citykamp.com\/de\/\"},{\"@type\":\"ListItem\",\"position\":2,\"name\":\"Firmentarife\"}]},{\"@type\":\"WebSite\",\"@id\":\"https:\/\/www.citykamp.com\/de\/#website\",\"url\":\"https:\/\/www.citykamp.com\/de\/\",\"name\":\"Citykamp\",\"description\":\"Un site utilisant WordPress\",\"potentialAction\":[{\"@type\":\"SearchAction\",\"target\":{\"@type\":\"EntryPoint\",\"urlTemplate\":\"https:\/\/www.citykamp.com\/de\/?s={search_term_string}\"},\"query-input\":{\"@type\":\"PropertyValueSpecification\",\"valueRequired\":true,\"valueName\":\"search_term_string\"}}],\"inLanguage\":\"de-DE\"}]}<\/script>\n<!-- \/ Yoast SEO plugin. -->","yoast_head_json":{"title":"Die Alternative zur Hotellerie f\u00fcr Ihre Gesch\u00e4ftsreisen - CityKamp","description":"Eine neue Art zu reisen und zu arbeiten! \u00dcbernachten Sie auf einem Campingplatz mitten in der Natur. Komfortable Unterkunft, qualitativ hochwertige Dienstleistungen, leicht zug\u00e4nglichen Seiten ... Was ist einfach zu trennen!","robots":{"index":"index","follow":"follow","max-snippet":"max-snippet:-1","max-image-preview":"max-image-preview:large","max-video-preview":"max-video-preview:-1"},"canonical":"https:\/\/www.citykamp.com\/de\/firmentarife\/","og_locale":"de_DE","og_type":"article","og_title":"Die Alternative zur Hotellerie f\u00fcr Ihre Gesch\u00e4ftsreisen - CityKamp","og_description":"Eine neue Art zu reisen und zu arbeiten! \u00dcbernachten Sie auf einem Campingplatz mitten in der Natur. Komfortable Unterkunft, qualitativ hochwertige Dienstleistungen, leicht zug\u00e4nglichen Seiten ... Was ist einfach zu trennen!","og_url":"https:\/\/www.citykamp.com\/de\/firmentarife\/","og_site_name":"Citykamp","article_modified_time":"2021-02-17T11:02:39+00:00","twitter_card":"summary_large_image","twitter_misc":{"Est. reading time":"5 Minuten"},"schema":{"@context":"https:\/\/schema.org","@graph":[{"@type":"WebPage","@id":"https:\/\/www.citykamp.com\/de\/firmentarife\/","url":"https:\/\/www.citykamp.com\/de\/firmentarife\/","name":"Die Alternative zur Hotellerie f\u00fcr Ihre Gesch\u00e4ftsreisen - CityKamp","isPartOf":{"@id":"https:\/\/www.citykamp.com\/de\/#website"},"datePublished":"2018-02-12T10:32:17+00:00","dateModified":"2021-02-17T11:02:39+00:00","description":"Eine neue Art zu reisen und zu arbeiten! \u00dcbernachten Sie auf einem Campingplatz mitten in der Natur. Komfortable Unterkunft, qualitativ hochwertige Dienstleistungen, leicht zug\u00e4nglichen Seiten ... Was ist einfach zu trennen!","breadcrumb":{"@id":"https:\/\/www.citykamp.com\/de\/firmentarife\/#breadcrumb"},"inLanguage":"de-DE","potentialAction":[{"@type":"ReadAction","target":["https:\/\/www.citykamp.com\/de\/firmentarife\/"]}]},{"@type":"BreadcrumbList","@id":"https:\/\/www.citykamp.com\/de\/firmentarife\/#breadcrumb","itemListElement":[{"@type":"ListItem","position":1,"name":"Accueil","item":"https:\/\/www.citykamp.com\/de\/"},{"@type":"ListItem","position":2,"name":"Firmentarife"}]},{"@type":"WebSite","@id":"https:\/\/www.citykamp.com\/de\/#website","url":"https:\/\/www.citykamp.com\/de\/","name":"Citykamp","description":"Un site utilisant WordPress","potentialAction":[{"@type":"SearchAction","target":{"@type":"EntryPoint","urlTemplate":"https:\/\/www.citykamp.com\/de\/?s={search_term_string}"},"query-input":{"@type":"PropertyValueSpecification","valueRequired":true,"valueName":"search_term_string"}}],"inLanguage":"de-DE"}]}},"_links":{"self":[{"href":"https:\/\/www.citykamp.com\/de\/wp-json\/wp\/v2\/pages\/1171","targetHints":{"allow":["GET"]}}],"collection":[{"href":"https:\/\/www.citykamp.com\/de\/wp-json\/wp\/v2\/pages"}],"about":[{"href":"https:\/\/www.citykamp.com\/de\/wp-json\/wp\/v2\/types\/page"}],"author":[{"embeddable":true,"href":"https:\/\/www.citykamp.com\/de\/wp-json\/wp\/v2\/users\/1"}],"replies":[{"embeddable":true,"href":"https:\/\/www.citykamp.com\/de\/wp-json\/wp\/v2\/comments?post=1171"}],"version-history":[{"count":4,"href":"https:\/\/www.citykamp.com\/de\/wp-json\/wp\/v2\/pages\/1171\/revisions"}],"predecessor-version":[{"id":6400,"href":"https:\/\/www.citykamp.com\/de\/wp-json\/wp\/v2\/pages\/1171\/revisions\/6400"}],"wp:attachment":[{"href":"https:\/\/www.citykamp.com\/de\/wp-json\/wp\/v2\/media?parent=1171"}],"curies":[{"name":"wp","href":"https:\/\/api.w.org\/{rel}","templated":true}]}}