{"id":1168,"date":"2018-02-12T11:33:53","date_gmt":"2018-02-12T10:33:53","guid":{"rendered":"http:\/\/www.citykamp.com\/de\/lyon\/"},"modified":"2023-10-20T14:29:16","modified_gmt":"2023-10-20T12:29:16","slug":"lyon","status":"publish","type":"page","link":"https:\/\/www.citykamp.com\/de\/lyon\/","title":{"rendered":"Lyon"},"content":{"rendered":"<div class=\"wpb-content-wrapper\"><p>[vc_row][vc_column]<div class=\"imgheader\" style=\"background-image: url(https:\/\/www.citykamp.com\/uploads\/2023\/10\/citykamp-portail-lyon-header-1900x700.jpeg)\"><div class=\"wrapcontentraw\"><div class=\"incta\">\n                                    <div>\n                                        <a href=\"https:\/\/www.camping-lyon.com\/de\/\"><span class=\"cta1\">Reiseziel<\/span>\n                                        <span class=\"cta2\">LYON<span class=\"ctk-arrow\"><\/span><\/span><\/a>\n                                    <\/div>\n                                  <\/div><\/div><\/div>[\/vc_column][\/vc_row][vc_row][vc_column]<div class=\"wrappedcontent\">[vc_column_text]<\/p>\n<h2>In einem Naturpark vor den Toren von Lyon<\/h2>\n<p>[\/vc_column_text][vc_empty_space][vc_row_inner gap=&#8220;30&#8243;][vc_column_inner width=&#8220;1\/4&#8243;][vc_masonry_media_grid element_width=&#8220;12&#8243; gap=&#8220;0&#8243; item=&#8220;164&#8243; grid_id=&#8220;vc_gid:1697803386681-c3290911-9018-0&#8243; include=&#8220;6187&#8243;][vc_empty_space height=&#8220;16px&#8220;][vc_column_text]<\/p>\n<h5 style=\"text-align: left;\">Entdecken Sie die sch\u00f6ne \u201eStadt der Lichter\u201f<\/h5>\n<p>Eine Stadt mit dem Label \u201eArt et Culture\u201f (Kunst &amp; Kultur), die zum UNESCO-Weltkulturerbe z\u00e4hlt. Flanieren Sie durch die gepflasterten Stra\u00dfen, kosten Sie die kulinarischen Spezialit\u00e4ten und erkunden Sie das einmalige und reiche Kulturerbe der Stadt.[\/vc_column_text][\/vc_column_inner][vc_column_inner width=&#8220;1\/4&#8243;][vc_masonry_media_grid element_width=&#8220;12&#8243; gap=&#8220;0&#8243; item=&#8220;164&#8243; grid_id=&#8220;vc_gid:1697803386694-4bb98c1b-4554-4&#8243; include=&#8220;4953&#8243;][vc_empty_space height=&#8220;16px&#8220;][vc_column_text]<\/p>\n<h5 style=\"text-align: left;\">Campen Sie in einem 6 ha gro\u00dfen Naturpark<\/h5>\n<p>W\u00e4hlen Sie eine voll ausgestattete <a href=\"http:\/\/www.citykamp.com\/de\/unterkunfte\/\" target=\"_blank\" rel=\"noopener noreferrer\"><span style=\"color: #e84e1b;\">Unterkunft<\/span> <\/a>f\u00fcr einen gelungenen Urlaub: Mieten Sie ein \u201eToile&amp;Bois\u201f-Bungalowzelt, einen Zigeunerwagen aus Holz oder ein Mobilheim. Oder entscheiden Sie sich f\u00fcr einen puren Naturaufenthalt in Ihrem Wohnmobil, Zelt oder Wohnwagen auf einem Stellplatz.[\/vc_column_text][\/vc_column_inner][vc_column_inner width=&#8220;1\/4&#8243;][vc_masonry_media_grid element_width=&#8220;12&#8243; gap=&#8220;0&#8243; item=&#8220;164&#8243; grid_id=&#8220;vc_gid:1697803386704-71da6385-68c9-7&#8243; include=&#8220;4959&#8243;][vc_empty_space height=&#8220;16px&#8220;][vc_column_text]<\/p>\n<h5 style=\"text-align: left;\">Entscheiden Sie sich f\u00fcr einen Natururlaub in Stadtn\u00e4he<\/h5>\n<p>Entspannung am beheizten Pool, sportliche und familienfreundliche Aktivit\u00e4ten, herzlicher Empfang, gem\u00fctlicher Gemeinschaftsbereich\u2026 Ein erstklassiges <a href=\"http:\/\/www.citykamp.com\/de\/dienstleistungen\/\" target=\"_blank\" rel=\"noopener noreferrer\"><span style=\"color: #e84e1b;\">Serviceangebot<\/span><\/a>, um Ihnen Ihren Aufenthalt zu vereinfachen.[\/vc_column_text][\/vc_column_inner][vc_column_inner width=&#8220;1\/4&#8243;][vc_masonry_media_grid element_width=&#8220;12&#8243; gap=&#8220;0&#8243; item=&#8220;164&#8243; grid_id=&#8220;vc_gid:1697803386713-21ae04f3-cbf4-6&#8243; include=&#8220;4965&#8243;][vc_empty_space height=&#8220;16px&#8220;][vc_column_text]<\/p>\n<h5 style=\"text-align: left;\">Profitieren Sie von der gr\u00fcnen Umgebung f\u00fcr Ihre Dienstreisen<\/h5>\n<p>Der Camping de Lyon befindet sich in der N\u00e4he des Stadtzentrums von Lyon und ist mit \u00f6ffentlichen Verkehrsmitteln leicht zu erreichen. Er ist ein idealer Ausgangspunkt und eine perfekte Alternative f\u00fcr Ihre <span style=\"color: #e84e1b;\"><a style=\"color: #e84e1b;\" href=\"http:\/\/www.citykamp.com\/de\/firmentarife\/\" target=\"_blank\" rel=\"noopener noreferrer\">Gesch\u00e4ftsreisen<\/a><\/span>.[\/vc_column_text][\/vc_column_inner][\/vc_row_inner][vc_empty_space]<div class=\"text-center btnwrap\"><a class=\"btn btn-huttopia-cta\" href=\"https:\/\/www.camping-lyon.com\/de\/\" role=\"button\" target=\"\" onclick=\"dataLayer.push({'event':'clickCity', 'clickText':'Entdecken Sie dieses Reiseziel'})\">Entdecken Sie dieses Reiseziel<\/a><\/div><\/div>[\/vc_column][\/vc_row][vc_row css=&#8220;.vc_custom_1519373468557{background-color: #e84e1b !important;}&#8220;][vc_column]<div class=\"wrappedcontent\">[vc_column_text]<\/p>\n<h2><span style=\"color: #ffffff;\">Dienstleistungsangebot f\u00fcr einen angenehmen Aufenthalt<\/span><\/h2>\n<p>[\/vc_column_text][vc_empty_space][vc_masonry_media_grid gap=&#8220;25&#8243; item=&#8220;164&#8243; grid_id=&#8220;vc_gid:1697803386723-2c628f38-02de-2&#8243; include=&#8220;6217,4978,4984&#8243;][vc_empty_space height=&#8220;50px&#8220;][vc_row_inner css=&#8220;.vc_custom_1519232624480{margin-top: -28px !important;margin-bottom: -28px !important;}&#8220;][vc_column_inner width=&#8220;1\/6&#8243;][vc_icon type=&#8220;typicons&#8220; icon_typicons=&#8220;typcn typcn-wi-fi&#8220; color=&#8220;white&#8220; align=&#8220;center&#8220; css=&#8220;.vc_custom_1519373615785{margin-top: -10px !important;margin-bottom: -10px !important;}&#8220;][vc_column_text]<\/p>\n<p style=\"text-align: center;\"><strong><span style=\"color: #ffffff;\">Gratis WLAN<\/span><\/strong><\/p>\n<p>[\/vc_column_text][\/vc_column_inner][vc_column_inner width=&#8220;1\/6&#8243;][vc_icon type=&#8220;material&#8220; icon_material=&#8220;vc-material vc-material-local_parking&#8220; color=&#8220;white&#8220; align=&#8220;center&#8220; css=&#8220;.vc_custom_1519232638966{margin-top: -10px !important;margin-bottom: -10px !important;}&#8220;][vc_column_text]<\/p>\n<p style=\"text-align: center;\"><strong><span style=\"color: #ffffff;\">Gratisparkplatz<\/span><\/strong><\/p>\n<p>[\/vc_column_text][\/vc_column_inner][vc_column_inner width=&#8220;1\/6&#8243;][vc_icon icon_fontawesome=&#8220;fa fa-bed&#8220; color=&#8220;white&#8220; align=&#8220;center&#8220; css=&#8220;.vc_custom_1519373661851{margin-top: -10px !important;margin-bottom: -10px !important;}&#8220;][vc_column_text]<\/p>\n<p style=\"text-align: center;\"><strong><span style=\"color: #ffffff;\">Bettw\u00e4sche- und Handtuchverleih<\/span><\/strong><\/p>\n<p>[\/vc_column_text][\/vc_column_inner][vc_column_inner width=&#8220;1\/6&#8243;][vc_icon type=&#8220;material&#8220; icon_material=&#8220;vc-material vc-material-restaurant&#8220; color=&#8220;white&#8220; align=&#8220;center&#8220; css=&#8220;.vc_custom_1519373697263{margin-top: -10px !important;margin-bottom: -10px !important;}&#8220;][vc_column_text]<\/p>\n<p style=\"text-align: center;\"><strong><span style=\"color: #ffffff;\">Gastronomie<\/span><\/strong><\/p>\n<p>[\/vc_column_text][\/vc_column_inner][vc_column_inner width=&#8220;1\/6&#8243;][vc_icon type=&#8220;material&#8220; icon_material=&#8220;vc-material vc-material-pool&#8220; color=&#8220;white&#8220; align=&#8220;center&#8220; css=&#8220;.vc_custom_1519373730936{margin-top: -10px !important;margin-bottom: -10px !important;}&#8220;][vc_column_text]<\/p>\n<p style=\"text-align: center;\"><span style=\"color: #ffffff;\"><strong>Beheiztes Schwimmbad<\/strong><\/span><br \/>\n<span style=\"font-size: 10pt; color: #ffffff;\"> Je nach Saison<\/span><\/p>\n<p>[\/vc_column_text][\/vc_column_inner][vc_column_inner width=&#8220;1\/6&#8243;][vc_icon type=&#8220;entypo&#8220; icon_entypo=&#8220;entypo-icon entypo-icon-plus-circled&#8220; color=&#8220;white&#8220; align=&#8220;center&#8220; css=&#8220;.vc_custom_1521711992127{margin-top: -10px !important;margin-bottom: -10px !important;}&#8220; link=&#8220;url:http%3A%2F%2Fwww.citykamp.com%2Fde%2Fdienstleistungen%2F||target:%20_blank|&#8220;][vc_column_text]<\/p>\n<p style=\"text-align: center;\"><strong><span style=\"color: #ffffff;\">MEHR<\/span><\/strong><\/p>\n<p>[\/vc_column_text][\/vc_column_inner][\/vc_row_inner]<\/div>[\/vc_column][\/vc_row][vc_row][vc_column]<div class=\"wrapcontentraw\">\n                <h2 class=\"hmargin\">Umgebung<\/h2>\n                <div class=\"allsites\">\n                    <div class=\"col-md-6 swrap\">\n                <div>\n                    <div class=\"simg\">\n                        <div class=\"stitle\">Colline de Fourvi\u00e8re<\/div>\n                        <img decoding=\"async\" src=\"https:\/\/www.citykamp.com\/uploads\/2023\/10\/citykamp-portail-lyon-fourviere-500x350.jpeg\" alt=\"citykamp-portail-lyon-fourviere\"\/>\n                    <\/div>\n                    <div class=\"ibcontent ibflex\">\n                        <div class=\"ibin1\">Genie\u00dfen Sie die pr\u00e4chtige Aussicht von den Anh\u00f6hen auf die Stadt!<\/div>\n                        <div class=\"ibin2\">\n                            <a>\n                                <div class=\"iblink isaltbgcolor\"><span class=\"sdist\"><span class=\"ctk-man\"><\/span><span class=\"thdist\">10 km<\/span><\/span><\/div>\n                            <\/a>\n                        <\/div>\n                        <div class=\"clear\"><\/div>\n                    <\/div>\n                <\/div>\n             <\/div><div class=\"col-md-6 swrap\">\n                <div>\n                    <div class=\"simg\">\n                        <div class=\"stitle\">Parc de la T\u00eate d'Or<\/div>\n                        <img decoding=\"async\" src=\"https:\/\/www.citykamp.com\/uploads\/2023\/10\/citykamp-portail-lyon-tete-dor-500x350.jpg\" alt=\"Parc de la T\u00eate D&#8217;or &#8211; LYON\"\/>\n                    <\/div>\n                    <div class=\"ibcontent ibflex\">\n                        <div class=\"ibin1\">Machen Sie einen Spaziergang im Parc de la T\u00eate d'Or - der gr\u00fcnen Lunge Lyons<\/div>\n                        <div class=\"ibin2\">\n                            <a>\n                                <div class=\"iblink isaltbgcolor\"><span class=\"sdist\"><span class=\"ctk-man\"><\/span><span class=\"thdist\">11 km<\/span><\/span><\/div>\n                            <\/a>\n                        <\/div>\n                        <div class=\"clear\"><\/div>\n                    <\/div>\n                <\/div>\n             <\/div><div class=\"col-md-6 swrap\">\n                <div>\n                    <div class=\"simg\">\n                        <div class=\"stitle\">Mus\u00e9e des Confluences<\/div>\n                        <img decoding=\"async\" src=\"https:\/\/www.citykamp.com\/uploads\/2023\/10\/citykamp-portail-lyon-confluence-500x350.jpeg\" alt=\"citykamp-portail-lyon-confluence\"\/>\n                    <\/div>\n                    <div class=\"ibcontent ibflex\">\n                        <div class=\"ibin1\">Besuchen Sie das Mus\u00e9e des Confluences, das Kunst, Geschichte und Moderne vereint!<\/div>\n                        <div class=\"ibin2\">\n                            <a>\n                                <div class=\"iblink isaltbgcolor\"><span class=\"sdist\"><span class=\"ctk-man\"><\/span><span class=\"thdist\">13 km<\/span><\/span><\/div>\n                            <\/a>\n                        <\/div>\n                        <div class=\"clear\"><\/div>\n                    <\/div>\n                <\/div>\n             <\/div><div class=\"col-md-6 swrap\">\n                <div>\n                    <div class=\"simg\">\n                        <div class=\"stitle\">Maison des Avocats<\/div>\n                        <img decoding=\"async\" src=\"https:\/\/www.citykamp.com\/uploads\/2022\/05\/citykamp-lyon-ville-lumieres-1-500x350.jpg\" alt=\"\"\/>\n                    <\/div>\n                    <div class=\"ibcontent ibflex\">\n                        <div class=\"ibin1\">Erforschen Sie die legend\u00e4ren Traboules in der Altstadt von Lyon!<\/div>\n                        <div class=\"ibin2\">\n                            <a>\n                                <div class=\"iblink isaltbgcolor\"><span class=\"sdist\"><span class=\"ctk-man\"><\/span><span class=\"thdist\">10 km<\/span><\/span><\/div>\n                            <\/a>\n                        <\/div>\n                        <div class=\"clear\"><\/div>\n                    <\/div>\n                <\/div>\n             <\/div>\n                    <div class=\"clear\"><\/div>\n                <\/div>\n            <\/div><div class=\"text-center btnwrap\"><a class=\"btn btn-huttopia-cta\" href=\"https:\/\/www.camping-lyon.com\/de\/region\/\" role=\"button\" target=\"\" onclick=\"dataLayer.push({'event':'clickCity', 'clickText':'Entdecke andere Aktivit\u00e4ten'})\">Entdecke andere Aktivit\u00e4ten<\/a><\/div>[\/vc_column][\/vc_row][vc_row][vc_column]<div class=\"mflex imgmp\">\n                <div class=\"col-md-6 accordeonimg\" style=\"background-image: url(https:\/\/www.citykamp.com\/uploads\/2023\/10\/citykamp-portail-lyon-instant-detente-1024x693.jpg)\">\n                    <img decoding=\"async\" src=\"https:\/\/www.citykamp.com\/uploads\/2023\/10\/citykamp-portail-lyon-instant-detente-1024x693.jpg\" style=\"visibility: hidden;\" \/>\n                <\/div>\n                <div class=\"col-md-6 altbg gmcontent\">\n                    <div>\n                    <h2 class=\"istitlecolor gmtitle\">Ein Ort purer Erholung leicht zu erreichen<\/h2>\n                    <div class=\"gmwrap\"><div class=\"col-sm-4 bwrap\">\n                    <span class=\"istitlecolor gmpicto ctk-train\"><\/span>\n                    <span class=\"gmlabel\">15 Min. zum Bahnhof<\/span>\n                  <\/div><div class=\"col-sm-4 bwrap\">\n                    <span class=\"istitlecolor gmpicto ctk-car\"><\/span>\n                    <span class=\"gmlabel\">4 Min. zur A6<\/span>\n                  <\/div><div class=\"col-sm-4 bwrap\">\n                    <span class=\"istitlecolor gmpicto ctk-bus\"><\/span>\n                    <span class=\"gmlabel\">Radwege und \u00f6ffentliche Verkehrsmittel<\/span>\n                  <\/div><\/div>\n            <\/div>\n        <\/div>\n    <\/div>\n    <script>\n        let iconType = L.icon({\n            iconUrl: baseDirectory + '\/img\/pin.png',\n            iconSize: [22, 48],\n            iconAnchor: [11, 46],\n            popupAnchor: [0, -46]\n        });\n        let map = L.map('map', {\n            center: L.latLng(45.8196257, 4.76273070000002),\n            zoom: 10.8,\n            layers: [L.tileLayer('https:\/\/cartodb-basemaps-b.global.ssl.fastly.net\/light_all\/{z}\/{x}\/{y}.png', {\n                attribution: '&copy; <a href=\"https:\/\/www.openstreetmap.org\/copyright\">OpenStreetMap<\/a>'\n            })],\n            zoomSnap: 0.2\n        });\n        setTimeout(map.invalidateSize.bind(map), 100);\n        let contentString = '<div id=\"content\">' +\n            '<div id=\"siteNotice\">' +\n            '<\/div>' +\n            '<h4 id=\"firstHeading\" class=\"firstHeading\">Ein Ort purer Erholung leicht zu erreichen<\/h4>' +\n            '<div id=\"bodyContent\">' +\n            '<p><\/p>' +\n            '<p><\/p>' +\n            '<\/div>' +\n            '<\/div>';\n        let marker = L.marker([45.8196257, 4.76273070000002], {icon: iconType}).addTo(map);\n        marker.bindPopup(contentString).openPopup();\n        let iwOuter = document.querySelector('.leaflet-popup-content-wrapper');\n        let iwArrow = document.querySelector('.leaflet-popup-tip');\n        iwOuter.style.backgroundColor = '';\n        iwArrow.style.backgroundColor = '';\n    <\/script>\n    [\/vc_column][\/vc_row][vc_row css=&#8220;.vc_custom_1519222371322{background-color: #b5b5b5 !important;}&#8220;][vc_column]<div class=\"wrappedcontent\">[vc_row_inner css=&#8220;.vc_custom_1519232624480{margin-top: -28px !important;margin-bottom: -28px !important;}&#8220;][vc_column_inner width=&#8220;1\/4&#8243;][vc_icon icon_fontawesome=&#8220;fa fa-lock&#8220; color=&#8220;white&#8220; align=&#8220;center&#8220; css=&#8220;.vc_custom_1519232631814{margin-top: -10px !important;margin-bottom: -10px !important;}&#8220;][vc_column_text]<\/p>\n<p style=\"text-align: center;\"><span style=\"color: #ffffff;\">Sichere Zahlung<\/span><\/p>\n<p>[\/vc_column_text][\/vc_column_inner][vc_column_inner width=&#8220;1\/4&#8243;][vc_icon type=&#8220;material&#8220; icon_material=&#8220;vc-material vc-material-local_parking&#8220; color=&#8220;white&#8220; align=&#8220;center&#8220; css=&#8220;.vc_custom_1519232638966{margin-top: -10px !important;margin-bottom: -10px !important;}&#8220;][vc_column_text]<\/p>\n<p style=\"text-align: center;\"><span style=\"color: #ffffff;\">Gratisparkplatz<\/span><\/p>\n<p>[\/vc_column_text][\/vc_column_inner][vc_column_inner width=&#8220;1\/4&#8243;][vc_icon type=&#8220;entypo&#8220; icon_entypo=&#8220;entypo-icon entypo-icon-back-in-time&#8220; color=&#8220;white&#8220; align=&#8220;center&#8220; css=&#8220;.vc_custom_1519232645586{margin-top: -10px !important;margin-bottom: -10px !important;}&#8220;][vc_column_text]<\/p>\n<p style=\"text-align: center;\"><span style=\"color: #ffffff;\">Check-in 7 Tage die Woche ge\u00f6ffnet<\/span><\/p>\n<p>[\/vc_column_text][\/vc_column_inner][vc_column_inner width=&#8220;1\/4&#8243;][vc_icon icon_fontawesome=&#8220;fa fa-globe&#8220; color=&#8220;white&#8220; align=&#8220;center&#8220; css=&#8220;.vc_custom_1519232651988{margin-top: -10px !important;margin-bottom: -10px !important;}&#8220;][vc_column_text]<\/p>\n<p style=\"text-align: center;\"><span style=\"color: #ffffff;\">Mehrsprachig<\/span><\/p>\n<p>[\/vc_column_text][\/vc_column_inner][\/vc_row_inner]<\/div>[\/vc_column][\/vc_row]<\/p>\n<\/div>","protected":false},"excerpt":{"rendered":"<p>[vc_row][vc_column][\/vc_column][\/vc_row][vc_row][vc_column][\/vc_column][\/vc_row][vc_row css=&#8220;.vc_custom_1519373468557{background-color: #e84e1b !important;}&#8220;][vc_column][\/vc_column][\/vc_row][vc_row][vc_column][\/vc_column][\/vc_row][vc_row][vc_column][\/vc_column][\/vc_row][vc_row css=&#8220;.vc_custom_1519222371322{background-color: #b5b5b5 !important;}&#8220;][vc_column][\/vc_column][\/vc_row]<\/p>\n","protected":false},"author":1,"featured_media":0,"parent":0,"menu_order":0,"comment_status":"closed","ping_status":"closed","template":"","meta":{"footnotes":""},"class_list":["post-1168","page","type-page","status-publish","hentry"],"yoast_head":"<!-- This site is optimized with the Yoast SEO plugin v25.6 - https:\/\/yoast.com\/wordpress\/plugins\/seo\/ -->\n<title>Lyon, Campingziel in einem Naturpark - CityKamp<\/title>\n<meta name=\"description\" content=\"Wohnen Sie vor den Toren der Stadt Lyon auf einem gem\u00fctlichen Campingplatz im Herzen eines 6 Hektar gro\u00dfen Naturparks. Nur einen Steinwurf vom Stadtzentrum entfernt, entdecken Sie das Erbe von Lyon, schlafen Sie in originellen Unterk\u00fcnften, entscheiden Sie sich f\u00fcr eine exotische Natur!\" \/>\n<meta name=\"robots\" content=\"index, follow, max-snippet:-1, max-image-preview:large, max-video-preview:-1\" \/>\n<link rel=\"canonical\" href=\"https:\/\/www.citykamp.com\/de\/lyon\/\" \/>\n<meta property=\"og:locale\" content=\"de_DE\" \/>\n<meta property=\"og:type\" content=\"article\" \/>\n<meta property=\"og:title\" content=\"Lyon, Campingziel in einem Naturpark - CityKamp\" \/>\n<meta property=\"og:description\" content=\"Wohnen Sie vor den Toren der Stadt Lyon auf einem gem\u00fctlichen Campingplatz im Herzen eines 6 Hektar gro\u00dfen Naturparks. Nur einen Steinwurf vom Stadtzentrum entfernt, entdecken Sie das Erbe von Lyon, schlafen Sie in originellen Unterk\u00fcnften, entscheiden Sie sich f\u00fcr eine exotische Natur!\" \/>\n<meta property=\"og:url\" content=\"https:\/\/www.citykamp.com\/de\/lyon\/\" \/>\n<meta property=\"og:site_name\" content=\"Citykamp\" \/>\n<meta property=\"article:modified_time\" content=\"2023-10-20T12:29:16+00:00\" \/>\n<meta name=\"twitter:card\" content=\"summary_large_image\" \/>\n<meta name=\"twitter:label1\" content=\"Est. reading time\" \/>\n\t<meta name=\"twitter:data1\" content=\"3 Minuten\" \/>\n<script type=\"application\/ld+json\" class=\"yoast-schema-graph\">{\"@context\":\"https:\/\/schema.org\",\"@graph\":[{\"@type\":\"WebPage\",\"@id\":\"https:\/\/www.citykamp.com\/de\/lyon\/\",\"url\":\"https:\/\/www.citykamp.com\/de\/lyon\/\",\"name\":\"Lyon, Campingziel in einem Naturpark - CityKamp\",\"isPartOf\":{\"@id\":\"https:\/\/www.citykamp.com\/de\/#website\"},\"datePublished\":\"2018-02-12T10:33:53+00:00\",\"dateModified\":\"2023-10-20T12:29:16+00:00\",\"description\":\"Wohnen Sie vor den Toren der Stadt Lyon auf einem gem\u00fctlichen Campingplatz im Herzen eines 6 Hektar gro\u00dfen Naturparks. Nur einen Steinwurf vom Stadtzentrum entfernt, entdecken Sie das Erbe von Lyon, schlafen Sie in originellen Unterk\u00fcnften, entscheiden Sie sich f\u00fcr eine exotische Natur!\",\"breadcrumb\":{\"@id\":\"https:\/\/www.citykamp.com\/de\/lyon\/#breadcrumb\"},\"inLanguage\":\"de-DE\",\"potentialAction\":[{\"@type\":\"ReadAction\",\"target\":[\"https:\/\/www.citykamp.com\/de\/lyon\/\"]}]},{\"@type\":\"BreadcrumbList\",\"@id\":\"https:\/\/www.citykamp.com\/de\/lyon\/#breadcrumb\",\"itemListElement\":[{\"@type\":\"ListItem\",\"position\":1,\"name\":\"Accueil\",\"item\":\"https:\/\/www.citykamp.com\/de\/\"},{\"@type\":\"ListItem\",\"position\":2,\"name\":\"Lyon\"}]},{\"@type\":\"WebSite\",\"@id\":\"https:\/\/www.citykamp.com\/de\/#website\",\"url\":\"https:\/\/www.citykamp.com\/de\/\",\"name\":\"Citykamp\",\"description\":\"Un site utilisant WordPress\",\"potentialAction\":[{\"@type\":\"SearchAction\",\"target\":{\"@type\":\"EntryPoint\",\"urlTemplate\":\"https:\/\/www.citykamp.com\/de\/?s={search_term_string}\"},\"query-input\":{\"@type\":\"PropertyValueSpecification\",\"valueRequired\":true,\"valueName\":\"search_term_string\"}}],\"inLanguage\":\"de-DE\"}]}<\/script>\n<!-- \/ Yoast SEO plugin. -->","yoast_head_json":{"title":"Lyon, Campingziel in einem Naturpark - CityKamp","description":"Wohnen Sie vor den Toren der Stadt Lyon auf einem gem\u00fctlichen Campingplatz im Herzen eines 6 Hektar gro\u00dfen Naturparks. Nur einen Steinwurf vom Stadtzentrum entfernt, entdecken Sie das Erbe von Lyon, schlafen Sie in originellen Unterk\u00fcnften, entscheiden Sie sich f\u00fcr eine exotische Natur!","robots":{"index":"index","follow":"follow","max-snippet":"max-snippet:-1","max-image-preview":"max-image-preview:large","max-video-preview":"max-video-preview:-1"},"canonical":"https:\/\/www.citykamp.com\/de\/lyon\/","og_locale":"de_DE","og_type":"article","og_title":"Lyon, Campingziel in einem Naturpark - CityKamp","og_description":"Wohnen Sie vor den Toren der Stadt Lyon auf einem gem\u00fctlichen Campingplatz im Herzen eines 6 Hektar gro\u00dfen Naturparks. Nur einen Steinwurf vom Stadtzentrum entfernt, entdecken Sie das Erbe von Lyon, schlafen Sie in originellen Unterk\u00fcnften, entscheiden Sie sich f\u00fcr eine exotische Natur!","og_url":"https:\/\/www.citykamp.com\/de\/lyon\/","og_site_name":"Citykamp","article_modified_time":"2023-10-20T12:29:16+00:00","twitter_card":"summary_large_image","twitter_misc":{"Est. reading time":"3 Minuten"},"schema":{"@context":"https:\/\/schema.org","@graph":[{"@type":"WebPage","@id":"https:\/\/www.citykamp.com\/de\/lyon\/","url":"https:\/\/www.citykamp.com\/de\/lyon\/","name":"Lyon, Campingziel in einem Naturpark - CityKamp","isPartOf":{"@id":"https:\/\/www.citykamp.com\/de\/#website"},"datePublished":"2018-02-12T10:33:53+00:00","dateModified":"2023-10-20T12:29:16+00:00","description":"Wohnen Sie vor den Toren der Stadt Lyon auf einem gem\u00fctlichen Campingplatz im Herzen eines 6 Hektar gro\u00dfen Naturparks. Nur einen Steinwurf vom Stadtzentrum entfernt, entdecken Sie das Erbe von Lyon, schlafen Sie in originellen Unterk\u00fcnften, entscheiden Sie sich f\u00fcr eine exotische Natur!","breadcrumb":{"@id":"https:\/\/www.citykamp.com\/de\/lyon\/#breadcrumb"},"inLanguage":"de-DE","potentialAction":[{"@type":"ReadAction","target":["https:\/\/www.citykamp.com\/de\/lyon\/"]}]},{"@type":"BreadcrumbList","@id":"https:\/\/www.citykamp.com\/de\/lyon\/#breadcrumb","itemListElement":[{"@type":"ListItem","position":1,"name":"Accueil","item":"https:\/\/www.citykamp.com\/de\/"},{"@type":"ListItem","position":2,"name":"Lyon"}]},{"@type":"WebSite","@id":"https:\/\/www.citykamp.com\/de\/#website","url":"https:\/\/www.citykamp.com\/de\/","name":"Citykamp","description":"Un site utilisant WordPress","potentialAction":[{"@type":"SearchAction","target":{"@type":"EntryPoint","urlTemplate":"https:\/\/www.citykamp.com\/de\/?s={search_term_string}"},"query-input":{"@type":"PropertyValueSpecification","valueRequired":true,"valueName":"search_term_string"}}],"inLanguage":"de-DE"}]}},"_links":{"self":[{"href":"https:\/\/www.citykamp.com\/de\/wp-json\/wp\/v2\/pages\/1168","targetHints":{"allow":["GET"]}}],"collection":[{"href":"https:\/\/www.citykamp.com\/de\/wp-json\/wp\/v2\/pages"}],"about":[{"href":"https:\/\/www.citykamp.com\/de\/wp-json\/wp\/v2\/types\/page"}],"author":[{"embeddable":true,"href":"https:\/\/www.citykamp.com\/de\/wp-json\/wp\/v2\/users\/1"}],"replies":[{"embeddable":true,"href":"https:\/\/www.citykamp.com\/de\/wp-json\/wp\/v2\/comments?post=1168"}],"version-history":[{"count":4,"href":"https:\/\/www.citykamp.com\/de\/wp-json\/wp\/v2\/pages\/1168\/revisions"}],"predecessor-version":[{"id":6228,"href":"https:\/\/www.citykamp.com\/de\/wp-json\/wp\/v2\/pages\/1168\/revisions\/6228"}],"wp:attachment":[{"href":"https:\/\/www.citykamp.com\/de\/wp-json\/wp\/v2\/media?parent=1168"}],"curies":[{"name":"wp","href":"https:\/\/api.w.org\/{rel}","templated":true}]}}