{"id":1166,"date":"2018-03-01T16:14:35","date_gmt":"2018-03-01T15:14:35","guid":{"rendered":"http:\/\/www.citykamp.com\/de\/destinations\/"},"modified":"2025-01-08T12:09:14","modified_gmt":"2025-01-08T11:09:14","slug":"reiseziele","status":"publish","type":"page","link":"https:\/\/www.citykamp.com\/de\/reiseziele\/","title":{"rendered":"Reiseziele"},"content":{"rendered":"<div class=\"wpb-content-wrapper\"><p>[vc_row][vc_column]<div class=\"wrappedcontent\">[vc_empty_space height=&#8220;70px&#8220;][vc_column_text css=&#8220;&#8220;]<\/p>\n<h2>Standorte Campingplatz im Herzen der Stadt: entdecken Sie unsere 7 CityKamps<\/h2>\n<p>[\/vc_column_text][vc_empty_space][vc_row_inner gap=&#8220;25&#8243;][vc_column_inner width=&#8220;1\/3&#8243;][vc_masonry_media_grid element_width=&#8220;12&#8243; gap=&#8220;0&#8243; item=&#8220;175&#8243; grid_id=&#8220;vc_gid:1736334653421-b0925ae1-241c-8&#8243; include=&#8220;5923&#8243;]<div class=\"text-center btnwrap\"><a class=\"btn btn-huttopia-cta\" href=\"http:\/\/www.citykamp.com\/de\/paris\/\" role=\"button\" target=\"\" onclick=\"dataLayer.push({'event':'clickCity', 'clickText':'DAS REISEZIEL ENTDECKEN'})\">DAS REISEZIEL ENTDECKEN<\/a><\/div>[\/vc_column_inner][vc_column_inner width=&#8220;1\/3&#8243;][vc_masonry_media_grid element_width=&#8220;12&#8243; gap=&#8220;0&#8243; item=&#8220;175&#8243; grid_id=&#8220;vc_gid:1736334653422-72dd151f-f08e-0&#8243; include=&#8220;5930&#8243;]<div class=\"text-center btnwrap\"><a class=\"btn btn-huttopia-cta\" href=\"http:\/\/www.citykamp.com\/de\/lyon\/\" role=\"button\" target=\"\" onclick=\"dataLayer.push({'event':'clickCity', 'clickText':'DAS REISEZIEL ENTDECKEN'})\">DAS REISEZIEL ENTDECKEN<\/a><\/div>[\/vc_column_inner][vc_column_inner width=&#8220;1\/3&#8243;][vc_masonry_media_grid element_width=&#8220;12&#8243; gap=&#8220;0&#8243; item=&#8220;175&#8243; grid_id=&#8220;vc_gid:1736334653423-e4cfa03a-1b0e-9&#8243; include=&#8220;5936&#8243;]<div class=\"text-center btnwrap\"><a class=\"btn btn-huttopia-cta\" href=\"http:\/\/www.citykamp.com\/de\/strasbourg\/\" role=\"button\" target=\"\" onclick=\"dataLayer.push({'event':'clickCity', 'clickText':'DAS REISEZIEL ENTDECKEN'})\">DAS REISEZIEL ENTDECKEN<\/a><\/div>[\/vc_column_inner][\/vc_row_inner][vc_empty_space height=&#8220;25px&#8220;][vc_row_inner gap=&#8220;25&#8243;][vc_column_inner width=&#8220;1\/3&#8243;][vc_masonry_media_grid element_width=&#8220;12&#8243; gap=&#8220;0&#8243; item=&#8220;175&#8243; grid_id=&#8220;vc_gid:1736334653424-75982443-58a2-9&#8243; include=&#8220;5942&#8243;]<div class=\"text-center btnwrap\"><a class=\"btn btn-huttopia-cta\" href=\"http:\/\/www.citykamp.com\/de\/colmar10\/\" role=\"button\" target=\"\" onclick=\"dataLayer.push({'event':'clickCity', 'clickText':'DAS REISEZIEL ENTDECKEN'})\">DAS REISEZIEL ENTDECKEN<\/a><\/div>[\/vc_column_inner][vc_column_inner width=&#8220;1\/3&#8243;][vc_masonry_media_grid element_width=&#8220;12&#8243; gap=&#8220;0&#8243; item=&#8220;175&#8243; grid_id=&#8220;vc_gid:1736334653425-ad194253-49a2-2&#8243; include=&#8220;5948&#8243;]<div class=\"text-center btnwrap\"><a class=\"btn btn-huttopia-cta\" href=\"http:\/\/www.citykamp.com\/de\/angers\/\" role=\"button\" target=\"\" onclick=\"dataLayer.push({'event':'clickCity', 'clickText':'DAS REISEZIEL ENTDECKEN'})\">DAS REISEZIEL ENTDECKEN<\/a><\/div>[\/vc_column_inner][vc_column_inner width=&#8220;1\/3&#8243;][vc_masonry_media_grid element_width=&#8220;12&#8243; gap=&#8220;0&#8243; item=&#8220;175&#8243; css=&#8220;&#8220; grid_id=&#8220;vc_gid:1736334653425-c0cf2c63-cbab-0&#8243; include=&#8220;7372&#8243;]<div class=\"text-center btnwrap\"><a class=\"btn btn-huttopia-cta\" href=\"https:\/\/www.citykamp.com\/de\/aix-en-provence\/\" role=\"button\" target=\"\" onclick=\"dataLayer.push({'event':'clickCity', 'clickText':'DAS REISEZIEL ENTDECKEN'})\">DAS REISEZIEL ENTDECKEN<\/a><\/div>[\/vc_column_inner][\/vc_row_inner][vc_row_inner gap=&#8220;25&#8243;][vc_column_inner width=&#8220;1\/3&#8243;][vc_masonry_media_grid element_width=&#8220;12&#8243; gap=&#8220;0&#8243; item=&#8220;175&#8243; grid_id=&#8220;vc_gid:1736334653426-f4cfd19c-aed6-8&#8243; include=&#8220;3819&#8243;]<div class=\"text-center btnwrap\"><a class=\"btn btn-huttopia-cta\" href=\"https:\/\/www.citykamp.com\/de\/valkenburg\/\" role=\"button\" target=\"\" onclick=\"dataLayer.push({'event':'clickCity', 'clickText':'DAS REISEZIEL ENTDECKEN'})\">DAS REISEZIEL ENTDECKEN<\/a><\/div>[\/vc_column_inner][vc_column_inner width=&#8220;1\/3&#8243;][\/vc_column_inner][vc_column_inner width=&#8220;1\/3&#8243;][\/vc_column_inner][\/vc_row_inner]<\/div>[\/vc_column][\/vc_row][vc_row css=&#8220;.vc_custom_1519299347022{background-color: #b5b5b5 !important;}&#8220;][vc_column]<div class=\"wrappedcontent\">[vc_row_inner css=&#8220;.vc_custom_1519299409709{margin-top: -28px !important;margin-bottom: -28px !important;}&#8220;][vc_column_inner width=&#8220;1\/4&#8243;][vc_icon icon_fontawesome=&#8220;fa fa-lock&#8220; color=&#8220;white&#8220; align=&#8220;center&#8220; css=&#8220;.vc_custom_1519299391926{margin-top: -10px !important;margin-bottom: -10px !important;}&#8220;][vc_column_text]<\/p>\n<p style=\"text-align: center;\"><span style=\"color: #ffffff;\">Sichere Zahlung<\/span><\/p>\n<p>[\/vc_column_text][\/vc_column_inner][vc_column_inner width=&#8220;1\/4&#8243;][vc_icon type=&#8220;material&#8220; icon_material=&#8220;vc-material vc-material-local_parking&#8220; color=&#8220;white&#8220; align=&#8220;center&#8220; css=&#8220;.vc_custom_1519731427704{margin-top: -10px !important;margin-bottom: -10px !important;}&#8220;][vc_column_text]<\/p>\n<p style=\"text-align: center;\"><span style=\"color: #ffffff;\">Gratisparkplatz<\/span><\/p>\n<p>[\/vc_column_text][\/vc_column_inner][vc_column_inner width=&#8220;1\/4&#8243;][vc_icon type=&#8220;entypo&#8220; icon_entypo=&#8220;entypo-icon entypo-icon-back-in-time&#8220; color=&#8220;white&#8220; align=&#8220;center&#8220; css=&#8220;.vc_custom_1519731514358{margin-top: -10px !important;margin-bottom: -10px !important;}&#8220;][vc_column_text]<\/p>\n<p style=\"text-align: center;\"><span style=\"color: #ffffff;\">Check-in 7 Tage die Woche ge\u00f6ffnet<\/span><\/p>\n<p>[\/vc_column_text][\/vc_column_inner][vc_column_inner width=&#8220;1\/4&#8243;][vc_icon icon_fontawesome=&#8220;fa fa-globe&#8220; color=&#8220;white&#8220; align=&#8220;center&#8220; css=&#8220;.vc_custom_1519731533934{margin-top: -10px !important;margin-bottom: -10px !important;}&#8220;][vc_column_text]<\/p>\n<p style=\"text-align: center;\"><span style=\"color: #ffffff;\">Mehrsprachig<\/span><\/p>\n<p>[\/vc_column_text][\/vc_column_inner][\/vc_row_inner]<\/div>[\/vc_column][\/vc_row]<\/p>\n<\/div>","protected":false},"excerpt":{"rendered":"<p>[vc_row][vc_column][\/vc_column][\/vc_row][vc_row css=&#8220;.vc_custom_1519299347022{background-color: #b5b5b5 !important;}&#8220;][vc_column][\/vc_column][\/vc_row]<\/p>\n","protected":false},"author":1,"featured_media":0,"parent":0,"menu_order":0,"comment_status":"closed","ping_status":"closed","template":"","meta":{"footnotes":""},"class_list":["post-1166","page","type-page","status-publish","hentry"],"yoast_head":"<!-- This site is optimized with the Yoast SEO plugin v25.6 - https:\/\/yoast.com\/wordpress\/plugins\/seo\/ -->\n<title>Entdecken Sie unsere Campingdestinationen CityKamp - Im Herzen der Stadt<\/title>\n<meta name=\"description\" content=\"Camp auf dem Land in der N\u00e4he von St\u00e4dten! Paris, Lyon, Stra\u00dfburg, Angers oder Colmar, Sie haben die Wahl, entdecken Sie eine der sch\u00f6nsten St\u00e4dte Frankreichs.\" \/>\n<meta name=\"robots\" content=\"index, follow, max-snippet:-1, max-image-preview:large, max-video-preview:-1\" \/>\n<link rel=\"canonical\" href=\"https:\/\/www.citykamp.com\/de\/reiseziele\/\" \/>\n<meta property=\"og:locale\" content=\"de_DE\" \/>\n<meta property=\"og:type\" content=\"article\" \/>\n<meta property=\"og:title\" content=\"Entdecken Sie unsere Campingdestinationen CityKamp - Im Herzen der Stadt\" \/>\n<meta property=\"og:description\" content=\"Camp auf dem Land in der N\u00e4he von St\u00e4dten! Paris, Lyon, Stra\u00dfburg, Angers oder Colmar, Sie haben die Wahl, entdecken Sie eine der sch\u00f6nsten St\u00e4dte Frankreichs.\" \/>\n<meta property=\"og:url\" content=\"https:\/\/www.citykamp.com\/de\/reiseziele\/\" \/>\n<meta property=\"og:site_name\" content=\"Citykamp\" \/>\n<meta property=\"article:modified_time\" content=\"2025-01-08T11:09:14+00:00\" \/>\n<meta name=\"twitter:card\" content=\"summary_large_image\" \/>\n<meta name=\"twitter:label1\" content=\"Est. reading time\" \/>\n\t<meta name=\"twitter:data1\" content=\"3 Minuten\" \/>\n<script type=\"application\/ld+json\" class=\"yoast-schema-graph\">{\"@context\":\"https:\/\/schema.org\",\"@graph\":[{\"@type\":\"WebPage\",\"@id\":\"https:\/\/www.citykamp.com\/de\/reiseziele\/\",\"url\":\"https:\/\/www.citykamp.com\/de\/reiseziele\/\",\"name\":\"Entdecken Sie unsere Campingdestinationen CityKamp - Im Herzen der Stadt\",\"isPartOf\":{\"@id\":\"https:\/\/www.citykamp.com\/de\/#website\"},\"datePublished\":\"2018-03-01T15:14:35+00:00\",\"dateModified\":\"2025-01-08T11:09:14+00:00\",\"description\":\"Camp auf dem Land in der N\u00e4he von St\u00e4dten! Paris, Lyon, Stra\u00dfburg, Angers oder Colmar, Sie haben die Wahl, entdecken Sie eine der sch\u00f6nsten St\u00e4dte Frankreichs.\",\"breadcrumb\":{\"@id\":\"https:\/\/www.citykamp.com\/de\/reiseziele\/#breadcrumb\"},\"inLanguage\":\"de-DE\",\"potentialAction\":[{\"@type\":\"ReadAction\",\"target\":[\"https:\/\/www.citykamp.com\/de\/reiseziele\/\"]}]},{\"@type\":\"BreadcrumbList\",\"@id\":\"https:\/\/www.citykamp.com\/de\/reiseziele\/#breadcrumb\",\"itemListElement\":[{\"@type\":\"ListItem\",\"position\":1,\"name\":\"Accueil\",\"item\":\"https:\/\/www.citykamp.com\/de\/\"},{\"@type\":\"ListItem\",\"position\":2,\"name\":\"Reiseziele\"}]},{\"@type\":\"WebSite\",\"@id\":\"https:\/\/www.citykamp.com\/de\/#website\",\"url\":\"https:\/\/www.citykamp.com\/de\/\",\"name\":\"Citykamp\",\"description\":\"Un site utilisant WordPress\",\"potentialAction\":[{\"@type\":\"SearchAction\",\"target\":{\"@type\":\"EntryPoint\",\"urlTemplate\":\"https:\/\/www.citykamp.com\/de\/?s={search_term_string}\"},\"query-input\":{\"@type\":\"PropertyValueSpecification\",\"valueRequired\":true,\"valueName\":\"search_term_string\"}}],\"inLanguage\":\"de-DE\"}]}<\/script>\n<!-- \/ Yoast SEO plugin. -->","yoast_head_json":{"title":"Entdecken Sie unsere Campingdestinationen CityKamp - Im Herzen der Stadt","description":"Camp auf dem Land in der N\u00e4he von St\u00e4dten! Paris, Lyon, Stra\u00dfburg, Angers oder Colmar, Sie haben die Wahl, entdecken Sie eine der sch\u00f6nsten St\u00e4dte Frankreichs.","robots":{"index":"index","follow":"follow","max-snippet":"max-snippet:-1","max-image-preview":"max-image-preview:large","max-video-preview":"max-video-preview:-1"},"canonical":"https:\/\/www.citykamp.com\/de\/reiseziele\/","og_locale":"de_DE","og_type":"article","og_title":"Entdecken Sie unsere Campingdestinationen CityKamp - Im Herzen der Stadt","og_description":"Camp auf dem Land in der N\u00e4he von St\u00e4dten! Paris, Lyon, Stra\u00dfburg, Angers oder Colmar, Sie haben die Wahl, entdecken Sie eine der sch\u00f6nsten St\u00e4dte Frankreichs.","og_url":"https:\/\/www.citykamp.com\/de\/reiseziele\/","og_site_name":"Citykamp","article_modified_time":"2025-01-08T11:09:14+00:00","twitter_card":"summary_large_image","twitter_misc":{"Est. reading time":"3 Minuten"},"schema":{"@context":"https:\/\/schema.org","@graph":[{"@type":"WebPage","@id":"https:\/\/www.citykamp.com\/de\/reiseziele\/","url":"https:\/\/www.citykamp.com\/de\/reiseziele\/","name":"Entdecken Sie unsere Campingdestinationen CityKamp - Im Herzen der Stadt","isPartOf":{"@id":"https:\/\/www.citykamp.com\/de\/#website"},"datePublished":"2018-03-01T15:14:35+00:00","dateModified":"2025-01-08T11:09:14+00:00","description":"Camp auf dem Land in der N\u00e4he von St\u00e4dten! Paris, Lyon, Stra\u00dfburg, Angers oder Colmar, Sie haben die Wahl, entdecken Sie eine der sch\u00f6nsten St\u00e4dte Frankreichs.","breadcrumb":{"@id":"https:\/\/www.citykamp.com\/de\/reiseziele\/#breadcrumb"},"inLanguage":"de-DE","potentialAction":[{"@type":"ReadAction","target":["https:\/\/www.citykamp.com\/de\/reiseziele\/"]}]},{"@type":"BreadcrumbList","@id":"https:\/\/www.citykamp.com\/de\/reiseziele\/#breadcrumb","itemListElement":[{"@type":"ListItem","position":1,"name":"Accueil","item":"https:\/\/www.citykamp.com\/de\/"},{"@type":"ListItem","position":2,"name":"Reiseziele"}]},{"@type":"WebSite","@id":"https:\/\/www.citykamp.com\/de\/#website","url":"https:\/\/www.citykamp.com\/de\/","name":"Citykamp","description":"Un site utilisant WordPress","potentialAction":[{"@type":"SearchAction","target":{"@type":"EntryPoint","urlTemplate":"https:\/\/www.citykamp.com\/de\/?s={search_term_string}"},"query-input":{"@type":"PropertyValueSpecification","valueRequired":true,"valueName":"search_term_string"}}],"inLanguage":"de-DE"}]}},"_links":{"self":[{"href":"https:\/\/www.citykamp.com\/de\/wp-json\/wp\/v2\/pages\/1166","targetHints":{"allow":["GET"]}}],"collection":[{"href":"https:\/\/www.citykamp.com\/de\/wp-json\/wp\/v2\/pages"}],"about":[{"href":"https:\/\/www.citykamp.com\/de\/wp-json\/wp\/v2\/types\/page"}],"author":[{"embeddable":true,"href":"https:\/\/www.citykamp.com\/de\/wp-json\/wp\/v2\/users\/1"}],"replies":[{"embeddable":true,"href":"https:\/\/www.citykamp.com\/de\/wp-json\/wp\/v2\/comments?post=1166"}],"version-history":[{"count":6,"href":"https:\/\/www.citykamp.com\/de\/wp-json\/wp\/v2\/pages\/1166\/revisions"}],"predecessor-version":[{"id":7390,"href":"https:\/\/www.citykamp.com\/de\/wp-json\/wp\/v2\/pages\/1166\/revisions\/7390"}],"wp:attachment":[{"href":"https:\/\/www.citykamp.com\/de\/wp-json\/wp\/v2\/media?parent=1166"}],"curies":[{"name":"wp","href":"https:\/\/api.w.org\/{rel}","templated":true}]}}