{"id":1165,"date":"2018-02-12T11:30:29","date_gmt":"2018-02-12T10:30:29","guid":{"rendered":"http:\/\/www.citykamp.com\/de\/contact\/"},"modified":"2025-07-21T11:17:13","modified_gmt":"2025-07-21T09:17:13","slug":"kontakt","status":"publish","type":"page","link":"https:\/\/www.citykamp.com\/de\/kontakt\/","title":{"rendered":"Contact"},"content":{"rendered":"<div class=\"wpb-content-wrapper\"><p>[vc_row][vc_column css=&#8220;.vc_custom_1615282500636{background-color: #ffffff !important;}&#8220;]<div class=\"wrappedcontent\">[vc_column_text]<\/p>\n<p style=\"text-align: center;\"><span style=\"font-size: 14pt;\"><span style=\"color: #e84e1b;\"><strong><span style=\"color: #d78200;\">Sie haben bereits einen Aufenthalt bei uns verbracht und m\u00f6chten eine Reklamation einreichen?<\/span><br \/>\n<\/strong><\/span><span style=\"color: #333333;\">F\u00fcr eine leichtere Bearbeitung bitten wir Sie, das spezielle Reklamationsformular <span style=\"text-decoration: underline;\"><a style=\"color: #333333; text-decoration: underline;\" href=\"https:\/\/citykamp.wizville.fr\/survey\/brand\/3247?locale=de\" target=\"_blank\" rel=\"noopener noreferrer\">hier zu benutzen<\/a><\/span>.<\/span><\/span><\/p>\n<p>[\/vc_column_text][vc_empty_space height=&#8220;25px&#8220;][vc_separator color=&#8220;mulled_wine&#8220; el_width=&#8220;60&#8243;]<\/div>[\/vc_column][\/vc_row]<\/p>\n<\/div>","protected":false},"excerpt":{"rendered":"<p>[vc_row][vc_column css=&#8220;.vc_custom_1615282500636{background-color: #ffffff !important;}&#8220;][\/vc_column][\/vc_row]<\/p>\n","protected":false},"author":1,"featured_media":0,"parent":0,"menu_order":0,"comment_status":"closed","ping_status":"closed","template":"templates\/page-contact.php","meta":{"footnotes":""},"class_list":["post-1165","page","type-page","status-publish","hentry"],"yoast_head":"<!-- This site is optimized with the Yoast SEO plugin v25.6 - https:\/\/yoast.com\/wordpress\/plugins\/seo\/ -->\n<title>Kontaktieren Sie uns - CityKamp<\/title>\n<meta name=\"description\" content=\"Eine Frage, zus\u00e4tzliche Informationen, eine Frage? F\u00fcllen Sie das Formular aus, um einen der Campingpl\u00e4tze in City Kamp zu kontaktieren.\" \/>\n<meta name=\"robots\" content=\"index, follow, max-snippet:-1, max-image-preview:large, max-video-preview:-1\" \/>\n<link rel=\"canonical\" href=\"https:\/\/www.citykamp.com\/de\/kontakt\/\" \/>\n<meta property=\"og:locale\" content=\"de_DE\" \/>\n<meta property=\"og:type\" content=\"article\" \/>\n<meta property=\"og:title\" content=\"Kontaktieren Sie uns - CityKamp\" \/>\n<meta property=\"og:description\" content=\"Eine Frage, zus\u00e4tzliche Informationen, eine Frage? F\u00fcllen Sie das Formular aus, um einen der Campingpl\u00e4tze in City Kamp zu kontaktieren.\" \/>\n<meta property=\"og:url\" content=\"https:\/\/www.citykamp.com\/de\/kontakt\/\" \/>\n<meta property=\"og:site_name\" content=\"Citykamp\" \/>\n<meta property=\"article:modified_time\" content=\"2025-07-21T09:17:13+00:00\" \/>\n<meta name=\"twitter:card\" content=\"summary_large_image\" \/>\n<meta name=\"twitter:label1\" content=\"Est. reading time\" \/>\n\t<meta name=\"twitter:data1\" content=\"1 Minute\" \/>\n<script type=\"application\/ld+json\" class=\"yoast-schema-graph\">{\"@context\":\"https:\/\/schema.org\",\"@graph\":[{\"@type\":\"WebPage\",\"@id\":\"https:\/\/www.citykamp.com\/de\/kontakt\/\",\"url\":\"https:\/\/www.citykamp.com\/de\/kontakt\/\",\"name\":\"Kontaktieren Sie uns - CityKamp\",\"isPartOf\":{\"@id\":\"https:\/\/www.citykamp.com\/de\/#website\"},\"datePublished\":\"2018-02-12T10:30:29+00:00\",\"dateModified\":\"2025-07-21T09:17:13+00:00\",\"description\":\"Eine Frage, zus\u00e4tzliche Informationen, eine Frage? F\u00fcllen Sie das Formular aus, um einen der Campingpl\u00e4tze in City Kamp zu kontaktieren.\",\"breadcrumb\":{\"@id\":\"https:\/\/www.citykamp.com\/de\/kontakt\/#breadcrumb\"},\"inLanguage\":\"de-DE\",\"potentialAction\":[{\"@type\":\"ReadAction\",\"target\":[\"https:\/\/www.citykamp.com\/de\/kontakt\/\"]}]},{\"@type\":\"BreadcrumbList\",\"@id\":\"https:\/\/www.citykamp.com\/de\/kontakt\/#breadcrumb\",\"itemListElement\":[{\"@type\":\"ListItem\",\"position\":1,\"name\":\"Accueil\",\"item\":\"https:\/\/www.citykamp.com\/de\/\"},{\"@type\":\"ListItem\",\"position\":2,\"name\":\"Contact\"}]},{\"@type\":\"WebSite\",\"@id\":\"https:\/\/www.citykamp.com\/de\/#website\",\"url\":\"https:\/\/www.citykamp.com\/de\/\",\"name\":\"Citykamp\",\"description\":\"Un site utilisant WordPress\",\"potentialAction\":[{\"@type\":\"SearchAction\",\"target\":{\"@type\":\"EntryPoint\",\"urlTemplate\":\"https:\/\/www.citykamp.com\/de\/?s={search_term_string}\"},\"query-input\":{\"@type\":\"PropertyValueSpecification\",\"valueRequired\":true,\"valueName\":\"search_term_string\"}}],\"inLanguage\":\"de-DE\"}]}<\/script>\n<!-- \/ Yoast SEO plugin. -->","yoast_head_json":{"title":"Kontaktieren Sie uns - CityKamp","description":"Eine Frage, zus\u00e4tzliche Informationen, eine Frage? F\u00fcllen Sie das Formular aus, um einen der Campingpl\u00e4tze in City Kamp zu kontaktieren.","robots":{"index":"index","follow":"follow","max-snippet":"max-snippet:-1","max-image-preview":"max-image-preview:large","max-video-preview":"max-video-preview:-1"},"canonical":"https:\/\/www.citykamp.com\/de\/kontakt\/","og_locale":"de_DE","og_type":"article","og_title":"Kontaktieren Sie uns - CityKamp","og_description":"Eine Frage, zus\u00e4tzliche Informationen, eine Frage? F\u00fcllen Sie das Formular aus, um einen der Campingpl\u00e4tze in City Kamp zu kontaktieren.","og_url":"https:\/\/www.citykamp.com\/de\/kontakt\/","og_site_name":"Citykamp","article_modified_time":"2025-07-21T09:17:13+00:00","twitter_card":"summary_large_image","twitter_misc":{"Est. reading time":"1 Minute"},"schema":{"@context":"https:\/\/schema.org","@graph":[{"@type":"WebPage","@id":"https:\/\/www.citykamp.com\/de\/kontakt\/","url":"https:\/\/www.citykamp.com\/de\/kontakt\/","name":"Kontaktieren Sie uns - CityKamp","isPartOf":{"@id":"https:\/\/www.citykamp.com\/de\/#website"},"datePublished":"2018-02-12T10:30:29+00:00","dateModified":"2025-07-21T09:17:13+00:00","description":"Eine Frage, zus\u00e4tzliche Informationen, eine Frage? F\u00fcllen Sie das Formular aus, um einen der Campingpl\u00e4tze in City Kamp zu kontaktieren.","breadcrumb":{"@id":"https:\/\/www.citykamp.com\/de\/kontakt\/#breadcrumb"},"inLanguage":"de-DE","potentialAction":[{"@type":"ReadAction","target":["https:\/\/www.citykamp.com\/de\/kontakt\/"]}]},{"@type":"BreadcrumbList","@id":"https:\/\/www.citykamp.com\/de\/kontakt\/#breadcrumb","itemListElement":[{"@type":"ListItem","position":1,"name":"Accueil","item":"https:\/\/www.citykamp.com\/de\/"},{"@type":"ListItem","position":2,"name":"Contact"}]},{"@type":"WebSite","@id":"https:\/\/www.citykamp.com\/de\/#website","url":"https:\/\/www.citykamp.com\/de\/","name":"Citykamp","description":"Un site utilisant WordPress","potentialAction":[{"@type":"SearchAction","target":{"@type":"EntryPoint","urlTemplate":"https:\/\/www.citykamp.com\/de\/?s={search_term_string}"},"query-input":{"@type":"PropertyValueSpecification","valueRequired":true,"valueName":"search_term_string"}}],"inLanguage":"de-DE"}]}},"_links":{"self":[{"href":"https:\/\/www.citykamp.com\/de\/wp-json\/wp\/v2\/pages\/1165","targetHints":{"allow":["GET"]}}],"collection":[{"href":"https:\/\/www.citykamp.com\/de\/wp-json\/wp\/v2\/pages"}],"about":[{"href":"https:\/\/www.citykamp.com\/de\/wp-json\/wp\/v2\/types\/page"}],"author":[{"embeddable":true,"href":"https:\/\/www.citykamp.com\/de\/wp-json\/wp\/v2\/users\/1"}],"replies":[{"embeddable":true,"href":"https:\/\/www.citykamp.com\/de\/wp-json\/wp\/v2\/comments?post=1165"}],"version-history":[{"count":4,"href":"https:\/\/www.citykamp.com\/de\/wp-json\/wp\/v2\/pages\/1165\/revisions"}],"predecessor-version":[{"id":6916,"href":"https:\/\/www.citykamp.com\/de\/wp-json\/wp\/v2\/pages\/1165\/revisions\/6916"}],"wp:attachment":[{"href":"https:\/\/www.citykamp.com\/de\/wp-json\/wp\/v2\/media?parent=1165"}],"curies":[{"name":"wp","href":"https:\/\/api.w.org\/{rel}","templated":true}]}}