{"id":1164,"date":"2018-02-12T11:33:27","date_gmt":"2018-02-12T10:33:27","guid":{"rendered":"http:\/\/www.citykamp.com\/de\/colmar10\/"},"modified":"2024-10-31T08:53:36","modified_gmt":"2024-10-31T07:53:36","slug":"colmar10","status":"publish","type":"page","link":"https:\/\/www.citykamp.com\/de\/colmar10\/","title":{"rendered":"Colmar"},"content":{"rendered":"<div class=\"wpb-content-wrapper\"><p>[vc_row][vc_column]<div class=\"imgheader\" style=\"background-image: url(https:\/\/www.citykamp.com\/uploads\/2023\/10\/citykamp-portail-colmar-header-1900x700.jpeg)\"><div class=\"wrapcontentraw\"><div class=\"incta\">\n                                    <div>\n                                        <a href=\"https:\/\/www.campingdelill.fr\/de\/\"><span class=\"cta1\">Reiseziel<\/span>\n                                        <span class=\"cta2\">COLMAR<span class=\"ctk-arrow\"><\/span><\/span><\/a>\n                                    <\/div>\n                                  <\/div><\/div><\/div>[\/vc_column][\/vc_row][vc_row][vc_column]<div class=\"wrappedcontent\">[vc_column_text]<\/p>\n<h2>2 km vom Stadtkern Colmars entfernt, in Horbourg Wihr!<\/h2>\n<p>[\/vc_column_text][vc_empty_space][vc_row_inner gap=&#8220;30&#8243;][vc_column_inner width=&#8220;1\/4&#8243;][vc_masonry_media_grid element_width=&#8220;12&#8243; gap=&#8220;0&#8243; item=&#8220;164&#8243; grid_id=&#8220;vc_gid:1730361286164-06b00266-f32b-4&#8243; include=&#8220;6077&#8243;][vc_empty_space height=&#8220;16px&#8220;][vc_column_text]<\/p>\n<h5 style=\"text-align: left\">Eine einzigartige Kulisse am Ufer des Ill-Flusses<\/h5>\n<p style=\"text-align: left\">Campen Sie mit Ihrem Wohnmobil, Zelt oder Wohnwagen auf wundersch\u00f6nen Stellpl\u00e4tzen mitten im Gr\u00fcnen am Flussufer der Ill &#8211; in unmittelbarer N\u00e4he zur Stadt! Genie\u00dfen Sie die gr\u00fcne Kulisse und tanken Sie darin auf..<\/p>\n<p>[\/vc_column_text][\/vc_column_inner][vc_column_inner width=&#8220;1\/4&#8243;][vc_masonry_media_grid element_width=&#8220;12&#8243; gap=&#8220;0&#8243; item=&#8220;164&#8243; grid_id=&#8220;vc_gid:1730361286166-43a182d4-46e1-8&#8243; include=&#8220;6083&#8243;][vc_empty_space height=&#8220;16px&#8220;][vc_column_text]<\/p>\n<h5 style=\"text-align: left\">Ein idealer Ausgangspunkt f\u00fcr die Besichtigung von Colmar<\/h5>\n<p>Mieten Sie vor Ort ein Fahrrad &#8211; dank des Radweges am Eingang zum Campingplatz, sind Sie damit in nur wenigen Minuten im Stadtzentrum..[\/vc_column_text][\/vc_column_inner][vc_column_inner width=&#8220;1\/4&#8243;][vc_masonry_media_grid element_width=&#8220;12&#8243; gap=&#8220;0&#8243; item=&#8220;164&#8243; grid_id=&#8220;vc_gid:1730361286167-c51e3152-a17c-5&#8243; include=&#8220;6089&#8243;][vc_empty_space height=&#8220;16px&#8220;][vc_column_text]<\/p>\n<h5 style=\"text-align: left\">Qualitative Serviceleistungen f\u00fcr einen unbeschwerten Urlaub<\/h5>\n<p>Bar-Restaurant, WLAN, Waschsalon, Bettw\u00e4sche- und Handtuchverleih\u2026 Der Campingplatz von Colmar bietet Ihnen zahlreiche <a href=\"http:\/\/www.citykamp.com\/de\/dienstleistungen\/\" target=\"_blank\" rel=\"noopener noreferrer\"><span style=\"color: #e84e1b\">Dienstleistungen<\/span><\/a>![\/vc_column_text][\/vc_column_inner][vc_column_inner width=&#8220;1\/4&#8243;][vc_masonry_media_grid element_width=&#8220;12&#8243; gap=&#8220;0&#8243; item=&#8220;164&#8243; grid_id=&#8220;vc_gid:1730361286167-d49c2105-13aa-2&#8243; include=&#8220;6095&#8243;][vc_empty_space height=&#8220;16px&#8220;][vc_column_text]<\/p>\n<h5 style=\"text-align: left\">Unterk\u00fcnfte mit allem Komfort<\/h5>\n<p>Sch\u00f6ne <a href=\"http:\/\/www.citykamp.com\/de\/unterkunfte\/\" target=\"_blank\" rel=\"noopener noreferrer\"><span style=\"color: #e84e1b\">Holz-Chalets<\/span><\/a>, voll ausgestattete Mobilheime, Bungalowzelte aus Zelttuch und Holz, die sich perfekt in das nat\u00fcrliche Umfeld einf\u00fcgen. Es ist f\u00fcr jeden das Richtige dabei![\/vc_column_text][\/vc_column_inner][\/vc_row_inner][vc_empty_space]<div class=\"text-center btnwrap\"><a class=\"btn btn-huttopia-cta\" href=\"https:\/\/www.campingdelill.fr\/de\/\" role=\"button\" target=\"\" onclick=\"dataLayer.push({'event':'clickCity', 'clickText':'Entdecken Sie dieses Reiseziel'})\">Entdecken Sie dieses Reiseziel<\/a><\/div><\/div>[\/vc_column][\/vc_row][vc_row css=&#8220;.vc_custom_1519294602338{background-color: #e84e1b !important;}&#8220;][vc_column]<div class=\"wrappedcontent\">[vc_column_text]<\/p>\n<h2><span style=\"color: #ffffff\">Vor Ort ist f\u00fcr Ihre Bequemlichkeit gesorgt!<\/span><\/h2>\n<p>[\/vc_column_text][vc_empty_space][vc_masonry_media_grid gap=&#8220;25&#8243; item=&#8220;164&#8243; grid_id=&#8220;vc_gid:1730361286169-0d3f39dd-a9ed-3&#8243; include=&#8220;6101,6107,6113&#8243;][vc_empty_space height=&#8220;50px&#8220;][vc_row_inner css=&#8220;.vc_custom_1519232584497{margin-top: -28px !important;margin-bottom: -28px !important;}&#8220;][vc_column_inner width=&#8220;1\/6&#8243;][vc_icon type=&#8220;typicons&#8220; icon_typicons=&#8220;typcn typcn-wi-fi&#8220; color=&#8220;white&#8220; align=&#8220;center&#8220; css=&#8220;.vc_custom_1519294644198{margin-top: -10px !important;margin-bottom: -10px !important;}&#8220;][vc_column_text]<\/p>\n<p style=\"text-align: center\"><strong><span style=\"color: #ffffff\">Gratis WLAN<\/span><\/strong><\/p>\n<p>[\/vc_column_text][\/vc_column_inner][vc_column_inner width=&#8220;1\/6&#8243;][vc_icon type=&#8220;material&#8220; icon_material=&#8220;vc-material vc-material-local_parking&#8220; color=&#8220;white&#8220; align=&#8220;center&#8220; css=&#8220;.vc_custom_1519232596826{margin-top: -10px !important;margin-bottom: -10px !important;}&#8220;][vc_column_text]<\/p>\n<p style=\"text-align: center\"><strong><span style=\"color: #ffffff\">Gratisparkplatz<\/span><\/strong><\/p>\n<p>[\/vc_column_text][\/vc_column_inner][vc_column_inner width=&#8220;1\/6&#8243;][vc_icon icon_fontawesome=&#8220;fa fa-bed&#8220; color=&#8220;white&#8220; align=&#8220;center&#8220; css=&#8220;.vc_custom_1519295029723{margin-top: -10px !important;margin-bottom: -10px !important;}&#8220;][vc_column_text css=&#8220;&#8220;]<\/p>\n<p style=\"text-align: center\"><strong><span style=\"color: #ffffff\">Bettw\u00e4sche und Handt\u00fccher inklusive<\/span><\/strong><\/p>\n<p>[\/vc_column_text][\/vc_column_inner][vc_column_inner width=&#8220;1\/6&#8243;][vc_icon type=&#8220;material&#8220; icon_material=&#8220;vc-material vc-material-restaurant&#8220; color=&#8220;white&#8220; align=&#8220;center&#8220; css=&#8220;.vc_custom_1519294700406{margin-top: -10px !important;margin-bottom: -10px !important;}&#8220;][vc_column_text]<\/p>\n<p style=\"text-align: center\"><strong><span style=\"color: #ffffff\">Gastronomie<\/span><\/strong><\/p>\n<p>[\/vc_column_text][\/vc_column_inner][vc_column_inner width=&#8220;1\/6&#8243;][vc_icon type=&#8220;material&#8220; icon_material=&#8220;vc-material vc-material-pool&#8220; color=&#8220;white&#8220; align=&#8220;center&#8220; css=&#8220;.vc_custom_1519294879774{margin-top: -10px !important;margin-bottom: -10px !important;}&#8220;][vc_column_text]<\/p>\n<p style=\"text-align: center\"><span style=\"color: #ffffff\"><strong>Beheiztes Schwimmbad<\/strong><\/span><br \/>\n<span style=\"font-size: 10pt;color: #ffffff\"> Je nach Saison<\/span><\/p>\n<p>[\/vc_column_text][\/vc_column_inner][vc_column_inner width=&#8220;1\/6&#8243;][vc_icon type=&#8220;entypo&#8220; icon_entypo=&#8220;entypo-icon entypo-icon-plus-circled&#8220; color=&#8220;white&#8220; align=&#8220;center&#8220; css=&#8220;.vc_custom_1521712339763{margin-top: -10px !important;margin-bottom: -10px !important;}&#8220; link=&#8220;url:http%3A%2F%2Fwww.citykamp.com%2Fde%2Fdienstleistungen%2F||target:%20_blank|&#8220;][vc_column_text]<\/p>\n<p style=\"text-align: center\"><span style=\"color: #ffffff\"><strong>MEHR<\/strong><\/span><\/p>\n<p>[\/vc_column_text][\/vc_column_inner][\/vc_row_inner]<\/div>[\/vc_column][\/vc_row][vc_row][vc_column]<div class=\"wrapcontentraw\">\n                <h2 class=\"hmargin\">Umgebung<\/h2>\n                <div class=\"allsites\">\n                    <div class=\"col-md-6 swrap\">\n                <div>\n                    <div class=\"simg\">\n                        <div class=\"stitle\">Centre-ville<\/div>\n                        <img decoding=\"async\" src=\"https:\/\/www.citykamp.com\/uploads\/2023\/10\/citykamp-portail-colmar-petite-vennise-500x350.jpeg\" alt=\"citykamp-portail-colmar-petite-vennise\"\/>\n                    <\/div>\n                    <div class=\"ibcontent ibflex\">\n                        <div class=\"ibin1\">Schlendern Sie durch die Gassen des Viertels ``Klein-Venedig`` und lassen Sie sich von den Fachwerkh\u00e4usern...<\/div>\n                        <div class=\"ibin2\">\n                            <a>\n                                <div class=\"iblink isaltbgcolor\"><span class=\"sdist\"><span class=\"ctk-man\"><\/span><span class=\"thdist\">2,6 km<\/span><\/span><\/div>\n                            <\/a>\n                        <\/div>\n                        <div class=\"clear\"><\/div>\n                    <\/div>\n                <\/div>\n             <\/div><div class=\"col-md-6 swrap\">\n                <div>\n                    <div class=\"simg\">\n                        <div class=\"stitle\">March\u00e9 de No\u00ebl<\/div>\n                        <img decoding=\"async\" src=\"https:\/\/www.citykamp.com\/uploads\/2023\/10\/citykamp-portail-colmar-marche-de-noel-500x350.jpeg\" alt=\"citykamp-portail-colmar-marche-de-noel\"\/>\n                    <\/div>\n                    <div class=\"ibcontent ibflex\">\n                        <div class=\"ibin1\">Lassen Sie sich von einem der sch\u00f6nsten Weihnachtsm\u00e4rkte der Welt verzaubern\u2026 Eine wirklich m\u00e4rchenhafte Institution...<\/div>\n                        <div class=\"ibin2\">\n                            <a>\n                                <div class=\"iblink isaltbgcolor\"><span class=\"sdist\"><span class=\"ctk-man\"><\/span><span class=\"thdist\">2,3 km<\/span><\/span><\/div>\n                            <\/a>\n                        <\/div>\n                        <div class=\"clear\"><\/div>\n                    <\/div>\n                <\/div>\n             <\/div><div class=\"col-md-6 swrap\">\n                <div>\n                    <div class=\"simg\">\n                        <div class=\"stitle\">Route des vins alsaciens<\/div>\n                        <img decoding=\"async\" src=\"https:\/\/www.citykamp.com\/uploads\/2023\/10\/citykamp-portail-colmar-route-des-vins-500x350.jpeg\" alt=\"citykamp-portail-colmar-route-des-vins\"\/>\n                    <\/div>\n                    <div class=\"ibcontent ibflex\">\n                        <div class=\"ibin1\">Entdecken Sie die Weinstra\u00dfe und kosten Sie die ber\u00fchmten edlen els\u00e4ssischen Weine: Riesling, Pinot gris, Gew\u00fcrztraminer\u2026<\/div>\n                        <div class=\"ibin2\">\n                            <a>\n                                <div class=\"iblink isaltbgcolor\"><span class=\"sdist\"><span class=\"ctk-man\"><\/span><span class=\"thdist\">10 km<\/span><\/span><\/div>\n                            <\/a>\n                        <\/div>\n                        <div class=\"clear\"><\/div>\n                    <\/div>\n                <\/div>\n             <\/div><div class=\"col-md-6 swrap\">\n                <div>\n                    <div class=\"simg\">\n                        <div class=\"stitle\">Mus\u00e9e Unterlinden<\/div>\n                        <img decoding=\"async\" src=\"https:\/\/www.citykamp.com\/uploads\/2023\/10\/citykamp_portail_colmar_musee_unterlinden-500x350.jpg\" alt=\"citykamp_portail_colmar_musee_unterlinden\"\/>\n                    <\/div>\n                    <div class=\"ibcontent ibflex\">\n                        <div class=\"ibin1\">Besuchen Sie das Museum Unterlinden - eines der meistbesuchtesten Provinzkunstmuseen<\/div>\n                        <div class=\"ibin2\">\n                            <a>\n                                <div class=\"iblink isaltbgcolor\"><span class=\"sdist\"><span class=\"ctk-man\"><\/span><span class=\"thdist\">2,8 km<\/span><\/span><\/div>\n                            <\/a>\n                        <\/div>\n                        <div class=\"clear\"><\/div>\n                    <\/div>\n                <\/div>\n             <\/div>\n                    <div class=\"clear\"><\/div>\n                <\/div>\n            <\/div><div class=\"text-center btnwrap\"><a class=\"btn btn-huttopia-cta\" href=\"https:\/\/www.campingdelill.fr\/de\/region\/\" role=\"button\" target=\"\" onclick=\"dataLayer.push({'event':'clickCity', 'clickText':'Entdecke andere Aktivit\u00e4ten'})\">Entdecke andere Aktivit\u00e4ten<\/a><\/div>[\/vc_column][\/vc_row][vc_row][vc_column]<div class=\"mflex imgmp\">\n                <div class=\"col-md-6 accordeonimg\" style=\"background-image: url(https:\/\/www.citykamp.com\/uploads\/2023\/10\/citykamp-portail-colmar-ville-transports.jpeg)\">\n                    <img decoding=\"async\" src=\"https:\/\/www.citykamp.com\/uploads\/2023\/10\/citykamp-portail-colmar-ville-transports.jpeg\" style=\"visibility: hidden;\" \/>\n                <\/div>\n                <div class=\"col-md-6 altbg gmcontent\">\n                    <div>\n                    <h2 class=\"istitlecolor gmtitle\">Das Elsass hei\u00dft Sie mit offenen Armen willkommen\u2026<\/h2>\n                    <div class=\"gmwrap\"><div class=\"col-sm-4 bwrap\">\n                    <span class=\"istitlecolor gmpicto ctk-train\"><\/span>\n                    <span class=\"gmlabel\">10 Min. zum Bahnhof<\/span>\n                  <\/div><div class=\"col-sm-4 bwrap\">\n                    <span class=\"istitlecolor gmpicto ctk-car\"><\/span>\n                    <span class=\"gmlabel\">6 Min. zur A35<\/span>\n                  <\/div><div class=\"col-sm-4 bwrap\">\n                    <span class=\"istitlecolor gmpicto ctk-bus\"><\/span>\n                    <span class=\"gmlabel\">Radwege und \u00f6ffentliche Verkehrsmittel<\/span>\n                  <\/div><\/div>\n            <\/div>\n        <\/div>\n    <\/div>\n    <script>\n        let iconType = L.icon({\n            iconUrl: baseDirectory + '\/img\/pin.png',\n            iconSize: [22, 48],\n            iconAnchor: [11, 46],\n            popupAnchor: [0, -46]\n        });\n        let map = L.map('map', {\n            center: L.latLng(48.0791101, 7.386474700000008),\n            zoom: 10.8,\n            layers: [L.tileLayer('https:\/\/cartodb-basemaps-b.global.ssl.fastly.net\/light_all\/{z}\/{x}\/{y}.png', {\n                attribution: '&copy; <a href=\"https:\/\/www.openstreetmap.org\/copyright\">OpenStreetMap<\/a>'\n            })],\n            zoomSnap: 0.2\n        });\n        setTimeout(map.invalidateSize.bind(map), 100);\n        let contentString = '<div id=\"content\">' +\n            '<div id=\"siteNotice\">' +\n            '<\/div>' +\n            '<h4 id=\"firstHeading\" class=\"firstHeading\">Das Elsass hei\u00dft Sie mit offenen Armen willkommen\u2026<\/h4>' +\n            '<div id=\"bodyContent\">' +\n            '<p><\/p>' +\n            '<p><\/p>' +\n            '<\/div>' +\n            '<\/div>';\n        let marker = L.marker([48.0791101, 7.386474700000008], {icon: iconType}).addTo(map);\n        marker.bindPopup(contentString).openPopup();\n        let iwOuter = document.querySelector('.leaflet-popup-content-wrapper');\n        let iwArrow = document.querySelector('.leaflet-popup-tip');\n        iwOuter.style.backgroundColor = '';\n        iwArrow.style.backgroundColor = '';\n    <\/script>\n    [\/vc_column][\/vc_row][vc_row css=&#8220;.vc_custom_1519223873275{background-color: #b5b5b5 !important;}&#8220;][vc_column]<div class=\"wrappedcontent\">[vc_row_inner css=&#8220;.vc_custom_1519232584497{margin-top: -28px !important;margin-bottom: -28px !important;}&#8220;][vc_column_inner width=&#8220;1\/4&#8243;][vc_icon icon_fontawesome=&#8220;fa fa-lock&#8220; color=&#8220;white&#8220; align=&#8220;center&#8220; css=&#8220;.vc_custom_1519232590898{margin-top: -10px !important;margin-bottom: -10px !important;}&#8220;][vc_column_text]<\/p>\n<p style=\"text-align: center\"><span style=\"color: #ffffff\">Sichere Zahlung<\/span><\/p>\n<p>[\/vc_column_text][\/vc_column_inner][vc_column_inner width=&#8220;1\/4&#8243;][vc_icon type=&#8220;material&#8220; icon_material=&#8220;vc-material vc-material-local_parking&#8220; color=&#8220;white&#8220; align=&#8220;center&#8220; css=&#8220;.vc_custom_1519232596826{margin-top: -10px !important;margin-bottom: -10px !important;}&#8220;][vc_column_text]<\/p>\n<p style=\"text-align: center\"><span style=\"color: #ffffff\">Gratisparkplatz<\/span><\/p>\n<p>[\/vc_column_text][\/vc_column_inner][vc_column_inner width=&#8220;1\/4&#8243;][vc_icon type=&#8220;entypo&#8220; icon_entypo=&#8220;entypo-icon entypo-icon-back-in-time&#8220; color=&#8220;white&#8220; align=&#8220;center&#8220; css=&#8220;.vc_custom_1519232602964{margin-top: -10px !important;margin-bottom: -10px !important;}&#8220;][vc_column_text]<\/p>\n<p style=\"text-align: center\"><span style=\"color: #ffffff\">Check-in 7 Tage die Woche ge\u00f6ffnet<\/span><\/p>\n<p>[\/vc_column_text][\/vc_column_inner][vc_column_inner width=&#8220;1\/4&#8243;][vc_icon icon_fontawesome=&#8220;fa fa-globe&#8220; color=&#8220;white&#8220; align=&#8220;center&#8220; css=&#8220;.vc_custom_1519232609125{margin-top: -10px !important;margin-bottom: -10px !important;}&#8220;][vc_column_text]<\/p>\n<p style=\"text-align: center\"><span style=\"color: #ffffff\">Mehrsprachig<\/span><\/p>\n<p>[\/vc_column_text][\/vc_column_inner][\/vc_row_inner]<\/div>[\/vc_column][\/vc_row]<\/p>\n<\/div>","protected":false},"excerpt":{"rendered":"<p>[vc_row][vc_column][\/vc_column][\/vc_row][vc_row][vc_column][\/vc_column][\/vc_row][vc_row css=&#8220;.vc_custom_1519294602338{background-color: #e84e1b !important;}&#8220;][vc_column][\/vc_column][\/vc_row][vc_row][vc_column][\/vc_column][\/vc_row][vc_row][vc_column][\/vc_column][\/vc_row][vc_row css=&#8220;.vc_custom_1519223873275{background-color: #b5b5b5 !important;}&#8220;][vc_column][\/vc_column][\/vc_row]<\/p>\n","protected":false},"author":1,"featured_media":0,"parent":0,"menu_order":0,"comment_status":"closed","ping_status":"closed","template":"","meta":{"footnotes":""},"class_list":["post-1164","page","type-page","status-publish","hentry"],"yoast_head":"<!-- This site is optimized with the Yoast SEO plugin v25.6 - https:\/\/yoast.com\/wordpress\/plugins\/seo\/ -->\n<title>Colmar, Ziel Campingplatz im Elsass in der N\u00e4he des Stadtzentrums - City Kamp<\/title>\n<meta name=\"description\" content=\"Bleiben Sie am Ufer der Ill, in einer einzigartigen Umgebung. Komfortable Unterkunft, qualitativ hochwertige Dienstleistungen, um Ihren Aufenthalt zu vereinfachen ... Gehen Sie zur Entdeckung von Colmar und genie\u00dfen Sie ein Naturerlebnis in der N\u00e4he der Stadt.\" \/>\n<meta name=\"robots\" content=\"index, follow, max-snippet:-1, max-image-preview:large, max-video-preview:-1\" \/>\n<link rel=\"canonical\" href=\"https:\/\/www.citykamp.com\/de\/colmar10\/\" \/>\n<meta property=\"og:locale\" content=\"de_DE\" \/>\n<meta property=\"og:type\" content=\"article\" \/>\n<meta property=\"og:title\" content=\"Colmar, Ziel Campingplatz im Elsass in der N\u00e4he des Stadtzentrums - City Kamp\" \/>\n<meta property=\"og:description\" content=\"Bleiben Sie am Ufer der Ill, in einer einzigartigen Umgebung. Komfortable Unterkunft, qualitativ hochwertige Dienstleistungen, um Ihren Aufenthalt zu vereinfachen ... Gehen Sie zur Entdeckung von Colmar und genie\u00dfen Sie ein Naturerlebnis in der N\u00e4he der Stadt.\" \/>\n<meta property=\"og:url\" content=\"https:\/\/www.citykamp.com\/de\/colmar10\/\" \/>\n<meta property=\"og:site_name\" content=\"Citykamp\" \/>\n<meta property=\"article:modified_time\" content=\"2024-10-31T07:53:36+00:00\" \/>\n<meta name=\"twitter:card\" content=\"summary_large_image\" \/>\n<meta name=\"twitter:label1\" content=\"Est. reading time\" \/>\n\t<meta name=\"twitter:data1\" content=\"5 Minuten\" \/>\n<script type=\"application\/ld+json\" class=\"yoast-schema-graph\">{\"@context\":\"https:\/\/schema.org\",\"@graph\":[{\"@type\":\"WebPage\",\"@id\":\"https:\/\/www.citykamp.com\/de\/colmar10\/\",\"url\":\"https:\/\/www.citykamp.com\/de\/colmar10\/\",\"name\":\"Colmar, Ziel Campingplatz im Elsass in der N\u00e4he des Stadtzentrums - City Kamp\",\"isPartOf\":{\"@id\":\"https:\/\/www.citykamp.com\/de\/#website\"},\"datePublished\":\"2018-02-12T10:33:27+00:00\",\"dateModified\":\"2024-10-31T07:53:36+00:00\",\"description\":\"Bleiben Sie am Ufer der Ill, in einer einzigartigen Umgebung. Komfortable Unterkunft, qualitativ hochwertige Dienstleistungen, um Ihren Aufenthalt zu vereinfachen ... Gehen Sie zur Entdeckung von Colmar und genie\u00dfen Sie ein Naturerlebnis in der N\u00e4he der Stadt.\",\"breadcrumb\":{\"@id\":\"https:\/\/www.citykamp.com\/de\/colmar10\/#breadcrumb\"},\"inLanguage\":\"de-DE\",\"potentialAction\":[{\"@type\":\"ReadAction\",\"target\":[\"https:\/\/www.citykamp.com\/de\/colmar10\/\"]}]},{\"@type\":\"BreadcrumbList\",\"@id\":\"https:\/\/www.citykamp.com\/de\/colmar10\/#breadcrumb\",\"itemListElement\":[{\"@type\":\"ListItem\",\"position\":1,\"name\":\"Accueil\",\"item\":\"https:\/\/www.citykamp.com\/de\/\"},{\"@type\":\"ListItem\",\"position\":2,\"name\":\"Colmar\"}]},{\"@type\":\"WebSite\",\"@id\":\"https:\/\/www.citykamp.com\/de\/#website\",\"url\":\"https:\/\/www.citykamp.com\/de\/\",\"name\":\"Citykamp\",\"description\":\"Un site utilisant WordPress\",\"potentialAction\":[{\"@type\":\"SearchAction\",\"target\":{\"@type\":\"EntryPoint\",\"urlTemplate\":\"https:\/\/www.citykamp.com\/de\/?s={search_term_string}\"},\"query-input\":{\"@type\":\"PropertyValueSpecification\",\"valueRequired\":true,\"valueName\":\"search_term_string\"}}],\"inLanguage\":\"de-DE\"}]}<\/script>\n<!-- \/ Yoast SEO plugin. -->","yoast_head_json":{"title":"Colmar, Ziel Campingplatz im Elsass in der N\u00e4he des Stadtzentrums - City Kamp","description":"Bleiben Sie am Ufer der Ill, in einer einzigartigen Umgebung. Komfortable Unterkunft, qualitativ hochwertige Dienstleistungen, um Ihren Aufenthalt zu vereinfachen ... Gehen Sie zur Entdeckung von Colmar und genie\u00dfen Sie ein Naturerlebnis in der N\u00e4he der Stadt.","robots":{"index":"index","follow":"follow","max-snippet":"max-snippet:-1","max-image-preview":"max-image-preview:large","max-video-preview":"max-video-preview:-1"},"canonical":"https:\/\/www.citykamp.com\/de\/colmar10\/","og_locale":"de_DE","og_type":"article","og_title":"Colmar, Ziel Campingplatz im Elsass in der N\u00e4he des Stadtzentrums - City Kamp","og_description":"Bleiben Sie am Ufer der Ill, in einer einzigartigen Umgebung. Komfortable Unterkunft, qualitativ hochwertige Dienstleistungen, um Ihren Aufenthalt zu vereinfachen ... Gehen Sie zur Entdeckung von Colmar und genie\u00dfen Sie ein Naturerlebnis in der N\u00e4he der Stadt.","og_url":"https:\/\/www.citykamp.com\/de\/colmar10\/","og_site_name":"Citykamp","article_modified_time":"2024-10-31T07:53:36+00:00","twitter_card":"summary_large_image","twitter_misc":{"Est. reading time":"5 Minuten"},"schema":{"@context":"https:\/\/schema.org","@graph":[{"@type":"WebPage","@id":"https:\/\/www.citykamp.com\/de\/colmar10\/","url":"https:\/\/www.citykamp.com\/de\/colmar10\/","name":"Colmar, Ziel Campingplatz im Elsass in der N\u00e4he des Stadtzentrums - City Kamp","isPartOf":{"@id":"https:\/\/www.citykamp.com\/de\/#website"},"datePublished":"2018-02-12T10:33:27+00:00","dateModified":"2024-10-31T07:53:36+00:00","description":"Bleiben Sie am Ufer der Ill, in einer einzigartigen Umgebung. Komfortable Unterkunft, qualitativ hochwertige Dienstleistungen, um Ihren Aufenthalt zu vereinfachen ... Gehen Sie zur Entdeckung von Colmar und genie\u00dfen Sie ein Naturerlebnis in der N\u00e4he der Stadt.","breadcrumb":{"@id":"https:\/\/www.citykamp.com\/de\/colmar10\/#breadcrumb"},"inLanguage":"de-DE","potentialAction":[{"@type":"ReadAction","target":["https:\/\/www.citykamp.com\/de\/colmar10\/"]}]},{"@type":"BreadcrumbList","@id":"https:\/\/www.citykamp.com\/de\/colmar10\/#breadcrumb","itemListElement":[{"@type":"ListItem","position":1,"name":"Accueil","item":"https:\/\/www.citykamp.com\/de\/"},{"@type":"ListItem","position":2,"name":"Colmar"}]},{"@type":"WebSite","@id":"https:\/\/www.citykamp.com\/de\/#website","url":"https:\/\/www.citykamp.com\/de\/","name":"Citykamp","description":"Un site utilisant WordPress","potentialAction":[{"@type":"SearchAction","target":{"@type":"EntryPoint","urlTemplate":"https:\/\/www.citykamp.com\/de\/?s={search_term_string}"},"query-input":{"@type":"PropertyValueSpecification","valueRequired":true,"valueName":"search_term_string"}}],"inLanguage":"de-DE"}]}},"_links":{"self":[{"href":"https:\/\/www.citykamp.com\/de\/wp-json\/wp\/v2\/pages\/1164","targetHints":{"allow":["GET"]}}],"collection":[{"href":"https:\/\/www.citykamp.com\/de\/wp-json\/wp\/v2\/pages"}],"about":[{"href":"https:\/\/www.citykamp.com\/de\/wp-json\/wp\/v2\/types\/page"}],"author":[{"embeddable":true,"href":"https:\/\/www.citykamp.com\/de\/wp-json\/wp\/v2\/users\/1"}],"replies":[{"embeddable":true,"href":"https:\/\/www.citykamp.com\/de\/wp-json\/wp\/v2\/comments?post=1164"}],"version-history":[{"count":4,"href":"https:\/\/www.citykamp.com\/de\/wp-json\/wp\/v2\/pages\/1164\/revisions"}],"predecessor-version":[{"id":7114,"href":"https:\/\/www.citykamp.com\/de\/wp-json\/wp\/v2\/pages\/1164\/revisions\/7114"}],"wp:attachment":[{"href":"https:\/\/www.citykamp.com\/de\/wp-json\/wp\/v2\/media?parent=1164"}],"curies":[{"name":"wp","href":"https:\/\/api.w.org\/{rel}","templated":true}]}}