{"id":1163,"date":"2018-02-12T11:33:21","date_gmt":"2018-02-12T10:33:21","guid":{"rendered":"http:\/\/www.citykamp.com\/de\/angers\/"},"modified":"2023-10-20T11:37:46","modified_gmt":"2023-10-20T09:37:46","slug":"angers","status":"publish","type":"page","link":"https:\/\/www.citykamp.com\/de\/angers\/","title":{"rendered":"Angers"},"content":{"rendered":"<div class=\"wpb-content-wrapper\"><p>[vc_row][vc_column]<div class=\"imgheader\" style=\"background-image: url(https:\/\/www.citykamp.com\/uploads\/2023\/10\/citykamp-portail-angers-header-1900x700.jpeg)\"><div class=\"wrapcontentraw\"><div class=\"incta\">\n                                    <div>\n                                        <a href=\"http:\/\/www.campingangers.com\/en\/\"><span class=\"cta1\">Reiseziel<\/span>\n                                        <span class=\"cta2\">ANGERS<span class=\"ctk-arrow\"><\/span><\/span><\/a>\n                                    <\/div>\n                                  <\/div><\/div><\/div>[\/vc_column][\/vc_row][vc_row][vc_column]<div class=\"wrappedcontent\">[vc_column_text]<\/p>\n<h2>In unmittelbarer N\u00e4he zum Stadtzentrum von Angers!<\/h2>\n<p>[\/vc_column_text][vc_empty_space][vc_row_inner gap=&#8220;30&#8243;][vc_column_inner width=&#8220;1\/4&#8243;][vc_masonry_media_grid element_width=&#8220;12&#8243; gap=&#8220;0&#8243; item=&#8220;164&#8243; grid_id=&#8220;vc_gid:1697794549322-1f6039af-1477-0&#8243; include=&#8220;5965&#8243;][vc_empty_space height=&#8220;16px&#8220;][vc_column_text]<\/p>\n<h5 style=\"text-align: left;\">Entdecken Sie das Loire-Tal<\/h5>\n<p>Schl\u00f6sser, Radwege, renommierte Weinbaugebiete und typisches regionales Kulturerbe\u2026 Die Sehensw\u00fcrdigkeiten Angers und seiner Umgebung kann man bereits ab dem Fr\u00fchling besichtigen.[\/vc_column_text][\/vc_column_inner][vc_column_inner width=&#8220;1\/4&#8243;][vc_masonry_media_grid element_width=&#8220;12&#8243; gap=&#8220;0&#8243; item=&#8220;164&#8243; grid_id=&#8220;vc_gid:1697794549326-4791f7d5-97f9-6&#8243; include=&#8220;5971&#8243;][vc_empty_space height=&#8220;16px&#8220;][vc_column_text]<\/p>\n<h5 style=\"text-align: left;\">Ein Aufenthalt im Herzen eines 120 ha gro\u00dfen Naturparks<\/h5>\n<p>Ob Sie lieber Ihr Zelt auf einem unserer Stellpl\u00e4tze aufschlagen oder im Wohnmobil bzw. Wohnwagen anreisen, oder vielleicht eine <a href=\"http:\/\/www.citykamp.com\/de\/unterkunfte\/\" target=\"_blank\" rel=\"noopener noreferrer\"><span style=\"color: #e84e1b;\">Mietunterkunft<\/span> <\/a>mit jeglichem Komfort bevorzugen\u2026Sie haben die Wahl![\/vc_column_text][\/vc_column_inner][vc_column_inner width=&#8220;1\/4&#8243;][vc_masonry_media_grid element_width=&#8220;12&#8243; gap=&#8220;0&#8243; item=&#8220;164&#8243; grid_id=&#8220;vc_gid:1697794549327-22c994e7-6bb3-3&#8243; include=&#8220;5977&#8243;][vc_empty_space height=&#8220;16px&#8220;][vc_column_text]<\/p>\n<h5 style=\"text-align: left;\">Profitieren Sie von unseren erstklassigen Dienstleistungen<\/h5>\n<p>Ein Bar-Restaurant vor Ort mit leckeren Gerichten f\u00fcr die ganze Familie, ein Fahrradverleih f\u00fcr Spazierfahrten, ein Bettw\u00e4sche- und Handtuchverleih, damit Sie mit leichtem Gep\u00e4ck reisen k\u00f6nnen\u2026 es ist f\u00fcr alles gesorgt![\/vc_column_text][\/vc_column_inner][vc_column_inner width=&#8220;1\/4&#8243;][vc_masonry_media_grid element_width=&#8220;12&#8243; gap=&#8220;0&#8243; item=&#8220;164&#8243; grid_id=&#8220;vc_gid:1697794549329-f567c73b-6f3e-10&#8243; include=&#8220;5983&#8243;][vc_empty_space height=&#8220;16px&#8220;][vc_column_text]<\/p>\n<h5 style=\"text-align: left;\">Erholsame Momente mit der ganzen Familie<\/h5>\n<p>Beheiztes Schwimmbad, Whirlpool, Sportplatz, Abendunterhaltung im Sommer und nat\u00fcrlich auch, nur 3 Min. mit dem Rad vom Campingplatz entfernt, der Badesee Lac de Maine\u2026[\/vc_column_text][\/vc_column_inner][\/vc_row_inner][vc_empty_space]<div class=\"text-center btnwrap\"><a class=\"btn btn-huttopia-cta\" href=\"http:\/\/www.campingangers.com\/en\/\" role=\"button\" target=\"\" onclick=\"dataLayer.push({'event':'clickCity', 'clickText':'Entdecken Sie dieses Reiseziel'})\">Entdecken Sie dieses Reiseziel<\/a><\/div><\/div>[\/vc_column][\/vc_row][vc_row css=&#8220;.vc_custom_1519374192767{background-color: #e84e1b !important;}&#8220;][vc_column]<div class=\"wrappedcontent\">[vc_column_text]<\/p>\n<h2><span style=\"color: #ffffff;\">Vor Ort ist f\u00fcr Ihre Bequemlichkeit gesorgt!<\/span><\/h2>\n<p>[\/vc_column_text][vc_empty_space][vc_masonry_media_grid gap=&#8220;25&#8243; grid_id=&#8220;vc_gid:1697794549330-0877b374-497d-7&#8243; include=&#8220;5990,5996,6002&#8243;][vc_empty_space height=&#8220;50px&#8220;][vc_row_inner css=&#8220;.vc_custom_1519232541719{margin-top: -28px !important;margin-bottom: -28px !important;}&#8220;][vc_column_inner width=&#8220;1\/6&#8243;][vc_icon type=&#8220;typicons&#8220; icon_typicons=&#8220;typcn typcn-wi-fi&#8220; color=&#8220;white&#8220; align=&#8220;center&#8220; css=&#8220;.vc_custom_1519378601801{margin-top: -10px !important;margin-bottom: -10px !important;}&#8220;][vc_column_text]<\/p>\n<p style=\"text-align: center;\"><strong><span style=\"color: #ffffff;\">Gratis WLAN<\/span><\/strong><\/p>\n<p>[\/vc_column_text][\/vc_column_inner][vc_column_inner width=&#8220;1\/6&#8243;][vc_icon type=&#8220;material&#8220; icon_material=&#8220;vc-material vc-material-local_parking&#8220; color=&#8220;white&#8220; align=&#8220;center&#8220; css=&#8220;.vc_custom_1519232553890{margin-top: -10px !important;margin-bottom: -10px !important;}&#8220;][vc_column_text]<\/p>\n<p style=\"text-align: center;\"><strong><span style=\"color: #ffffff;\">Gratisparkplatz<\/span><\/strong><\/p>\n<p>[\/vc_column_text][\/vc_column_inner][vc_column_inner width=&#8220;1\/6&#8243;][vc_icon icon_fontawesome=&#8220;fa fa-bed&#8220; color=&#8220;white&#8220; align=&#8220;center&#8220; css=&#8220;.vc_custom_1519378669685{margin-top: -10px !important;margin-bottom: -10px !important;}&#8220;][vc_column_text]<\/p>\n<p style=\"text-align: center;\"><strong><span style=\"color: #ffffff;\">Bettw\u00e4sche- und Handtuchverleih<\/span><\/strong><\/p>\n<p>[\/vc_column_text][\/vc_column_inner][vc_column_inner width=&#8220;1\/6&#8243;][vc_icon type=&#8220;material&#8220; icon_material=&#8220;vc-material vc-material-restaurant&#8220; color=&#8220;white&#8220; align=&#8220;center&#8220; css=&#8220;.vc_custom_1519378702434{margin-top: -10px !important;margin-bottom: -10px !important;}&#8220;][vc_column_text]<\/p>\n<p style=\"text-align: center;\"><strong><span style=\"color: #ffffff;\">Gastronomie<\/span><\/strong><\/p>\n<p>[\/vc_column_text][\/vc_column_inner][vc_column_inner width=&#8220;1\/6&#8243;][vc_icon type=&#8220;material&#8220; icon_material=&#8220;vc-material vc-material-pool&#8220; color=&#8220;white&#8220; align=&#8220;center&#8220; css=&#8220;.vc_custom_1519378840870{margin-top: -10px !important;margin-bottom: -10px !important;}&#8220;][vc_column_text]<\/p>\n<p style=\"text-align: center;\"><span style=\"color: #ffffff;\"><strong>Beheiztes Schwimmbad<\/strong><\/span><br \/>\n<span style=\"font-size: 10pt; color: #ffffff;\"> Je nach Saison<\/span><\/p>\n<p>[\/vc_column_text][\/vc_column_inner][vc_column_inner width=&#8220;1\/6&#8243;][vc_icon type=&#8220;entypo&#8220; icon_entypo=&#8220;entypo-icon entypo-icon-plus-circled&#8220; color=&#8220;white&#8220; align=&#8220;center&#8220; css=&#8220;.vc_custom_1521712419731{margin-top: -10px !important;margin-bottom: -10px !important;}&#8220; link=&#8220;url:http%3A%2F%2Fwww.citykamp.com%2Fde%2Fdienstleistungen%2F||target:%20_blank|&#8220;][vc_column_text]<\/p>\n<p style=\"text-align: center;\"><strong><span style=\"color: #ffffff;\">MEHR<\/span><\/strong><\/p>\n<p>[\/vc_column_text][\/vc_column_inner][\/vc_row_inner]<\/div>[\/vc_column][\/vc_row][vc_row][vc_column]<div class=\"wrapcontentraw\">\n                <h2 class=\"hmargin\">Umgebung<\/h2>\n                <div class=\"allsites\">\n                    <div class=\"col-md-6 swrap\">\n                <div>\n                    <div class=\"simg\">\n                        <div class=\"stitle\">Lac de Maine<\/div>\n                        <img decoding=\"async\" src=\"https:\/\/www.citykamp.com\/uploads\/2023\/10\/citykamp-portail-angers-lac-de-maine-500x350.jpg\" alt=\"Huttopia Angers.\"\/>\n                    <\/div>\n                    <div class=\"ibcontent ibflex\">\n                        <div class=\"ibin1\">Spazierengehen, Picknicken, Baden, Segeln, Kanu fahren\u2026Energietanken am Lac de Maine<\/div>\n                        <div class=\"ibin2\">\n                            <a>\n                                <div class=\"iblink isaltbgcolor\"><span class=\"sdist\"><span class=\"ctk-man\"><\/span><span class=\"thdist\">850 m<\/span><\/span><\/div>\n                            <\/a>\n                        <\/div>\n                        <div class=\"clear\"><\/div>\n                    <\/div>\n                <\/div>\n             <\/div><div class=\"col-md-6 swrap\">\n                <div>\n                    <div class=\"simg\">\n                        <div class=\"stitle\">Vieille ville d'Angers<\/div>\n                        <img decoding=\"async\" src=\"https:\/\/www.citykamp.com\/uploads\/2023\/10\/citykamp-portail-angers-vieille-ville-500x350.jpg\" alt=\"Huttopia Angers.\"\/>\n                    <\/div>\n                    <div class=\"ibcontent ibflex\">\n                        <div class=\"ibin1\">Streifen Sie durch die Stra\u00dfen von Angers und entdecken Sie seine versteckten Sch\u00e4tze<\/div>\n                        <div class=\"ibin2\">\n                            <a>\n                                <div class=\"iblink isaltbgcolor\"><span class=\"sdist\"><span class=\"ctk-man\"><\/span><span class=\"thdist\">4,5 km<\/span><\/span><\/div>\n                            <\/a>\n                        <\/div>\n                        <div class=\"clear\"><\/div>\n                    <\/div>\n                <\/div>\n             <\/div><div class=\"col-md-6 swrap\">\n                <div>\n                    <div class=\"simg\">\n                        <div class=\"stitle\">Ch\u00e2teau d'Angers<\/div>\n                        <img decoding=\"async\" src=\"https:\/\/www.citykamp.com\/uploads\/2023\/10\/citykamp-portail-angers-chateau-500x350.jpg\" alt=\"citykamp-portail-angers-chateau\"\/>\n                    <\/div>\n                    <div class=\"ibcontent ibflex\">\n                        <div class=\"ibin1\">Erkunden Sie das Schloss Angers, auch Ch\u00e2teau des Ducs d'Anjou genannt<\/div>\n                        <div class=\"ibin2\">\n                            <a>\n                                <div class=\"iblink isaltbgcolor\"><span class=\"sdist\"><span class=\"ctk-man\"><\/span><span class=\"thdist\">4,7 km<\/span><\/span><\/div>\n                            <\/a>\n                        <\/div>\n                        <div class=\"clear\"><\/div>\n                    <\/div>\n                <\/div>\n             <\/div><div class=\"col-md-6 swrap\">\n                <div>\n                    <div class=\"simg\">\n                        <div class=\"stitle\">Terra Botanica<\/div>\n                        <img decoding=\"async\" src=\"https:\/\/www.citykamp.com\/uploads\/2023\/10\/citykamp-portail-angers-terra-botanica-500x350.jpeg\" alt=\"citykamp-portail-angers-terra-botanica\"\/>\n                    <\/div>\n                    <div class=\"ibcontent ibflex\">\n                        <div class=\"ibin1\">Machen Sie einen Familienausflug in den wundersch\u00f6nen Vergn\u00fcgungspark Terra Botanica, rund um das Thema Pflanzenwelt<\/div>\n                        <div class=\"ibin2\">\n                            <a>\n                                <div class=\"iblink isaltbgcolor\"><span class=\"sdist\"><span class=\"ctk-man\"><\/span><span class=\"thdist\">6,5 km<\/span><\/span><\/div>\n                            <\/a>\n                        <\/div>\n                        <div class=\"clear\"><\/div>\n                    <\/div>\n                <\/div>\n             <\/div>\n                    <div class=\"clear\"><\/div>\n                <\/div>\n            <\/div><div class=\"text-center btnwrap\"><a class=\"btn btn-huttopia-cta\" href=\"http:\/\/www.campingangers.com\/en\/activites\" role=\"button\" target=\"\" onclick=\"dataLayer.push({'event':'clickCity', 'clickText':'Entdecke andere Aktivit\u00e4ten'})\">Entdecke andere Aktivit\u00e4ten<\/a><\/div>[\/vc_column][\/vc_row][vc_row][vc_column]<div class=\"mflex imgmp\">\n                <div class=\"col-md-6 accordeonimg\" style=\"background-image: url(https:\/\/www.citykamp.com\/uploads\/2023\/10\/citykamp-portail-angers-proche-ville.jpeg)\">\n                    <img decoding=\"async\" src=\"https:\/\/www.citykamp.com\/uploads\/2023\/10\/citykamp-portail-angers-proche-ville.jpeg\" style=\"visibility: hidden;\" \/>\n                <\/div>\n                <div class=\"col-md-6 altbg gmcontent\">\n                    <div>\n                    <h2 class=\"istitlecolor gmtitle\">Das Vergn\u00fcgen sich gleichzeitig im Gr\u00fcnen und in unmittelbarer N\u00e4he der Stadt aufzuhalten!<\/h2>\n                    <div class=\"gmwrap\"><div class=\"col-sm-4 bwrap\">\n                    <span class=\"istitlecolor gmpicto ctk-train\"><\/span>\n                    <span class=\"gmlabel\">10 Min. zum Bahnhof<\/span>\n                  <\/div><div class=\"col-sm-4 bwrap\">\n                    <span class=\"istitlecolor gmpicto ctk-car\"><\/span>\n                    <span class=\"gmlabel\">15 Min. zur A11 und A87<\/span>\n                  <\/div><div class=\"col-sm-4 bwrap\">\n                    <span class=\"istitlecolor gmpicto ctk-bus\"><\/span>\n                    <span class=\"gmlabel\">Radwege und \u00f6ffentliche Verkehrsmittel<\/span>\n                  <\/div><\/div>\n            <\/div>\n        <\/div>\n    <\/div>\n    <script>\n        let iconType = L.icon({\n            iconUrl: baseDirectory + '\/img\/pin.png',\n            iconSize: [22, 48],\n            iconAnchor: [11, 46],\n            popupAnchor: [0, -46]\n        });\n        let map = L.map('map', {\n            center: L.latLng(47.4634325, -0.5947655999999597),\n            zoom: 10.8,\n            layers: [L.tileLayer('https:\/\/cartodb-basemaps-b.global.ssl.fastly.net\/light_all\/{z}\/{x}\/{y}.png', {\n                attribution: '&copy; <a href=\"https:\/\/www.openstreetmap.org\/copyright\">OpenStreetMap<\/a>'\n            })],\n            zoomSnap: 0.2\n        });\n        setTimeout(map.invalidateSize.bind(map), 100);\n        let contentString = '<div id=\"content\">' +\n            '<div id=\"siteNotice\">' +\n            '<\/div>' +\n            '<h4 id=\"firstHeading\" class=\"firstHeading\">Das Vergn\u00fcgen sich gleichzeitig im Gr\u00fcnen und in unmittelbarer N\u00e4he der Stadt aufzuhalten!<\/h4>' +\n            '<div id=\"bodyContent\">' +\n            '<p><\/p>' +\n            '<p><\/p>' +\n            '<\/div>' +\n            '<\/div>';\n        let marker = L.marker([47.4634325, -0.5947655999999597], {icon: iconType}).addTo(map);\n        marker.bindPopup(contentString).openPopup();\n        let iwOuter = document.querySelector('.leaflet-popup-content-wrapper');\n        let iwArrow = document.querySelector('.leaflet-popup-tip');\n        iwOuter.style.backgroundColor = '';\n        iwArrow.style.backgroundColor = '';\n    <\/script>\n    [\/vc_column][\/vc_row][vc_row css=&#8220;.vc_custom_1519226022924{background-color: #b5b5b5 !important;}&#8220;][vc_column]<div class=\"wrappedcontent\">[vc_row_inner css=&#8220;.vc_custom_1519232541719{margin-top: -28px !important;margin-bottom: -28px !important;}&#8220;][vc_column_inner width=&#8220;1\/4&#8243;][vc_icon icon_fontawesome=&#8220;fa fa-lock&#8220; color=&#8220;white&#8220; align=&#8220;center&#8220; css=&#8220;.vc_custom_1519232547847{margin-top: -10px !important;margin-bottom: -10px !important;}&#8220;][vc_column_text]<\/p>\n<p style=\"text-align: center;\"><span style=\"color: #ffffff;\">Sichere Zahlung<\/span><\/p>\n<p>[\/vc_column_text][\/vc_column_inner][vc_column_inner width=&#8220;1\/4&#8243;][vc_icon type=&#8220;material&#8220; icon_material=&#8220;vc-material vc-material-local_parking&#8220; color=&#8220;white&#8220; align=&#8220;center&#8220; css=&#8220;.vc_custom_1519232553890{margin-top: -10px !important;margin-bottom: -10px !important;}&#8220;][vc_column_text]<\/p>\n<p style=\"text-align: center;\"><span style=\"color: #ffffff;\">Gratisparkplatz<\/span><\/p>\n<p>[\/vc_column_text][\/vc_column_inner][vc_column_inner width=&#8220;1\/4&#8243;][vc_icon type=&#8220;entypo&#8220; icon_entypo=&#8220;entypo-icon entypo-icon-back-in-time&#8220; color=&#8220;white&#8220; align=&#8220;center&#8220; css=&#8220;.vc_custom_1519232559742{margin-top: -10px !important;margin-bottom: -10px !important;}&#8220;][vc_column_text]<\/p>\n<p style=\"text-align: center;\"><span style=\"color: #ffffff;\">Check-in 7 Tage die Woche ge\u00f6ffnet<\/span><\/p>\n<p>[\/vc_column_text][\/vc_column_inner][vc_column_inner width=&#8220;1\/4&#8243;][vc_icon icon_fontawesome=&#8220;fa fa-globe&#8220; color=&#8220;white&#8220; align=&#8220;center&#8220; css=&#8220;.vc_custom_1519232565583{margin-top: -10px !important;margin-bottom: -10px !important;}&#8220;][vc_column_text]<\/p>\n<p style=\"text-align: center;\"><span style=\"color: #ffffff;\">Mehrsprachig<\/span><\/p>\n<p>[\/vc_column_text][\/vc_column_inner][\/vc_row_inner]<\/div>[\/vc_column][\/vc_row]<\/p>\n<\/div>","protected":false},"excerpt":{"rendered":"<p>[vc_row][vc_column][\/vc_column][\/vc_row][vc_row][vc_column][\/vc_column][\/vc_row][vc_row css=&#8220;.vc_custom_1519374192767{background-color: #e84e1b !important;}&#8220;][vc_column][\/vc_column][\/vc_row][vc_row][vc_column][\/vc_column][\/vc_row][vc_row][vc_column][\/vc_column][\/vc_row][vc_row css=&#8220;.vc_custom_1519226022924{background-color: #b5b5b5 !important;}&#8220;][vc_column][\/vc_column][\/vc_row]<\/p>\n","protected":false},"author":1,"featured_media":0,"parent":0,"menu_order":0,"comment_status":"closed","ping_status":"closed","template":"","meta":{"footnotes":""},"class_list":["post-1163","page","type-page","status-publish","hentry"],"yoast_head":"<!-- This site is optimized with the Yoast SEO plugin v25.6 - https:\/\/yoast.com\/wordpress\/plugins\/seo\/ -->\n<title>Angers, Campingziel im Loiretal - CityKamp<\/title>\n<meta name=\"description\" content=\"Bleiben Sie im Herzen eines 120 Hektar gro\u00dfen Naturparks auf dem Campingplatz von Angers. 3 Minuten vom Lake Maine entfernt, genie\u00dfen Sie entspannende Momente am Wasser oder erkunden Sie das Loire-Tal. Vor Ort, hochwertige Dienstleistungen, um Ihren Aufenthalt zu vereinfachen.\" \/>\n<meta name=\"robots\" content=\"index, follow, max-snippet:-1, max-image-preview:large, max-video-preview:-1\" \/>\n<link rel=\"canonical\" href=\"https:\/\/www.citykamp.com\/de\/angers\/\" \/>\n<meta property=\"og:locale\" content=\"de_DE\" \/>\n<meta property=\"og:type\" content=\"article\" \/>\n<meta property=\"og:title\" content=\"Angers, Campingziel im Loiretal - CityKamp\" \/>\n<meta property=\"og:description\" content=\"Bleiben Sie im Herzen eines 120 Hektar gro\u00dfen Naturparks auf dem Campingplatz von Angers. 3 Minuten vom Lake Maine entfernt, genie\u00dfen Sie entspannende Momente am Wasser oder erkunden Sie das Loire-Tal. Vor Ort, hochwertige Dienstleistungen, um Ihren Aufenthalt zu vereinfachen.\" \/>\n<meta property=\"og:url\" content=\"https:\/\/www.citykamp.com\/de\/angers\/\" \/>\n<meta property=\"og:site_name\" content=\"Citykamp\" \/>\n<meta property=\"article:modified_time\" content=\"2023-10-20T09:37:46+00:00\" \/>\n<meta name=\"twitter:card\" content=\"summary_large_image\" \/>\n<meta name=\"twitter:label1\" content=\"Est. reading time\" \/>\n\t<meta name=\"twitter:data1\" content=\"3 Minuten\" \/>\n<script type=\"application\/ld+json\" class=\"yoast-schema-graph\">{\"@context\":\"https:\/\/schema.org\",\"@graph\":[{\"@type\":\"WebPage\",\"@id\":\"https:\/\/www.citykamp.com\/de\/angers\/\",\"url\":\"https:\/\/www.citykamp.com\/de\/angers\/\",\"name\":\"Angers, Campingziel im Loiretal - CityKamp\",\"isPartOf\":{\"@id\":\"https:\/\/www.citykamp.com\/de\/#website\"},\"datePublished\":\"2018-02-12T10:33:21+00:00\",\"dateModified\":\"2023-10-20T09:37:46+00:00\",\"description\":\"Bleiben Sie im Herzen eines 120 Hektar gro\u00dfen Naturparks auf dem Campingplatz von Angers. 3 Minuten vom Lake Maine entfernt, genie\u00dfen Sie entspannende Momente am Wasser oder erkunden Sie das Loire-Tal. Vor Ort, hochwertige Dienstleistungen, um Ihren Aufenthalt zu vereinfachen.\",\"breadcrumb\":{\"@id\":\"https:\/\/www.citykamp.com\/de\/angers\/#breadcrumb\"},\"inLanguage\":\"de-DE\",\"potentialAction\":[{\"@type\":\"ReadAction\",\"target\":[\"https:\/\/www.citykamp.com\/de\/angers\/\"]}]},{\"@type\":\"BreadcrumbList\",\"@id\":\"https:\/\/www.citykamp.com\/de\/angers\/#breadcrumb\",\"itemListElement\":[{\"@type\":\"ListItem\",\"position\":1,\"name\":\"Accueil\",\"item\":\"https:\/\/www.citykamp.com\/de\/\"},{\"@type\":\"ListItem\",\"position\":2,\"name\":\"Angers\"}]},{\"@type\":\"WebSite\",\"@id\":\"https:\/\/www.citykamp.com\/de\/#website\",\"url\":\"https:\/\/www.citykamp.com\/de\/\",\"name\":\"Citykamp\",\"description\":\"Un site utilisant WordPress\",\"potentialAction\":[{\"@type\":\"SearchAction\",\"target\":{\"@type\":\"EntryPoint\",\"urlTemplate\":\"https:\/\/www.citykamp.com\/de\/?s={search_term_string}\"},\"query-input\":{\"@type\":\"PropertyValueSpecification\",\"valueRequired\":true,\"valueName\":\"search_term_string\"}}],\"inLanguage\":\"de-DE\"}]}<\/script>\n<!-- \/ Yoast SEO plugin. -->","yoast_head_json":{"title":"Angers, Campingziel im Loiretal - CityKamp","description":"Bleiben Sie im Herzen eines 120 Hektar gro\u00dfen Naturparks auf dem Campingplatz von Angers. 3 Minuten vom Lake Maine entfernt, genie\u00dfen Sie entspannende Momente am Wasser oder erkunden Sie das Loire-Tal. Vor Ort, hochwertige Dienstleistungen, um Ihren Aufenthalt zu vereinfachen.","robots":{"index":"index","follow":"follow","max-snippet":"max-snippet:-1","max-image-preview":"max-image-preview:large","max-video-preview":"max-video-preview:-1"},"canonical":"https:\/\/www.citykamp.com\/de\/angers\/","og_locale":"de_DE","og_type":"article","og_title":"Angers, Campingziel im Loiretal - CityKamp","og_description":"Bleiben Sie im Herzen eines 120 Hektar gro\u00dfen Naturparks auf dem Campingplatz von Angers. 3 Minuten vom Lake Maine entfernt, genie\u00dfen Sie entspannende Momente am Wasser oder erkunden Sie das Loire-Tal. Vor Ort, hochwertige Dienstleistungen, um Ihren Aufenthalt zu vereinfachen.","og_url":"https:\/\/www.citykamp.com\/de\/angers\/","og_site_name":"Citykamp","article_modified_time":"2023-10-20T09:37:46+00:00","twitter_card":"summary_large_image","twitter_misc":{"Est. reading time":"3 Minuten"},"schema":{"@context":"https:\/\/schema.org","@graph":[{"@type":"WebPage","@id":"https:\/\/www.citykamp.com\/de\/angers\/","url":"https:\/\/www.citykamp.com\/de\/angers\/","name":"Angers, Campingziel im Loiretal - CityKamp","isPartOf":{"@id":"https:\/\/www.citykamp.com\/de\/#website"},"datePublished":"2018-02-12T10:33:21+00:00","dateModified":"2023-10-20T09:37:46+00:00","description":"Bleiben Sie im Herzen eines 120 Hektar gro\u00dfen Naturparks auf dem Campingplatz von Angers. 3 Minuten vom Lake Maine entfernt, genie\u00dfen Sie entspannende Momente am Wasser oder erkunden Sie das Loire-Tal. Vor Ort, hochwertige Dienstleistungen, um Ihren Aufenthalt zu vereinfachen.","breadcrumb":{"@id":"https:\/\/www.citykamp.com\/de\/angers\/#breadcrumb"},"inLanguage":"de-DE","potentialAction":[{"@type":"ReadAction","target":["https:\/\/www.citykamp.com\/de\/angers\/"]}]},{"@type":"BreadcrumbList","@id":"https:\/\/www.citykamp.com\/de\/angers\/#breadcrumb","itemListElement":[{"@type":"ListItem","position":1,"name":"Accueil","item":"https:\/\/www.citykamp.com\/de\/"},{"@type":"ListItem","position":2,"name":"Angers"}]},{"@type":"WebSite","@id":"https:\/\/www.citykamp.com\/de\/#website","url":"https:\/\/www.citykamp.com\/de\/","name":"Citykamp","description":"Un site utilisant WordPress","potentialAction":[{"@type":"SearchAction","target":{"@type":"EntryPoint","urlTemplate":"https:\/\/www.citykamp.com\/de\/?s={search_term_string}"},"query-input":{"@type":"PropertyValueSpecification","valueRequired":true,"valueName":"search_term_string"}}],"inLanguage":"de-DE"}]}},"_links":{"self":[{"href":"https:\/\/www.citykamp.com\/de\/wp-json\/wp\/v2\/pages\/1163","targetHints":{"allow":["GET"]}}],"collection":[{"href":"https:\/\/www.citykamp.com\/de\/wp-json\/wp\/v2\/pages"}],"about":[{"href":"https:\/\/www.citykamp.com\/de\/wp-json\/wp\/v2\/types\/page"}],"author":[{"embeddable":true,"href":"https:\/\/www.citykamp.com\/de\/wp-json\/wp\/v2\/users\/1"}],"replies":[{"embeddable":true,"href":"https:\/\/www.citykamp.com\/de\/wp-json\/wp\/v2\/comments?post=1163"}],"version-history":[{"count":4,"href":"https:\/\/www.citykamp.com\/de\/wp-json\/wp\/v2\/pages\/1163\/revisions"}],"predecessor-version":[{"id":6058,"href":"https:\/\/www.citykamp.com\/de\/wp-json\/wp\/v2\/pages\/1163\/revisions\/6058"}],"wp:attachment":[{"href":"https:\/\/www.citykamp.com\/de\/wp-json\/wp\/v2\/media?parent=1163"}],"curies":[{"name":"wp","href":"https:\/\/api.w.org\/{rel}","templated":true}]}}