{"id":1162,"date":"2018-02-12T11:29:55","date_gmt":"2018-02-12T10:29:55","guid":{"rendered":"http:\/\/www.citykamp.com\/de\/accueil\/"},"modified":"2025-02-03T08:50:23","modified_gmt":"2025-02-03T07:50:23","slug":"home","status":"publish","type":"page","link":"https:\/\/www.citykamp.com\/de\/","title":{"rendered":"Home"},"content":{"rendered":"<div class=\"wpb-content-wrapper\"><p>[vc_row css=&#8220;.vc_custom_1617360049070{background-color: #e8e8e8 !important;}&#8220;][vc_column]<div class=\"huttopia-carousel carousel slide carousel-fade\" id=\"carousel-huttopia\" data-ride=\"carousel\">\n        <ol class=\"carousel-indicators\"><li data-target=\"#carousel-huttopia\" data-slide-to=\"0\" class=\"active\"><\/li><li data-target=\"#carousel-huttopia\" data-slide-to=\"1\" class=\"\"><\/li><li data-target=\"#carousel-huttopia\" data-slide-to=\"2\" class=\"\"><\/li><li data-target=\"#carousel-huttopia\" data-slide-to=\"3\" class=\"\"><\/li><li data-target=\"#carousel-huttopia\" data-slide-to=\"4\" class=\"\"><\/li><\/ol>\n        <div class=\"carousel-inner\" role=\"listbox\"><div class=\"innerimg item active\"\n                         style=\"background-image: url(https:\/\/www.citykamp.com\/uploads\/2023\/10\/citykamp-portail-header-2-1900x600.jpeg)\"><div class=\"wrapcontentraw\"><\/div><\/div><div class=\"innerimg item\"\n                         style=\"background-image: url(https:\/\/www.citykamp.com\/uploads\/2023\/10\/citykamp-portail-header-1-1900x600.jpg)\"><div class=\"wrapcontentraw\"><\/div><\/div><div class=\"innerimg item\"\n                         style=\"background-image: url(https:\/\/www.citykamp.com\/uploads\/2023\/10\/citykamp-portail-header-3-1900x600.jpeg)\"><div class=\"wrapcontentraw\"><\/div><\/div><div class=\"innerimg item\"\n                         style=\"background-image: url(https:\/\/www.citykamp.com\/uploads\/2023\/10\/citykamp-portail-header-4-1900x600.jpeg)\"><div class=\"wrapcontentraw\"><\/div><\/div><div class=\"innerimg item\"\n                         style=\"background-image: url(https:\/\/www.citykamp.com\/uploads\/2023\/10\/citykamp-portail-header-5-1900x600.jpg)\"><div class=\"wrapcontentraw\"><\/div><\/div><\/div>\n    <\/div>[\/vc_column][\/vc_row][vc_row][vc_column]<div class=\"wrappedcontent\">[vc_column_text css=&#8220;&#8220;]<\/p>\n<h1 style=\"text-align: center;\"><span style=\"font-size: 24pt;\"><strong>CityKamp, ein Netzwerk von 7 Stadtcampingpl\u00e4tzen<br \/>\nin Frankreich <span lang=\"de\">und den Niederlanden<\/span><\/strong><\/span><\/h1>\n<p style=\"text-align: center;\">Ein St\u00e4dteurlaub mit der Familie oder zu zweit? Ein Zwischenstopp in einer Stadt auf dem Weg in Ihren Urlaub? Eine Auszeit im Gr\u00fcnen w\u00e4hrend Ihrer <a href=\"http:\/\/www.citykamp.com\/de\/firmentarife\/\" target=\"_blank\" rel=\"noopener noreferrer\"><span style=\"color: #e84e1b;\">Dienstreise<\/span><\/a>? Ob mit Familie, unter Freunden, mit Kollegen, zu zweit oder allein, verbringen Sie Ihren St\u00e4dteaufenthalt einmal anders&#8230;Ein Kurzaufenthalt im Gr\u00fcnen in unmittelbarer Stadtn\u00e4he mit sieben Reisezielen zur Auswahl: <span style=\"text-decoration: underline; color: #e84e1b;\"><a style=\"color: #e84e1b; text-decoration: underline;\" href=\"https:\/\/www.citykamp.com\/de\/paris\/\">Paris<\/a><\/span>, <a href=\"https:\/\/www.citykamp.com\/de\/lyon\/\"><span style=\"text-decoration: underline;\"><span style=\"color: #e84e1b; text-decoration: underline;\">Lyon<\/span><\/span><\/a>, <span style=\"text-decoration: underline;\"><span style=\"color: #e84e1b; text-decoration: underline;\"><a style=\"color: #e84e1b; text-decoration: underline;\" href=\"https:\/\/www.citykamp.com\/de\/strassburg\/\">Stra\u00dfburg<\/a><\/span><\/span>, <a href=\"https:\/\/www.citykamp.com\/de\/colmar10\/\"><span style=\"text-decoration: underline;\"><span style=\"color: #e84e1b; text-decoration: underline;\">Colmar<\/span><\/span><\/a>, <a href=\"https:\/\/www.citykamp.com\/de\/angers\/\"><span style=\"text-decoration: underline; color: #e84e1b;\">Angers<\/span><\/a>, <span style=\"color: #e84e00;\"><a style=\"color: #e84e00; text-decoration: underline;\" href=\"https:\/\/www.camping-aix-en-provence.com\/de\/\" target=\"_blank\" rel=\"noopener\">Aix-en-Provence<\/a><\/span> und <a href=\"https:\/\/www.citykamp.com\/de\/valkenburg\/\"><span style=\"text-decoration: underline;\"><span style=\"color: #e84e1b; text-decoration: underline;\">Valkenburg<\/span><\/span><\/a>.<\/p>\n<p>[\/vc_column_text][vc_empty_space]<div class=\"discoverdestinations\" style=\"background-image: url()\">\n\t\t        <div class=\"wrapcontentraw\">\n                    <div class=\"ddpicto\">\n                        <img decoding=\"async\" src=\"https:\/\/www.citykamp.com\/uploads\/2025\/01\/citykamp-portail-plan-2025.png\">\n                    <\/div>\n                    <div class=\"ddcontent\">\n                        <div class=\"twoligntitle\"><span class=\"t1\">GO TO EUROPE<\/span><span class=\"t2\">UM DIE SCH\u00d6NSTEN ST\u00c4DTE ZU ENTDECKEN<\/span><\/div>\n                        <div class=\"row\"><div class=\"destinationcard col-md-4\">\n                <a href=\"https:\/\/www.camping-lyon.com\/de\/\" target=\"_blank\"><div>Lyon<\/div><\/a>\n            <\/div><div class=\"destinationcard col-md-4\">\n                <a href=\"https:\/\/www.campingparis.fr\/de\/\" target=\"_blank\"><div>Paris<\/div><\/a>\n            <\/div><div class=\"destinationcard col-md-4\">\n                <a href=\"https:\/\/www.camping-strasbourg.com\/de\/\" target=\"_blank\"><div>Stra\u00dfburg<\/div><\/a>\n            <\/div><div class=\"destinationcard col-md-4\">\n                <a href=\"https:\/\/campingdelill.fr\/de\/\" target=\"_blank\"><div>Colmar<\/div><\/a>\n            <\/div><div class=\"destinationcard col-md-4\">\n                <a href=\"https:\/\/www.campingangers.com\/de\/\" target=\"_blank\"><div>Angers<\/div><\/a>\n            <\/div><div class=\"destinationcard col-md-4\">\n                <a href=\"https:\/\/www.camping-aix-en-provence.com\/de\/\" target=\"_blank\"><div>Aix-en-Provence<\/div><\/a>\n            <\/div><div class=\"destinationcard col-md-4\">\n                <a href=\"https:\/\/www.camping-valkenburg.com\/de\/\" target=\"_blank\"><div>VALKENBURG<\/div><\/a>\n            <\/div><\/div>\n                    <\/div>\n                    <div class=\"clear\"><\/div>\n                <\/div>\n            <\/div><\/div>[\/vc_column][\/vc_row][vc_row css=&#8220;.vc_custom_1676986662699{background-color: rgba(233,78,27,0.2) !important;*background-color: rgb(233,78,27) !important;}&#8220;][vc_column]<div class=\"wrappedcontent\">[vc_empty_space][vc_row_inner css=&#8220;.vc_custom_1676986634942{margin-top: -10px !important;margin-bottom: -10px !important;margin-left: -0.5px !important;}&#8220;][vc_column_inner width=&#8220;1\/4&#8243;][vc_single_image image=&#8220;5509&#8243; img_size=&#8220;71*71&#8243; alignment=&#8220;center&#8220;][vc_empty_space][vc_column_text]<\/p>\n<p style=\"text-align: center;\"><strong>WLAN <\/strong><\/p>\n<p>[\/vc_column_text][\/vc_column_inner][vc_column_inner width=&#8220;1\/4&#8243;][vc_single_image image=&#8220;5515&#8243; img_size=&#8220;71*71&#8243; alignment=&#8220;center&#8220;][vc_empty_space][vc_column_text]<\/p>\n<p style=\"text-align: center;\"><strong>Gratisparkplatz<\/strong><\/p>\n<p>[\/vc_column_text][\/vc_column_inner][vc_column_inner width=&#8220;1\/4&#8243;][vc_single_image image=&#8220;5521&#8243; img_size=&#8220;71*71&#8243; alignment=&#8220;center&#8220;][vc_empty_space][vc_column_text css=&#8220;&#8220;]<\/p>\n<p style=\"text-align: center;\"><strong>Bettw\u00e4scheverleih Inklusive\u00a0<\/strong><\/p>\n<p>[\/vc_column_text][\/vc_column_inner][vc_column_inner width=&#8220;1\/4&#8243;][vc_single_image image=&#8220;5527&#8243; img_size=&#8220;71*71&#8243; alignment=&#8220;center&#8220;][vc_empty_space][vc_column_text]<\/p>\n<p style=\"text-align: center;\"><strong>Verpflegung<\/strong><\/p>\n<p>[\/vc_column_text][\/vc_column_inner][\/vc_row_inner][vc_row_inner][vc_column_inner][vc_empty_space]<div class=\"text-center btnwrap\"><a class=\"btn btn-huttopia-cta\" href=\"https:\/\/www.citykamp.com\/de\/reiseziele\/\" role=\"button\" target=\"\" onclick=\"dataLayer.push({'event':'clickCity', 'clickText':'Entdecken Sie unsere Reiseziele'})\">Entdecken Sie unsere Reiseziele<\/a><\/div>[\/vc_column_inner][\/vc_row_inner]<\/div>[\/vc_column][\/vc_row]<\/p>\n<\/div>","protected":false},"excerpt":{"rendered":"<p>[vc_row css=&#8220;.vc_custom_1617360049070{background-color: #e8e8e8 !important;}&#8220;][vc_column][\/vc_column][\/vc_row][vc_row][vc_column][\/vc_column][\/vc_row][vc_row css=&#8220;.vc_custom_1676986662699{background-color: rgba(233,78,27,0.2) !important;*background-color: rgb(233,78,27) !important;}&#8220;][vc_column][\/vc_column][\/vc_row]<\/p>\n","protected":false},"author":1,"featured_media":0,"parent":0,"menu_order":0,"comment_status":"closed","ping_status":"closed","template":"","meta":{"footnotes":""},"class_list":["post-1162","page","type-page","status-publish","hentry"],"yoast_head":"<!-- This site is optimized with the Yoast SEO plugin v25.6 - https:\/\/yoast.com\/wordpress\/plugins\/seo\/ -->\n<title>CityKamp - Natur bleibt im Herzen der St\u00e4dte<\/title>\n<meta name=\"description\" content=\"Paris, Lyon, Stra\u00dfburg, Colmar, Angers: Entdecken Sie CityKamp und seine Campingpl\u00e4tze mitten in der Natur in der N\u00e4he von St\u00e4dten. Eine nat\u00fcrliche Klammer in einer Stadtszene, eine exotische St\u00e4dtereise: die beste Alternative zur Hotellerie!\" \/>\n<meta name=\"robots\" content=\"index, follow, max-snippet:-1, max-image-preview:large, max-video-preview:-1\" \/>\n<link rel=\"canonical\" href=\"https:\/\/www.citykamp.com\/de\/\" \/>\n<meta property=\"og:locale\" content=\"de_DE\" \/>\n<meta property=\"og:type\" content=\"article\" \/>\n<meta property=\"og:title\" content=\"CityKamp - Natur bleibt im Herzen der St\u00e4dte\" \/>\n<meta property=\"og:description\" content=\"Paris, Lyon, Stra\u00dfburg, Colmar, Angers: Entdecken Sie CityKamp und seine Campingpl\u00e4tze mitten in der Natur in der N\u00e4he von St\u00e4dten. Eine nat\u00fcrliche Klammer in einer Stadtszene, eine exotische St\u00e4dtereise: die beste Alternative zur Hotellerie!\" \/>\n<meta property=\"og:url\" content=\"https:\/\/www.citykamp.com\/de\/\" \/>\n<meta property=\"og:site_name\" content=\"Citykamp\" \/>\n<meta property=\"article:modified_time\" content=\"2025-02-03T07:50:23+00:00\" \/>\n<meta name=\"twitter:card\" content=\"summary_large_image\" \/>\n<meta name=\"twitter:label1\" content=\"Est. reading time\" \/>\n\t<meta name=\"twitter:data1\" content=\"3 Minuten\" \/>\n<script type=\"application\/ld+json\" class=\"yoast-schema-graph\">{\"@context\":\"https:\/\/schema.org\",\"@graph\":[{\"@type\":\"WebPage\",\"@id\":\"https:\/\/www.citykamp.com\/de\/\",\"url\":\"https:\/\/www.citykamp.com\/de\/\",\"name\":\"CityKamp - Natur bleibt im Herzen der St\u00e4dte\",\"isPartOf\":{\"@id\":\"https:\/\/www.citykamp.com\/de\/#website\"},\"datePublished\":\"2018-02-12T10:29:55+00:00\",\"dateModified\":\"2025-02-03T07:50:23+00:00\",\"description\":\"Paris, Lyon, Stra\u00dfburg, Colmar, Angers: Entdecken Sie CityKamp und seine Campingpl\u00e4tze mitten in der Natur in der N\u00e4he von St\u00e4dten. Eine nat\u00fcrliche Klammer in einer Stadtszene, eine exotische St\u00e4dtereise: die beste Alternative zur Hotellerie!\",\"breadcrumb\":{\"@id\":\"https:\/\/www.citykamp.com\/de\/#breadcrumb\"},\"inLanguage\":\"de-DE\",\"potentialAction\":[{\"@type\":\"ReadAction\",\"target\":[\"https:\/\/www.citykamp.com\/de\/\"]}]},{\"@type\":\"BreadcrumbList\",\"@id\":\"https:\/\/www.citykamp.com\/de\/#breadcrumb\",\"itemListElement\":[{\"@type\":\"ListItem\",\"position\":1,\"name\":\"Accueil\",\"item\":\"https:\/\/www.citykamp.com\/de\/\"},{\"@type\":\"ListItem\",\"position\":2,\"name\":\"Home\"}]},{\"@type\":\"WebSite\",\"@id\":\"https:\/\/www.citykamp.com\/de\/#website\",\"url\":\"https:\/\/www.citykamp.com\/de\/\",\"name\":\"Citykamp\",\"description\":\"Un site utilisant WordPress\",\"potentialAction\":[{\"@type\":\"SearchAction\",\"target\":{\"@type\":\"EntryPoint\",\"urlTemplate\":\"https:\/\/www.citykamp.com\/de\/?s={search_term_string}\"},\"query-input\":{\"@type\":\"PropertyValueSpecification\",\"valueRequired\":true,\"valueName\":\"search_term_string\"}}],\"inLanguage\":\"de-DE\"}]}<\/script>\n<!-- \/ Yoast SEO plugin. -->","yoast_head_json":{"title":"CityKamp - Natur bleibt im Herzen der St\u00e4dte","description":"Paris, Lyon, Stra\u00dfburg, Colmar, Angers: Entdecken Sie CityKamp und seine Campingpl\u00e4tze mitten in der Natur in der N\u00e4he von St\u00e4dten. Eine nat\u00fcrliche Klammer in einer Stadtszene, eine exotische St\u00e4dtereise: die beste Alternative zur Hotellerie!","robots":{"index":"index","follow":"follow","max-snippet":"max-snippet:-1","max-image-preview":"max-image-preview:large","max-video-preview":"max-video-preview:-1"},"canonical":"https:\/\/www.citykamp.com\/de\/","og_locale":"de_DE","og_type":"article","og_title":"CityKamp - Natur bleibt im Herzen der St\u00e4dte","og_description":"Paris, Lyon, Stra\u00dfburg, Colmar, Angers: Entdecken Sie CityKamp und seine Campingpl\u00e4tze mitten in der Natur in der N\u00e4he von St\u00e4dten. Eine nat\u00fcrliche Klammer in einer Stadtszene, eine exotische St\u00e4dtereise: die beste Alternative zur Hotellerie!","og_url":"https:\/\/www.citykamp.com\/de\/","og_site_name":"Citykamp","article_modified_time":"2025-02-03T07:50:23+00:00","twitter_card":"summary_large_image","twitter_misc":{"Est. reading time":"3 Minuten"},"schema":{"@context":"https:\/\/schema.org","@graph":[{"@type":"WebPage","@id":"https:\/\/www.citykamp.com\/de\/","url":"https:\/\/www.citykamp.com\/de\/","name":"CityKamp - Natur bleibt im Herzen der St\u00e4dte","isPartOf":{"@id":"https:\/\/www.citykamp.com\/de\/#website"},"datePublished":"2018-02-12T10:29:55+00:00","dateModified":"2025-02-03T07:50:23+00:00","description":"Paris, Lyon, Stra\u00dfburg, Colmar, Angers: Entdecken Sie CityKamp und seine Campingpl\u00e4tze mitten in der Natur in der N\u00e4he von St\u00e4dten. Eine nat\u00fcrliche Klammer in einer Stadtszene, eine exotische St\u00e4dtereise: die beste Alternative zur Hotellerie!","breadcrumb":{"@id":"https:\/\/www.citykamp.com\/de\/#breadcrumb"},"inLanguage":"de-DE","potentialAction":[{"@type":"ReadAction","target":["https:\/\/www.citykamp.com\/de\/"]}]},{"@type":"BreadcrumbList","@id":"https:\/\/www.citykamp.com\/de\/#breadcrumb","itemListElement":[{"@type":"ListItem","position":1,"name":"Accueil","item":"https:\/\/www.citykamp.com\/de\/"},{"@type":"ListItem","position":2,"name":"Home"}]},{"@type":"WebSite","@id":"https:\/\/www.citykamp.com\/de\/#website","url":"https:\/\/www.citykamp.com\/de\/","name":"Citykamp","description":"Un site utilisant WordPress","potentialAction":[{"@type":"SearchAction","target":{"@type":"EntryPoint","urlTemplate":"https:\/\/www.citykamp.com\/de\/?s={search_term_string}"},"query-input":{"@type":"PropertyValueSpecification","valueRequired":true,"valueName":"search_term_string"}}],"inLanguage":"de-DE"}]}},"_links":{"self":[{"href":"https:\/\/www.citykamp.com\/de\/wp-json\/wp\/v2\/pages\/1162","targetHints":{"allow":["GET"]}}],"collection":[{"href":"https:\/\/www.citykamp.com\/de\/wp-json\/wp\/v2\/pages"}],"about":[{"href":"https:\/\/www.citykamp.com\/de\/wp-json\/wp\/v2\/types\/page"}],"author":[{"embeddable":true,"href":"https:\/\/www.citykamp.com\/de\/wp-json\/wp\/v2\/users\/1"}],"replies":[{"embeddable":true,"href":"https:\/\/www.citykamp.com\/de\/wp-json\/wp\/v2\/comments?post=1162"}],"version-history":[{"count":8,"href":"https:\/\/www.citykamp.com\/de\/wp-json\/wp\/v2\/pages\/1162\/revisions"}],"predecessor-version":[{"id":7432,"href":"https:\/\/www.citykamp.com\/de\/wp-json\/wp\/v2\/pages\/1162\/revisions\/7432"}],"wp:attachment":[{"href":"https:\/\/www.citykamp.com\/de\/wp-json\/wp\/v2\/media?parent=1162"}],"curies":[{"name":"wp","href":"https:\/\/api.w.org\/{rel}","templated":true}]}}